{"id":602755,"date":"2024-10-05T21:11:23","date_gmt":"2024-10-05T19:11:23","guid":{"rendered":"https:\/\/www.barbie-secondlife.com\/politique-de-cookies-br\/"},"modified":"2024-10-05T21:11:23","modified_gmt":"2024-10-05T19:11:23","slug":"politique-de-cookies-br","status":"publish","type":"page","link":"https:\/\/www.barbie-secondlife.com\/de\/politique-de-cookies-br\/","title":{"rendered":"Politique de cookies (BR)"},"content":{"rendered":"\n<!-- Legal document generated by Complianz | GDPR\/CCPA Cookie Consent https:\/\/wordpress.org\/plugins\/complianz-gdpr -->\n<div id=\"cmplz-document\" class=\"cmplz-document cookie-statement cmplz-document-br\"><p><i>Diese Cookie-Richtlinie wurde zuletzt am 5 Oktober 2024 aktualisiert und gilt f\u00fcr B\u00fcrger und Personen mit st\u00e4ndigem Wohnsitz in Brasilien.<\/i><br \/><\/p><h2>1. Einf\u00fchrung<\/h2><p>Unsere Website, <a href=\"https:\/\/www.barbie-secondlife.com\/de\">https:\/\/www.barbie-secondlife.com\/de<\/a> (im folgenden: &#8222;Die Website&#8220;) verwendet Cookies und \u00e4hnliche Technologien (der Einfachheit halber werden all diese unter &#8222;Cookies&#8220; zusammengefasst). Cookies werden au\u00dferdem von uns beauftragten Drittparteien platziert. In dem unten stehendem Dokument informieren wir dich \u00fcber die Verwendung von Cookies auf unserer Website.<\/p><h2>2. Was sind Cookies?<\/h2><p>Ein Cookie ist eine einfache kleine Datei, die gemeinsam mit den Seiten einer Internetadresse versendet und vom Webbrowser auf dem PC oder einem anderen Ger\u00e4t gespeichert werden kann. Die darin gespeicherten Informationen k\u00f6nnen w\u00e4hrend folgender Besuche zu unseren oder den Servern relevanter Drittanbieter gesendet werden.<\/p><h2>3. Was sind Skripte?<\/h2><p>Ein Script ist ein St\u00fcck Programmcode, das benutzt wird, um unserer Website Funktionalit\u00e4t und Interaktivit\u00e4t zu erm\u00f6glichen. Dieser Code wird auf unseren Servern oder auf deinem Ger\u00e4t ausgef\u00fchrt.<\/p><h2>4. Was ist ein Web Beacon?<\/h2><p>Ein Web-Beacon (auch Pixel-Tag genannt), ist ein kleines unsichtbares Textfragment oder Bild auf einer Website, das benutzt wird, um den Verkehr auf der Website zu \u00fcberwachen. Um dies zu erm\u00f6glichen werden diverse Daten von dir mittels Web-Beacons gespeichert.<\/p><h2>5. Cookies<\/h2><p class=\"cmplz-subtitle\">5.1 Technische oder funktionelle Cookies<\/p><p>Einige Cookies stellen sicher, dass bestimmte Teile der Website ordnungsgem\u00e4\u00df funktionieren und deine Benutzereinstellungen weiterhin in Erinnerung bleiben. Durch das Setzen funktionaler Cookies erleichtern wir dir den Besuch unserer Website. Auf diese Weise musst du beim Besuch unserer Website nicht wiederholt dieselben Informationen eingeben, so bleiben Artikel beispielsweise in deinem Warenkorb, bis du bezahlst. Wir k\u00f6nnen diese Cookies ohne deine Einwilligung platzieren.<\/p><p class=\"cmplz-subtitle\">5.2 Analytische Cookies<\/p><p>Wir verwenden analytische Cookies, um das Website-Erlebnis f\u00fcr unsere Nutzer zu optimieren. Mit diesen analytischen Cookies erhalten wir Einblicke in die Nutzung unserer Website.&nbsp;Wir bitten um deine Erlaubnis, analytische Cookies zu setzen.<\/p><p class=\"cmplz-subtitle\">5.3 Werbecookies<\/p><p>Auf dieser Website verwenden wir Werbe-Cookies, um Einblicke in die Kampagnenergebnisse zu erhalten. Dies geschieht basierend auf einem Profil, das wir basierend auf deinem Verhalten in <a href=\"https:\/\/www.barbie-secondlife.com\/de\">https:\/\/www.barbie-secondlife.com\/de<\/a> erstellen. Mit diesen Cookies bist du als Website-Besucher mit einer eindeutigen ID verkn\u00fcpft. Diese Cookies erstellen jedoch kein Profil f\u00fcr dein Verhalten und deine Interessen, um personalisierte Anzeigen zu schalten.<\/p><p class=\"cmplz-subtitle\">5.4 Marketing- \/ Tracking-Cookies<\/p><p>Marketing- \/ Tracking-Cookies sind Cookies oder eine andere Form der lokalen Speicherung, die zur Erstellung von Benutzerprofilen verwendet werden, um Werbung anzuzeigen oder den Benutzer auf dieser Website oder \u00fcber mehrere Websites hinweg f\u00fcr \u00e4hnliche Marketingzwecke zu verfolgen.<\/p><p>Da diese Cookies als Verfolgungs-Cookie markiert sind, ben\u00f6tigen wir deine Einwilligung, um diese zu platzieren.<\/p><p class=\"cmplz-subtitle\">5.5 Soziale Medien<\/p><p>Auf unserer Website haben wir Inhalte von X (Formerly Twitter), Facebook, Pinterest und Instagram eingebunden, um Webseiten zu bewerben (z. B. &#8222;Gef\u00e4llt mir&#8220;, &#8222;Pin&#8220;) oder zu teilen (z. B. &#8222;Tweet&#8220;) in sozialen Netzwerken wie X (Formerly Twitter), Facebook, Pinterest und Instagram. Dieser Inhalt ist mit einem Code eingebettet, der von X (Formerly Twitter), Facebook, Pinterest und Instagram stammt und Cookies platziert. Diese Inhalte k\u00f6nnen bestimmte Informationen f\u00fcr personalisierte Werbung speichern und verarbeiten.<\/p><p>Bitte lies die Datenschutzerkl\u00e4rung dieser sozialen Netzwerke (die sich regelm\u00e4\u00dfig \u00e4ndern kann), um zu erfahren, wie sie mit deinen (pers\u00f6nlichen) Daten umgehen, die sie mithilfe dieser Cookies verarbeiten. Die abgerufenen Daten werden so weit wie m\u00f6glich anonymisiert. X (Formerly Twitter), Facebook, Pinterest und Instagram hat seine Sitze in den Vereinigten Staaten<\/p><h2>6. Platzierte Cookies<\/h2><div id=\"cmplz-cookies-overview\"><\/div><h2>7. Einwilligung<\/h2><p>Wenn du unsere Website das erste Mal besuchst, zeigen wir dir ein Pop-Up mit einer Erkl\u00e4rung \u00fcber Cookies. Sobald du auf \u201eEnregistrer les pr\u00e9f\u00e9rences\u201c klickst, gibst du uns deine Einwilligung alle von dir gew\u00e4hlten Kategorien von Cookies und Plugins wie in dieser Cookie-Erkl\u00e4rung beschrieben zu verwenden. Du kannst die Verwendung von Cookies \u00fcber deinen Browser deaktivieren, aber bitte beachte, dass unsere Website dann unter Umst\u00e4nden nicht richtig funktioniert.<\/p><p class=\"cmplz-subtitle\">7.1 Verwalte deine Einwilligungseinstellungen<\/p><div id=\"cmplz-manage-consent-container-nojavascript\">Du hast die Cookie-Richtlinie ohne Javascript-Unterst\u00fctzung geladen.&nbsp;Unter AMP kannst du den Button zum Zustimmen der Einwilligung unten auf der Seite verwenden.<\/div><div id=\"cmplz-manage-consent-container\" name=\"cmplz-manage-consent-container\" class=\"cmplz-manage-consent-container\"><\/div><h2>8. Aktivierung\/Deaktivierung und L\u00f6schen von Cookies<\/h2><p>Du kannst deinen Internetbrowser verwenden um automatisch oder manuell Cookies zu l\u00f6schen. Du kannst au\u00dferdem spezifizieren ob spezielle Cookies nicht platziert werden sollen. Eine andere M\u00f6glichkeit ist es deinen  Internetbrowser derart einzurichten, dass du jedes Mal benachrichtigt wirst, wenn ein Cookie platziert wird. F\u00fcr weitere Information \u00fcber diese M\u00f6glichkeiten beachte die Anweisungen in der Hilfesektion deines Browsers.<\/p><p>Bitte nimm zur Kenntnis, dass unsere Website m\u00f6glicherweise nicht richtig funktioniert, wenn alle Cookies deaktiviert sind. Wenn du die Cookies in deinem Browser l\u00f6scht, werden diese neu platziert, wenn du unsere Website erneut besuchst.<\/p><h2>9. Deine Rechte in Bezug auf personenbezogene Daten<\/h2><p>Du hast folgende Rechte in Bezug auf deine personenbezogenen Daten:<\/p><ul>\n                    <li>Best\u00e4tigung des Vorhandenseins der Verarbeitung;<\/li>\n                    <li>Zugriff auf die Daten;<\/li>\n                    <li>Berichtigung unvollst\u00e4ndiger, ungenauer oder \u00fcberholter Daten;<\/li>\n                    <li>Anonymisierung, Sperrung oder L\u00f6schung von unn\u00f6tigen, \u00fcberm\u00e4\u00dfigen oder im Widerspruch zu den Bestimmungen des Allgemeinen Gesetzes zum Schutz personenbezogener Daten (LGPD);<\/li>\n                    <li>die \u00dcbertragbarkeit der Daten auf einen anderen Anbieter von Diensten oder Produkten auf ausdr\u00fccklichen Wunsch und gem\u00e4\u00df den Vorschriften der nationalen Beh\u00f6rde unter Wahrung der Gesch\u00e4fts- und Betriebsgeheimnisse;<\/li>\n                    <li>L\u00f6schung der mit Einwilligung des Inhabers verarbeiteten personenbezogenen Daten, au\u00dfer in den in Art. 16 des Allgemeinen Gesetzes zum Schutz personenbezogener Daten (LGPD);<\/li>\n                    <li>Informationen \u00fcber \u00f6ffentliche und private Stellen, mit denen der f\u00fcr die Verarbeitung Verantwortliche Daten ausgetauscht hat;<\/li>\n                    <li>Informationen \u00fcber die M\u00f6glichkeit, die Einwilligung nicht zu erteilen, und \u00fcber die Folgen einer Verweigerung.<\/li>\n                <\/ul><p>Um diese Rechte auszu\u00fcben, kontaktiere uns bitte. Bitte beachte die Kontaktdaten am Ende dieser Cookie-Richtlinie. Wenn du eine Beschwerde dar\u00fcber hast, wie wir deine Daten behandeln, w\u00fcrden wir gerne von dir h\u00f6ren, aber du hast auch das Recht, eine Beschwerde bei der nationalen Datenschutzbeh\u00f6rde (ANPD) einzureichen:<\/p><br \/>Autoridade Nacional de Prote\u00e7\u00e3o de Dados\n\t\t\t\t\t\t<br \/>\n\t\t\t\t\t\t<br \/>Esplanada dos Minist\u00e9rios,\n\t\t\t\t\t\t<br \/>Bloco C,\n\t\t\t\t\t\t<br \/>2\u00ba andar,\n\t\t\t\t\t\t<br \/>CEP 70297-400 &#8211; Bras\u00edlia \u2013 DF.\n\t\t\t\t\t\t<br \/><a href=\"https:\/\/www.gov.br\/anpd\/pt-br\/canais_atendimento\/\" target=\"_blank\">Website<\/a><h2>10. Kontaktdaten<\/h2><p>F\u00fcr Fragen und\/oder Kommentare \u00fcber unsere Cookie-Richtlinien und diese Aussage kontaktiere uns bitte mittels der folgenden Kontaktdaten:<\/p><p><span class=\"cmplz-contact-organisation\">ROUSSEL<\/span><br>\n                    <span class=\"cmplz-contact-address\">51 Boulevard Saint Martin<\/span><br>\n                    <span class=\"cmplz-contact-country\">Frankreich<\/span><br>\n                    <span class=\"cmplz-contact-domain\">Website: <a href=\"https:\/\/www.barbie-secondlife.com\/de\">https:\/\/www.barbie-secondlife.com\/de<\/a><\/span><br>\n                    <span class=\"cmplz-contact-email\">E-Mail: <span class=\"cmplz-obfuscate\">r&#111;&#117;s&#115;el&#095;fre&#100;&#101;r&#105;c@<span class=\"cmplz-fmail-domain\">e&#120;&#046;c&#111;&#109;<\/span>ou&#116;&#108;&#111;&#111;&#107;.com<\/span><\/span><br>\n                    <span class=\"cmplz-contact-telephone\"><\/span><\/p><p>Diese Cookie-Richtlinie wurde mit <a href=\"https:\/\/cookiedatabase.org\/\" target=\"_blank\">cookiedatabase.org<\/a> am 11 November 2024 synchronisiert.<\/p><\/div>","protected":false},"excerpt":{"rendered":"","protected":false},"author":1,"featured_media":0,"parent":0,"menu_order":0,"comment_status":"closed","ping_status":"closed","template":"","meta":{"footnotes":""},"class_list":["post-602755","page","type-page","status-publish","hentry"],"translation":{"provider":"WPGlobus","version":"3.0.2","language":"de","enabled_languages":["fr","en","es","br","de"],"languages":{"fr":{"title":true,"content":true,"excerpt":false},"en":{"title":false,"content":false,"excerpt":false},"es":{"title":false,"content":false,"excerpt":false},"br":{"title":false,"content":false,"excerpt":false},"de":{"title":false,"content":false,"excerpt":false}}},"_links":{"self":[{"href":"https:\/\/www.barbie-secondlife.com\/de\/wp-json\/wp\/v2\/pages\/602755","targetHints":{"allow":["GET"]}}],"collection":[{"href":"https:\/\/www.barbie-secondlife.com\/de\/wp-json\/wp\/v2\/pages"}],"about":[{"href":"https:\/\/www.barbie-secondlife.com\/de\/wp-json\/wp\/v2\/types\/page"}],"author":[{"embeddable":true,"href":"https:\/\/www.barbie-secondlife.com\/de\/wp-json\/wp\/v2\/users\/1"}],"replies":[{"embeddable":true,"href":"https:\/\/www.barbie-secondlife.com\/de\/wp-json\/wp\/v2\/comments?post=602755"}],"version-history":[{"count":0,"href":"https:\/\/www.barbie-secondlife.com\/de\/wp-json\/wp\/v2\/pages\/602755\/revisions"}],"wp:attachment":[{"href":"https:\/\/www.barbie-secondlife.com\/de\/wp-json\/wp\/v2\/media?parent=602755"}],"curies":[{"name":"wp","href":"https:\/\/api.w.org\/{rel}","templated":true}]}}