{"id":605097,"date":"2025-07-27T21:00:22","date_gmt":"2025-07-27T19:00:22","guid":{"rendered":"https:\/\/www.barbie-secondlife.com\/?page_id=605097"},"modified":"2025-11-24T22:15:53","modified_gmt":"2025-11-24T21:15:53","slug":"barbie-nexts-top-model-europe-de-lest","status":"publish","type":"page","link":"https:\/\/www.barbie-secondlife.com\/de\/evenements\/barbies-next-top-model-2025\/barbie-nexts-top-model-europe-de-lest\/","title":{"rendered":"Barbie&#8217;s Next Top Model &#8211; Osteuropa"},"content":{"rendered":"<div class=\"wp-block-image\">\n<figure class=\"aligncenter size-full\"><img decoding=\"async\" width=\"700\" height=\"184\" data-src=\"https:\/\/www.barbie-secondlife.com\/wp-content\/uploads\/2025\/07\/BNTM-1.gif\" alt=\"Barbie Next's Top Model\" class=\"wp-image-604981 lazyload\" src=\"data:image\/svg+xml;base64,PHN2ZyB3aWR0aD0iMSIgaGVpZ2h0PSIxIiB4bWxucz0iaHR0cDovL3d3dy53My5vcmcvMjAwMC9zdmciPjwvc3ZnPg==\" style=\"--smush-placeholder-width: 700px; --smush-placeholder-aspect-ratio: 700\/184;\" \/><\/figure>\n<\/div>\n\n\n<div class=\"wp-block-media-text is-stacked-on-mobile is-vertically-aligned-center\"><figure class=\"wp-block-media-text__media\"><img decoding=\"async\" width=\"500\" height=\"500\" data-src=\"https:\/\/www.barbie-secondlife.com\/wp-content\/uploads\/2025\/11\/GAGNANTE_EUROPEEST.png\" alt=\"Barbie's Next Top Model 2025\" class=\"wp-image-607448 size-full lazyload\" data-srcset=\"https:\/\/www.barbie-secondlife.com\/wp-content\/uploads\/2025\/11\/GAGNANTE_EUROPEEST.png 500w, https:\/\/www.barbie-secondlife.com\/wp-content\/uploads\/2025\/11\/GAGNANTE_EUROPEEST-350x350.png 350w, https:\/\/www.barbie-secondlife.com\/wp-content\/uploads\/2025\/11\/GAGNANTE_EUROPEEST-300x300.png 300w, https:\/\/www.barbie-secondlife.com\/wp-content\/uploads\/2025\/11\/GAGNANTE_EUROPEEST-302x302.png 302w, https:\/\/www.barbie-secondlife.com\/wp-content\/uploads\/2025\/11\/GAGNANTE_EUROPEEST-200x200.png 200w\" data-sizes=\"(max-width: 500px) 100vw, 500px\" src=\"data:image\/svg+xml;base64,PHN2ZyB3aWR0aD0iMSIgaGVpZ2h0PSIxIiB4bWxucz0iaHR0cDovL3d3dy53My5vcmcvMjAwMC9zdmciPjwvc3ZnPg==\" style=\"--smush-placeholder-width: 500px; --smush-placeholder-aspect-ratio: 500\/500;\" \/><\/figure><div class=\"wp-block-media-text__content\">\n<p><strong><span style=\"text-decoration: underline;\">Osteuropa<\/span><\/strong> : Dieses Outfit verk\u00f6rpert europ\u00e4ische Eleganz, inspiriert vom zeitlosen Chic der Modehauptst\u00e4dte. Es besteht aus einem <strong>schwarzen, taillierten Langarmtop<\/strong> mit leichtem Ausschnitt, das die Silhouette formt und zugleich eine minimalistische Raffinesse verleiht.<br>Das Herzst\u00fcck des Looks ist ein goldfarben gl\u00e4nzender, <strong>metallischer Midirock<\/strong> mit weitem Volumen und eleganten Falten, der bei jeder Bewegung das Licht einf\u00e4ngt. <strong>Goldene High-Heels<\/strong> runden dieses edle Ensemble ab \u2013 eine Mischung aus Weiblichkeit, Glanz und Selbstbewusstsein.<br>Dieser klassisch-schicke Stil mit perfektem Gleichgewicht verk\u00f6rpert die moderne Anmut von <strong>Barbie&#8217;s Next Top Model<\/strong>.<\/p>\n<\/div><\/div>\n\n\n\n<hr class=\"wp-block-separator has-alpha-channel-opacity\"\/>\n\n\n\n<p class=\"has-text-align-center has-text-color has-link-color wp-elements-fdcc4f7cad5de90903bc8b92d4f371d9\" style=\"color:#b61b66;font-size:24px\"><strong><strong><strong>ERGEBNISSE<\/strong><\/strong><\/strong><\/p>\n\n\n\n<hr class=\"wp-block-separator has-alpha-channel-opacity\"\/>\n\n\n\n<div class=\"wp-block-columns is-layout-flex wp-container-core-columns-is-layout-9d6595d7 wp-block-columns-is-layout-flex\">\n<div class=\"wp-block-column is-layout-flow wp-block-column-is-layout-flow\" style=\"flex-basis:100%\">\n<figure class=\"wp-block-table aligncenter\"><table class=\"has-fixed-layout\"><tbody><tr><td class=\"has-text-align-center\" data-align=\"center\"><img decoding=\"async\" width=\"400\" height=\"800\" class=\"wp-image-606097 lazyload\" style=\"--smush-placeholder-width: 400px; --smush-placeholder-aspect-ratio: 400\/800;width: px;\" data-src=\"https:\/\/www.barbie-secondlife.com\/wp-content\/uploads\/2025\/08\/BarbiesNextTopModel_Rita_EuropeEst.jpg\" alt=\"Barbie's Next Top Model 2025\" data-srcset=\"https:\/\/www.barbie-secondlife.com\/wp-content\/uploads\/2025\/08\/BarbiesNextTopModel_Rita_EuropeEst.jpg 400w, https:\/\/www.barbie-secondlife.com\/wp-content\/uploads\/2025\/08\/BarbiesNextTopModel_Rita_EuropeEst-302x604.jpg 302w, https:\/\/www.barbie-secondlife.com\/wp-content\/uploads\/2025\/08\/BarbiesNextTopModel_Rita_EuropeEst-200x400.jpg 200w, https:\/\/www.barbie-secondlife.com\/wp-content\/uploads\/2025\/08\/BarbiesNextTopModel_Rita_EuropeEst-350x700.jpg 350w, https:\/\/www.barbie-secondlife.com\/wp-content\/uploads\/2025\/08\/BarbiesNextTopModel_Rita_EuropeEst-150x300.jpg 150w\" data-sizes=\"(max-width: 400px) 100vw, 400px\" src=\"data:image\/svg+xml;base64,PHN2ZyB3aWR0aD0iMSIgaGVpZ2h0PSIxIiB4bWxucz0iaHR0cDovL3d3dy53My5vcmcvMjAwMC9zdmciPjwvc3ZnPg==\" \/><\/td><td class=\"has-text-align-center\" data-align=\"center\"><img decoding=\"async\" width=\"400\" height=\"800\" class=\"wp-image-606089 lazyload\" style=\"--smush-placeholder-width: 400px; --smush-placeholder-aspect-ratio: 400\/800;text-align: start; white-space: normal;\" data-src=\"https:\/\/www.barbie-secondlife.com\/wp-content\/uploads\/2025\/08\/BarbiesNextTopModel_Hadeel_EuropeEst.jpg\" alt=\"Barbie's Next Top Model 2025\" data-srcset=\"https:\/\/www.barbie-secondlife.com\/wp-content\/uploads\/2025\/08\/BarbiesNextTopModel_Hadeel_EuropeEst.jpg 400w, https:\/\/www.barbie-secondlife.com\/wp-content\/uploads\/2025\/08\/BarbiesNextTopModel_Hadeel_EuropeEst-302x604.jpg 302w, https:\/\/www.barbie-secondlife.com\/wp-content\/uploads\/2025\/08\/BarbiesNextTopModel_Hadeel_EuropeEst-200x400.jpg 200w, https:\/\/www.barbie-secondlife.com\/wp-content\/uploads\/2025\/08\/BarbiesNextTopModel_Hadeel_EuropeEst-350x700.jpg 350w, https:\/\/www.barbie-secondlife.com\/wp-content\/uploads\/2025\/08\/BarbiesNextTopModel_Hadeel_EuropeEst-150x300.jpg 150w\" data-sizes=\"(max-width: 400px) 100vw, 400px\" src=\"data:image\/svg+xml;base64,PHN2ZyB3aWR0aD0iMSIgaGVpZ2h0PSIxIiB4bWxucz0iaHR0cDovL3d3dy53My5vcmcvMjAwMC9zdmciPjwvc3ZnPg==\" \/><\/td><td class=\"has-text-align-center\" data-align=\"center\"><img decoding=\"async\" width=\"400\" height=\"800\" class=\"wp-image-606086 lazyload\" style=\"--smush-placeholder-width: 400px; --smush-placeholder-aspect-ratio: 400\/800;width: px;\" data-src=\"https:\/\/www.barbie-secondlife.com\/wp-content\/uploads\/2025\/08\/BarbiesNextTopModel_Eleanor_EuropeEst.jpg\" alt=\"Barbie's Next Top Model 2025\" data-srcset=\"https:\/\/www.barbie-secondlife.com\/wp-content\/uploads\/2025\/08\/BarbiesNextTopModel_Eleanor_EuropeEst.jpg 400w, https:\/\/www.barbie-secondlife.com\/wp-content\/uploads\/2025\/08\/BarbiesNextTopModel_Eleanor_EuropeEst-302x604.jpg 302w, https:\/\/www.barbie-secondlife.com\/wp-content\/uploads\/2025\/08\/BarbiesNextTopModel_Eleanor_EuropeEst-200x400.jpg 200w, https:\/\/www.barbie-secondlife.com\/wp-content\/uploads\/2025\/08\/BarbiesNextTopModel_Eleanor_EuropeEst-350x700.jpg 350w, https:\/\/www.barbie-secondlife.com\/wp-content\/uploads\/2025\/08\/BarbiesNextTopModel_Eleanor_EuropeEst-150x300.jpg 150w\" data-sizes=\"(max-width: 400px) 100vw, 400px\" src=\"data:image\/svg+xml;base64,PHN2ZyB3aWR0aD0iMSIgaGVpZ2h0PSIxIiB4bWxucz0iaHR0cDovL3d3dy53My5vcmcvMjAwMC9zdmciPjwvc3ZnPg==\" \/><\/td><\/tr><tr><td class=\"has-text-align-center\" data-align=\"center\"><strong>VOTE : 14<\/strong><\/td><td class=\"has-text-align-center\" data-align=\"center\"><strong>VOTE : 6<\/strong><\/td><td class=\"has-text-align-center\" data-align=\"center\"><strong>VOTE : 6<\/strong><\/td><\/tr><\/tbody><\/table><\/figure>\n\n\n\n<hr class=\"wp-block-separator has-alpha-channel-opacity\"\/>\n\n\n\n<figure class=\"wp-block-table aligncenter\"><table class=\"has-fixed-layout\"><tbody><tr><td class=\"has-text-align-center\" data-align=\"center\"><img decoding=\"async\" width=\"400\" height=\"800\" class=\"wp-image-606082 lazyload\" style=\"--smush-placeholder-width: 400px; --smush-placeholder-aspect-ratio: 400\/800;width: px;\" data-src=\"https:\/\/www.barbie-secondlife.com\/wp-content\/uploads\/2025\/08\/BarbiesNextTopModel_Beryl_EuropeEst.jpg\" alt=\"Barbie's Next Top Model 2025\" data-srcset=\"https:\/\/www.barbie-secondlife.com\/wp-content\/uploads\/2025\/08\/BarbiesNextTopModel_Beryl_EuropeEst.jpg 400w, https:\/\/www.barbie-secondlife.com\/wp-content\/uploads\/2025\/08\/BarbiesNextTopModel_Beryl_EuropeEst-302x604.jpg 302w, https:\/\/www.barbie-secondlife.com\/wp-content\/uploads\/2025\/08\/BarbiesNextTopModel_Beryl_EuropeEst-200x400.jpg 200w, https:\/\/www.barbie-secondlife.com\/wp-content\/uploads\/2025\/08\/BarbiesNextTopModel_Beryl_EuropeEst-350x700.jpg 350w, https:\/\/www.barbie-secondlife.com\/wp-content\/uploads\/2025\/08\/BarbiesNextTopModel_Beryl_EuropeEst-150x300.jpg 150w\" data-sizes=\"(max-width: 400px) 100vw, 400px\" src=\"data:image\/svg+xml;base64,PHN2ZyB3aWR0aD0iMSIgaGVpZ2h0PSIxIiB4bWxucz0iaHR0cDovL3d3dy53My5vcmcvMjAwMC9zdmciPjwvc3ZnPg==\" \/><\/td><td class=\"has-text-align-center\" data-align=\"center\"><img decoding=\"async\" width=\"400\" height=\"800\" class=\"wp-image-606090 lazyload\" style=\"--smush-placeholder-width: 400px; --smush-placeholder-aspect-ratio: 400\/800;width: px;\" data-src=\"https:\/\/www.barbie-secondlife.com\/wp-content\/uploads\/2025\/08\/BarbiesNextTopModel_Iqra_EuropeEst.jpg\" alt=\"Barbie's Next Top Model 2025\" data-srcset=\"https:\/\/www.barbie-secondlife.com\/wp-content\/uploads\/2025\/08\/BarbiesNextTopModel_Iqra_EuropeEst.jpg 400w, https:\/\/www.barbie-secondlife.com\/wp-content\/uploads\/2025\/08\/BarbiesNextTopModel_Iqra_EuropeEst-302x604.jpg 302w, https:\/\/www.barbie-secondlife.com\/wp-content\/uploads\/2025\/08\/BarbiesNextTopModel_Iqra_EuropeEst-200x400.jpg 200w, https:\/\/www.barbie-secondlife.com\/wp-content\/uploads\/2025\/08\/BarbiesNextTopModel_Iqra_EuropeEst-350x700.jpg 350w, https:\/\/www.barbie-secondlife.com\/wp-content\/uploads\/2025\/08\/BarbiesNextTopModel_Iqra_EuropeEst-150x300.jpg 150w\" data-sizes=\"(max-width: 400px) 100vw, 400px\" src=\"data:image\/svg+xml;base64,PHN2ZyB3aWR0aD0iMSIgaGVpZ2h0PSIxIiB4bWxucz0iaHR0cDovL3d3dy53My5vcmcvMjAwMC9zdmciPjwvc3ZnPg==\" \/><\/td><td class=\"has-text-align-center\" data-align=\"center\"><img decoding=\"async\" width=\"400\" height=\"800\" class=\"wp-image-606091 lazyload\" style=\"--smush-placeholder-width: 400px; --smush-placeholder-aspect-ratio: 400\/800;text-align: start; white-space: normal;\" data-src=\"https:\/\/www.barbie-secondlife.com\/wp-content\/uploads\/2025\/08\/BarbiesNextTopModel_Majka_EuropeEst.jpg\" alt=\"Barbie's Next Top Model 2025\" data-srcset=\"https:\/\/www.barbie-secondlife.com\/wp-content\/uploads\/2025\/08\/BarbiesNextTopModel_Majka_EuropeEst.jpg 400w, https:\/\/www.barbie-secondlife.com\/wp-content\/uploads\/2025\/08\/BarbiesNextTopModel_Majka_EuropeEst-302x604.jpg 302w, https:\/\/www.barbie-secondlife.com\/wp-content\/uploads\/2025\/08\/BarbiesNextTopModel_Majka_EuropeEst-200x400.jpg 200w, https:\/\/www.barbie-secondlife.com\/wp-content\/uploads\/2025\/08\/BarbiesNextTopModel_Majka_EuropeEst-350x700.jpg 350w, https:\/\/www.barbie-secondlife.com\/wp-content\/uploads\/2025\/08\/BarbiesNextTopModel_Majka_EuropeEst-150x300.jpg 150w\" data-sizes=\"(max-width: 400px) 100vw, 400px\" src=\"data:image\/svg+xml;base64,PHN2ZyB3aWR0aD0iMSIgaGVpZ2h0PSIxIiB4bWxucz0iaHR0cDovL3d3dy53My5vcmcvMjAwMC9zdmciPjwvc3ZnPg==\" \/><\/td><\/tr><tr><td class=\"has-text-align-center\" data-align=\"center\"><strong>VOTE : 5<\/strong><\/td><td class=\"has-text-align-center\" data-align=\"center\"><strong>VOTE : 5<\/strong><\/td><td class=\"has-text-align-center\" data-align=\"center\"><strong>VOTE : 5<\/strong><\/td><\/tr><\/tbody><\/table><\/figure>\n\n\n\n<hr class=\"wp-block-separator has-alpha-channel-opacity\"\/>\n\n\n\n<figure class=\"wp-block-table aligncenter\"><table class=\"has-fixed-layout\"><tbody><tr><td class=\"has-text-align-center\" data-align=\"center\"><img decoding=\"async\" width=\"400\" height=\"800\" class=\"wp-image-606085 lazyload\" style=\"--smush-placeholder-width: 400px; --smush-placeholder-aspect-ratio: 400\/800;width: px;\" data-src=\"https:\/\/www.barbie-secondlife.com\/wp-content\/uploads\/2025\/08\/BarbiesNextTopModel_Deborah_EuropeEst.jpg\" alt=\"Barbie's Next Top Model 2025\" data-srcset=\"https:\/\/www.barbie-secondlife.com\/wp-content\/uploads\/2025\/08\/BarbiesNextTopModel_Deborah_EuropeEst.jpg 400w, https:\/\/www.barbie-secondlife.com\/wp-content\/uploads\/2025\/08\/BarbiesNextTopModel_Deborah_EuropeEst-302x604.jpg 302w, https:\/\/www.barbie-secondlife.com\/wp-content\/uploads\/2025\/08\/BarbiesNextTopModel_Deborah_EuropeEst-200x400.jpg 200w, https:\/\/www.barbie-secondlife.com\/wp-content\/uploads\/2025\/08\/BarbiesNextTopModel_Deborah_EuropeEst-350x700.jpg 350w, https:\/\/www.barbie-secondlife.com\/wp-content\/uploads\/2025\/08\/BarbiesNextTopModel_Deborah_EuropeEst-150x300.jpg 150w\" data-sizes=\"(max-width: 400px) 100vw, 400px\" src=\"data:image\/svg+xml;base64,PHN2ZyB3aWR0aD0iMSIgaGVpZ2h0PSIxIiB4bWxucz0iaHR0cDovL3d3dy53My5vcmcvMjAwMC9zdmciPjwvc3ZnPg==\" \/><\/td><td class=\"has-text-align-center\" data-align=\"center\"><img decoding=\"async\" width=\"400\" height=\"800\" class=\"wp-image-606093 lazyload\" style=\"--smush-placeholder-width: 400px; --smush-placeholder-aspect-ratio: 400\/800;width: px;\" data-src=\"https:\/\/www.barbie-secondlife.com\/wp-content\/uploads\/2025\/08\/BarbiesNextTopModel_Maya_EuropeEst.jpg\" alt=\"Barbie's Next Top Model 2025\" data-srcset=\"https:\/\/www.barbie-secondlife.com\/wp-content\/uploads\/2025\/08\/BarbiesNextTopModel_Maya_EuropeEst.jpg 400w, https:\/\/www.barbie-secondlife.com\/wp-content\/uploads\/2025\/08\/BarbiesNextTopModel_Maya_EuropeEst-302x604.jpg 302w, https:\/\/www.barbie-secondlife.com\/wp-content\/uploads\/2025\/08\/BarbiesNextTopModel_Maya_EuropeEst-200x400.jpg 200w, https:\/\/www.barbie-secondlife.com\/wp-content\/uploads\/2025\/08\/BarbiesNextTopModel_Maya_EuropeEst-350x700.jpg 350w, https:\/\/www.barbie-secondlife.com\/wp-content\/uploads\/2025\/08\/BarbiesNextTopModel_Maya_EuropeEst-150x300.jpg 150w\" data-sizes=\"(max-width: 400px) 100vw, 400px\" src=\"data:image\/svg+xml;base64,PHN2ZyB3aWR0aD0iMSIgaGVpZ2h0PSIxIiB4bWxucz0iaHR0cDovL3d3dy53My5vcmcvMjAwMC9zdmciPjwvc3ZnPg==\" \/><\/td><td class=\"has-text-align-center\" data-align=\"center\"><img decoding=\"async\" width=\"400\" height=\"800\" class=\"wp-image-606083 lazyload\" style=\"--smush-placeholder-width: 400px; --smush-placeholder-aspect-ratio: 400\/800;text-align: start; white-space: normal;\" data-src=\"https:\/\/www.barbie-secondlife.com\/wp-content\/uploads\/2025\/08\/BarbiesNextTopModel_Catriona_EuropeEst.jpg\" alt=\"Barbie's Next Top Model 2025\" data-srcset=\"https:\/\/www.barbie-secondlife.com\/wp-content\/uploads\/2025\/08\/BarbiesNextTopModel_Catriona_EuropeEst.jpg 400w, https:\/\/www.barbie-secondlife.com\/wp-content\/uploads\/2025\/08\/BarbiesNextTopModel_Catriona_EuropeEst-302x604.jpg 302w, https:\/\/www.barbie-secondlife.com\/wp-content\/uploads\/2025\/08\/BarbiesNextTopModel_Catriona_EuropeEst-200x400.jpg 200w, https:\/\/www.barbie-secondlife.com\/wp-content\/uploads\/2025\/08\/BarbiesNextTopModel_Catriona_EuropeEst-350x700.jpg 350w, https:\/\/www.barbie-secondlife.com\/wp-content\/uploads\/2025\/08\/BarbiesNextTopModel_Catriona_EuropeEst-150x300.jpg 150w\" data-sizes=\"(max-width: 400px) 100vw, 400px\" src=\"data:image\/svg+xml;base64,PHN2ZyB3aWR0aD0iMSIgaGVpZ2h0PSIxIiB4bWxucz0iaHR0cDovL3d3dy53My5vcmcvMjAwMC9zdmciPjwvc3ZnPg==\" \/><\/td><\/tr><tr><td class=\"has-text-align-center\" data-align=\"center\"><strong>VOTE : 4<\/strong><\/td><td class=\"has-text-align-center\" data-align=\"center\"><strong>VOTE : 4<\/strong><\/td><td class=\"has-text-align-center\" data-align=\"center\"><strong>VOTE : 3<\/strong><\/td><\/tr><\/tbody><\/table><\/figure>\n\n\n\n<hr class=\"wp-block-separator has-alpha-channel-opacity\"\/>\n\n\n\n<figure class=\"wp-block-table aligncenter\"><table class=\"has-fixed-layout\"><tbody><tr><td class=\"has-text-align-center\" data-align=\"center\"><img decoding=\"async\" width=\"400\" height=\"800\" class=\"wp-image-606087 lazyload\" style=\"--smush-placeholder-width: 400px; --smush-placeholder-aspect-ratio: 400\/800;width: px;\" data-src=\"https:\/\/www.barbie-secondlife.com\/wp-content\/uploads\/2025\/08\/BarbiesNextTopModel_Franka_EuropeEst.jpg\" alt=\"Barbie's Next Top Model 2025\" data-srcset=\"https:\/\/www.barbie-secondlife.com\/wp-content\/uploads\/2025\/08\/BarbiesNextTopModel_Franka_EuropeEst.jpg 400w, https:\/\/www.barbie-secondlife.com\/wp-content\/uploads\/2025\/08\/BarbiesNextTopModel_Franka_EuropeEst-302x604.jpg 302w, https:\/\/www.barbie-secondlife.com\/wp-content\/uploads\/2025\/08\/BarbiesNextTopModel_Franka_EuropeEst-200x400.jpg 200w, https:\/\/www.barbie-secondlife.com\/wp-content\/uploads\/2025\/08\/BarbiesNextTopModel_Franka_EuropeEst-350x700.jpg 350w, https:\/\/www.barbie-secondlife.com\/wp-content\/uploads\/2025\/08\/BarbiesNextTopModel_Franka_EuropeEst-150x300.jpg 150w\" data-sizes=\"(max-width: 400px) 100vw, 400px\" src=\"data:image\/svg+xml;base64,PHN2ZyB3aWR0aD0iMSIgaGVpZ2h0PSIxIiB4bWxucz0iaHR0cDovL3d3dy53My5vcmcvMjAwMC9zdmciPjwvc3ZnPg==\" \/><\/td><td class=\"has-text-align-center\" data-align=\"center\"><img decoding=\"async\" width=\"400\" height=\"800\" class=\"wp-image-606088 lazyload\" style=\"--smush-placeholder-width: 400px; --smush-placeholder-aspect-ratio: 400\/800;text-align: start; white-space: normal;\" data-src=\"https:\/\/www.barbie-secondlife.com\/wp-content\/uploads\/2025\/08\/BarbiesNextTopModel_Griselda_EuropeEst.jpg\" alt=\"Barbie's Next Top Model 2025\" data-srcset=\"https:\/\/www.barbie-secondlife.com\/wp-content\/uploads\/2025\/08\/BarbiesNextTopModel_Griselda_EuropeEst.jpg 400w, https:\/\/www.barbie-secondlife.com\/wp-content\/uploads\/2025\/08\/BarbiesNextTopModel_Griselda_EuropeEst-302x604.jpg 302w, https:\/\/www.barbie-secondlife.com\/wp-content\/uploads\/2025\/08\/BarbiesNextTopModel_Griselda_EuropeEst-200x400.jpg 200w, https:\/\/www.barbie-secondlife.com\/wp-content\/uploads\/2025\/08\/BarbiesNextTopModel_Griselda_EuropeEst-350x700.jpg 350w, https:\/\/www.barbie-secondlife.com\/wp-content\/uploads\/2025\/08\/BarbiesNextTopModel_Griselda_EuropeEst-150x300.jpg 150w\" data-sizes=\"(max-width: 400px) 100vw, 400px\" src=\"data:image\/svg+xml;base64,PHN2ZyB3aWR0aD0iMSIgaGVpZ2h0PSIxIiB4bWxucz0iaHR0cDovL3d3dy53My5vcmcvMjAwMC9zdmciPjwvc3ZnPg==\" \/><\/td><td class=\"has-text-align-center\" data-align=\"center\"><img decoding=\"async\" width=\"400\" height=\"800\" class=\"wp-image-606092 lazyload\" style=\"--smush-placeholder-width: 400px; --smush-placeholder-aspect-ratio: 400\/800;text-align: start; white-space: normal;\" data-src=\"https:\/\/www.barbie-secondlife.com\/wp-content\/uploads\/2025\/08\/BarbiesNextTopModel_Marysia_EuropeEst.jpg\" alt=\"Barbie's Next Top Model 2025\" data-srcset=\"https:\/\/www.barbie-secondlife.com\/wp-content\/uploads\/2025\/08\/BarbiesNextTopModel_Marysia_EuropeEst.jpg 400w, https:\/\/www.barbie-secondlife.com\/wp-content\/uploads\/2025\/08\/BarbiesNextTopModel_Marysia_EuropeEst-302x604.jpg 302w, https:\/\/www.barbie-secondlife.com\/wp-content\/uploads\/2025\/08\/BarbiesNextTopModel_Marysia_EuropeEst-200x400.jpg 200w, https:\/\/www.barbie-secondlife.com\/wp-content\/uploads\/2025\/08\/BarbiesNextTopModel_Marysia_EuropeEst-350x700.jpg 350w, https:\/\/www.barbie-secondlife.com\/wp-content\/uploads\/2025\/08\/BarbiesNextTopModel_Marysia_EuropeEst-150x300.jpg 150w\" data-sizes=\"(max-width: 400px) 100vw, 400px\" src=\"data:image\/svg+xml;base64,PHN2ZyB3aWR0aD0iMSIgaGVpZ2h0PSIxIiB4bWxucz0iaHR0cDovL3d3dy53My5vcmcvMjAwMC9zdmciPjwvc3ZnPg==\" \/><\/td><\/tr><tr><td class=\"has-text-align-center\" data-align=\"center\"><strong>VOTE : 3<\/strong><\/td><td class=\"has-text-align-center\" data-align=\"center\"><strong>VOTE : 3<\/strong><\/td><td class=\"has-text-align-center\" data-align=\"center\"><strong><strong>VOTE : 3<\/strong><\/strong><\/td><\/tr><\/tbody><\/table><\/figure>\n\n\n\n<hr class=\"wp-block-separator has-alpha-channel-opacity\"\/>\n\n\n\n<figure class=\"wp-block-table aligncenter\"><table class=\"has-fixed-layout\"><tbody><tr><td class=\"has-text-align-center\" data-align=\"center\"><img decoding=\"async\" width=\"400\" height=\"800\" class=\"wp-image-606095 lazyload\" style=\"--smush-placeholder-width: 400px; --smush-placeholder-aspect-ratio: 400\/800;text-align: start; white-space: normal;\" data-src=\"https:\/\/www.barbie-secondlife.com\/wp-content\/uploads\/2025\/08\/BarbiesNextTopModel_Vesna_EuropeEst.jpg\" alt=\"Barbie's Next Top Model 2025\" data-srcset=\"https:\/\/www.barbie-secondlife.com\/wp-content\/uploads\/2025\/08\/BarbiesNextTopModel_Vesna_EuropeEst.jpg 400w, https:\/\/www.barbie-secondlife.com\/wp-content\/uploads\/2025\/08\/BarbiesNextTopModel_Vesna_EuropeEst-302x604.jpg 302w, https:\/\/www.barbie-secondlife.com\/wp-content\/uploads\/2025\/08\/BarbiesNextTopModel_Vesna_EuropeEst-200x400.jpg 200w, https:\/\/www.barbie-secondlife.com\/wp-content\/uploads\/2025\/08\/BarbiesNextTopModel_Vesna_EuropeEst-350x700.jpg 350w, https:\/\/www.barbie-secondlife.com\/wp-content\/uploads\/2025\/08\/BarbiesNextTopModel_Vesna_EuropeEst-150x300.jpg 150w\" data-sizes=\"(max-width: 400px) 100vw, 400px\" src=\"data:image\/svg+xml;base64,PHN2ZyB3aWR0aD0iMSIgaGVpZ2h0PSIxIiB4bWxucz0iaHR0cDovL3d3dy53My5vcmcvMjAwMC9zdmciPjwvc3ZnPg==\" \/><\/td><td class=\"has-text-align-center\" data-align=\"center\"><img decoding=\"async\" width=\"400\" height=\"800\" class=\"wp-image-606084 lazyload\" style=\"--smush-placeholder-width: 400px; --smush-placeholder-aspect-ratio: 400\/800;width: px;\" data-src=\"https:\/\/www.barbie-secondlife.com\/wp-content\/uploads\/2025\/08\/BarbiesNextTopModel_Chantou_EuropeEst.jpg\" alt=\"Barbie's Next Top Model 2025\" data-srcset=\"https:\/\/www.barbie-secondlife.com\/wp-content\/uploads\/2025\/08\/BarbiesNextTopModel_Chantou_EuropeEst.jpg 400w, https:\/\/www.barbie-secondlife.com\/wp-content\/uploads\/2025\/08\/BarbiesNextTopModel_Chantou_EuropeEst-302x604.jpg 302w, https:\/\/www.barbie-secondlife.com\/wp-content\/uploads\/2025\/08\/BarbiesNextTopModel_Chantou_EuropeEst-200x400.jpg 200w, https:\/\/www.barbie-secondlife.com\/wp-content\/uploads\/2025\/08\/BarbiesNextTopModel_Chantou_EuropeEst-350x700.jpg 350w, https:\/\/www.barbie-secondlife.com\/wp-content\/uploads\/2025\/08\/BarbiesNextTopModel_Chantou_EuropeEst-150x300.jpg 150w\" data-sizes=\"(max-width: 400px) 100vw, 400px\" src=\"data:image\/svg+xml;base64,PHN2ZyB3aWR0aD0iMSIgaGVpZ2h0PSIxIiB4bWxucz0iaHR0cDovL3d3dy53My5vcmcvMjAwMC9zdmciPjwvc3ZnPg==\" \/><\/td><td class=\"has-text-align-center\" data-align=\"center\"><img decoding=\"async\" width=\"400\" height=\"800\" class=\"wp-image-606094 lazyload\" style=\"--smush-placeholder-width: 400px; --smush-placeholder-aspect-ratio: 400\/800;width: px;\" data-src=\"https:\/\/www.barbie-secondlife.com\/wp-content\/uploads\/2025\/08\/BarbiesNextTopModel_Nichelle_EuropeEst.jpg\" alt=\"Barbie's Next Top Model 2025\" data-srcset=\"https:\/\/www.barbie-secondlife.com\/wp-content\/uploads\/2025\/08\/BarbiesNextTopModel_Nichelle_EuropeEst.jpg 400w, https:\/\/www.barbie-secondlife.com\/wp-content\/uploads\/2025\/08\/BarbiesNextTopModel_Nichelle_EuropeEst-302x604.jpg 302w, https:\/\/www.barbie-secondlife.com\/wp-content\/uploads\/2025\/08\/BarbiesNextTopModel_Nichelle_EuropeEst-200x400.jpg 200w, https:\/\/www.barbie-secondlife.com\/wp-content\/uploads\/2025\/08\/BarbiesNextTopModel_Nichelle_EuropeEst-350x700.jpg 350w, https:\/\/www.barbie-secondlife.com\/wp-content\/uploads\/2025\/08\/BarbiesNextTopModel_Nichelle_EuropeEst-150x300.jpg 150w\" data-sizes=\"(max-width: 400px) 100vw, 400px\" src=\"data:image\/svg+xml;base64,PHN2ZyB3aWR0aD0iMSIgaGVpZ2h0PSIxIiB4bWxucz0iaHR0cDovL3d3dy53My5vcmcvMjAwMC9zdmciPjwvc3ZnPg==\" \/><\/td><\/tr><tr><td class=\"has-text-align-center\" data-align=\"center\"><strong>VOTE : 3<\/strong><\/td><td class=\"has-text-align-center\" data-align=\"center\"><strong>VOTE : 1<\/strong><\/td><td class=\"has-text-align-center\" data-align=\"center\"><strong>VOTE : 1<\/strong><\/td><\/tr><\/tbody><\/table><\/figure>\n<\/div>\n<\/div>\n\n\n\n<hr class=\"wp-block-separator has-alpha-channel-opacity\"\/>\n\n\n\n<p><\/p>\n\n\n\n<p><\/p>\n","protected":false},"excerpt":{"rendered":"<p>Osteuropa : Dieses Outfit verk\u00f6rpert europ\u00e4ische Eleganz, inspiriert vom zeitlosen Chic der Modehauptst\u00e4dte. Es besteht aus einem schwarzen, taillierten Langarmtop mit leichtem Ausschnitt, das die Silhouette formt und zugleich eine minimalistische Raffinesse verleiht.Das Herzst\u00fcck des Looks ist ein goldfarben gl\u00e4nzender, metallischer Midirock mit weitem Volumen und eleganten Falten, der bei jeder Bewegung das Licht einf\u00e4ngt. [&hellip;]<\/p>\n","protected":false},"author":1,"featured_media":604768,"parent":604767,"menu_order":0,"comment_status":"closed","ping_status":"closed","template":"","meta":{"footnotes":""},"class_list":["post-605097","page","type-page","status-publish","has-post-thumbnail","hentry"],"translation":{"provider":"WPGlobus","version":"3.0.2","language":"de","enabled_languages":["fr","en","es","br","de"],"languages":{"fr":{"title":true,"content":true,"excerpt":false},"en":{"title":true,"content":true,"excerpt":false},"es":{"title":true,"content":true,"excerpt":false},"br":{"title":true,"content":true,"excerpt":false},"de":{"title":true,"content":true,"excerpt":false}}},"_links":{"self":[{"href":"https:\/\/www.barbie-secondlife.com\/de\/wp-json\/wp\/v2\/pages\/605097","targetHints":{"allow":["GET"]}}],"collection":[{"href":"https:\/\/www.barbie-secondlife.com\/de\/wp-json\/wp\/v2\/pages"}],"about":[{"href":"https:\/\/www.barbie-secondlife.com\/de\/wp-json\/wp\/v2\/types\/page"}],"author":[{"embeddable":true,"href":"https:\/\/www.barbie-secondlife.com\/de\/wp-json\/wp\/v2\/users\/1"}],"replies":[{"embeddable":true,"href":"https:\/\/www.barbie-secondlife.com\/de\/wp-json\/wp\/v2\/comments?post=605097"}],"version-history":[{"count":20,"href":"https:\/\/www.barbie-secondlife.com\/de\/wp-json\/wp\/v2\/pages\/605097\/revisions"}],"predecessor-version":[{"id":607453,"href":"https:\/\/www.barbie-secondlife.com\/de\/wp-json\/wp\/v2\/pages\/605097\/revisions\/607453"}],"up":[{"embeddable":true,"href":"https:\/\/www.barbie-secondlife.com\/de\/wp-json\/wp\/v2\/pages\/604767"}],"wp:featuredmedia":[{"embeddable":true,"href":"https:\/\/www.barbie-secondlife.com\/de\/wp-json\/wp\/v2\/media\/604768"}],"wp:attachment":[{"href":"https:\/\/www.barbie-secondlife.com\/de\/wp-json\/wp\/v2\/media?parent=605097"}],"curies":[{"name":"wp","href":"https:\/\/api.w.org\/{rel}","templated":true}]}}