{"id":605102,"date":"2025-07-27T21:04:07","date_gmt":"2025-07-27T19:04:07","guid":{"rendered":"https:\/\/www.barbie-secondlife.com\/?page_id=605102"},"modified":"2025-12-13T22:57:40","modified_gmt":"2025-12-13T21:57:40","slug":"barbie-nexts-top-model-oceanie","status":"publish","type":"page","link":"https:\/\/www.barbie-secondlife.com\/de\/evenements\/barbies-next-top-model-2025\/barbie-nexts-top-model-oceanie\/","title":{"rendered":"Barbie&#8217;s Next Top Model &#8211; Ozeanien"},"content":{"rendered":"<div class=\"wp-block-image\">\n<figure class=\"aligncenter size-full\"><img decoding=\"async\" width=\"700\" height=\"184\" data-src=\"https:\/\/www.barbie-secondlife.com\/wp-content\/uploads\/2025\/07\/BNTM-1.gif\" alt=\"Barbie Next's Top Model\" class=\"wp-image-604981 lazyload\" src=\"data:image\/svg+xml;base64,PHN2ZyB3aWR0aD0iMSIgaGVpZ2h0PSIxIiB4bWxucz0iaHR0cDovL3d3dy53My5vcmcvMjAwMC9zdmciPjwvc3ZnPg==\" style=\"--smush-placeholder-width: 700px; --smush-placeholder-aspect-ratio: 700\/184;\" \/><\/figure>\n<\/div>\n\n\n<div class=\"wp-block-media-text is-stacked-on-mobile is-vertically-aligned-center\"><figure class=\"wp-block-media-text__media\"><img decoding=\"async\" width=\"500\" height=\"500\" data-src=\"https:\/\/www.barbie-secondlife.com\/wp-content\/uploads\/2025\/12\/GAGNANTE_OCEANIE.png\" alt=\"Barbie's Next Top Model 2025\" class=\"wp-image-607649 size-full lazyload\" data-srcset=\"https:\/\/www.barbie-secondlife.com\/wp-content\/uploads\/2025\/12\/GAGNANTE_OCEANIE.png 500w, https:\/\/www.barbie-secondlife.com\/wp-content\/uploads\/2025\/12\/GAGNANTE_OCEANIE-350x350.png 350w, https:\/\/www.barbie-secondlife.com\/wp-content\/uploads\/2025\/12\/GAGNANTE_OCEANIE-300x300.png 300w, https:\/\/www.barbie-secondlife.com\/wp-content\/uploads\/2025\/12\/GAGNANTE_OCEANIE-302x302.png 302w, https:\/\/www.barbie-secondlife.com\/wp-content\/uploads\/2025\/12\/GAGNANTE_OCEANIE-200x200.png 200w\" data-sizes=\"(max-width: 500px) 100vw, 500px\" src=\"data:image\/svg+xml;base64,PHN2ZyB3aWR0aD0iMSIgaGVpZ2h0PSIxIiB4bWxucz0iaHR0cDovL3d3dy53My5vcmcvMjAwMC9zdmciPjwvc3ZnPg==\" style=\"--smush-placeholder-width: 500px; --smush-placeholder-aspect-ratio: 500\/500;\" \/><\/figure><div class=\"wp-block-media-text__content\">\n<p><strong><span style=\"text-decoration: underline;\">Ozeanien<\/span><\/strong> : Dieses Outfit zollt Ozeanien mit einem frischen und zugleich eleganten Look Tribut, der den Geist der maritimen und tropischen Landschaften der Region einf\u00e4ngt. Die <strong>wei\u00dfe Bluse<\/strong> mit elegantem, strukturiertem Schnitt hat einen V-Ausschnitt, der eine raffinierte Silhouette betont. Sie wird von einem blauen Stoffg\u00fcrtel gehalten, der an die tiefen <strong>T\u00f6ne des Ozeans<\/strong> erinnert.<br>Die weite Hose ist mit gro\u00dfen, stilisierten Bl\u00e4ttermustern in Blau- und Gr\u00fcnt\u00f6nen verziert und erinnert an die <strong>\u00fcppige Vegetation<\/strong> und <strong>die tropischen Inseln Ozeaniens<\/strong>.<br>Dieser Look verk\u00f6rpert das perfekte Gleichgewicht zwischen <strong>Modernit\u00e4t<\/strong> und <strong>Natur<\/strong> und f\u00e4ngt die Essenz Ozeaniens ein \u2013 eine harmonische Verschmelzung nat\u00fcrlicher Elemente mit einem zeitgem\u00e4\u00dfen, leuchtenden und erfrischenden Stil.<\/p>\n<\/div><\/div>\n\n\n\n<hr class=\"wp-block-separator has-alpha-channel-opacity\"\/>\n\n\n\n<p class=\"has-text-align-center has-text-color has-link-color wp-elements-fdcc4f7cad5de90903bc8b92d4f371d9\" style=\"color:#b61b66;font-size:24px\"><strong><strong><strong>ERGEBNISSE<\/strong><\/strong><\/strong><\/p>\n\n\n\n<hr class=\"wp-block-separator has-alpha-channel-opacity\"\/>\n\n\n\n<div class=\"wp-block-columns is-layout-flex wp-container-core-columns-is-layout-9d6595d7 wp-block-columns-is-layout-flex\">\n<div class=\"wp-block-column is-layout-flow wp-block-column-is-layout-flow\" style=\"flex-basis:100%\">\n<figure class=\"wp-block-table aligncenter\"><table class=\"has-fixed-layout\"><tbody><tr><td class=\"has-text-align-center\" data-align=\"center\"><img decoding=\"async\" width=\"400\" height=\"800\" class=\"wp-image-606134 lazyload\" style=\"--smush-placeholder-width: 400px; --smush-placeholder-aspect-ratio: 400\/800;width: px;\" data-src=\"https:\/\/www.barbie-secondlife.com\/wp-content\/uploads\/2025\/08\/BarbiesNextTopModel_Griselda_Oceanie.jpg\" alt=\"Barbie's Next Top Model 2025\" data-srcset=\"https:\/\/www.barbie-secondlife.com\/wp-content\/uploads\/2025\/08\/BarbiesNextTopModel_Griselda_Oceanie.jpg 400w, https:\/\/www.barbie-secondlife.com\/wp-content\/uploads\/2025\/08\/BarbiesNextTopModel_Griselda_Oceanie-302x604.jpg 302w, https:\/\/www.barbie-secondlife.com\/wp-content\/uploads\/2025\/08\/BarbiesNextTopModel_Griselda_Oceanie-200x400.jpg 200w, https:\/\/www.barbie-secondlife.com\/wp-content\/uploads\/2025\/08\/BarbiesNextTopModel_Griselda_Oceanie-350x700.jpg 350w, https:\/\/www.barbie-secondlife.com\/wp-content\/uploads\/2025\/08\/BarbiesNextTopModel_Griselda_Oceanie-150x300.jpg 150w\" data-sizes=\"(max-width: 400px) 100vw, 400px\" src=\"data:image\/svg+xml;base64,PHN2ZyB3aWR0aD0iMSIgaGVpZ2h0PSIxIiB4bWxucz0iaHR0cDovL3d3dy53My5vcmcvMjAwMC9zdmciPjwvc3ZnPg==\" \/><\/td><td class=\"has-text-align-center\" data-align=\"center\"><img decoding=\"async\" width=\"400\" height=\"800\" class=\"wp-image-606133 lazyload\" style=\"--smush-placeholder-width: 400px; --smush-placeholder-aspect-ratio: 400\/800;width: px;\" data-src=\"https:\/\/www.barbie-secondlife.com\/wp-content\/uploads\/2025\/08\/BarbiesNextTopModel_Franka_Oceanie.jpg\" alt=\"Barbie's Next Top Model 2025\" data-srcset=\"https:\/\/www.barbie-secondlife.com\/wp-content\/uploads\/2025\/08\/BarbiesNextTopModel_Franka_Oceanie.jpg 400w, https:\/\/www.barbie-secondlife.com\/wp-content\/uploads\/2025\/08\/BarbiesNextTopModel_Franka_Oceanie-302x604.jpg 302w, https:\/\/www.barbie-secondlife.com\/wp-content\/uploads\/2025\/08\/BarbiesNextTopModel_Franka_Oceanie-200x400.jpg 200w, https:\/\/www.barbie-secondlife.com\/wp-content\/uploads\/2025\/08\/BarbiesNextTopModel_Franka_Oceanie-350x700.jpg 350w, https:\/\/www.barbie-secondlife.com\/wp-content\/uploads\/2025\/08\/BarbiesNextTopModel_Franka_Oceanie-150x300.jpg 150w\" data-sizes=\"(max-width: 400px) 100vw, 400px\" src=\"data:image\/svg+xml;base64,PHN2ZyB3aWR0aD0iMSIgaGVpZ2h0PSIxIiB4bWxucz0iaHR0cDovL3d3dy53My5vcmcvMjAwMC9zdmciPjwvc3ZnPg==\" \/><\/td><td class=\"has-text-align-center\" data-align=\"center\"><img decoding=\"async\" width=\"400\" height=\"800\" class=\"wp-image-606142 lazyload\" style=\"--smush-placeholder-width: 400px; --smush-placeholder-aspect-ratio: 400\/800;width: px;\" data-src=\"https:\/\/www.barbie-secondlife.com\/wp-content\/uploads\/2025\/08\/BarbiesNextTopModel_Vesna_Oceanie.jpg\" alt=\"Barbie's Next Top Model 2025\" data-srcset=\"https:\/\/www.barbie-secondlife.com\/wp-content\/uploads\/2025\/08\/BarbiesNextTopModel_Vesna_Oceanie.jpg 400w, https:\/\/www.barbie-secondlife.com\/wp-content\/uploads\/2025\/08\/BarbiesNextTopModel_Vesna_Oceanie-302x604.jpg 302w, https:\/\/www.barbie-secondlife.com\/wp-content\/uploads\/2025\/08\/BarbiesNextTopModel_Vesna_Oceanie-200x400.jpg 200w, https:\/\/www.barbie-secondlife.com\/wp-content\/uploads\/2025\/08\/BarbiesNextTopModel_Vesna_Oceanie-350x700.jpg 350w, https:\/\/www.barbie-secondlife.com\/wp-content\/uploads\/2025\/08\/BarbiesNextTopModel_Vesna_Oceanie-150x300.jpg 150w\" data-sizes=\"(max-width: 400px) 100vw, 400px\" src=\"data:image\/svg+xml;base64,PHN2ZyB3aWR0aD0iMSIgaGVpZ2h0PSIxIiB4bWxucz0iaHR0cDovL3d3dy53My5vcmcvMjAwMC9zdmciPjwvc3ZnPg==\" \/><\/td><\/tr><tr><td class=\"has-text-align-center\" data-align=\"center\"><strong>VOTE : 10<\/strong><\/td><td class=\"has-text-align-center\" data-align=\"center\"><strong>VOTE : 8<\/strong><\/td><td class=\"has-text-align-center\" data-align=\"center\"><strong>VOTE : 8<\/strong><\/td><\/tr><\/tbody><\/table><\/figure>\n\n\n\n<hr class=\"wp-block-separator has-alpha-channel-opacity\"\/>\n\n\n\n<figure class=\"wp-block-table aligncenter\"><table class=\"has-fixed-layout\"><tbody><tr><td class=\"has-text-align-center\" data-align=\"center\"><img decoding=\"async\" width=\"400\" height=\"800\" class=\"wp-image-606129 lazyload\" style=\"--smush-placeholder-width: 400px; --smush-placeholder-aspect-ratio: 400\/800;width: px;\" data-src=\"https:\/\/www.barbie-secondlife.com\/wp-content\/uploads\/2025\/08\/BarbiesNextTopModel_Catriona_Oceanie.jpg\" alt=\"Barbie's Next Top Model 2025\" data-srcset=\"https:\/\/www.barbie-secondlife.com\/wp-content\/uploads\/2025\/08\/BarbiesNextTopModel_Catriona_Oceanie.jpg 400w, https:\/\/www.barbie-secondlife.com\/wp-content\/uploads\/2025\/08\/BarbiesNextTopModel_Catriona_Oceanie-302x604.jpg 302w, https:\/\/www.barbie-secondlife.com\/wp-content\/uploads\/2025\/08\/BarbiesNextTopModel_Catriona_Oceanie-200x400.jpg 200w, https:\/\/www.barbie-secondlife.com\/wp-content\/uploads\/2025\/08\/BarbiesNextTopModel_Catriona_Oceanie-350x700.jpg 350w, https:\/\/www.barbie-secondlife.com\/wp-content\/uploads\/2025\/08\/BarbiesNextTopModel_Catriona_Oceanie-150x300.jpg 150w\" data-sizes=\"(max-width: 400px) 100vw, 400px\" src=\"data:image\/svg+xml;base64,PHN2ZyB3aWR0aD0iMSIgaGVpZ2h0PSIxIiB4bWxucz0iaHR0cDovL3d3dy53My5vcmcvMjAwMC9zdmciPjwvc3ZnPg==\" \/><\/td><td class=\"has-text-align-center\" data-align=\"center\"><img decoding=\"async\" width=\"400\" height=\"800\" class=\"wp-image-606136 lazyload\" style=\"--smush-placeholder-width: 400px; --smush-placeholder-aspect-ratio: 400\/800;width: px;\" data-src=\"https:\/\/www.barbie-secondlife.com\/wp-content\/uploads\/2025\/08\/BarbiesNextTopModel_Iqra_Oceanie.jpg\" alt=\"Barbie's Next Top Model 2025\" data-srcset=\"https:\/\/www.barbie-secondlife.com\/wp-content\/uploads\/2025\/08\/BarbiesNextTopModel_Iqra_Oceanie.jpg 400w, https:\/\/www.barbie-secondlife.com\/wp-content\/uploads\/2025\/08\/BarbiesNextTopModel_Iqra_Oceanie-302x604.jpg 302w, https:\/\/www.barbie-secondlife.com\/wp-content\/uploads\/2025\/08\/BarbiesNextTopModel_Iqra_Oceanie-200x400.jpg 200w, https:\/\/www.barbie-secondlife.com\/wp-content\/uploads\/2025\/08\/BarbiesNextTopModel_Iqra_Oceanie-350x700.jpg 350w, https:\/\/www.barbie-secondlife.com\/wp-content\/uploads\/2025\/08\/BarbiesNextTopModel_Iqra_Oceanie-150x300.jpg 150w\" data-sizes=\"(max-width: 400px) 100vw, 400px\" src=\"data:image\/svg+xml;base64,PHN2ZyB3aWR0aD0iMSIgaGVpZ2h0PSIxIiB4bWxucz0iaHR0cDovL3d3dy53My5vcmcvMjAwMC9zdmciPjwvc3ZnPg==\" \/><\/td><td class=\"has-text-align-center\" data-align=\"center\"><img decoding=\"async\" width=\"400\" height=\"800\" class=\"wp-image-606130 lazyload\" style=\"--smush-placeholder-width: 400px; --smush-placeholder-aspect-ratio: 400\/800;width: px;\" data-src=\"https:\/\/www.barbie-secondlife.com\/wp-content\/uploads\/2025\/08\/BarbiesNextTopModel_Chantou_Oceanie.jpg\" alt=\"Barbie's Next Top Model 2025\" data-srcset=\"https:\/\/www.barbie-secondlife.com\/wp-content\/uploads\/2025\/08\/BarbiesNextTopModel_Chantou_Oceanie.jpg 400w, https:\/\/www.barbie-secondlife.com\/wp-content\/uploads\/2025\/08\/BarbiesNextTopModel_Chantou_Oceanie-302x604.jpg 302w, https:\/\/www.barbie-secondlife.com\/wp-content\/uploads\/2025\/08\/BarbiesNextTopModel_Chantou_Oceanie-200x400.jpg 200w, https:\/\/www.barbie-secondlife.com\/wp-content\/uploads\/2025\/08\/BarbiesNextTopModel_Chantou_Oceanie-350x700.jpg 350w, https:\/\/www.barbie-secondlife.com\/wp-content\/uploads\/2025\/08\/BarbiesNextTopModel_Chantou_Oceanie-150x300.jpg 150w\" data-sizes=\"(max-width: 400px) 100vw, 400px\" src=\"data:image\/svg+xml;base64,PHN2ZyB3aWR0aD0iMSIgaGVpZ2h0PSIxIiB4bWxucz0iaHR0cDovL3d3dy53My5vcmcvMjAwMC9zdmciPjwvc3ZnPg==\" \/><\/td><\/tr><tr><td class=\"has-text-align-center\" data-align=\"center\"><strong>VOTE : 6<\/strong><\/td><td class=\"has-text-align-center\" data-align=\"center\"><strong>VOTE : 5<\/strong><\/td><td class=\"has-text-align-center\" data-align=\"center\"><strong>VOTE : 4<\/strong><\/td><\/tr><\/tbody><\/table><\/figure>\n\n\n\n<hr class=\"wp-block-separator has-alpha-channel-opacity\"\/>\n\n\n\n<figure class=\"wp-block-table aligncenter\"><table class=\"has-fixed-layout\"><tbody><tr><td class=\"has-text-align-center\" data-align=\"center\"><img decoding=\"async\" width=\"400\" height=\"800\" class=\"wp-image-606131 lazyload\" style=\"--smush-placeholder-width: 400px; --smush-placeholder-aspect-ratio: 400\/800;width: px;\" data-src=\"https:\/\/www.barbie-secondlife.com\/wp-content\/uploads\/2025\/08\/BarbiesNextTopModel_Deborah_Oceanie.jpg\" alt=\"Barbie's Next Top Model 2025\" data-srcset=\"https:\/\/www.barbie-secondlife.com\/wp-content\/uploads\/2025\/08\/BarbiesNextTopModel_Deborah_Oceanie.jpg 400w, https:\/\/www.barbie-secondlife.com\/wp-content\/uploads\/2025\/08\/BarbiesNextTopModel_Deborah_Oceanie-302x604.jpg 302w, https:\/\/www.barbie-secondlife.com\/wp-content\/uploads\/2025\/08\/BarbiesNextTopModel_Deborah_Oceanie-200x400.jpg 200w, https:\/\/www.barbie-secondlife.com\/wp-content\/uploads\/2025\/08\/BarbiesNextTopModel_Deborah_Oceanie-350x700.jpg 350w, https:\/\/www.barbie-secondlife.com\/wp-content\/uploads\/2025\/08\/BarbiesNextTopModel_Deborah_Oceanie-150x300.jpg 150w\" data-sizes=\"(max-width: 400px) 100vw, 400px\" src=\"data:image\/svg+xml;base64,PHN2ZyB3aWR0aD0iMSIgaGVpZ2h0PSIxIiB4bWxucz0iaHR0cDovL3d3dy53My5vcmcvMjAwMC9zdmciPjwvc3ZnPg==\" \/><\/td><td class=\"has-text-align-center\" data-align=\"center\"><img decoding=\"async\" width=\"400\" height=\"800\" class=\"wp-image-606132 lazyload\" style=\"--smush-placeholder-width: 400px; --smush-placeholder-aspect-ratio: 400\/800;width: px;\" data-src=\"https:\/\/www.barbie-secondlife.com\/wp-content\/uploads\/2025\/08\/BarbiesNextTopModel_Eleanor_Oceanie.jpg\" alt=\"Barbie's Next Top Model 2025\" data-srcset=\"https:\/\/www.barbie-secondlife.com\/wp-content\/uploads\/2025\/08\/BarbiesNextTopModel_Eleanor_Oceanie.jpg 400w, https:\/\/www.barbie-secondlife.com\/wp-content\/uploads\/2025\/08\/BarbiesNextTopModel_Eleanor_Oceanie-302x604.jpg 302w, https:\/\/www.barbie-secondlife.com\/wp-content\/uploads\/2025\/08\/BarbiesNextTopModel_Eleanor_Oceanie-200x400.jpg 200w, https:\/\/www.barbie-secondlife.com\/wp-content\/uploads\/2025\/08\/BarbiesNextTopModel_Eleanor_Oceanie-350x700.jpg 350w, https:\/\/www.barbie-secondlife.com\/wp-content\/uploads\/2025\/08\/BarbiesNextTopModel_Eleanor_Oceanie-150x300.jpg 150w\" data-sizes=\"(max-width: 400px) 100vw, 400px\" src=\"data:image\/svg+xml;base64,PHN2ZyB3aWR0aD0iMSIgaGVpZ2h0PSIxIiB4bWxucz0iaHR0cDovL3d3dy53My5vcmcvMjAwMC9zdmciPjwvc3ZnPg==\" \/><\/td><td class=\"has-text-align-center\" data-align=\"center\"><img decoding=\"async\" width=\"400\" height=\"800\" class=\"wp-image-606139 lazyload\" style=\"--smush-placeholder-width: 400px; --smush-placeholder-aspect-ratio: 400\/800;width: px;\" data-src=\"https:\/\/www.barbie-secondlife.com\/wp-content\/uploads\/2025\/08\/BarbiesNextTopModel_Maya_Oceanie.jpg\" alt=\"Barbie's Next Top Model 2025\" data-srcset=\"https:\/\/www.barbie-secondlife.com\/wp-content\/uploads\/2025\/08\/BarbiesNextTopModel_Maya_Oceanie.jpg 400w, https:\/\/www.barbie-secondlife.com\/wp-content\/uploads\/2025\/08\/BarbiesNextTopModel_Maya_Oceanie-302x604.jpg 302w, https:\/\/www.barbie-secondlife.com\/wp-content\/uploads\/2025\/08\/BarbiesNextTopModel_Maya_Oceanie-200x400.jpg 200w, https:\/\/www.barbie-secondlife.com\/wp-content\/uploads\/2025\/08\/BarbiesNextTopModel_Maya_Oceanie-350x700.jpg 350w, https:\/\/www.barbie-secondlife.com\/wp-content\/uploads\/2025\/08\/BarbiesNextTopModel_Maya_Oceanie-150x300.jpg 150w\" data-sizes=\"(max-width: 400px) 100vw, 400px\" src=\"data:image\/svg+xml;base64,PHN2ZyB3aWR0aD0iMSIgaGVpZ2h0PSIxIiB4bWxucz0iaHR0cDovL3d3dy53My5vcmcvMjAwMC9zdmciPjwvc3ZnPg==\" \/><\/td><\/tr><tr><td class=\"has-text-align-center\" data-align=\"center\"><strong>VOTE : 4<\/strong><\/td><td class=\"has-text-align-center\" data-align=\"center\"><strong>VOTE : 3<\/strong><\/td><td class=\"has-text-align-center\" data-align=\"center\"><strong>VOTE : 3<\/strong><\/td><\/tr><\/tbody><\/table><\/figure>\n\n\n\n<hr class=\"wp-block-separator has-alpha-channel-opacity\"\/>\n\n\n\n<figure class=\"wp-block-table aligncenter\"><table class=\"has-fixed-layout\"><tbody><tr><td class=\"has-text-align-center\" data-align=\"center\"><img decoding=\"async\" width=\"400\" height=\"800\" class=\"wp-image-606128 lazyload\" style=\"--smush-placeholder-width: 400px; --smush-placeholder-aspect-ratio: 400\/800;width: px;\" data-src=\"https:\/\/www.barbie-secondlife.com\/wp-content\/uploads\/2025\/08\/BarbiesNextTopModel_Beryl_Oceanie.jpg\" alt=\"Barbie's Next Top Model 2025\" data-srcset=\"https:\/\/www.barbie-secondlife.com\/wp-content\/uploads\/2025\/08\/BarbiesNextTopModel_Beryl_Oceanie.jpg 400w, https:\/\/www.barbie-secondlife.com\/wp-content\/uploads\/2025\/08\/BarbiesNextTopModel_Beryl_Oceanie-302x604.jpg 302w, https:\/\/www.barbie-secondlife.com\/wp-content\/uploads\/2025\/08\/BarbiesNextTopModel_Beryl_Oceanie-200x400.jpg 200w, https:\/\/www.barbie-secondlife.com\/wp-content\/uploads\/2025\/08\/BarbiesNextTopModel_Beryl_Oceanie-350x700.jpg 350w, https:\/\/www.barbie-secondlife.com\/wp-content\/uploads\/2025\/08\/BarbiesNextTopModel_Beryl_Oceanie-150x300.jpg 150w\" data-sizes=\"(max-width: 400px) 100vw, 400px\" src=\"data:image\/svg+xml;base64,PHN2ZyB3aWR0aD0iMSIgaGVpZ2h0PSIxIiB4bWxucz0iaHR0cDovL3d3dy53My5vcmcvMjAwMC9zdmciPjwvc3ZnPg==\" \/><\/td><td class=\"has-text-align-center\" data-align=\"center\"><img decoding=\"async\" width=\"400\" height=\"800\" class=\"wp-image-606135 lazyload\" style=\"--smush-placeholder-width: 400px; --smush-placeholder-aspect-ratio: 400\/800;width: px;\" data-src=\"https:\/\/www.barbie-secondlife.com\/wp-content\/uploads\/2025\/08\/BarbiesNextTopModel_Hadeel_Oceanie.jpg\" alt=\"Barbie's Next Top Model 2025\" data-srcset=\"https:\/\/www.barbie-secondlife.com\/wp-content\/uploads\/2025\/08\/BarbiesNextTopModel_Hadeel_Oceanie.jpg 400w, https:\/\/www.barbie-secondlife.com\/wp-content\/uploads\/2025\/08\/BarbiesNextTopModel_Hadeel_Oceanie-302x604.jpg 302w, https:\/\/www.barbie-secondlife.com\/wp-content\/uploads\/2025\/08\/BarbiesNextTopModel_Hadeel_Oceanie-200x400.jpg 200w, https:\/\/www.barbie-secondlife.com\/wp-content\/uploads\/2025\/08\/BarbiesNextTopModel_Hadeel_Oceanie-350x700.jpg 350w, https:\/\/www.barbie-secondlife.com\/wp-content\/uploads\/2025\/08\/BarbiesNextTopModel_Hadeel_Oceanie-150x300.jpg 150w\" data-sizes=\"(max-width: 400px) 100vw, 400px\" src=\"data:image\/svg+xml;base64,PHN2ZyB3aWR0aD0iMSIgaGVpZ2h0PSIxIiB4bWxucz0iaHR0cDovL3d3dy53My5vcmcvMjAwMC9zdmciPjwvc3ZnPg==\" \/><\/td><td class=\"has-text-align-center\" data-align=\"center\"><img decoding=\"async\" width=\"400\" height=\"800\" class=\"wp-image-606137 lazyload\" style=\"--smush-placeholder-width: 400px; --smush-placeholder-aspect-ratio: 400\/800;width: px;\" data-src=\"https:\/\/www.barbie-secondlife.com\/wp-content\/uploads\/2025\/08\/BarbiesNextTopModel_Majka_Oceanie.jpg\" alt=\"Barbie's Next Top Model 2025\" data-srcset=\"https:\/\/www.barbie-secondlife.com\/wp-content\/uploads\/2025\/08\/BarbiesNextTopModel_Majka_Oceanie.jpg 400w, https:\/\/www.barbie-secondlife.com\/wp-content\/uploads\/2025\/08\/BarbiesNextTopModel_Majka_Oceanie-302x604.jpg 302w, https:\/\/www.barbie-secondlife.com\/wp-content\/uploads\/2025\/08\/BarbiesNextTopModel_Majka_Oceanie-200x400.jpg 200w, https:\/\/www.barbie-secondlife.com\/wp-content\/uploads\/2025\/08\/BarbiesNextTopModel_Majka_Oceanie-350x700.jpg 350w, https:\/\/www.barbie-secondlife.com\/wp-content\/uploads\/2025\/08\/BarbiesNextTopModel_Majka_Oceanie-150x300.jpg 150w\" data-sizes=\"(max-width: 400px) 100vw, 400px\" src=\"data:image\/svg+xml;base64,PHN2ZyB3aWR0aD0iMSIgaGVpZ2h0PSIxIiB4bWxucz0iaHR0cDovL3d3dy53My5vcmcvMjAwMC9zdmciPjwvc3ZnPg==\" \/><\/td><\/tr><tr><td class=\"has-text-align-center\" data-align=\"center\"><strong>VOTE : 2<\/strong><\/td><td class=\"has-text-align-center\" data-align=\"center\"><strong>VOTE : 2<\/strong><\/td><td class=\"has-text-align-center\" data-align=\"center\"><strong>VOTE : 2<\/strong><\/td><\/tr><\/tbody><\/table><\/figure>\n\n\n\n<hr class=\"wp-block-separator has-alpha-channel-opacity\"\/>\n\n\n\n<figure class=\"wp-block-table aligncenter\"><table class=\"has-fixed-layout\"><tbody><tr><td class=\"has-text-align-center\" data-align=\"center\"><img decoding=\"async\" width=\"400\" height=\"800\" class=\"wp-image-606138 lazyload\" style=\"--smush-placeholder-width: 400px; --smush-placeholder-aspect-ratio: 400\/800;width: px;\" data-src=\"https:\/\/www.barbie-secondlife.com\/wp-content\/uploads\/2025\/08\/BarbiesNextTopModel_Marysia_Oceanie.jpg\" alt=\"Barbie's Next Top Model 2025\" data-srcset=\"https:\/\/www.barbie-secondlife.com\/wp-content\/uploads\/2025\/08\/BarbiesNextTopModel_Marysia_Oceanie.jpg 400w, https:\/\/www.barbie-secondlife.com\/wp-content\/uploads\/2025\/08\/BarbiesNextTopModel_Marysia_Oceanie-302x604.jpg 302w, https:\/\/www.barbie-secondlife.com\/wp-content\/uploads\/2025\/08\/BarbiesNextTopModel_Marysia_Oceanie-200x400.jpg 200w, https:\/\/www.barbie-secondlife.com\/wp-content\/uploads\/2025\/08\/BarbiesNextTopModel_Marysia_Oceanie-350x700.jpg 350w, https:\/\/www.barbie-secondlife.com\/wp-content\/uploads\/2025\/08\/BarbiesNextTopModel_Marysia_Oceanie-150x300.jpg 150w\" data-sizes=\"(max-width: 400px) 100vw, 400px\" src=\"data:image\/svg+xml;base64,PHN2ZyB3aWR0aD0iMSIgaGVpZ2h0PSIxIiB4bWxucz0iaHR0cDovL3d3dy53My5vcmcvMjAwMC9zdmciPjwvc3ZnPg==\" \/><\/td><td class=\"has-text-align-center\" data-align=\"center\"><img decoding=\"async\" width=\"400\" height=\"800\" class=\"wp-image-606140 lazyload\" style=\"--smush-placeholder-width: 400px; --smush-placeholder-aspect-ratio: 400\/800;width: px;\" data-src=\"https:\/\/www.barbie-secondlife.com\/wp-content\/uploads\/2025\/08\/BarbiesNextTopModel_Nichelle_Oceanie.jpg\" alt=\"Barbie's Next Top Model 2025\" data-srcset=\"https:\/\/www.barbie-secondlife.com\/wp-content\/uploads\/2025\/08\/BarbiesNextTopModel_Nichelle_Oceanie.jpg 400w, https:\/\/www.barbie-secondlife.com\/wp-content\/uploads\/2025\/08\/BarbiesNextTopModel_Nichelle_Oceanie-302x604.jpg 302w, https:\/\/www.barbie-secondlife.com\/wp-content\/uploads\/2025\/08\/BarbiesNextTopModel_Nichelle_Oceanie-200x400.jpg 200w, https:\/\/www.barbie-secondlife.com\/wp-content\/uploads\/2025\/08\/BarbiesNextTopModel_Nichelle_Oceanie-350x700.jpg 350w, https:\/\/www.barbie-secondlife.com\/wp-content\/uploads\/2025\/08\/BarbiesNextTopModel_Nichelle_Oceanie-150x300.jpg 150w\" data-sizes=\"(max-width: 400px) 100vw, 400px\" src=\"data:image\/svg+xml;base64,PHN2ZyB3aWR0aD0iMSIgaGVpZ2h0PSIxIiB4bWxucz0iaHR0cDovL3d3dy53My5vcmcvMjAwMC9zdmciPjwvc3ZnPg==\" \/><\/td><td class=\"has-text-align-center\" data-align=\"center\"><img decoding=\"async\" width=\"400\" height=\"800\" class=\"wp-image-606141 lazyload\" style=\"--smush-placeholder-width: 400px; --smush-placeholder-aspect-ratio: 400\/800;width: px;\" data-src=\"https:\/\/www.barbie-secondlife.com\/wp-content\/uploads\/2025\/08\/BarbiesNextTopModel_Rita_Oceanie.jpg\" alt=\"Barbie's Next Top Model 2025\" data-srcset=\"https:\/\/www.barbie-secondlife.com\/wp-content\/uploads\/2025\/08\/BarbiesNextTopModel_Rita_Oceanie.jpg 400w, https:\/\/www.barbie-secondlife.com\/wp-content\/uploads\/2025\/08\/BarbiesNextTopModel_Rita_Oceanie-302x604.jpg 302w, https:\/\/www.barbie-secondlife.com\/wp-content\/uploads\/2025\/08\/BarbiesNextTopModel_Rita_Oceanie-200x400.jpg 200w, https:\/\/www.barbie-secondlife.com\/wp-content\/uploads\/2025\/08\/BarbiesNextTopModel_Rita_Oceanie-350x700.jpg 350w, https:\/\/www.barbie-secondlife.com\/wp-content\/uploads\/2025\/08\/BarbiesNextTopModel_Rita_Oceanie-150x300.jpg 150w\" data-sizes=\"(max-width: 400px) 100vw, 400px\" src=\"data:image\/svg+xml;base64,PHN2ZyB3aWR0aD0iMSIgaGVpZ2h0PSIxIiB4bWxucz0iaHR0cDovL3d3dy53My5vcmcvMjAwMC9zdmciPjwvc3ZnPg==\" \/><\/td><\/tr><tr><td class=\"has-text-align-center\" data-align=\"center\"><strong>VOTE : 2<\/strong><\/td><td class=\"has-text-align-center\" data-align=\"center\"><strong>VOTE : 1<\/strong><\/td><td class=\"has-text-align-center\" data-align=\"center\"><strong>VOTE : 1<\/strong><\/td><\/tr><\/tbody><\/table><\/figure>\n<\/div>\n<\/div>\n\n\n\n<hr class=\"wp-block-separator has-alpha-channel-opacity\"\/>\n","protected":false},"excerpt":{"rendered":"<p>Ozeanien : Dieses Outfit zollt Ozeanien mit einem frischen und zugleich eleganten Look Tribut, der den Geist der maritimen und tropischen Landschaften der Region einf\u00e4ngt. Die wei\u00dfe Bluse mit elegantem, strukturiertem Schnitt hat einen V-Ausschnitt, der eine raffinierte Silhouette betont. Sie wird von einem blauen Stoffg\u00fcrtel gehalten, der an die tiefen T\u00f6ne des Ozeans erinnert.Die [&hellip;]<\/p>\n","protected":false},"author":1,"featured_media":604768,"parent":604767,"menu_order":0,"comment_status":"closed","ping_status":"closed","template":"","meta":{"footnotes":""},"class_list":["post-605102","page","type-page","status-publish","has-post-thumbnail","hentry"],"translation":{"provider":"WPGlobus","version":"3.0.2","language":"de","enabled_languages":["fr","en","es","br","de"],"languages":{"fr":{"title":true,"content":true,"excerpt":false},"en":{"title":true,"content":true,"excerpt":false},"es":{"title":true,"content":true,"excerpt":false},"br":{"title":true,"content":true,"excerpt":false},"de":{"title":true,"content":true,"excerpt":false}}},"_links":{"self":[{"href":"https:\/\/www.barbie-secondlife.com\/de\/wp-json\/wp\/v2\/pages\/605102","targetHints":{"allow":["GET"]}}],"collection":[{"href":"https:\/\/www.barbie-secondlife.com\/de\/wp-json\/wp\/v2\/pages"}],"about":[{"href":"https:\/\/www.barbie-secondlife.com\/de\/wp-json\/wp\/v2\/types\/page"}],"author":[{"embeddable":true,"href":"https:\/\/www.barbie-secondlife.com\/de\/wp-json\/wp\/v2\/users\/1"}],"replies":[{"embeddable":true,"href":"https:\/\/www.barbie-secondlife.com\/de\/wp-json\/wp\/v2\/comments?post=605102"}],"version-history":[{"count":20,"href":"https:\/\/www.barbie-secondlife.com\/de\/wp-json\/wp\/v2\/pages\/605102\/revisions"}],"predecessor-version":[{"id":607663,"href":"https:\/\/www.barbie-secondlife.com\/de\/wp-json\/wp\/v2\/pages\/605102\/revisions\/607663"}],"up":[{"embeddable":true,"href":"https:\/\/www.barbie-secondlife.com\/de\/wp-json\/wp\/v2\/pages\/604767"}],"wp:featuredmedia":[{"embeddable":true,"href":"https:\/\/www.barbie-secondlife.com\/de\/wp-json\/wp\/v2\/media\/604768"}],"wp:attachment":[{"href":"https:\/\/www.barbie-secondlife.com\/de\/wp-json\/wp\/v2\/media?parent=605102"}],"curies":[{"name":"wp","href":"https:\/\/api.w.org\/{rel}","templated":true}]}}