{"id":470848,"date":"2021-09-18T21:40:51","date_gmt":"2021-09-18T19:40:51","guid":{"rendered":"https:\/\/www.barbie-secondlife.com\/?post_type=product&#038;p=470848"},"modified":"2025-10-29T20:45:18","modified_gmt":"2025-10-29T19:45:18","slug":"barbie-anet","status":"publish","type":"product","link":"https:\/\/www.barbie-secondlife.com\/de\/barbie\/world\/europe-est\/barbie-anet\/","title":{"rendered":"Barbie Anet<br\/><span class='attTitleSecondLine'>(Twilight)<\/span>"},"content":{"rendered":"<table width=\"100%\">\n<tbody>\n<tr>\n<td align=\"left\" width=\"70\">Alter<\/td>\n<td align=\"left\"><strong>25 Jahre<\/strong><\/td>\n<\/tr>\n<tr>\n<td align=\"left\" width=\"70\">Haar<\/td>\n<td align=\"left\"><strong>Braun<\/strong><\/td>\n<\/tr>\n<tr>\n<td align=\"left\" width=\"70\">Augen<\/td>\n<td align=\"left\"><strong>Braun<\/strong><\/td>\n<\/tr>\n<tr>\n<td align=\"left\" width=\"70\">H\u00f6he<\/td>\n<td align=\"left\"><strong>1,77<\/strong><\/td>\n<\/tr>\n<\/tbody>\n<\/table>\n<table width=\"100%\">\n<tbody>\n<tr>\n<td align=\"left\" valign=\"top\">\n<p class=\"p1\">Barbie &#8211; <a href=\"https:\/\/www.barbie-secondlife.com\/de\/tag\/the-twilight-saga\/\">The Twilight Saga<\/a>: Breaking Dawn &#8211; Bella<\/p>\n<p>Barbie entworfen von <a href=\"https:\/\/www.barbie-secondlife.com\/de\/tag\/linda-kyaw\/\">Linda Kyaw<\/a> im Jahr <a href=\"https:\/\/www.barbie-secondlife.com\/de\/tag\/2012\/\">2012<\/a><\/p>\n<p><a href=\"https:\/\/www.barbie-secondlife.com\/de\/tag\/pink-label\/\">Pink Label<\/a> Kollektion<\/p>\n<p>Barbie <a href=\"https:\/\/www.barbie-secondlife.com\/de\/tag\/ooak\/\">ooak<\/a> mit <a href=\"https:\/\/www.barbie-secondlife.com\/de\/tag\/muse\/\">Muse<\/a> K\u00f6rper (<a href=\"https:\/\/www.barbie-secondlife.com\/de\/barbie\/world\/amerique-du-sud\/barbie-ana-karina\/\">GXL18\/GXL21<\/a>)<\/p>\n<p>Produktcode : X8250<\/p>\n<p><strong><a href=\"https:\/\/www.barbie-secondlife.com\/de\/galerie-photos\/europe-est\/galerie-barbie-anet\/\">Mehr Fotos<\/a><\/strong><\/td>\n<td align=\"center\"><img decoding=\"async\" class=\"aligncenter wp-image-470507 size-full lazyload\" title=\"Barbie Twilight Bella\" data-src=\"https:\/\/www.barbie-secondlife.com\/wp-content\/uploads\/2021\/09\/Barbie_Anet_Original.jpg\" alt=\"Barbie Anet\" width=\"153\" height=\"425\" data-srcset=\"https:\/\/www.barbie-secondlife.com\/wp-content\/uploads\/2021\/09\/Barbie_Anet_Original.jpg 153w, https:\/\/www.barbie-secondlife.com\/wp-content\/uploads\/2021\/09\/Barbie_Anet_Original-108x300.jpg 108w\" data-sizes=\"(max-width: 153px) 100vw, 153px\" src=\"data:image\/svg+xml;base64,PHN2ZyB3aWR0aD0iMSIgaGVpZ2h0PSIxIiB4bWxucz0iaHR0cDovL3d3dy53My5vcmcvMjAwMC9zdmciPjwvc3ZnPg==\" style=\"--smush-placeholder-width: 153px; --smush-placeholder-aspect-ratio: 153\/425;\" \/><\/td>\n<\/tr>\n<\/tbody>\n<\/table>\n","protected":false},"excerpt":{"rendered":"<table width=\"100%\">\n<tbody>\n<tr>\n<td align=\"left\" width=\"70\"><img decoding=\"async\" class=\"aligncenter wp-image-470483 lazyload\" title=\"Drapeau Kr\u00e1lov\u00e9hradeck\u00fd\" data-src=\"https:\/\/www.barbie-secondlife.com\/wp-content\/uploads\/2021\/09\/Drapeau_Kralovehradecky.png\" alt=\"Drapeau Kr\u00e1lov\u00e9hradeck\u00fd\" width=\"60\" height=\"40\" src=\"data:image\/svg+xml;base64,PHN2ZyB3aWR0aD0iMSIgaGVpZ2h0PSIxIiB4bWxucz0iaHR0cDovL3d3dy53My5vcmcvMjAwMC9zdmciPjwvc3ZnPg==\" style=\"--smush-placeholder-width: 60px; --smush-placeholder-aspect-ratio: 60\/40;\" \/><\/td>\n<td align=\"left\">\n<h3>Kr\u00e1lov\u00e9hradeck\u00fd (CZE)<\/h3>\n<\/td>\n<\/tr>\n<\/tbody>\n<\/table>\n","protected":false},"featured_media":591328,"comment_status":"open","ping_status":"closed","template":"","meta":[],"product_brand":[],"product_cat":[11,1299],"product_tag":[1347,113,1304,2499,122,143,92,1991,826,2541],"class_list":{"0":"post-470848","1":"product","2":"type-product","3":"status-publish","4":"has-post-thumbnail","6":"product_cat-europe-est","7":"product_cat-regions-de-republique-tcheque","8":"product_tag-2010-2019","9":"product_tag-113","10":"product_tag-bella","11":"product_tag-collector","12":"product_tag-linda-kyaw","13":"product_tag-ooak","14":"product_tag-pink-label","15":"product_tag-the-twilight-saga-breaking-dawn","16":"product_tag-the-twilight-saga","17":"product_tag-twilight","18":"pa_10couleur-chatain","19":"pa_15couleur-yeux-marrons","20":"pa_25peau-blanche","21":"pa_45forme_cheveux-ondules","22":"pa_50longueur-cheveux-longs","23":"pa_face-mackie","25":"first","26":"instock","27":"shipping-taxable","28":"product-type-simple"},"translation":{"provider":"WPGlobus","version":"3.0.2","language":"de","enabled_languages":["fr","en","es","br","de"],"languages":{"fr":{"title":true,"content":true,"excerpt":true},"en":{"title":true,"content":true,"excerpt":true},"es":{"title":true,"content":true,"excerpt":true},"br":{"title":true,"content":true,"excerpt":true},"de":{"title":true,"content":true,"excerpt":true}}},"_links":{"self":[{"href":"https:\/\/www.barbie-secondlife.com\/de\/wp-json\/wp\/v2\/product\/470848","targetHints":{"allow":["GET"]}}],"collection":[{"href":"https:\/\/www.barbie-secondlife.com\/de\/wp-json\/wp\/v2\/product"}],"about":[{"href":"https:\/\/www.barbie-secondlife.com\/de\/wp-json\/wp\/v2\/types\/product"}],"replies":[{"embeddable":true,"href":"https:\/\/www.barbie-secondlife.com\/de\/wp-json\/wp\/v2\/comments?post=470848"}],"wp:featuredmedia":[{"embeddable":true,"href":"https:\/\/www.barbie-secondlife.com\/de\/wp-json\/wp\/v2\/media\/591328"}],"wp:attachment":[{"href":"https:\/\/www.barbie-secondlife.com\/de\/wp-json\/wp\/v2\/media?parent=470848"}],"wp:term":[{"taxonomy":"product_brand","embeddable":true,"href":"https:\/\/www.barbie-secondlife.com\/de\/wp-json\/wp\/v2\/product_brand?post=470848"},{"taxonomy":"product_cat","embeddable":true,"href":"https:\/\/www.barbie-secondlife.com\/de\/wp-json\/wp\/v2\/product_cat?post=470848"},{"taxonomy":"product_tag","embeddable":true,"href":"https:\/\/www.barbie-secondlife.com\/de\/wp-json\/wp\/v2\/product_tag?post=470848"}],"curies":[{"name":"wp","href":"https:\/\/api.w.org\/{rel}","templated":true}]}}