{"id":10139,"date":"2017-11-29T09:51:56","date_gmt":"2017-11-29T08:51:56","guid":{"rendered":"http:\/\/www.barbie-secondlife.com\/?page_id=10139"},"modified":"2022-03-18T14:32:31","modified_gmt":"2022-03-18T13:32:31","slug":"n6-decembre-2017","status":"publish","type":"page","link":"https:\/\/www.barbie-secondlife.com\/es\/bsl-magazine\/bsl-magazine-2017\/n6-decembre-2017\/","title":{"rendered":"N\u00b06 Diciembre de 2017"},"content":{"rendered":"\n<h1 class=\"wp-block-heading\">Barbie &#8211; BSL Magazine &#8211; Diciembre de 2017<\/h1>\n\n\n\n<p class=\"has-normal-font-size\">Cada revista ofrece lo m\u00e1s destacado de una <strong>Barbie <\/strong>de mi colecci\u00f3n, una secci\u00f3n de <strong>Moda <\/strong>donde Barbie presenta sus opciones de ropa, una secci\u00f3n de <strong>Belleza <\/strong>con los diferentes cortes y \/ o peinados de Barbie, una secci\u00f3n de <strong>Viajes <\/strong>donde 2 Barbies muestran la regi\u00f3n o el pa\u00eds que representa y una secci\u00f3n de <strong>deporte <\/strong>donde se ubican los principales eventos deportivos femeninos del mes.<br><br>Publicaci\u00f3n de la revista mensual &#8211; BSL Magazine (en ingl\u00e9s)<\/p>\n\n\n<a href=\"https:\/\/www.barbie-secondlife.com\/wp-content\/uploads\/2017\/11\/BSL_Magazine_Dec2017_EN.pdf\" class=\"pdfemb-viewer\" style=\"width:500px;height:647px;\" data-width=\"500\" data-height=\"647\" data-toolbar=\"both\" data-toolbar-fixed=\"on\">BSL_Magazine_Dec2017_EN<\/a>\n<p class=\"wp-block-pdfemb-pdf-embedder-viewer\"><\/p>\n","protected":false},"excerpt":{"rendered":"<p>Barbie &#8211; BSL Magazine &#8211; Diciembre de 2017 Cada revista ofrece lo m\u00e1s destacado de una Barbie de mi colecci\u00f3n, una secci\u00f3n de Moda donde Barbie presenta sus opciones de ropa, una secci\u00f3n de Belleza con los diferentes cortes y \/ o peinados de Barbie, una secci\u00f3n de Viajes donde 2 Barbies muestran la regi\u00f3n [&hellip;]<\/p>\n","protected":false},"author":1,"featured_media":12258,"parent":588568,"menu_order":0,"comment_status":"closed","ping_status":"closed","template":"","meta":{"footnotes":""},"class_list":["post-10139","page","type-page","status-publish","has-post-thumbnail","hentry"],"translation":{"provider":"WPGlobus","version":"3.0.2","language":"es","enabled_languages":["fr","en","es","br","de"],"languages":{"fr":{"title":true,"content":true,"excerpt":false},"en":{"title":true,"content":true,"excerpt":false},"es":{"title":true,"content":true,"excerpt":false},"br":{"title":true,"content":true,"excerpt":false},"de":{"title":true,"content":true,"excerpt":false}}},"_links":{"self":[{"href":"https:\/\/www.barbie-secondlife.com\/es\/wp-json\/wp\/v2\/pages\/10139","targetHints":{"allow":["GET"]}}],"collection":[{"href":"https:\/\/www.barbie-secondlife.com\/es\/wp-json\/wp\/v2\/pages"}],"about":[{"href":"https:\/\/www.barbie-secondlife.com\/es\/wp-json\/wp\/v2\/types\/page"}],"author":[{"embeddable":true,"href":"https:\/\/www.barbie-secondlife.com\/es\/wp-json\/wp\/v2\/users\/1"}],"replies":[{"embeddable":true,"href":"https:\/\/www.barbie-secondlife.com\/es\/wp-json\/wp\/v2\/comments?post=10139"}],"version-history":[{"count":0,"href":"https:\/\/www.barbie-secondlife.com\/es\/wp-json\/wp\/v2\/pages\/10139\/revisions"}],"up":[{"embeddable":true,"href":"https:\/\/www.barbie-secondlife.com\/es\/wp-json\/wp\/v2\/pages\/588568"}],"wp:featuredmedia":[{"embeddable":true,"href":"https:\/\/www.barbie-secondlife.com\/es\/wp-json\/wp\/v2\/media\/12258"}],"wp:attachment":[{"href":"https:\/\/www.barbie-secondlife.com\/es\/wp-json\/wp\/v2\/media?parent=10139"}],"curies":[{"name":"wp","href":"https:\/\/api.w.org\/{rel}","templated":true}]}}