{"id":10806,"date":"2017-12-20T17:50:47","date_gmt":"2017-12-20T16:50:47","guid":{"rendered":"http:\/\/www.barbie-secondlife.com\/?page_id=10806"},"modified":"2023-07-09T16:14:32","modified_gmt":"2023-07-09T14:14:32","slug":"liens-utiles","status":"publish","type":"page","link":"https:\/\/www.barbie-secondlife.com\/es\/liens-utiles\/","title":{"rendered":"Enlaces \u00fatiles"},"content":{"rendered":"\n<h2 class=\"wp-block-heading\"><strong><em>Barbie &#8211; Enlaces \u00fatiles<\/em><\/strong><\/h2>\n\n\n\n<h3 class=\"wp-block-heading has-text-align-center\">La historia de Barbie :<\/h3>\n\n\n\n<p class=\"has-text-align-center\"><a rel=\"noopener noreferrer\" href=\"http:\/\/lesjouetsmattel.fr\/mattel-france\/\" target=\"_blank\"><\/a><a href=\"https:\/\/www.lesjouetsmattel.fr\/mattel-france\/notre-histoire\/\">Las principales etapas de Mattel en Francia y en el mundo<\/a><\/p>\n\n\n\n<p class=\"has-text-align-center\"><a href=\"http:\/\/lesjouetsmattel.fr\/nos-marques\/\" target=\"_blank\" rel=\"noreferrer noopener\">Las diferentes marcas<\/a><\/p>\n\n\n\n<p class=\"has-text-align-center\"><a href=\"https:\/\/es.wikipedia.org\/wiki\/Barbie\" target=\"_blank\" rel=\"noreferrer noopener\">Wikipedia<\/a><\/p>\n\n\n\n<hr class=\"wp-block-separator has-css-opacity\"\/>\n\n\n\n<h3 class=\"wp-block-heading has-text-align-center\">D\u00f3nde comprar Barbies en Francia :<\/h3>\n\n\n\n<p class=\"has-text-align-center\"><a href=\"https:\/\/www.lagranderecre.fr\/\" target=\"_blank\" rel=\"noopener noreferrer\">La Grande R\u00e9cr\u00e9<\/a><\/p>\n\n\n\n<p class=\"has-text-align-center\"><a href=\"https:\/\/www.king-jouet.com\/\" target=\"_blank\" rel=\"noopener noreferrer\">King Jouet<\/a><\/p>\n\n\n\n<p class=\"has-text-align-center\"><a href=\"https:\/\/www.joueclub.fr\/\" target=\"_blank\" rel=\"noopener noreferrer\">Jou\u00e9 Club<\/a><\/p>\n\n\n\n<p class=\"has-text-align-center\"><a href=\"https:\/\/www.auchan.fr\/\" target=\"_blank\" rel=\"noopener noreferrer\">Auchan<\/a><\/p>\n\n\n\n<p class=\"has-text-align-center\"><a href=\"https:\/\/www.amazon.fr\/\" target=\"_blank\" rel=\"noopener noreferrer\">Amazon<\/a><\/p>\n\n\n\n<p class=\"has-text-align-center\"><a href=\"https:\/\/www.smythstoys.com\/\" target=\"_blank\" rel=\"noreferrer noopener\">SmythsToys<\/a><\/p>\n\n\n\n<p class=\"has-text-align-center\"><a href=\"https:\/\/www.tradeinn.com\/kidinn\/\">Kidinn<\/a><\/p>\n\n\n\n<hr class=\"wp-block-separator has-css-opacity\"\/>\n\n\n\n<h3 class=\"wp-block-heading has-text-align-center\">Reparaci\u00f3n \/ reemplazo del cabello de Barbie<\/h3>\n\n\n\n<p class=\"has-text-align-center\"><a href=\"http:\/\/www.dollyhair.com\/\" target=\"_blank\" rel=\"noreferrer noopener\">Dolly Hair<\/a><\/p>\n","protected":false},"excerpt":{"rendered":"<p>Barbie &#8211; Enlaces \u00fatiles La historia de Barbie : Las principales etapas de Mattel en Francia y en el mundo Las diferentes marcas Wikipedia D\u00f3nde comprar Barbies en Francia : La Grande R\u00e9cr\u00e9 King Jouet Jou\u00e9 Club Auchan Amazon SmythsToys Kidinn Reparaci\u00f3n \/ reemplazo del cabello de Barbie Dolly Hair<\/p>\n","protected":false},"author":1,"featured_media":12265,"parent":0,"menu_order":0,"comment_status":"closed","ping_status":"closed","template":"","meta":{"footnotes":""},"class_list":["post-10806","page","type-page","status-publish","has-post-thumbnail","hentry"],"translation":{"provider":"WPGlobus","version":"3.0.2","language":"es","enabled_languages":["fr","en","es","br","de"],"languages":{"fr":{"title":true,"content":true,"excerpt":false},"en":{"title":true,"content":true,"excerpt":false},"es":{"title":true,"content":true,"excerpt":false},"br":{"title":true,"content":true,"excerpt":false},"de":{"title":true,"content":true,"excerpt":false}}},"_links":{"self":[{"href":"https:\/\/www.barbie-secondlife.com\/es\/wp-json\/wp\/v2\/pages\/10806","targetHints":{"allow":["GET"]}}],"collection":[{"href":"https:\/\/www.barbie-secondlife.com\/es\/wp-json\/wp\/v2\/pages"}],"about":[{"href":"https:\/\/www.barbie-secondlife.com\/es\/wp-json\/wp\/v2\/types\/page"}],"author":[{"embeddable":true,"href":"https:\/\/www.barbie-secondlife.com\/es\/wp-json\/wp\/v2\/users\/1"}],"replies":[{"embeddable":true,"href":"https:\/\/www.barbie-secondlife.com\/es\/wp-json\/wp\/v2\/comments?post=10806"}],"version-history":[{"count":5,"href":"https:\/\/www.barbie-secondlife.com\/es\/wp-json\/wp\/v2\/pages\/10806\/revisions"}],"predecessor-version":[{"id":599051,"href":"https:\/\/www.barbie-secondlife.com\/es\/wp-json\/wp\/v2\/pages\/10806\/revisions\/599051"}],"wp:featuredmedia":[{"embeddable":true,"href":"https:\/\/www.barbie-secondlife.com\/es\/wp-json\/wp\/v2\/media\/12265"}],"wp:attachment":[{"href":"https:\/\/www.barbie-secondlife.com\/es\/wp-json\/wp\/v2\/media?parent=10806"}],"curies":[{"name":"wp","href":"https:\/\/api.w.org\/{rel}","templated":true}]}}