{"id":11703,"date":"2018-04-15T16:11:21","date_gmt":"2018-04-15T14:11:21","guid":{"rendered":"http:\/\/www.barbie-secondlife.com\/?page_id=11703"},"modified":"2022-08-06T15:08:40","modified_gmt":"2022-08-06T13:08:40","slug":"eurovision-2018-lisbonne-portugal","status":"publish","type":"page","link":"https:\/\/www.barbie-secondlife.com\/es\/evenements\/eurovision-2018-lisbonne-portugal\/","title":{"rendered":"Eurovision 2018 &#8211; Lisboa (Portugal)"},"content":{"rendered":"\n<h2 class=\"wp-block-heading\"><em><strong>Barbie Eurovision 2018<\/strong><\/em><\/h2>\n\n\n\n<div class=\"wp-block-image\"><figure class=\"aligncenter\"><img decoding=\"async\" width=\"300\" height=\"118\" data-src=\"https:\/\/www.barbie-secondlife.com\/wp-content\/uploads\/2018\/04\/esc_portugal_lisboa_2018_dark-300x118.png\" alt=\"Eurovision 2018- Lisboa\" class=\"wp-image-11707 lazyload\" title=\"Eurovision 2018- Lisboa\" data-srcset=\"https:\/\/www.barbie-secondlife.com\/wp-content\/uploads\/2018\/04\/esc_portugal_lisboa_2018_dark-300x118.png 300w, https:\/\/www.barbie-secondlife.com\/wp-content\/uploads\/2018\/04\/esc_portugal_lisboa_2018_dark-302x118.png 302w, https:\/\/www.barbie-secondlife.com\/wp-content\/uploads\/2018\/04\/esc_portugal_lisboa_2018_dark-200x78.png 200w, https:\/\/www.barbie-secondlife.com\/wp-content\/uploads\/2018\/04\/esc_portugal_lisboa_2018_dark-500x196.png 500w, https:\/\/www.barbie-secondlife.com\/wp-content\/uploads\/2018\/04\/esc_portugal_lisboa_2018_dark-350x137.png 350w, https:\/\/www.barbie-secondlife.com\/wp-content\/uploads\/2018\/04\/esc_portugal_lisboa_2018_dark-768x301.png 768w, https:\/\/www.barbie-secondlife.com\/wp-content\/uploads\/2018\/04\/esc_portugal_lisboa_2018_dark.png 1003w\" data-sizes=\"(max-width: 300px) 100vw, 300px\" src=\"data:image\/svg+xml;base64,PHN2ZyB3aWR0aD0iMSIgaGVpZ2h0PSIxIiB4bWxucz0iaHR0cDovL3d3dy53My5vcmcvMjAwMC9zdmciPjwvc3ZnPg==\" style=\"--smush-placeholder-width: 300px; --smush-placeholder-aspect-ratio: 300\/118;\" \/><\/figure><\/div>\n\n\n\n<p>Vota por tu canci\u00f3n favorita de Eurovision 2018 en Lisboa (Portugal).<br>Cada Barbie presentar la canci\u00f3n en su pa\u00eds,&nbsp;\u00a1ay\u00fadala a ganar la calificaci\u00f3n para la final al votar!<\/p>\n\n\n\n<figure class=\"wp-block-table\"><table><tbody><tr><td>&nbsp;<\/td><\/tr><tr><td>\n<h4 style=\"text-align: center;\"><a href=\"https:\/\/www.barbie-secondlife.com\/es\/eurovision-2018-lisbonne-portugal\/eurovision-2018-finale-barbie\/\">Final &#8211; Barbie&nbsp;(12 de mayo de 2018)<\/a><\/h4>\n<p>&nbsp;<\/p>\n<\/td><\/tr><tr><td>&nbsp;<\/td><\/tr><tr><td>\n<h4 style=\"text-align: center;\"><a href=\"https:\/\/www.barbie-secondlife.com\/es\/eurovision-2018-lisbonne-portugal\/eurovision-2018-premiere-1-2-finale-barbie\/\">Primera&nbsp;1\/2 Final &#8211; Barbie (8 de mayo de 2018)<\/a><\/h4>\n<p>&nbsp;<\/p>\n<\/td><\/tr><tr><td>&nbsp;<\/td><\/tr><tr><td>\n<h4 style=\"text-align: center;\"><a href=\"https:\/\/www.barbie-secondlife.com\/es\/eurovision-2018-lisbonne-portugal\/eurovision-2018-deuxieme-1-2-finale-barbie\/\">Segundo&nbsp;1\/2 Final &#8211; Barbie (10 de mayo de 2018)<\/a><\/h4>\n<p>&nbsp;<\/p>\n<\/td><\/tr><tr><td>&nbsp;<\/td><\/tr><\/tbody><\/table><\/figure>\n","protected":false},"excerpt":{"rendered":"<p>Barbie Eurovision 2018 Vota por tu canci\u00f3n favorita de Eurovision 2018 en Lisboa (Portugal).Cada Barbie presentar la canci\u00f3n en su pa\u00eds,&nbsp;\u00a1ay\u00fadala a ganar la calificaci\u00f3n para la final al votar! &nbsp; Final &#8211; Barbie&nbsp;(12 de mayo de 2018) &nbsp; &nbsp; Primera&nbsp;1\/2 Final &#8211; Barbie (8 de mayo de 2018) &nbsp; &nbsp; Segundo&nbsp;1\/2 Final &#8211; Barbie [&hellip;]<\/p>\n","protected":false},"author":1,"featured_media":12246,"parent":10511,"menu_order":0,"comment_status":"closed","ping_status":"closed","template":"","meta":{"footnotes":""},"class_list":["post-11703","page","type-page","status-publish","has-post-thumbnail","hentry"],"translation":{"provider":"WPGlobus","version":"3.0.2","language":"es","enabled_languages":["fr","en","es","br","de"],"languages":{"fr":{"title":true,"content":true,"excerpt":false},"en":{"title":true,"content":true,"excerpt":false},"es":{"title":true,"content":true,"excerpt":false},"br":{"title":true,"content":true,"excerpt":false},"de":{"title":true,"content":true,"excerpt":false}}},"_links":{"self":[{"href":"https:\/\/www.barbie-secondlife.com\/es\/wp-json\/wp\/v2\/pages\/11703","targetHints":{"allow":["GET"]}}],"collection":[{"href":"https:\/\/www.barbie-secondlife.com\/es\/wp-json\/wp\/v2\/pages"}],"about":[{"href":"https:\/\/www.barbie-secondlife.com\/es\/wp-json\/wp\/v2\/types\/page"}],"author":[{"embeddable":true,"href":"https:\/\/www.barbie-secondlife.com\/es\/wp-json\/wp\/v2\/users\/1"}],"replies":[{"embeddable":true,"href":"https:\/\/www.barbie-secondlife.com\/es\/wp-json\/wp\/v2\/comments?post=11703"}],"version-history":[{"count":0,"href":"https:\/\/www.barbie-secondlife.com\/es\/wp-json\/wp\/v2\/pages\/11703\/revisions"}],"up":[{"embeddable":true,"href":"https:\/\/www.barbie-secondlife.com\/es\/wp-json\/wp\/v2\/pages\/10511"}],"wp:featuredmedia":[{"embeddable":true,"href":"https:\/\/www.barbie-secondlife.com\/es\/wp-json\/wp\/v2\/media\/12246"}],"wp:attachment":[{"href":"https:\/\/www.barbie-secondlife.com\/es\/wp-json\/wp\/v2\/media?parent=11703"}],"curies":[{"name":"wp","href":"https:\/\/api.w.org\/{rel}","templated":true}]}}