{"id":13831,"date":"2018-10-16T18:39:32","date_gmt":"2018-10-16T16:39:32","guid":{"rendered":"http:\/\/www.barbie-secondlife.com\/?page_id=13831"},"modified":"2022-08-06T17:11:37","modified_gmt":"2022-08-06T15:11:37","slug":"miss-barbie-turkey-2018","status":"publish","type":"page","link":"https:\/\/www.barbie-secondlife.com\/es\/evenements\/missbarbie2018\/miss-barbie-turkey-2018\/","title":{"rendered":"Miss Barbie Turkey 2018"},"content":{"rendered":"\n<h2 class=\"wp-block-heading\"><em><strong>Miss Barbie Turkey 2018<\/strong><\/em><\/h2>\n\n\n\n<figure class=\"wp-block-table\"><table><tbody><tr><td><img decoding=\"async\" class=\"aligncenter wp-image-13838 size-full lazyload\" title=\"Miss Barbie Turkey 2018\" data-src=\"https:\/\/www.barbie-secondlife.com\/wp-content\/uploads\/2018\/10\/MissBarbieTurkey.png\" alt=\"Miss Barbie Turkey 2018\" width=\"147\" height=\"200\" src=\"data:image\/svg+xml;base64,PHN2ZyB3aWR0aD0iMSIgaGVpZ2h0PSIxIiB4bWxucz0iaHR0cDovL3d3dy53My5vcmcvMjAwMC9zdmciPjwvc3ZnPg==\" style=\"--smush-placeholder-width: 147px; --smush-placeholder-aspect-ratio: 147\/200;\"><\/td><td>Resultados en el concurso <span style=\"color: #e67fb9;\"><strong>Miss Barbie Turkey 2018.<\/strong><\/span>\n<p>&nbsp;<\/p>\n<p>La elecci\u00f3n se llev\u00f3 a cabo en&nbsp;<strong>Estanbul<\/strong>.<br>Fueron 8 candidatas al t\u00edtulo.<br><span style=\"color: #e67fb9;\"><strong>Paola&nbsp;<\/strong><\/span>se convierte en <span style=\"color: #e67fb9;\"><strong>Miss Barbie&nbsp;<\/strong><\/span><span style=\"color: #e67fb9;\"><strong>Turkey 2018<\/strong><\/span><\/p>\n<\/td><\/tr><\/tbody><\/table><\/figure>\n\n\n\n<figure class=\"wp-block-table\"><table><tbody><tr><td class=\"has-text-align-center\" data-align=\"center\"><img decoding=\"async\" class=\"aligncenter wp-image-13947 size-full lazyload\" title=\"Miss Barbie Paola\" data-src=\"https:\/\/www.barbie-secondlife.com\/wp-content\/uploads\/2018\/10\/Paola_face.jpg\" alt=\"Miss Barbie Paola\" width=\"225\" height=\"300\" data-srcset=\"https:\/\/www.barbie-secondlife.com\/wp-content\/uploads\/2018\/10\/Paola_face.jpg 225w, https:\/\/www.barbie-secondlife.com\/wp-content\/uploads\/2018\/10\/Paola_face-200x267.jpg 200w\" data-sizes=\"(max-width: 225px) 100vw, 225px\" src=\"data:image\/svg+xml;base64,PHN2ZyB3aWR0aD0iMSIgaGVpZ2h0PSIxIiB4bWxucz0iaHR0cDovL3d3dy53My5vcmcvMjAwMC9zdmciPjwvc3ZnPg==\" style=\"--smush-placeholder-width: 225px; --smush-placeholder-aspect-ratio: 225\/300;\" \/>\n<p>&nbsp;<\/p>\n<h4 style=\"text-align: center;\">Vote : 13<\/h4>\n<figure><img decoding=\"async\" class=\"aligncenter wp-image-11205 lazyload\" title=\"SouthEastern Anatolia\" data-src=\"https:\/\/www.barbie-secondlife.com\/wp-content\/uploads\/2018\/03\/Turquie_Re\u0301gion_Anatolie_sud_Est.png\" alt=\"SouthEastern Anatolia\" width=\"90\" height=\"40\" src=\"data:image\/svg+xml;base64,PHN2ZyB3aWR0aD0iMSIgaGVpZ2h0PSIxIiB4bWxucz0iaHR0cDovL3d3dy53My5vcmcvMjAwMC9zdmciPjwvc3ZnPg==\" style=\"--smush-placeholder-width: 90px; --smush-placeholder-aspect-ratio: 90\/40;\"><\/figure><p>SouthEastern Anatolia<\/p>\n<\/td><td><img decoding=\"async\" class=\"aligncenter wp-image-13948 size-full lazyload\" title=\"Miss Barbie Paola\" data-src=\"https:\/\/www.barbie-secondlife.com\/wp-content\/uploads\/2018\/10\/paola.jpg\" alt=\"Miss Barbie Paola\" width=\"625\" height=\"500\" data-srcset=\"https:\/\/www.barbie-secondlife.com\/wp-content\/uploads\/2018\/10\/paola.jpg 625w, https:\/\/www.barbie-secondlife.com\/wp-content\/uploads\/2018\/10\/paola-302x242.jpg 302w, https:\/\/www.barbie-secondlife.com\/wp-content\/uploads\/2018\/10\/paola-200x160.jpg 200w, https:\/\/www.barbie-secondlife.com\/wp-content\/uploads\/2018\/10\/paola-500x400.jpg 500w, https:\/\/www.barbie-secondlife.com\/wp-content\/uploads\/2018\/10\/paola-350x280.jpg 350w\" data-sizes=\"(max-width: 625px) 100vw, 625px\" src=\"data:image\/svg+xml;base64,PHN2ZyB3aWR0aD0iMSIgaGVpZ2h0PSIxIiB4bWxucz0iaHR0cDovL3d3dy53My5vcmcvMjAwMC9zdmciPjwvc3ZnPg==\" style=\"--smush-placeholder-width: 625px; --smush-placeholder-aspect-ratio: 625\/500;\" \/><\/td><\/tr><tr><td class=\"has-text-align-center\" data-align=\"center\"><img decoding=\"async\" class=\"aligncenter wp-image-13955 size-full lazyload\" title=\"Miss Barbie Wynona\" data-src=\"https:\/\/www.barbie-secondlife.com\/wp-content\/uploads\/2018\/10\/Wynona_face.jpg\" alt=\"Miss Barbie Wynona\" width=\"225\" height=\"300\" data-srcset=\"https:\/\/www.barbie-secondlife.com\/wp-content\/uploads\/2018\/10\/Wynona_face.jpg 225w, https:\/\/www.barbie-secondlife.com\/wp-content\/uploads\/2018\/10\/Wynona_face-200x267.jpg 200w\" data-sizes=\"(max-width: 225px) 100vw, 225px\" src=\"data:image\/svg+xml;base64,PHN2ZyB3aWR0aD0iMSIgaGVpZ2h0PSIxIiB4bWxucz0iaHR0cDovL3d3dy53My5vcmcvMjAwMC9zdmciPjwvc3ZnPg==\" style=\"--smush-placeholder-width: 225px; --smush-placeholder-aspect-ratio: 225\/300;\" \/>\n<p>&nbsp;<\/p>\n<h4 style=\"text-align: center;\">Vote : 11<\/h4>\n<figure><img decoding=\"async\" class=\"aligncenter wp-image-11167 lazyload\" title=\"Aegean\" data-src=\"https:\/\/www.barbie-secondlife.com\/wp-content\/uploads\/2018\/03\/Turquie_Re\u0301gion_e\u0301ge\u0301enne.jpg\" alt=\"Aegean\" width=\"60\" height=\"40\" src=\"data:image\/svg+xml;base64,PHN2ZyB3aWR0aD0iMSIgaGVpZ2h0PSIxIiB4bWxucz0iaHR0cDovL3d3dy53My5vcmcvMjAwMC9zdmciPjwvc3ZnPg==\" style=\"--smush-placeholder-width: 60px; --smush-placeholder-aspect-ratio: 60\/40;\"><\/figure><p>Aegean<\/p>\n<\/td><td><img decoding=\"async\" class=\"aligncenter wp-image-13956 size-full lazyload\" title=\"Miss Barbie Wynona\" data-src=\"https:\/\/www.barbie-secondlife.com\/wp-content\/uploads\/2018\/10\/wynona.jpg\" alt=\"Miss Barbie Wynona\" width=\"625\" height=\"500\" data-srcset=\"https:\/\/www.barbie-secondlife.com\/wp-content\/uploads\/2018\/10\/wynona.jpg 625w, https:\/\/www.barbie-secondlife.com\/wp-content\/uploads\/2018\/10\/wynona-302x242.jpg 302w, https:\/\/www.barbie-secondlife.com\/wp-content\/uploads\/2018\/10\/wynona-200x160.jpg 200w, https:\/\/www.barbie-secondlife.com\/wp-content\/uploads\/2018\/10\/wynona-500x400.jpg 500w, https:\/\/www.barbie-secondlife.com\/wp-content\/uploads\/2018\/10\/wynona-350x280.jpg 350w\" data-sizes=\"(max-width: 625px) 100vw, 625px\" src=\"data:image\/svg+xml;base64,PHN2ZyB3aWR0aD0iMSIgaGVpZ2h0PSIxIiB4bWxucz0iaHR0cDovL3d3dy53My5vcmcvMjAwMC9zdmciPjwvc3ZnPg==\" style=\"--smush-placeholder-width: 625px; --smush-placeholder-aspect-ratio: 625\/500;\" \/><\/td><\/tr><tr><td class=\"has-text-align-center\" data-align=\"center\"><img decoding=\"async\" class=\"aligncenter wp-image-13945 size-full lazyload\" title=\"Miss Barbie Paloma\" data-src=\"https:\/\/www.barbie-secondlife.com\/wp-content\/uploads\/2018\/10\/Paloma_face.jpg\" alt=\"Miss Barbie Paloma\" width=\"225\" height=\"300\" data-srcset=\"https:\/\/www.barbie-secondlife.com\/wp-content\/uploads\/2018\/10\/Paloma_face.jpg 225w, https:\/\/www.barbie-secondlife.com\/wp-content\/uploads\/2018\/10\/Paloma_face-200x267.jpg 200w\" data-sizes=\"(max-width: 225px) 100vw, 225px\" src=\"data:image\/svg+xml;base64,PHN2ZyB3aWR0aD0iMSIgaGVpZ2h0PSIxIiB4bWxucz0iaHR0cDovL3d3dy53My5vcmcvMjAwMC9zdmciPjwvc3ZnPg==\" style=\"--smush-placeholder-width: 225px; --smush-placeholder-aspect-ratio: 225\/300;\" \/>\n<p>&nbsp;<\/p>\n<h4 style=\"text-align: center;\">Vote : 7<\/h4>\n<figure><img decoding=\"async\" class=\"aligncenter wp-image-11165 lazyload\" title=\"Central Anatolia\" data-src=\"https:\/\/www.barbie-secondlife.com\/wp-content\/uploads\/2018\/03\/Turquie_Re\u0301gion_Anatolie_Centrale.jpg\" alt=\"Central Anatolia\" width=\"60\" height=\"40\" src=\"data:image\/svg+xml;base64,PHN2ZyB3aWR0aD0iMSIgaGVpZ2h0PSIxIiB4bWxucz0iaHR0cDovL3d3dy53My5vcmcvMjAwMC9zdmciPjwvc3ZnPg==\" style=\"--smush-placeholder-width: 60px; --smush-placeholder-aspect-ratio: 60\/40;\"><\/figure><p>Central Anatolia<\/p>\n<\/td><td><img decoding=\"async\" class=\"aligncenter wp-image-13946 size-full lazyload\" title=\"Miss Barbie Paloma\" data-src=\"https:\/\/www.barbie-secondlife.com\/wp-content\/uploads\/2018\/10\/paloma.jpg\" alt=\"Miss Barbie Paloma\" width=\"625\" height=\"500\" data-srcset=\"https:\/\/www.barbie-secondlife.com\/wp-content\/uploads\/2018\/10\/paloma.jpg 625w, https:\/\/www.barbie-secondlife.com\/wp-content\/uploads\/2018\/10\/paloma-302x242.jpg 302w, https:\/\/www.barbie-secondlife.com\/wp-content\/uploads\/2018\/10\/paloma-200x160.jpg 200w, https:\/\/www.barbie-secondlife.com\/wp-content\/uploads\/2018\/10\/paloma-500x400.jpg 500w, https:\/\/www.barbie-secondlife.com\/wp-content\/uploads\/2018\/10\/paloma-350x280.jpg 350w\" data-sizes=\"(max-width: 625px) 100vw, 625px\" src=\"data:image\/svg+xml;base64,PHN2ZyB3aWR0aD0iMSIgaGVpZ2h0PSIxIiB4bWxucz0iaHR0cDovL3d3dy53My5vcmcvMjAwMC9zdmciPjwvc3ZnPg==\" style=\"--smush-placeholder-width: 625px; --smush-placeholder-aspect-ratio: 625\/500;\" \/><\/td><\/tr><tr><td class=\"has-text-align-center\" data-align=\"center\"><img decoding=\"async\" class=\"aligncenter wp-image-13951 size-full lazyload\" title=\"Miss Barbie Yseulys\" data-src=\"https:\/\/www.barbie-secondlife.com\/wp-content\/uploads\/2018\/10\/Yseulys_face.jpg\" alt=\"Miss Barbie Yseulys\" width=\"225\" height=\"300\" data-srcset=\"https:\/\/www.barbie-secondlife.com\/wp-content\/uploads\/2018\/10\/Yseulys_face.jpg 225w, https:\/\/www.barbie-secondlife.com\/wp-content\/uploads\/2018\/10\/Yseulys_face-200x267.jpg 200w\" data-sizes=\"(max-width: 225px) 100vw, 225px\" src=\"data:image\/svg+xml;base64,PHN2ZyB3aWR0aD0iMSIgaGVpZ2h0PSIxIiB4bWxucz0iaHR0cDovL3d3dy53My5vcmcvMjAwMC9zdmciPjwvc3ZnPg==\" style=\"--smush-placeholder-width: 225px; --smush-placeholder-aspect-ratio: 225\/300;\" \/>\n<p>&nbsp;<\/p>\n<h4 style=\"text-align: center;\">Vote : 6<\/h4>\n<figure><img decoding=\"async\" class=\"aligncenter wp-image-11163 lazyload\" title=\"Marmara\" data-src=\"https:\/\/www.barbie-secondlife.com\/wp-content\/uploads\/2018\/03\/Turquie_Re\u0301gion_Marmara.jpg\" alt=\"Marmara\" width=\"60\" height=\"40\" src=\"data:image\/svg+xml;base64,PHN2ZyB3aWR0aD0iMSIgaGVpZ2h0PSIxIiB4bWxucz0iaHR0cDovL3d3dy53My5vcmcvMjAwMC9zdmciPjwvc3ZnPg==\" style=\"--smush-placeholder-width: 60px; --smush-placeholder-aspect-ratio: 60\/40;\"><\/figure><p>Marmara<\/p>\n<\/td><td><img decoding=\"async\" class=\"aligncenter wp-image-13952 size-full lazyload\" title=\"Miss Barbie Yseulys\" data-src=\"https:\/\/www.barbie-secondlife.com\/wp-content\/uploads\/2018\/10\/Yseulys.jpg\" alt=\"Miss Barbie Yseulys\" width=\"625\" height=\"500\" data-srcset=\"https:\/\/www.barbie-secondlife.com\/wp-content\/uploads\/2018\/10\/Yseulys.jpg 625w, https:\/\/www.barbie-secondlife.com\/wp-content\/uploads\/2018\/10\/Yseulys-302x242.jpg 302w, https:\/\/www.barbie-secondlife.com\/wp-content\/uploads\/2018\/10\/Yseulys-200x160.jpg 200w, https:\/\/www.barbie-secondlife.com\/wp-content\/uploads\/2018\/10\/Yseulys-500x400.jpg 500w, https:\/\/www.barbie-secondlife.com\/wp-content\/uploads\/2018\/10\/Yseulys-350x280.jpg 350w\" data-sizes=\"(max-width: 625px) 100vw, 625px\" src=\"data:image\/svg+xml;base64,PHN2ZyB3aWR0aD0iMSIgaGVpZ2h0PSIxIiB4bWxucz0iaHR0cDovL3d3dy53My5vcmcvMjAwMC9zdmciPjwvc3ZnPg==\" style=\"--smush-placeholder-width: 625px; --smush-placeholder-aspect-ratio: 625\/500;\" \/><\/td><\/tr><tr><td class=\"has-text-align-center\" data-align=\"center\">\n<h4 style=\"text-align: center;\"><img decoding=\"async\" class=\"aligncenter wp-image-13953 size-full lazyload\" title=\"Miss Barbie Zehra\" data-src=\"https:\/\/www.barbie-secondlife.com\/wp-content\/uploads\/2018\/10\/Zehra_face.jpg\" alt=\"Miss Barbie Zehra\" width=\"225\" height=\"300\" data-srcset=\"https:\/\/www.barbie-secondlife.com\/wp-content\/uploads\/2018\/10\/Zehra_face.jpg 225w, https:\/\/www.barbie-secondlife.com\/wp-content\/uploads\/2018\/10\/Zehra_face-200x267.jpg 200w\" data-sizes=\"(max-width: 225px) 100vw, 225px\" src=\"data:image\/svg+xml;base64,PHN2ZyB3aWR0aD0iMSIgaGVpZ2h0PSIxIiB4bWxucz0iaHR0cDovL3d3dy53My5vcmcvMjAwMC9zdmciPjwvc3ZnPg==\" style=\"--smush-placeholder-width: 225px; --smush-placeholder-aspect-ratio: 225\/300;\" \/><\/h4>\n<h4 style=\"text-align: center;\">Vote : 5<\/h4>\n<p>Miss Barbie Turkey 2017<\/p>\n<\/td><td><img decoding=\"async\" class=\"aligncenter wp-image-13954 size-full lazyload\" title=\"Miss Barbie Zehra\" data-src=\"https:\/\/www.barbie-secondlife.com\/wp-content\/uploads\/2018\/10\/zehra.jpg\" alt=\"Miss Barbie Zehra\" width=\"625\" height=\"500\" data-srcset=\"https:\/\/www.barbie-secondlife.com\/wp-content\/uploads\/2018\/10\/zehra.jpg 625w, https:\/\/www.barbie-secondlife.com\/wp-content\/uploads\/2018\/10\/zehra-302x242.jpg 302w, https:\/\/www.barbie-secondlife.com\/wp-content\/uploads\/2018\/10\/zehra-200x160.jpg 200w, https:\/\/www.barbie-secondlife.com\/wp-content\/uploads\/2018\/10\/zehra-500x400.jpg 500w, https:\/\/www.barbie-secondlife.com\/wp-content\/uploads\/2018\/10\/zehra-350x280.jpg 350w\" data-sizes=\"(max-width: 625px) 100vw, 625px\" src=\"data:image\/svg+xml;base64,PHN2ZyB3aWR0aD0iMSIgaGVpZ2h0PSIxIiB4bWxucz0iaHR0cDovL3d3dy53My5vcmcvMjAwMC9zdmciPjwvc3ZnPg==\" style=\"--smush-placeholder-width: 625px; --smush-placeholder-aspect-ratio: 625\/500;\" \/><\/td><\/tr><tr><td class=\"has-text-align-center\" data-align=\"center\"><img decoding=\"async\" class=\"aligncenter wp-image-13941 size-full lazyload\" title=\"Miss Barbie Debbie\" data-src=\"https:\/\/www.barbie-secondlife.com\/wp-content\/uploads\/2018\/10\/Debbie_face.jpg\" alt=\"Miss Barbie Debbie\" width=\"225\" height=\"300\" data-srcset=\"https:\/\/www.barbie-secondlife.com\/wp-content\/uploads\/2018\/10\/Debbie_face.jpg 225w, https:\/\/www.barbie-secondlife.com\/wp-content\/uploads\/2018\/10\/Debbie_face-200x267.jpg 200w\" data-sizes=\"(max-width: 225px) 100vw, 225px\" src=\"data:image\/svg+xml;base64,PHN2ZyB3aWR0aD0iMSIgaGVpZ2h0PSIxIiB4bWxucz0iaHR0cDovL3d3dy53My5vcmcvMjAwMC9zdmciPjwvc3ZnPg==\" style=\"--smush-placeholder-width: 225px; --smush-placeholder-aspect-ratio: 225\/300;\" \/>\n<p>&nbsp;<\/p>\n<h4 style=\"text-align: center;\">Vote : 4<\/h4>\n<figure><img decoding=\"async\" class=\"aligncenter wp-image-11162 lazyload\" title=\"Siberian Federal District (RUS)\" data-src=\"https:\/\/www.barbie-secondlife.com\/wp-content\/uploads\/2018\/03\/Turquie_Re\u0301gion_Mediterrane\u0301enne.jpg\" alt=\"\" width=\"60\" height=\"40\" src=\"data:image\/svg+xml;base64,PHN2ZyB3aWR0aD0iMSIgaGVpZ2h0PSIxIiB4bWxucz0iaHR0cDovL3d3dy53My5vcmcvMjAwMC9zdmciPjwvc3ZnPg==\" style=\"--smush-placeholder-width: 60px; --smush-placeholder-aspect-ratio: 60\/40;\"><\/figure><p>Mediterranean<\/p>\n<\/td><td><img decoding=\"async\" class=\"aligncenter wp-image-13942 size-full lazyload\" title=\"Miss Barbie Debbie\" data-src=\"https:\/\/www.barbie-secondlife.com\/wp-content\/uploads\/2018\/10\/debbie.jpg\" alt=\"Miss Barbie Debbie\" width=\"625\" height=\"500\" data-srcset=\"https:\/\/www.barbie-secondlife.com\/wp-content\/uploads\/2018\/10\/debbie.jpg 625w, https:\/\/www.barbie-secondlife.com\/wp-content\/uploads\/2018\/10\/debbie-302x242.jpg 302w, https:\/\/www.barbie-secondlife.com\/wp-content\/uploads\/2018\/10\/debbie-200x160.jpg 200w, https:\/\/www.barbie-secondlife.com\/wp-content\/uploads\/2018\/10\/debbie-500x400.jpg 500w, https:\/\/www.barbie-secondlife.com\/wp-content\/uploads\/2018\/10\/debbie-350x280.jpg 350w\" data-sizes=\"(max-width: 625px) 100vw, 625px\" src=\"data:image\/svg+xml;base64,PHN2ZyB3aWR0aD0iMSIgaGVpZ2h0PSIxIiB4bWxucz0iaHR0cDovL3d3dy53My5vcmcvMjAwMC9zdmciPjwvc3ZnPg==\" style=\"--smush-placeholder-width: 625px; --smush-placeholder-aspect-ratio: 625\/500;\" \/><\/td><\/tr><tr><td class=\"has-text-align-center\" data-align=\"center\">\n<h4 style=\"text-align: center;\"><img decoding=\"async\" class=\"aligncenter wp-image-13943 size-full lazyload\" title=\"Miss Barbie Kathleen\" data-src=\"https:\/\/www.barbie-secondlife.com\/wp-content\/uploads\/2018\/10\/Kathleen_face.jpg\" alt=\"Miss Barbie Kathleen\" width=\"225\" height=\"300\" data-srcset=\"https:\/\/www.barbie-secondlife.com\/wp-content\/uploads\/2018\/10\/Kathleen_face.jpg 225w, https:\/\/www.barbie-secondlife.com\/wp-content\/uploads\/2018\/10\/Kathleen_face-200x267.jpg 200w\" data-sizes=\"(max-width: 225px) 100vw, 225px\" src=\"data:image\/svg+xml;base64,PHN2ZyB3aWR0aD0iMSIgaGVpZ2h0PSIxIiB4bWxucz0iaHR0cDovL3d3dy53My5vcmcvMjAwMC9zdmciPjwvc3ZnPg==\" style=\"--smush-placeholder-width: 225px; --smush-placeholder-aspect-ratio: 225\/300;\" \/><\/h4>\n<h4 style=\"text-align: center;\">Vote : 3<\/h4>\n<figure><img decoding=\"async\" class=\"aligncenter wp-image-11166 lazyload\" title=\"Black Sea\" data-src=\"https:\/\/www.barbie-secondlife.com\/wp-content\/uploads\/2018\/03\/Turquie_Re\u0301gion_Mer_Noire.jpg\" alt=\"Black Sea\" width=\"60\" height=\"40\" src=\"data:image\/svg+xml;base64,PHN2ZyB3aWR0aD0iMSIgaGVpZ2h0PSIxIiB4bWxucz0iaHR0cDovL3d3dy53My5vcmcvMjAwMC9zdmciPjwvc3ZnPg==\" style=\"--smush-placeholder-width: 60px; --smush-placeholder-aspect-ratio: 60\/40;\"><\/figure><p>Black Sea<\/p>\n<\/td><td><img decoding=\"async\" class=\"aligncenter wp-image-13944 size-full lazyload\" title=\"Miss Barbie Kathleen\" data-src=\"https:\/\/www.barbie-secondlife.com\/wp-content\/uploads\/2018\/10\/kathleen.jpg\" alt=\"Miss Barbie Kathleen\" width=\"625\" height=\"500\" data-srcset=\"https:\/\/www.barbie-secondlife.com\/wp-content\/uploads\/2018\/10\/kathleen.jpg 625w, https:\/\/www.barbie-secondlife.com\/wp-content\/uploads\/2018\/10\/kathleen-302x242.jpg 302w, https:\/\/www.barbie-secondlife.com\/wp-content\/uploads\/2018\/10\/kathleen-200x160.jpg 200w, https:\/\/www.barbie-secondlife.com\/wp-content\/uploads\/2018\/10\/kathleen-500x400.jpg 500w, https:\/\/www.barbie-secondlife.com\/wp-content\/uploads\/2018\/10\/kathleen-350x280.jpg 350w\" data-sizes=\"(max-width: 625px) 100vw, 625px\" src=\"data:image\/svg+xml;base64,PHN2ZyB3aWR0aD0iMSIgaGVpZ2h0PSIxIiB4bWxucz0iaHR0cDovL3d3dy53My5vcmcvMjAwMC9zdmciPjwvc3ZnPg==\" style=\"--smush-placeholder-width: 625px; --smush-placeholder-aspect-ratio: 625\/500;\" \/><\/td><\/tr><tr><td class=\"has-text-align-center\" data-align=\"center\"><img decoding=\"async\" class=\"aligncenter wp-image-13949 size-full lazyload\" title=\"Miss Barbie Roda\" data-src=\"https:\/\/www.barbie-secondlife.com\/wp-content\/uploads\/2018\/10\/Roda_face.jpg\" alt=\"Miss Barbie Roda\" width=\"225\" height=\"300\" data-srcset=\"https:\/\/www.barbie-secondlife.com\/wp-content\/uploads\/2018\/10\/Roda_face.jpg 225w, https:\/\/www.barbie-secondlife.com\/wp-content\/uploads\/2018\/10\/Roda_face-200x267.jpg 200w\" data-sizes=\"(max-width: 225px) 100vw, 225px\" src=\"data:image\/svg+xml;base64,PHN2ZyB3aWR0aD0iMSIgaGVpZ2h0PSIxIiB4bWxucz0iaHR0cDovL3d3dy53My5vcmcvMjAwMC9zdmciPjwvc3ZnPg==\" style=\"--smush-placeholder-width: 225px; --smush-placeholder-aspect-ratio: 225\/300;\" \/>\n<p>&nbsp;<\/p>\n<h4 style=\"text-align: center;\">Vote : 2<\/h4>\n<figure><img decoding=\"async\" class=\"aligncenter wp-image-11164 lazyload\" title=\"Eastern Anatolia\" data-src=\"https:\/\/www.barbie-secondlife.com\/wp-content\/uploads\/2018\/03\/Turquie_Re\u0301gion_Anatolie_Orientale.jpg\" alt=\"Eastern Anatolia\" width=\"60\" height=\"40\" src=\"data:image\/svg+xml;base64,PHN2ZyB3aWR0aD0iMSIgaGVpZ2h0PSIxIiB4bWxucz0iaHR0cDovL3d3dy53My5vcmcvMjAwMC9zdmciPjwvc3ZnPg==\" style=\"--smush-placeholder-width: 60px; --smush-placeholder-aspect-ratio: 60\/40;\"><\/figure><p>Eastern Anatolia<\/p>\n<\/td><td><img decoding=\"async\" class=\"aligncenter wp-image-13950 size-full lazyload\" title=\"Miss Barbie Roda\" data-src=\"https:\/\/www.barbie-secondlife.com\/wp-content\/uploads\/2018\/10\/roda.jpg\" alt=\"Miss Barbie Roda\" width=\"625\" height=\"500\" data-srcset=\"https:\/\/www.barbie-secondlife.com\/wp-content\/uploads\/2018\/10\/roda.jpg 625w, https:\/\/www.barbie-secondlife.com\/wp-content\/uploads\/2018\/10\/roda-302x242.jpg 302w, https:\/\/www.barbie-secondlife.com\/wp-content\/uploads\/2018\/10\/roda-200x160.jpg 200w, https:\/\/www.barbie-secondlife.com\/wp-content\/uploads\/2018\/10\/roda-500x400.jpg 500w, https:\/\/www.barbie-secondlife.com\/wp-content\/uploads\/2018\/10\/roda-350x280.jpg 350w\" data-sizes=\"(max-width: 625px) 100vw, 625px\" src=\"data:image\/svg+xml;base64,PHN2ZyB3aWR0aD0iMSIgaGVpZ2h0PSIxIiB4bWxucz0iaHR0cDovL3d3dy53My5vcmcvMjAwMC9zdmciPjwvc3ZnPg==\" style=\"--smush-placeholder-width: 625px; --smush-placeholder-aspect-ratio: 625\/500;\" \/><\/td><\/tr><\/tbody><\/table><\/figure>\n\n\n\n<p>[TheChamp-Counter]<\/p>\n","protected":false},"excerpt":{"rendered":"<p>Miss Barbie Turkey 2018 Resultados en el concurso Miss Barbie Turkey 2018. &nbsp; La elecci\u00f3n se llev\u00f3 a cabo en&nbsp;Estanbul.Fueron 8 candidatas al t\u00edtulo.Paola&nbsp;se convierte en Miss Barbie&nbsp;Turkey 2018 &nbsp; Vote : 13 SouthEastern Anatolia &nbsp; Vote : 11 Aegean &nbsp; Vote : 7 Central Anatolia &nbsp; Vote : 6 Marmara Vote : 5 Miss [&hellip;]<\/p>\n","protected":false},"author":1,"featured_media":13738,"parent":13696,"menu_order":0,"comment_status":"closed","ping_status":"closed","template":"","meta":{"footnotes":""},"class_list":["post-13831","page","type-page","status-publish","has-post-thumbnail","hentry"],"translation":{"provider":"WPGlobus","version":"3.0.2","language":"es","enabled_languages":["fr","en","es","br","de"],"languages":{"fr":{"title":true,"content":true,"excerpt":false},"en":{"title":true,"content":true,"excerpt":false},"es":{"title":true,"content":true,"excerpt":false},"br":{"title":true,"content":true,"excerpt":false},"de":{"title":true,"content":true,"excerpt":false}}},"_links":{"self":[{"href":"https:\/\/www.barbie-secondlife.com\/es\/wp-json\/wp\/v2\/pages\/13831","targetHints":{"allow":["GET"]}}],"collection":[{"href":"https:\/\/www.barbie-secondlife.com\/es\/wp-json\/wp\/v2\/pages"}],"about":[{"href":"https:\/\/www.barbie-secondlife.com\/es\/wp-json\/wp\/v2\/types\/page"}],"author":[{"embeddable":true,"href":"https:\/\/www.barbie-secondlife.com\/es\/wp-json\/wp\/v2\/users\/1"}],"replies":[{"embeddable":true,"href":"https:\/\/www.barbie-secondlife.com\/es\/wp-json\/wp\/v2\/comments?post=13831"}],"version-history":[{"count":0,"href":"https:\/\/www.barbie-secondlife.com\/es\/wp-json\/wp\/v2\/pages\/13831\/revisions"}],"up":[{"embeddable":true,"href":"https:\/\/www.barbie-secondlife.com\/es\/wp-json\/wp\/v2\/pages\/13696"}],"wp:featuredmedia":[{"embeddable":true,"href":"https:\/\/www.barbie-secondlife.com\/es\/wp-json\/wp\/v2\/media\/13738"}],"wp:attachment":[{"href":"https:\/\/www.barbie-secondlife.com\/es\/wp-json\/wp\/v2\/media?parent=13831"}],"curies":[{"name":"wp","href":"https:\/\/api.w.org\/{rel}","templated":true}]}}