{"id":13978,"date":"2018-10-22T20:12:44","date_gmt":"2018-10-22T18:12:44","guid":{"rendered":"http:\/\/www.barbie-secondlife.com\/?page_id=13978"},"modified":"2022-08-06T17:11:42","modified_gmt":"2022-08-06T15:11:42","slug":"miss-barbie-south-africa-2018","status":"publish","type":"page","link":"https:\/\/www.barbie-secondlife.com\/es\/evenements\/missbarbie2018\/miss-barbie-south-africa-2018\/","title":{"rendered":"Miss Barbie South Africa 2018"},"content":{"rendered":"\n<h2 class=\"wp-block-heading\"><em><strong>Miss Barbie South Africa 2018<\/strong><\/em><\/h2>\n\n\n\n<figure class=\"wp-block-table\"><table><tbody><tr><td><img decoding=\"async\" class=\"aligncenter wp-image-14145 size-full lazyload\" title=\"Miss Barbie South Africa 2018\" data-src=\"https:\/\/www.barbie-secondlife.com\/wp-content\/uploads\/2018\/10\/MissBarbie_southAfrica.png\" alt=\"Miss Barbie South Africa 2018\" width=\"147\" height=\"200\" src=\"data:image\/svg+xml;base64,PHN2ZyB3aWR0aD0iMSIgaGVpZ2h0PSIxIiB4bWxucz0iaHR0cDovL3d3dy53My5vcmcvMjAwMC9zdmciPjwvc3ZnPg==\" style=\"--smush-placeholder-width: 147px; --smush-placeholder-aspect-ratio: 147\/200;\"><\/td><td>Resultados en el concurso <span style=\"color: #e67fb9;\"><strong>Miss Barbie South Africa 2018.<\/strong><\/span>\n<p>&nbsp;<\/p>\n<p>La elecci\u00f3n se llev\u00f3 a cabo en&nbsp;<strong>Johannesburgo<\/strong>.<br>Fueron 10 candidatas al t\u00edtulo.<br><span style=\"color: #e67fb9;\"><strong>Jacklen&nbsp;<\/strong><\/span>se convierte en <span style=\"color: #e67fb9;\"><strong>Miss Barbie&nbsp;<\/strong><\/span><span style=\"color: #e67fb9;\"><strong>South Africa 2018<\/strong><\/span><\/p>\n<\/td><\/tr><\/tbody><\/table><\/figure>\n\n\n\n<figure class=\"wp-block-table\"><table><tbody><tr><td class=\"has-text-align-center\" data-align=\"center\"><img decoding=\"async\" class=\"aligncenter wp-image-14174 size-full lazyload\" title=\"Miss Barbie Jacklen\" data-src=\"https:\/\/www.barbie-secondlife.com\/wp-content\/uploads\/2018\/10\/Jacklen_face.jpg\" alt=\"Miss Barbie Jacklen\" width=\"225\" height=\"300\" data-srcset=\"https:\/\/www.barbie-secondlife.com\/wp-content\/uploads\/2018\/10\/Jacklen_face.jpg 225w, https:\/\/www.barbie-secondlife.com\/wp-content\/uploads\/2018\/10\/Jacklen_face-200x267.jpg 200w\" data-sizes=\"(max-width: 225px) 100vw, 225px\" src=\"data:image\/svg+xml;base64,PHN2ZyB3aWR0aD0iMSIgaGVpZ2h0PSIxIiB4bWxucz0iaHR0cDovL3d3dy53My5vcmcvMjAwMC9zdmciPjwvc3ZnPg==\" style=\"--smush-placeholder-width: 225px; --smush-placeholder-aspect-ratio: 225\/300;\" \/>\n<p>&nbsp;<\/p>\n<h4 style=\"text-align: center;\">Vote : 11<\/h4>\n<figure><img decoding=\"async\" class=\"aligncenter wp-image-11501 lazyload\" title=\"Northern Cape\" data-src=\"https:\/\/www.barbie-secondlife.com\/wp-content\/uploads\/2018\/03\/Drapeau_NorthernCape.jpg\" alt=\"Northern Cape (AFS)\" width=\"60\" height=\"40\" src=\"data:image\/svg+xml;base64,PHN2ZyB3aWR0aD0iMSIgaGVpZ2h0PSIxIiB4bWxucz0iaHR0cDovL3d3dy53My5vcmcvMjAwMC9zdmciPjwvc3ZnPg==\" style=\"--smush-placeholder-width: 60px; --smush-placeholder-aspect-ratio: 60\/40;\"><\/figure><p>Northern Cape<\/p>\n<\/td><td><img decoding=\"async\" class=\"aligncenter wp-image-14176 size-full lazyload\" title=\"Miss Barbie Jacklen\" data-src=\"https:\/\/www.barbie-secondlife.com\/wp-content\/uploads\/2018\/10\/Jacklen.jpg\" alt=\"Miss Barbie Jacklen\" width=\"625\" height=\"500\" data-srcset=\"https:\/\/www.barbie-secondlife.com\/wp-content\/uploads\/2018\/10\/Jacklen.jpg 625w, https:\/\/www.barbie-secondlife.com\/wp-content\/uploads\/2018\/10\/Jacklen-302x242.jpg 302w, https:\/\/www.barbie-secondlife.com\/wp-content\/uploads\/2018\/10\/Jacklen-200x160.jpg 200w, https:\/\/www.barbie-secondlife.com\/wp-content\/uploads\/2018\/10\/Jacklen-500x400.jpg 500w, https:\/\/www.barbie-secondlife.com\/wp-content\/uploads\/2018\/10\/Jacklen-350x280.jpg 350w\" data-sizes=\"(max-width: 625px) 100vw, 625px\" src=\"data:image\/svg+xml;base64,PHN2ZyB3aWR0aD0iMSIgaGVpZ2h0PSIxIiB4bWxucz0iaHR0cDovL3d3dy53My5vcmcvMjAwMC9zdmciPjwvc3ZnPg==\" style=\"--smush-placeholder-width: 625px; --smush-placeholder-aspect-ratio: 625\/500;\" \/><\/td><\/tr><tr><td class=\"has-text-align-center\" data-align=\"center\"><img decoding=\"async\" class=\"aligncenter wp-image-14161 size-full lazyload\" title=\"Miss Barbie Fanny\" data-src=\"https:\/\/www.barbie-secondlife.com\/wp-content\/uploads\/2018\/10\/Fanny_face.jpg\" alt=\"Miss Barbie Fanny\" width=\"225\" height=\"300\" data-srcset=\"https:\/\/www.barbie-secondlife.com\/wp-content\/uploads\/2018\/10\/Fanny_face.jpg 225w, https:\/\/www.barbie-secondlife.com\/wp-content\/uploads\/2018\/10\/Fanny_face-200x267.jpg 200w\" data-sizes=\"(max-width: 225px) 100vw, 225px\" src=\"data:image\/svg+xml;base64,PHN2ZyB3aWR0aD0iMSIgaGVpZ2h0PSIxIiB4bWxucz0iaHR0cDovL3d3dy53My5vcmcvMjAwMC9zdmciPjwvc3ZnPg==\" style=\"--smush-placeholder-width: 225px; --smush-placeholder-aspect-ratio: 225\/300;\" \/>\n<p>&nbsp;<\/p>\n<h4 style=\"text-align: center;\">Vote : 10<\/h4>\n<figure><img decoding=\"async\" class=\"aligncenter wp-image-11497 lazyload\" title=\"Gauteng\" data-src=\"https:\/\/www.barbie-secondlife.com\/wp-content\/uploads\/2018\/03\/Drapeau_Gauteng.jpg\" alt=\"Gauteng (AFS)\" width=\"60\" height=\"40\" src=\"data:image\/svg+xml;base64,PHN2ZyB3aWR0aD0iMSIgaGVpZ2h0PSIxIiB4bWxucz0iaHR0cDovL3d3dy53My5vcmcvMjAwMC9zdmciPjwvc3ZnPg==\" style=\"--smush-placeholder-width: 60px; --smush-placeholder-aspect-ratio: 60\/40;\"><\/figure><p>Gauteng<\/p>\n<\/td><td><img decoding=\"async\" class=\"aligncenter wp-image-14162 size-full lazyload\" title=\"Miss Barbie Fanny\" data-src=\"https:\/\/www.barbie-secondlife.com\/wp-content\/uploads\/2018\/10\/Fanny.jpg\" alt=\"Miss Barbie Fanny\" width=\"625\" height=\"500\" data-srcset=\"https:\/\/www.barbie-secondlife.com\/wp-content\/uploads\/2018\/10\/Fanny.jpg 625w, https:\/\/www.barbie-secondlife.com\/wp-content\/uploads\/2018\/10\/Fanny-302x242.jpg 302w, https:\/\/www.barbie-secondlife.com\/wp-content\/uploads\/2018\/10\/Fanny-200x160.jpg 200w, https:\/\/www.barbie-secondlife.com\/wp-content\/uploads\/2018\/10\/Fanny-500x400.jpg 500w, https:\/\/www.barbie-secondlife.com\/wp-content\/uploads\/2018\/10\/Fanny-350x280.jpg 350w\" data-sizes=\"(max-width: 625px) 100vw, 625px\" src=\"data:image\/svg+xml;base64,PHN2ZyB3aWR0aD0iMSIgaGVpZ2h0PSIxIiB4bWxucz0iaHR0cDovL3d3dy53My5vcmcvMjAwMC9zdmciPjwvc3ZnPg==\" style=\"--smush-placeholder-width: 625px; --smush-placeholder-aspect-ratio: 625\/500;\" \/><\/td><\/tr><tr><td class=\"has-text-align-center\" data-align=\"center\"><img decoding=\"async\" class=\"aligncenter wp-image-14159 size-full lazyload\" title=\"Miss Barbie Cassandra\" data-src=\"https:\/\/www.barbie-secondlife.com\/wp-content\/uploads\/2018\/10\/Cassandra_face.jpg\" alt=\"Miss Barbie Cassandra\" width=\"225\" height=\"300\" data-srcset=\"https:\/\/www.barbie-secondlife.com\/wp-content\/uploads\/2018\/10\/Cassandra_face.jpg 225w, https:\/\/www.barbie-secondlife.com\/wp-content\/uploads\/2018\/10\/Cassandra_face-200x267.jpg 200w\" data-sizes=\"(max-width: 225px) 100vw, 225px\" src=\"data:image\/svg+xml;base64,PHN2ZyB3aWR0aD0iMSIgaGVpZ2h0PSIxIiB4bWxucz0iaHR0cDovL3d3dy53My5vcmcvMjAwMC9zdmciPjwvc3ZnPg==\" style=\"--smush-placeholder-width: 225px; --smush-placeholder-aspect-ratio: 225\/300;\" \/>\n<p>&nbsp;<\/p>\n<h4 style=\"text-align: center;\">Vote : 5<\/h4>\n<figure><img decoding=\"async\" class=\"aligncenter wp-image-11502 lazyload\" title=\"North West\" data-src=\"https:\/\/www.barbie-secondlife.com\/wp-content\/uploads\/2018\/03\/Drapeau_NorthWest.jpg\" alt=\"North West (AFS)\" width=\"60\" height=\"40\" src=\"data:image\/svg+xml;base64,PHN2ZyB3aWR0aD0iMSIgaGVpZ2h0PSIxIiB4bWxucz0iaHR0cDovL3d3dy53My5vcmcvMjAwMC9zdmciPjwvc3ZnPg==\" style=\"--smush-placeholder-width: 60px; --smush-placeholder-aspect-ratio: 60\/40;\"><\/figure><p>North West<\/p>\n<\/td><td><img decoding=\"async\" class=\"aligncenter wp-image-14160 size-full lazyload\" title=\"Miss Barbie Cassandra\" data-src=\"https:\/\/www.barbie-secondlife.com\/wp-content\/uploads\/2018\/10\/Cassandra.jpg\" alt=\"Miss Barbie Cassandra\" width=\"625\" height=\"500\" data-srcset=\"https:\/\/www.barbie-secondlife.com\/wp-content\/uploads\/2018\/10\/Cassandra.jpg 625w, https:\/\/www.barbie-secondlife.com\/wp-content\/uploads\/2018\/10\/Cassandra-302x242.jpg 302w, https:\/\/www.barbie-secondlife.com\/wp-content\/uploads\/2018\/10\/Cassandra-200x160.jpg 200w, https:\/\/www.barbie-secondlife.com\/wp-content\/uploads\/2018\/10\/Cassandra-500x400.jpg 500w, https:\/\/www.barbie-secondlife.com\/wp-content\/uploads\/2018\/10\/Cassandra-350x280.jpg 350w\" data-sizes=\"(max-width: 625px) 100vw, 625px\" src=\"data:image\/svg+xml;base64,PHN2ZyB3aWR0aD0iMSIgaGVpZ2h0PSIxIiB4bWxucz0iaHR0cDovL3d3dy53My5vcmcvMjAwMC9zdmciPjwvc3ZnPg==\" style=\"--smush-placeholder-width: 625px; --smush-placeholder-aspect-ratio: 625\/500;\" \/><\/td><\/tr><tr><td class=\"has-text-align-center\" data-align=\"center\"><img decoding=\"async\" class=\"aligncenter wp-image-14155 size-full lazyload\" title=\"Miss Barbie Anneke\" data-src=\"https:\/\/www.barbie-secondlife.com\/wp-content\/uploads\/2018\/10\/Anneke_face.jpg\" alt=\"Miss Barbie Anneke\" width=\"225\" height=\"300\" data-srcset=\"https:\/\/www.barbie-secondlife.com\/wp-content\/uploads\/2018\/10\/Anneke_face.jpg 225w, https:\/\/www.barbie-secondlife.com\/wp-content\/uploads\/2018\/10\/Anneke_face-200x267.jpg 200w\" data-sizes=\"(max-width: 225px) 100vw, 225px\" src=\"data:image\/svg+xml;base64,PHN2ZyB3aWR0aD0iMSIgaGVpZ2h0PSIxIiB4bWxucz0iaHR0cDovL3d3dy53My5vcmcvMjAwMC9zdmciPjwvc3ZnPg==\" style=\"--smush-placeholder-width: 225px; --smush-placeholder-aspect-ratio: 225\/300;\" \/>\n<p>&nbsp;<\/p>\n<h4 style=\"text-align: center;\">Vote : 4<\/h4>\n<figure><img decoding=\"async\" class=\"aligncenter wp-image-11500 lazyload\" title=\"Mpumalanga\" data-src=\"https:\/\/www.barbie-secondlife.com\/wp-content\/uploads\/2018\/03\/Drapeau_Mpumalanga.jpg\" alt=\"Mpumalanga (AFS)\" width=\"60\" height=\"40\" src=\"data:image\/svg+xml;base64,PHN2ZyB3aWR0aD0iMSIgaGVpZ2h0PSIxIiB4bWxucz0iaHR0cDovL3d3dy53My5vcmcvMjAwMC9zdmciPjwvc3ZnPg==\" style=\"--smush-placeholder-width: 60px; --smush-placeholder-aspect-ratio: 60\/40;\"><\/figure><p>Mpumalanga<\/p>\n<\/td><td><img decoding=\"async\" class=\"aligncenter wp-image-14156 size-full lazyload\" title=\"Miss Barbie Anneke\" data-src=\"https:\/\/www.barbie-secondlife.com\/wp-content\/uploads\/2018\/10\/Anneke.jpg\" alt=\"Miss Barbie Anneke\" width=\"625\" height=\"500\" data-srcset=\"https:\/\/www.barbie-secondlife.com\/wp-content\/uploads\/2018\/10\/Anneke.jpg 625w, https:\/\/www.barbie-secondlife.com\/wp-content\/uploads\/2018\/10\/Anneke-302x242.jpg 302w, https:\/\/www.barbie-secondlife.com\/wp-content\/uploads\/2018\/10\/Anneke-200x160.jpg 200w, https:\/\/www.barbie-secondlife.com\/wp-content\/uploads\/2018\/10\/Anneke-500x400.jpg 500w, https:\/\/www.barbie-secondlife.com\/wp-content\/uploads\/2018\/10\/Anneke-350x280.jpg 350w\" data-sizes=\"(max-width: 625px) 100vw, 625px\" src=\"data:image\/svg+xml;base64,PHN2ZyB3aWR0aD0iMSIgaGVpZ2h0PSIxIiB4bWxucz0iaHR0cDovL3d3dy53My5vcmcvMjAwMC9zdmciPjwvc3ZnPg==\" style=\"--smush-placeholder-width: 625px; --smush-placeholder-aspect-ratio: 625\/500;\" \/><\/td><\/tr><tr><td class=\"has-text-align-center\" data-align=\"center\">\n<h4 style=\"text-align: center;\"><img decoding=\"async\" class=\"aligncenter wp-image-14179 size-full lazyload\" title=\"Miss Barbie Mickaela\" data-src=\"https:\/\/www.barbie-secondlife.com\/wp-content\/uploads\/2018\/10\/Mickaela_face.jpg\" alt=\"Miss Barbie Mickaela\" width=\"225\" height=\"300\" data-srcset=\"https:\/\/www.barbie-secondlife.com\/wp-content\/uploads\/2018\/10\/Mickaela_face.jpg 225w, https:\/\/www.barbie-secondlife.com\/wp-content\/uploads\/2018\/10\/Mickaela_face-200x267.jpg 200w\" data-sizes=\"(max-width: 225px) 100vw, 225px\" src=\"data:image\/svg+xml;base64,PHN2ZyB3aWR0aD0iMSIgaGVpZ2h0PSIxIiB4bWxucz0iaHR0cDovL3d3dy53My5vcmcvMjAwMC9zdmciPjwvc3ZnPg==\" style=\"--smush-placeholder-width: 225px; --smush-placeholder-aspect-ratio: 225\/300;\" \/><\/h4>\n<h4 style=\"text-align: center;\">Vote : 4<\/h4>\n<figure><img decoding=\"async\" class=\"aligncenter wp-image-11499 lazyload\" title=\"Limpopo\" data-src=\"https:\/\/www.barbie-secondlife.com\/wp-content\/uploads\/2018\/03\/Drapeau_Limpopo.jpg\" alt=\"Limpopo (AFS)\" width=\"60\" height=\"40\" src=\"data:image\/svg+xml;base64,PHN2ZyB3aWR0aD0iMSIgaGVpZ2h0PSIxIiB4bWxucz0iaHR0cDovL3d3dy53My5vcmcvMjAwMC9zdmciPjwvc3ZnPg==\" style=\"--smush-placeholder-width: 60px; --smush-placeholder-aspect-ratio: 60\/40;\"><\/figure><p>Limpopo<\/p>\n<\/td><td><img decoding=\"async\" class=\"aligncenter wp-image-14180 size-full lazyload\" title=\"Miss Barbie Mickaela\" data-src=\"https:\/\/www.barbie-secondlife.com\/wp-content\/uploads\/2018\/10\/Mickaela.jpg\" alt=\"Miss Barbie Mickaela\" width=\"625\" height=\"500\" data-srcset=\"https:\/\/www.barbie-secondlife.com\/wp-content\/uploads\/2018\/10\/Mickaela.jpg 625w, https:\/\/www.barbie-secondlife.com\/wp-content\/uploads\/2018\/10\/Mickaela-302x242.jpg 302w, https:\/\/www.barbie-secondlife.com\/wp-content\/uploads\/2018\/10\/Mickaela-200x160.jpg 200w, https:\/\/www.barbie-secondlife.com\/wp-content\/uploads\/2018\/10\/Mickaela-500x400.jpg 500w, https:\/\/www.barbie-secondlife.com\/wp-content\/uploads\/2018\/10\/Mickaela-350x280.jpg 350w\" data-sizes=\"(max-width: 625px) 100vw, 625px\" src=\"data:image\/svg+xml;base64,PHN2ZyB3aWR0aD0iMSIgaGVpZ2h0PSIxIiB4bWxucz0iaHR0cDovL3d3dy53My5vcmcvMjAwMC9zdmciPjwvc3ZnPg==\" style=\"--smush-placeholder-width: 625px; --smush-placeholder-aspect-ratio: 625\/500;\" \/><\/td><\/tr><tr><td class=\"has-text-align-center\" data-align=\"center\">\n<h4 style=\"text-align: center;\"><img decoding=\"async\" class=\"aligncenter wp-image-14157 size-full lazyload\" title=\"Miss Barbie Babette\" data-src=\"https:\/\/www.barbie-secondlife.com\/wp-content\/uploads\/2018\/10\/Babette_face.jpg\" alt=\"Miss Barbie Babette\" width=\"225\" height=\"300\" data-srcset=\"https:\/\/www.barbie-secondlife.com\/wp-content\/uploads\/2018\/10\/Babette_face.jpg 225w, https:\/\/www.barbie-secondlife.com\/wp-content\/uploads\/2018\/10\/Babette_face-200x267.jpg 200w\" data-sizes=\"(max-width: 225px) 100vw, 225px\" src=\"data:image\/svg+xml;base64,PHN2ZyB3aWR0aD0iMSIgaGVpZ2h0PSIxIiB4bWxucz0iaHR0cDovL3d3dy53My5vcmcvMjAwMC9zdmciPjwvc3ZnPg==\" style=\"--smush-placeholder-width: 225px; --smush-placeholder-aspect-ratio: 225\/300;\" \/><\/h4>\n<h4 style=\"text-align: center;\">Vote : 1<\/h4>\n<figure><img decoding=\"async\" class=\"aligncenter wp-image-11496 lazyload\" title=\"Free State\" data-src=\"https:\/\/www.barbie-secondlife.com\/wp-content\/uploads\/2018\/03\/Drapeau_FreeState.jpg\" alt=\"Free State (AFS)\" width=\"60\" height=\"40\" src=\"data:image\/svg+xml;base64,PHN2ZyB3aWR0aD0iMSIgaGVpZ2h0PSIxIiB4bWxucz0iaHR0cDovL3d3dy53My5vcmcvMjAwMC9zdmciPjwvc3ZnPg==\" style=\"--smush-placeholder-width: 60px; --smush-placeholder-aspect-ratio: 60\/40;\"><\/figure><p>Free State<\/p>\n<\/td><td><img decoding=\"async\" class=\"aligncenter wp-image-14158 size-full lazyload\" title=\"Miss Barbie Babette\" data-src=\"https:\/\/www.barbie-secondlife.com\/wp-content\/uploads\/2018\/10\/Babette.jpg\" alt=\"Miss Barbie Babette\" width=\"625\" height=\"500\" data-srcset=\"https:\/\/www.barbie-secondlife.com\/wp-content\/uploads\/2018\/10\/Babette.jpg 625w, https:\/\/www.barbie-secondlife.com\/wp-content\/uploads\/2018\/10\/Babette-302x242.jpg 302w, https:\/\/www.barbie-secondlife.com\/wp-content\/uploads\/2018\/10\/Babette-200x160.jpg 200w, https:\/\/www.barbie-secondlife.com\/wp-content\/uploads\/2018\/10\/Babette-500x400.jpg 500w, https:\/\/www.barbie-secondlife.com\/wp-content\/uploads\/2018\/10\/Babette-350x280.jpg 350w\" data-sizes=\"(max-width: 625px) 100vw, 625px\" src=\"data:image\/svg+xml;base64,PHN2ZyB3aWR0aD0iMSIgaGVpZ2h0PSIxIiB4bWxucz0iaHR0cDovL3d3dy53My5vcmcvMjAwMC9zdmciPjwvc3ZnPg==\" style=\"--smush-placeholder-width: 625px; --smush-placeholder-aspect-ratio: 625\/500;\" \/><\/td><\/tr><tr><td class=\"has-text-align-center\" data-align=\"center\"><img decoding=\"async\" class=\"aligncenter wp-image-14165 size-full lazyload\" title=\"Miss Barbie Fiona\" data-src=\"https:\/\/www.barbie-secondlife.com\/wp-content\/uploads\/2018\/10\/Fiona_face.jpg\" alt=\"Miss Barbie Fiona\" width=\"225\" height=\"300\" data-srcset=\"https:\/\/www.barbie-secondlife.com\/wp-content\/uploads\/2018\/10\/Fiona_face.jpg 225w, https:\/\/www.barbie-secondlife.com\/wp-content\/uploads\/2018\/10\/Fiona_face-200x267.jpg 200w\" data-sizes=\"(max-width: 225px) 100vw, 225px\" src=\"data:image\/svg+xml;base64,PHN2ZyB3aWR0aD0iMSIgaGVpZ2h0PSIxIiB4bWxucz0iaHR0cDovL3d3dy53My5vcmcvMjAwMC9zdmciPjwvc3ZnPg==\" style=\"--smush-placeholder-width: 225px; --smush-placeholder-aspect-ratio: 225\/300;\" \/>\n<p>&nbsp;<\/p>\n<h4 style=\"text-align: center;\">Vote : 1<\/h4>\n<figure><img decoding=\"async\" class=\"aligncenter wp-image-11495 lazyload\" title=\"Eastern Cape\" data-src=\"https:\/\/www.barbie-secondlife.com\/wp-content\/uploads\/2018\/03\/Drapeau_EasternCape.jpg\" alt=\"Eastern Cape (AFS)\" width=\"60\" height=\"40\" src=\"data:image\/svg+xml;base64,PHN2ZyB3aWR0aD0iMSIgaGVpZ2h0PSIxIiB4bWxucz0iaHR0cDovL3d3dy53My5vcmcvMjAwMC9zdmciPjwvc3ZnPg==\" style=\"--smush-placeholder-width: 60px; --smush-placeholder-aspect-ratio: 60\/40;\"><\/figure><p>Eastern Cape<\/p>\n<\/td><td><img decoding=\"async\" class=\"aligncenter wp-image-14171 size-full lazyload\" title=\"Miss Barbie Fiona\" data-src=\"https:\/\/www.barbie-secondlife.com\/wp-content\/uploads\/2018\/10\/Fiona.jpg\" alt=\"Miss Barbie Fiona\" width=\"625\" height=\"500\" data-srcset=\"https:\/\/www.barbie-secondlife.com\/wp-content\/uploads\/2018\/10\/Fiona.jpg 625w, https:\/\/www.barbie-secondlife.com\/wp-content\/uploads\/2018\/10\/Fiona-302x242.jpg 302w, https:\/\/www.barbie-secondlife.com\/wp-content\/uploads\/2018\/10\/Fiona-200x160.jpg 200w, https:\/\/www.barbie-secondlife.com\/wp-content\/uploads\/2018\/10\/Fiona-500x400.jpg 500w, https:\/\/www.barbie-secondlife.com\/wp-content\/uploads\/2018\/10\/Fiona-350x280.jpg 350w\" data-sizes=\"(max-width: 625px) 100vw, 625px\" src=\"data:image\/svg+xml;base64,PHN2ZyB3aWR0aD0iMSIgaGVpZ2h0PSIxIiB4bWxucz0iaHR0cDovL3d3dy53My5vcmcvMjAwMC9zdmciPjwvc3ZnPg==\" style=\"--smush-placeholder-width: 625px; --smush-placeholder-aspect-ratio: 625\/500;\" \/><\/td><\/tr><tr><td class=\"has-text-align-center\" data-align=\"center\"><img decoding=\"async\" class=\"aligncenter wp-image-14177 size-full lazyload\" title=\"Miss Barbie Lucy\" data-src=\"https:\/\/www.barbie-secondlife.com\/wp-content\/uploads\/2018\/10\/Lucy_face.jpg\" alt=\"Miss Barbie Lucy\" width=\"225\" height=\"300\" data-srcset=\"https:\/\/www.barbie-secondlife.com\/wp-content\/uploads\/2018\/10\/Lucy_face.jpg 225w, https:\/\/www.barbie-secondlife.com\/wp-content\/uploads\/2018\/10\/Lucy_face-200x267.jpg 200w\" data-sizes=\"(max-width: 225px) 100vw, 225px\" src=\"data:image\/svg+xml;base64,PHN2ZyB3aWR0aD0iMSIgaGVpZ2h0PSIxIiB4bWxucz0iaHR0cDovL3d3dy53My5vcmcvMjAwMC9zdmciPjwvc3ZnPg==\" style=\"--smush-placeholder-width: 225px; --smush-placeholder-aspect-ratio: 225\/300;\" \/>\n<p>&nbsp;<\/p>\n<h4 style=\"text-align: center;\">Vote : 1<\/h4>\n<p>Miss Barbie<br>South Africa 2017<\/p>\n<\/td><td><img decoding=\"async\" class=\"aligncenter wp-image-14178 size-full lazyload\" title=\"Miss Barbie Lucy\" data-src=\"https:\/\/www.barbie-secondlife.com\/wp-content\/uploads\/2018\/10\/Lucy.jpg\" alt=\"Miss Barbie Lucy\" width=\"625\" height=\"500\" data-srcset=\"https:\/\/www.barbie-secondlife.com\/wp-content\/uploads\/2018\/10\/Lucy.jpg 625w, https:\/\/www.barbie-secondlife.com\/wp-content\/uploads\/2018\/10\/Lucy-302x242.jpg 302w, https:\/\/www.barbie-secondlife.com\/wp-content\/uploads\/2018\/10\/Lucy-200x160.jpg 200w, https:\/\/www.barbie-secondlife.com\/wp-content\/uploads\/2018\/10\/Lucy-500x400.jpg 500w, https:\/\/www.barbie-secondlife.com\/wp-content\/uploads\/2018\/10\/Lucy-350x280.jpg 350w\" data-sizes=\"(max-width: 625px) 100vw, 625px\" src=\"data:image\/svg+xml;base64,PHN2ZyB3aWR0aD0iMSIgaGVpZ2h0PSIxIiB4bWxucz0iaHR0cDovL3d3dy53My5vcmcvMjAwMC9zdmciPjwvc3ZnPg==\" style=\"--smush-placeholder-width: 625px; --smush-placeholder-aspect-ratio: 625\/500;\" \/><\/td><\/tr><tr><td class=\"has-text-align-center\" data-align=\"center\">\n<h4 style=\"text-align: center;\"><img decoding=\"async\" class=\"aligncenter wp-image-14181 size-full lazyload\" title=\"Miss Barbie Selma\" data-src=\"https:\/\/www.barbie-secondlife.com\/wp-content\/uploads\/2018\/10\/Selma_face.jpg\" alt=\"Miss Barbie Selma\" width=\"225\" height=\"300\" data-srcset=\"https:\/\/www.barbie-secondlife.com\/wp-content\/uploads\/2018\/10\/Selma_face.jpg 225w, https:\/\/www.barbie-secondlife.com\/wp-content\/uploads\/2018\/10\/Selma_face-200x267.jpg 200w\" data-sizes=\"(max-width: 225px) 100vw, 225px\" src=\"data:image\/svg+xml;base64,PHN2ZyB3aWR0aD0iMSIgaGVpZ2h0PSIxIiB4bWxucz0iaHR0cDovL3d3dy53My5vcmcvMjAwMC9zdmciPjwvc3ZnPg==\" style=\"--smush-placeholder-width: 225px; --smush-placeholder-aspect-ratio: 225\/300;\" \/><\/h4>\n<h4 style=\"text-align: center;\">Vote : 1<\/h4>\n<figure><img decoding=\"async\" class=\"aligncenter wp-image-11503 lazyload\" title=\"Western Cape\" data-src=\"https:\/\/www.barbie-secondlife.com\/wp-content\/uploads\/2018\/03\/Drapeau_WesternCape.jpg\" alt=\"Western Cape (AFS)\" width=\"60\" height=\"40\" src=\"data:image\/svg+xml;base64,PHN2ZyB3aWR0aD0iMSIgaGVpZ2h0PSIxIiB4bWxucz0iaHR0cDovL3d3dy53My5vcmcvMjAwMC9zdmciPjwvc3ZnPg==\" style=\"--smush-placeholder-width: 60px; --smush-placeholder-aspect-ratio: 60\/40;\"><\/figure><p>Western Cape<\/p>\n<\/td><td><img decoding=\"async\" class=\"aligncenter wp-image-14182 size-full lazyload\" title=\"Miss Barbie Selma\" data-src=\"https:\/\/www.barbie-secondlife.com\/wp-content\/uploads\/2018\/10\/Selma.jpg\" alt=\"Miss Barbie Selma\" width=\"625\" height=\"500\" data-srcset=\"https:\/\/www.barbie-secondlife.com\/wp-content\/uploads\/2018\/10\/Selma.jpg 625w, https:\/\/www.barbie-secondlife.com\/wp-content\/uploads\/2018\/10\/Selma-302x242.jpg 302w, https:\/\/www.barbie-secondlife.com\/wp-content\/uploads\/2018\/10\/Selma-200x160.jpg 200w, https:\/\/www.barbie-secondlife.com\/wp-content\/uploads\/2018\/10\/Selma-500x400.jpg 500w, https:\/\/www.barbie-secondlife.com\/wp-content\/uploads\/2018\/10\/Selma-350x280.jpg 350w\" data-sizes=\"(max-width: 625px) 100vw, 625px\" src=\"data:image\/svg+xml;base64,PHN2ZyB3aWR0aD0iMSIgaGVpZ2h0PSIxIiB4bWxucz0iaHR0cDovL3d3dy53My5vcmcvMjAwMC9zdmciPjwvc3ZnPg==\" style=\"--smush-placeholder-width: 625px; --smush-placeholder-aspect-ratio: 625\/500;\" \/><\/td><\/tr><tr><td class=\"has-text-align-center\" data-align=\"center\">\n<h4 style=\"text-align: center;\"><img decoding=\"async\" class=\"aligncenter wp-image-14183 size-full lazyload\" title=\"Miss Barbie Constance\" data-src=\"https:\/\/www.barbie-secondlife.com\/wp-content\/uploads\/2018\/10\/Tasneem_face.jpg\" alt=\"Miss Barbie Tasneem\" width=\"225\" height=\"300\" data-srcset=\"https:\/\/www.barbie-secondlife.com\/wp-content\/uploads\/2018\/10\/Tasneem_face.jpg 225w, https:\/\/www.barbie-secondlife.com\/wp-content\/uploads\/2018\/10\/Tasneem_face-200x267.jpg 200w\" data-sizes=\"(max-width: 225px) 100vw, 225px\" src=\"data:image\/svg+xml;base64,PHN2ZyB3aWR0aD0iMSIgaGVpZ2h0PSIxIiB4bWxucz0iaHR0cDovL3d3dy53My5vcmcvMjAwMC9zdmciPjwvc3ZnPg==\" style=\"--smush-placeholder-width: 225px; --smush-placeholder-aspect-ratio: 225\/300;\" \/><\/h4>\n<h4 style=\"text-align: center;\">Vote : 1<\/h4>\n<figure><img decoding=\"async\" class=\"aligncenter wp-image-11498 lazyload\" title=\"KwaZulu-Natal\" data-src=\"https:\/\/www.barbie-secondlife.com\/wp-content\/uploads\/2018\/03\/Drapeau_KwazuluNatal.jpg\" alt=\"KwazuluNatal (AFS)\" width=\"60\" height=\"40\" src=\"data:image\/svg+xml;base64,PHN2ZyB3aWR0aD0iMSIgaGVpZ2h0PSIxIiB4bWxucz0iaHR0cDovL3d3dy53My5vcmcvMjAwMC9zdmciPjwvc3ZnPg==\" style=\"--smush-placeholder-width: 60px; --smush-placeholder-aspect-ratio: 60\/40;\"><\/figure><p>KwaZulu-Natal<\/p>\n<\/td><td><img decoding=\"async\" class=\"aligncenter wp-image-14184 size-full lazyload\" title=\"Miss Barbie Tasneem\" data-src=\"https:\/\/www.barbie-secondlife.com\/wp-content\/uploads\/2018\/10\/Tasneem.jpg\" alt=\"Miss Barbie Tasneem\" width=\"625\" height=\"500\" data-srcset=\"https:\/\/www.barbie-secondlife.com\/wp-content\/uploads\/2018\/10\/Tasneem.jpg 625w, https:\/\/www.barbie-secondlife.com\/wp-content\/uploads\/2018\/10\/Tasneem-302x242.jpg 302w, https:\/\/www.barbie-secondlife.com\/wp-content\/uploads\/2018\/10\/Tasneem-200x160.jpg 200w, https:\/\/www.barbie-secondlife.com\/wp-content\/uploads\/2018\/10\/Tasneem-500x400.jpg 500w, https:\/\/www.barbie-secondlife.com\/wp-content\/uploads\/2018\/10\/Tasneem-350x280.jpg 350w\" data-sizes=\"(max-width: 625px) 100vw, 625px\" src=\"data:image\/svg+xml;base64,PHN2ZyB3aWR0aD0iMSIgaGVpZ2h0PSIxIiB4bWxucz0iaHR0cDovL3d3dy53My5vcmcvMjAwMC9zdmciPjwvc3ZnPg==\" style=\"--smush-placeholder-width: 625px; --smush-placeholder-aspect-ratio: 625\/500;\" \/><\/td><\/tr><\/tbody><\/table><\/figure>\n\n\n\n<p>[TheChamp-Counter]<\/p>\n","protected":false},"excerpt":{"rendered":"<p>Miss Barbie South Africa 2018 Resultados en el concurso Miss Barbie South Africa 2018. &nbsp; La elecci\u00f3n se llev\u00f3 a cabo en&nbsp;Johannesburgo.Fueron 10 candidatas al t\u00edtulo.Jacklen&nbsp;se convierte en Miss Barbie&nbsp;South Africa 2018 &nbsp; Vote : 11 Northern Cape &nbsp; Vote : 10 Gauteng &nbsp; Vote : 5 North West &nbsp; Vote : 4 Mpumalanga Vote [&hellip;]<\/p>\n","protected":false},"author":1,"featured_media":13739,"parent":13696,"menu_order":0,"comment_status":"closed","ping_status":"closed","template":"","meta":{"footnotes":""},"class_list":["post-13978","page","type-page","status-publish","has-post-thumbnail","hentry"],"translation":{"provider":"WPGlobus","version":"3.0.2","language":"es","enabled_languages":["fr","en","es","br","de"],"languages":{"fr":{"title":true,"content":true,"excerpt":false},"en":{"title":true,"content":true,"excerpt":false},"es":{"title":true,"content":true,"excerpt":false},"br":{"title":true,"content":true,"excerpt":false},"de":{"title":true,"content":true,"excerpt":false}}},"_links":{"self":[{"href":"https:\/\/www.barbie-secondlife.com\/es\/wp-json\/wp\/v2\/pages\/13978","targetHints":{"allow":["GET"]}}],"collection":[{"href":"https:\/\/www.barbie-secondlife.com\/es\/wp-json\/wp\/v2\/pages"}],"about":[{"href":"https:\/\/www.barbie-secondlife.com\/es\/wp-json\/wp\/v2\/types\/page"}],"author":[{"embeddable":true,"href":"https:\/\/www.barbie-secondlife.com\/es\/wp-json\/wp\/v2\/users\/1"}],"replies":[{"embeddable":true,"href":"https:\/\/www.barbie-secondlife.com\/es\/wp-json\/wp\/v2\/comments?post=13978"}],"version-history":[{"count":0,"href":"https:\/\/www.barbie-secondlife.com\/es\/wp-json\/wp\/v2\/pages\/13978\/revisions"}],"up":[{"embeddable":true,"href":"https:\/\/www.barbie-secondlife.com\/es\/wp-json\/wp\/v2\/pages\/13696"}],"wp:featuredmedia":[{"embeddable":true,"href":"https:\/\/www.barbie-secondlife.com\/es\/wp-json\/wp\/v2\/media\/13739"}],"wp:attachment":[{"href":"https:\/\/www.barbie-secondlife.com\/es\/wp-json\/wp\/v2\/media?parent=13978"}],"curies":[{"name":"wp","href":"https:\/\/api.w.org\/{rel}","templated":true}]}}