{"id":18479,"date":"2019-04-29T10:41:57","date_gmt":"2019-04-29T08:41:57","guid":{"rendered":"http:\/\/www.barbie-secondlife.com\/?page_id=18479"},"modified":"2020-04-17T22:19:25","modified_gmt":"2020-04-17T20:19:25","slug":"par-pays-ken","status":"publish","type":"page","link":"https:\/\/www.barbie-secondlife.com\/es\/recherche\/par-pays-ken\/","title":{"rendered":"Por Pa\u00eds (Ken)"},"content":{"rendered":"<p>Lista de pa\u00edses que comienzan con :<\/p>\n<table border=\"0\" width=\"100%\" cellspacing=\"0\" cellpadding=\"0\" bgcolor=\"#FFFFFF\">\n<tbody>\n<tr>\n<td style=\"text-align: left;\" width=\"25%\">\n<h4><span style=\"color: #e67fb9;\"><strong>A<\/strong><\/span><\/h4>\n<\/td>\n<td style=\"text-align: left;\" width=\"25%\">\n<h4><span style=\"color: #e67fb9;\"><strong>B<\/strong><\/span><\/h4>\n<\/td>\n<td style=\"text-align: left;\" width=\"25%\">\n<h4><span style=\"color: #e67fb9;\"><strong>C<\/strong><\/span><\/h4>\n<\/td>\n<td style=\"text-align: left;\" width=\"25%\">\n<h4><span style=\"color: #e67fb9;\"><strong>D<\/strong><\/span><\/h4>\n<\/td>\n<\/tr>\n<tr>\n<td valign=\"top\" width=\"25%\"><a href=\"https:\/\/www.barbie-secondlife.com\/es\/barbie\/kens-dans-le-monde\/ken-tobias\/\">Alemania<\/a><br \/>\n<a href=\"https:\/\/www.barbie-secondlife.com\/es\/barbie\/kens-dans-le-monde\/ken-maximilian\/\">Austria<\/a><\/td>\n<td valign=\"top\" width=\"25%\"><a href=\"https:\/\/www.barbie-secondlife.com\/es\/barbie\/kens-dans-le-monde\/ken-loic\/\">B\u00e9lgica<\/a><\/td>\n<td valign=\"top\" width=\"25%\"><\/td>\n<td valign=\"top\" width=\"25%\"><a href=\"https:\/\/www.barbie-secondlife.com\/es\/barbie\/kens-dans-le-monde\/ken-jens\/\">Dinamarca<\/a><\/td>\n<\/tr>\n<tr>\n<td colspan=\"4\"><img decoding=\"async\" class=\"aligncenter wp-image-13668 lazyload\" title=\"Separator\" data-src=\"https:\/\/www.barbie-secondlife.com\/wp-content\/uploads\/2018\/10\/stars-rose.png\" alt=\"Separator\" width=\"100\" height=\"17\" data-srcset=\"https:\/\/www.barbie-secondlife.com\/wp-content\/uploads\/2018\/10\/stars-rose.png 300w, https:\/\/www.barbie-secondlife.com\/wp-content\/uploads\/2018\/10\/stars-rose-200x35.png 200w\" data-sizes=\"(max-width: 100px) 100vw, 100px\" src=\"data:image\/svg+xml;base64,PHN2ZyB3aWR0aD0iMSIgaGVpZ2h0PSIxIiB4bWxucz0iaHR0cDovL3d3dy53My5vcmcvMjAwMC9zdmciPjwvc3ZnPg==\" style=\"--smush-placeholder-width: 100px; --smush-placeholder-aspect-ratio: 100\/17;\" \/><\/td>\n<\/tr>\n<tr>\n<td style=\"text-align: left;\" width=\"25%\">\n<h4><span style=\"color: #e67fb9;\"><strong>E<\/strong><\/span><\/h4>\n<\/td>\n<td style=\"text-align: left;\" width=\"25%\">\n<h4><span style=\"color: #e67fb9;\"><strong>F<\/strong><\/span><\/h4>\n<\/td>\n<td style=\"text-align: left;\" width=\"25%\">\n<h4><span style=\"color: #e67fb9;\"><strong>G<\/strong><\/span><\/h4>\n<\/td>\n<td style=\"text-align: left;\" width=\"25%\">\n<h4><span style=\"color: #e67fb9;\"><strong>H<\/strong><\/span><\/h4>\n<\/td>\n<\/tr>\n<tr>\n<td valign=\"top\" width=\"25%\"><a href=\"https:\/\/www.barbie-secondlife.com\/es\/barbie\/kens-dans-le-monde\/ken-javier\/\">Espa\u00f1a<\/a><\/td>\n<td valign=\"top\" width=\"25%\"><a href=\"https:\/\/www.barbie-secondlife.com\/es\/barbie\/kens-dans-le-monde\/ken-ludovic\/\">Francia<\/a><\/td>\n<td valign=\"top\" width=\"25%\"><\/td>\n<td valign=\"top\" width=\"25%\"><a href=\"https:\/\/www.barbie-secondlife.com\/es\/barbie\/kens-dans-le-monde\/ken-gabor\/\">Hungr\u00eda<\/a><\/td>\n<\/tr>\n<tr>\n<td colspan=\"4\"><img decoding=\"async\" class=\"aligncenter wp-image-13668 lazyload\" title=\"Separator\" data-src=\"https:\/\/www.barbie-secondlife.com\/wp-content\/uploads\/2018\/10\/stars-rose.png\" alt=\"Separator\" width=\"100\" height=\"17\" data-srcset=\"https:\/\/www.barbie-secondlife.com\/wp-content\/uploads\/2018\/10\/stars-rose.png 300w, https:\/\/www.barbie-secondlife.com\/wp-content\/uploads\/2018\/10\/stars-rose-200x35.png 200w\" data-sizes=\"(max-width: 100px) 100vw, 100px\" src=\"data:image\/svg+xml;base64,PHN2ZyB3aWR0aD0iMSIgaGVpZ2h0PSIxIiB4bWxucz0iaHR0cDovL3d3dy53My5vcmcvMjAwMC9zdmciPjwvc3ZnPg==\" style=\"--smush-placeholder-width: 100px; --smush-placeholder-aspect-ratio: 100\/17;\" \/><\/td>\n<\/tr>\n<tr>\n<td style=\"text-align: left;\" width=\"25%\">\n<h4><span style=\"color: #e67fb9;\"><strong>I<\/strong><\/span><\/h4>\n<\/td>\n<td style=\"text-align: left;\" width=\"25%\">\n<h4><span style=\"color: #e67fb9;\"><strong>J<\/strong><\/span><\/h4>\n<\/td>\n<td style=\"text-align: left;\" width=\"25%\">\n<h4><span style=\"color: #e67fb9;\"><strong>K<\/strong><\/span><\/h4>\n<\/td>\n<td style=\"text-align: left;\" width=\"25%\">\n<h4><span style=\"color: #e67fb9;\"><strong>L<\/strong><\/span><\/h4>\n<\/td>\n<\/tr>\n<tr>\n<td valign=\"top\" width=\"25%\"><a href=\"https:\/\/www.barbie-secondlife.com\/es\/barbie\/kens-dans-le-monde\/ken-aaron\/\">Islandia<\/a><br \/>\n<a href=\"https:\/\/www.barbie-secondlife.com\/es\/barbie\/kens-dans-le-monde\/ken-marco\/\">Italia<\/a><\/td>\n<td valign=\"top\" width=\"25%\"><\/td>\n<td valign=\"top\" width=\"25%\"><\/td>\n<td valign=\"top\" width=\"25%\"><\/td>\n<\/tr>\n<tr>\n<td colspan=\"4\"><img decoding=\"async\" class=\"aligncenter wp-image-13668 lazyload\" title=\"Separator\" data-src=\"https:\/\/www.barbie-secondlife.com\/wp-content\/uploads\/2018\/10\/stars-rose.png\" alt=\"Separator\" width=\"100\" height=\"17\" data-srcset=\"https:\/\/www.barbie-secondlife.com\/wp-content\/uploads\/2018\/10\/stars-rose.png 300w, https:\/\/www.barbie-secondlife.com\/wp-content\/uploads\/2018\/10\/stars-rose-200x35.png 200w\" data-sizes=\"(max-width: 100px) 100vw, 100px\" src=\"data:image\/svg+xml;base64,PHN2ZyB3aWR0aD0iMSIgaGVpZ2h0PSIxIiB4bWxucz0iaHR0cDovL3d3dy53My5vcmcvMjAwMC9zdmciPjwvc3ZnPg==\" style=\"--smush-placeholder-width: 100px; --smush-placeholder-aspect-ratio: 100\/17;\" \/><\/td>\n<\/tr>\n<tr>\n<td style=\"text-align: left;\" width=\"25%\">\n<h4><span style=\"color: #e67fb9;\"><strong>M<\/strong><\/span><\/h4>\n<\/td>\n<td style=\"text-align: left;\" width=\"25%\">\n<h4><span style=\"color: #e67fb9;\"><strong>N<\/strong><\/span><\/h4>\n<\/td>\n<td style=\"text-align: left;\" width=\"25%\">\n<h4><span style=\"color: #e67fb9;\"><strong>O<\/strong><\/span><\/h4>\n<\/td>\n<td style=\"text-align: left;\" width=\"25%\">\n<h4><span style=\"color: #e67fb9;\"><strong>P<\/strong><\/span><\/h4>\n<\/td>\n<\/tr>\n<tr>\n<td valign=\"top\" width=\"25%\"><\/td>\n<td valign=\"top\" width=\"25%\"><a href=\"https:\/\/www.barbie-secondlife.com\/es\/barbie\/kens-dans-le-monde\/ken-magnus\/\">Noruega<\/a><\/td>\n<td valign=\"top\" width=\"25%\"><\/td>\n<td valign=\"top\" width=\"25%\"><a href=\"https:\/\/www.barbie-secondlife.com\/es\/barbie\/kens-dans-le-monde\/ken-luuk\/\">Pa\u00edses Bajos<\/a><br \/>\n<a href=\"https:\/\/www.barbie-secondlife.com\/es\/barbie\/kens-dans-le-monde\/ken-pawel\/\">Polonia<\/a><br \/>\n<a href=\"https:\/\/www.barbie-secondlife.com\/es\/barbie\/kens-dans-le-monde\/ken-francisco\/\">Portugal<\/a><\/td>\n<\/tr>\n<tr>\n<td colspan=\"4\"><img decoding=\"async\" class=\"aligncenter wp-image-13668 lazyload\" title=\"Separator\" data-src=\"https:\/\/www.barbie-secondlife.com\/wp-content\/uploads\/2018\/10\/stars-rose.png\" alt=\"Separator\" width=\"100\" height=\"17\" data-srcset=\"https:\/\/www.barbie-secondlife.com\/wp-content\/uploads\/2018\/10\/stars-rose.png 300w, https:\/\/www.barbie-secondlife.com\/wp-content\/uploads\/2018\/10\/stars-rose-200x35.png 200w\" data-sizes=\"(max-width: 100px) 100vw, 100px\" src=\"data:image\/svg+xml;base64,PHN2ZyB3aWR0aD0iMSIgaGVpZ2h0PSIxIiB4bWxucz0iaHR0cDovL3d3dy53My5vcmcvMjAwMC9zdmciPjwvc3ZnPg==\" style=\"--smush-placeholder-width: 100px; --smush-placeholder-aspect-ratio: 100\/17;\" \/><\/td>\n<\/tr>\n<tr>\n<td style=\"text-align: left;\" width=\"25%\">\n<h4><span style=\"color: #e67fb9;\"><strong>Q<\/strong><\/span><\/h4>\n<\/td>\n<td style=\"text-align: left;\" width=\"25%\">\n<h4><span style=\"color: #e67fb9;\"><strong>R<\/strong><\/span><\/h4>\n<\/td>\n<td style=\"text-align: left;\" width=\"25%\">\n<h4><span style=\"color: #e67fb9;\"><strong>S<\/strong><\/span><\/h4>\n<\/td>\n<td style=\"text-align: left;\" width=\"25%\">\n<h4><span style=\"color: #e67fb9;\"><strong>T<\/strong><\/span><\/h4>\n<\/td>\n<\/tr>\n<tr>\n<td valign=\"top\" width=\"25%\"><\/td>\n<td valign=\"top\" width=\"25%\"><a href=\"https:\/\/www.barbie-secondlife.com\/es\/barbie\/kens-dans-le-monde\/ken-scott\/\">Reino Unido<\/a><br \/>\n<a href=\"https:\/\/www.barbie-secondlife.com\/es\/barbie\/kens-dans-le-monde\/ken-marek\/\">Rep\u00fablica Checa<\/a><br \/>\n<a href=\"https:\/\/www.barbie-secondlife.com\/es\/barbie\/kens-dans-le-monde\/ken-adrian\/\">Rumania<\/a><br \/>\n<a href=\"https:\/\/www.barbie-secondlife.com\/es\/barbie\/kens-dans-le-monde\/ken-sasha\/\">Rusia<\/a><\/td>\n<td valign=\"top\" width=\"25%\"><a href=\"https:\/\/www.barbie-secondlife.com\/es\/barbie\/kens-dans-le-monde\/ken-gustav\/\">Suecia<\/a><br \/>\n<a href=\"https:\/\/www.barbie-secondlife.com\/es\/barbie\/kens-dans-le-monde\/ken-florian\/\">Suiza<\/a><\/td>\n<td valign=\"top\" width=\"25%\"><\/td>\n<\/tr>\n<tr>\n<td colspan=\"4\"><img decoding=\"async\" class=\"aligncenter wp-image-13668 lazyload\" title=\"Separator\" data-src=\"https:\/\/www.barbie-secondlife.com\/wp-content\/uploads\/2018\/10\/stars-rose.png\" alt=\"Separator\" width=\"100\" height=\"17\" data-srcset=\"https:\/\/www.barbie-secondlife.com\/wp-content\/uploads\/2018\/10\/stars-rose.png 300w, https:\/\/www.barbie-secondlife.com\/wp-content\/uploads\/2018\/10\/stars-rose-200x35.png 200w\" data-sizes=\"(max-width: 100px) 100vw, 100px\" src=\"data:image\/svg+xml;base64,PHN2ZyB3aWR0aD0iMSIgaGVpZ2h0PSIxIiB4bWxucz0iaHR0cDovL3d3dy53My5vcmcvMjAwMC9zdmciPjwvc3ZnPg==\" style=\"--smush-placeholder-width: 100px; --smush-placeholder-aspect-ratio: 100\/17;\" \/><\/td>\n<\/tr>\n<tr>\n<td style=\"text-align: left;\" width=\"25%\">\n<h4><span style=\"color: #e67fb9;\"><strong>U<\/strong><\/span><\/h4>\n<\/td>\n<td style=\"text-align: left;\" width=\"25%\">\n<h4><span style=\"color: #e67fb9;\"><strong>V<\/strong><\/span><\/h4>\n<\/td>\n<td style=\"text-align: left;\" width=\"25%\">\n<h4><span style=\"color: #e67fb9;\"><strong>W<\/strong><\/span><\/h4>\n<\/td>\n<td style=\"text-align: left;\" width=\"25%\">\n<h4><span style=\"color: #e67fb9;\"><strong>X<\/strong><\/span><\/h4>\n<\/td>\n<\/tr>\n<tr>\n<td valign=\"top\" width=\"25%\"><\/td>\n<td valign=\"top\" width=\"25%\"><\/td>\n<td valign=\"top\" width=\"25%\"><\/td>\n<td valign=\"top\" width=\"25%\"><\/td>\n<\/tr>\n<tr>\n<td colspan=\"4\"><img decoding=\"async\" class=\"aligncenter wp-image-13668 lazyload\" title=\"Separator\" data-src=\"https:\/\/www.barbie-secondlife.com\/wp-content\/uploads\/2018\/10\/stars-rose.png\" alt=\"Separator\" width=\"100\" height=\"17\" data-srcset=\"https:\/\/www.barbie-secondlife.com\/wp-content\/uploads\/2018\/10\/stars-rose.png 300w, https:\/\/www.barbie-secondlife.com\/wp-content\/uploads\/2018\/10\/stars-rose-200x35.png 200w\" data-sizes=\"(max-width: 100px) 100vw, 100px\" src=\"data:image\/svg+xml;base64,PHN2ZyB3aWR0aD0iMSIgaGVpZ2h0PSIxIiB4bWxucz0iaHR0cDovL3d3dy53My5vcmcvMjAwMC9zdmciPjwvc3ZnPg==\" style=\"--smush-placeholder-width: 100px; --smush-placeholder-aspect-ratio: 100\/17;\" \/><\/td>\n<\/tr>\n<tr>\n<td style=\"text-align: left;\" width=\"25%\">\n<h4><span style=\"color: #e67fb9;\"><strong>Y<\/strong><\/span><\/h4>\n<\/td>\n<td style=\"text-align: left;\" width=\"25%\">\n<h4><span style=\"color: #e67fb9;\"><strong>Z<\/strong><\/span><\/h4>\n<\/td>\n<\/tr>\n<tr>\n<td valign=\"top\" width=\"25%\"><\/td>\n<td valign=\"top\" width=\"25%\"><\/td>\n<\/tr>\n<\/tbody>\n<\/table>\n<p>[TheChamp-Counter]<\/p>\n","protected":false},"excerpt":{"rendered":"<p>Lista de pa\u00edses que comienzan con : A B C D Alemania Austria B\u00e9lgica Dinamarca E F G H Espa\u00f1a Francia Hungr\u00eda I J K L Islandia Italia M N O P Noruega Pa\u00edses Bajos Polonia Portugal Q R S T Reino Unido Rep\u00fablica Checa Rumania Rusia Suecia Suiza U V W X Y Z [&hellip;]<\/p>\n","protected":false},"author":1,"featured_media":12261,"parent":9485,"menu_order":0,"comment_status":"closed","ping_status":"closed","template":"","meta":{"footnotes":""},"class_list":["post-18479","page","type-page","status-publish","has-post-thumbnail","hentry"],"translation":{"provider":"WPGlobus","version":"3.0.2","language":"es","enabled_languages":["fr","en","es","br","de"],"languages":{"fr":{"title":true,"content":true,"excerpt":false},"en":{"title":true,"content":true,"excerpt":false},"es":{"title":true,"content":true,"excerpt":false},"br":{"title":true,"content":true,"excerpt":false},"de":{"title":true,"content":true,"excerpt":false}}},"_links":{"self":[{"href":"https:\/\/www.barbie-secondlife.com\/es\/wp-json\/wp\/v2\/pages\/18479","targetHints":{"allow":["GET"]}}],"collection":[{"href":"https:\/\/www.barbie-secondlife.com\/es\/wp-json\/wp\/v2\/pages"}],"about":[{"href":"https:\/\/www.barbie-secondlife.com\/es\/wp-json\/wp\/v2\/types\/page"}],"author":[{"embeddable":true,"href":"https:\/\/www.barbie-secondlife.com\/es\/wp-json\/wp\/v2\/users\/1"}],"replies":[{"embeddable":true,"href":"https:\/\/www.barbie-secondlife.com\/es\/wp-json\/wp\/v2\/comments?post=18479"}],"version-history":[{"count":0,"href":"https:\/\/www.barbie-secondlife.com\/es\/wp-json\/wp\/v2\/pages\/18479\/revisions"}],"up":[{"embeddable":true,"href":"https:\/\/www.barbie-secondlife.com\/es\/wp-json\/wp\/v2\/pages\/9485"}],"wp:featuredmedia":[{"embeddable":true,"href":"https:\/\/www.barbie-secondlife.com\/es\/wp-json\/wp\/v2\/media\/12261"}],"wp:attachment":[{"href":"https:\/\/www.barbie-secondlife.com\/es\/wp-json\/wp\/v2\/media?parent=18479"}],"curies":[{"name":"wp","href":"https:\/\/api.w.org\/{rel}","templated":true}]}}