{"id":23544,"date":"2020-04-21T16:10:24","date_gmt":"2020-04-21T14:10:24","guid":{"rendered":"http:\/\/www.barbie-secondlife.com\/?page_id=23544"},"modified":"2024-01-14T00:18:05","modified_gmt":"2024-01-13T23:18:05","slug":"label","status":"publish","type":"page","link":"https:\/\/www.barbie-secondlife.com\/es\/collection\/label\/","title":{"rendered":"Label"},"content":{"rendered":"\n<h2 class=\"wp-block-heading\"><strong><em>Barbie Label<\/em><\/strong><\/h2>\n\n\n\n<p>Las \u00abetiqueta\u00bb principales en las colecciones de Barbie. 4 todav\u00eda se utilizan hoy en d\u00eda <strong><a href=\"https:\/\/www.barbie-secondlife.com\/es\/tag\/black-label\/\">Black Label<\/a>, <a href=\"https:\/\/www.barbie-secondlife.com\/es\/tag\/gold-label\/\">Gold Label<\/a>, <a href=\"https:\/\/www.barbie-secondlife.com\/es\/tag\/pink-label\/\">Pink Label<\/a><\/strong> y la m\u00e1s prestigiosa <strong><a href=\"https:\/\/www.barbie-secondlife.com\/es\/tag\/platinum-label\/\">Platinum Label<\/a><\/strong>. <strong><a href=\"https:\/\/www.barbie-secondlife.com\/es\/tag\/silver-label\/\">Silver Label<\/a><\/strong> ha estado desaparecido desde 2019.<\/p>\n\n\n\n<hr class=\"wp-block-separator\"\/>\n\n\n\n<figure class=\"wp-block-table\"><table class=\"has-fixed-layout\"><tbody><tr><td class=\"has-text-align-center\" data-align=\"center\"><a href=\"https:\/\/www.barbie-secondlife.com\/es\/tag\/black-label\/\"><img decoding=\"async\" width=\"150\" height=\"150\" class=\"wp-image-27586 lazyload\" style=\"--smush-placeholder-width: 150px; --smush-placeholder-aspect-ratio: 150\/150;width: 150px;\" data-src=\"https:\/\/www.barbie-secondlife.com\/wp-content\/uploads\/2020\/05\/Collection_BlackLabel.jpg\" alt=\"Barbie Collection Black Label\" data-srcset=\"https:\/\/www.barbie-secondlife.com\/wp-content\/uploads\/2020\/05\/Collection_BlackLabel.jpg 300w, https:\/\/www.barbie-secondlife.com\/wp-content\/uploads\/2020\/05\/Collection_BlackLabel-200x200.jpg 200w\" data-sizes=\"(max-width: 150px) 100vw, 150px\" src=\"data:image\/svg+xml;base64,PHN2ZyB3aWR0aD0iMSIgaGVpZ2h0PSIxIiB4bWxucz0iaHR0cDovL3d3dy53My5vcmcvMjAwMC9zdmciPjwvc3ZnPg==\" \/><\/a><\/td><td class=\"has-text-align-center\" data-align=\"center\"><a href=\"https:\/\/www.barbie-secondlife.com\/es\/tag\/gold-label\/\"><img decoding=\"async\" width=\"150\" height=\"150\" class=\"wp-image-27583 lazyload\" style=\"--smush-placeholder-width: 150px; --smush-placeholder-aspect-ratio: 150\/150;width: 150px;\" data-src=\"https:\/\/www.barbie-secondlife.com\/wp-content\/uploads\/2020\/05\/Collection_GoldLabel.jpg\" alt=\"Barbie Collection Gold Label\" data-srcset=\"https:\/\/www.barbie-secondlife.com\/wp-content\/uploads\/2020\/05\/Collection_GoldLabel.jpg 300w, https:\/\/www.barbie-secondlife.com\/wp-content\/uploads\/2020\/05\/Collection_GoldLabel-200x200.jpg 200w\" data-sizes=\"(max-width: 150px) 100vw, 150px\" src=\"data:image\/svg+xml;base64,PHN2ZyB3aWR0aD0iMSIgaGVpZ2h0PSIxIiB4bWxucz0iaHR0cDovL3d3dy53My5vcmcvMjAwMC9zdmciPjwvc3ZnPg==\" \/><\/a><\/td><td class=\"has-text-align-center\" data-align=\"center\"><a href=\"https:\/\/www.barbie-secondlife.com\/es\/tag\/platinum-label\/\"><img decoding=\"async\" width=\"150\" height=\"150\" class=\"wp-image-18396 lazyload\" style=\"--smush-placeholder-width: 150px; --smush-placeholder-aspect-ratio: 150\/150;width: 150px;\" data-src=\"https:\/\/www.barbie-secondlife.com\/wp-content\/uploads\/2019\/04\/Collection_Platinum.jpg\" alt=\"Collection Platinum Label\" data-srcset=\"https:\/\/www.barbie-secondlife.com\/wp-content\/uploads\/2019\/04\/Collection_Platinum.jpg 300w, https:\/\/www.barbie-secondlife.com\/wp-content\/uploads\/2019\/04\/Collection_Platinum-200x200.jpg 200w\" data-sizes=\"(max-width: 150px) 100vw, 150px\" src=\"data:image\/svg+xml;base64,PHN2ZyB3aWR0aD0iMSIgaGVpZ2h0PSIxIiB4bWxucz0iaHR0cDovL3d3dy53My5vcmcvMjAwMC9zdmciPjwvc3ZnPg==\" \/><\/a><\/td><\/tr><\/tbody><\/table><\/figure>\n\n\n\n<hr class=\"wp-block-separator\"\/>\n\n\n\n<figure class=\"wp-block-table\"><table class=\"has-fixed-layout\"><tbody><tr><td class=\"has-text-align-center\" data-align=\"center\"><a href=\"https:\/\/www.barbie-secondlife.com\/es\/tag\/pink-label\/\"><img decoding=\"async\" width=\"150\" height=\"150\" class=\"wp-image-27585 lazyload\" style=\"--smush-placeholder-width: 150px; --smush-placeholder-aspect-ratio: 150\/150;width: 150px;\" data-src=\"https:\/\/www.barbie-secondlife.com\/wp-content\/uploads\/2020\/05\/Collection_PinkLabel.jpg\" alt=\"Barbie Collection Pink Label\" data-srcset=\"https:\/\/www.barbie-secondlife.com\/wp-content\/uploads\/2020\/05\/Collection_PinkLabel.jpg 300w, https:\/\/www.barbie-secondlife.com\/wp-content\/uploads\/2020\/05\/Collection_PinkLabel-200x200.jpg 200w\" data-sizes=\"(max-width: 150px) 100vw, 150px\" src=\"data:image\/svg+xml;base64,PHN2ZyB3aWR0aD0iMSIgaGVpZ2h0PSIxIiB4bWxucz0iaHR0cDovL3d3dy53My5vcmcvMjAwMC9zdmciPjwvc3ZnPg==\" \/><\/a><\/td><td class=\"has-text-align-center\" data-align=\"center\"><a href=\"https:\/\/www.barbie-secondlife.com\/es\/tag\/silver-label\/\"><img decoding=\"async\" width=\"150\" height=\"150\" class=\"wp-image-27584 lazyload\" style=\"--smush-placeholder-width: 150px; --smush-placeholder-aspect-ratio: 150\/150;width: 150px;\" data-src=\"https:\/\/www.barbie-secondlife.com\/wp-content\/uploads\/2020\/05\/Collection_SilverLabel.jpg\" alt=\"Barbie Collection Silver Label\" data-srcset=\"https:\/\/www.barbie-secondlife.com\/wp-content\/uploads\/2020\/05\/Collection_SilverLabel.jpg 300w, https:\/\/www.barbie-secondlife.com\/wp-content\/uploads\/2020\/05\/Collection_SilverLabel-200x200.jpg 200w\" data-sizes=\"(max-width: 150px) 100vw, 150px\" src=\"data:image\/svg+xml;base64,PHN2ZyB3aWR0aD0iMSIgaGVpZ2h0PSIxIiB4bWxucz0iaHR0cDovL3d3dy53My5vcmcvMjAwMC9zdmciPjwvc3ZnPg==\" \/><\/a><\/td><td class=\"has-text-align-center\" data-align=\"center\"><\/td><\/tr><\/tbody><\/table><\/figure>\n\n\n\n<hr class=\"wp-block-separator\"\/>\n\n\n\n<p><span style=\"font-family: lobster; color: #e67fb9;\"><b>Black Label<\/b><\/span> es una etiqueta utilizada desde 2004, incluye mu\u00f1ecas de colecci\u00f3n como Barbie Basics, 60th Anniversary, CityShopper, etc. No tiene una cuota de fabricaci\u00f3n para esta etiqueta.<\/p>\n\n\n\n<p><b><span style=\"font-family: lobster; color: #e67fb9;\">Gold Label<\/span><\/b> estes una etiqueta utilizada desde 2004, incluye mu\u00f1ecas como Barbie Star Wars, 40th Anniversary First Black, Pop Culture in Pantone, etc. La cantidad producida en todo el mundo de mu\u00f1ecas con esta etiqueta ha variado con el tiempos :<br>Entre 2004 y 2014 : <b>20 000<\/b> copias producidas (o menos).<br>Entre 2015 y 2017 : <b>10 000<\/b> copias producidas (o menos).<br>Desde 2018 : <b>20 000<\/b> copias producidas (o menos).<\/p>\n\n\n\n<p><b><span style=\"font-family: lobster; color: #e67fb9;\">Pink Label<\/span><\/b> re\u00fane a las mu\u00f1ecas modelo de Barbie como Barbie Collection on Location, Barbie Grace Kelly, etc., esta etiqueta ha estado vigente desde 2000 y no tiene l\u00edmite de fabricaci\u00f3n.<\/p>\n\n\n\n<p><strong><span style=\"font-family: lobster; color: #e67fb9;\">Platinum Label<\/span><\/strong> es la etiqueta menos utilizada porque el n\u00famero de fabricaci\u00f3n global es de un m\u00e1ximo de <b>5 000<\/b> copias desde 2018 (entre 2004 y 2017 fue de <b>1 000<\/b> copias como m\u00e1ximo), la reventa de estas Barbies se realiza en distribuidores espec\u00edficos o en Barbie.mattel.com. (ex: Barbie Yves Saint Laurent).<\/p>\n\n\n\n<p><strong><span style=\"font-family: lobster; color: #e67fb9;\">Silver Label<\/span><\/strong> es una etiqueta que se retir\u00f3 desde 2019. Entre 2004 y 2014, la cuota de producci\u00f3n fue de <strong>50 000<\/strong> copias de la misma mu\u00f1eca Barbie (por ejemplo, Barbie Hershey\u2019s, Barbie Dream Seasons). Entre 2015 y 2018, la fabricaci\u00f3n se redujo a un m\u00e1ximo de <strong>25 000<\/strong> maximum (por ejemplo, Barbie Hudson&#8217;s Bay &#8211; 2016)<\/p>\n","protected":false},"excerpt":{"rendered":"<p>Barbie Label Las \u00abetiqueta\u00bb principales en las colecciones de Barbie. 4 todav\u00eda se utilizan hoy en d\u00eda Black Label, Gold Label, Pink Label y la m\u00e1s prestigiosa Platinum Label. Silver Label ha estado desaparecido desde 2019. Black Label es una etiqueta utilizada desde 2004, incluye mu\u00f1ecas de colecci\u00f3n como Barbie Basics, 60th Anniversary, CityShopper, etc. [&hellip;]<\/p>\n","protected":false},"author":1,"featured_media":469623,"parent":4910,"menu_order":0,"comment_status":"closed","ping_status":"closed","template":"","meta":{"footnotes":""},"class_list":["post-23544","page","type-page","status-publish","has-post-thumbnail","hentry"],"translation":{"provider":"WPGlobus","version":"3.0.2","language":"es","enabled_languages":["fr","en","es","br","de"],"languages":{"fr":{"title":true,"content":true,"excerpt":false},"en":{"title":true,"content":true,"excerpt":false},"es":{"title":true,"content":true,"excerpt":false},"br":{"title":true,"content":true,"excerpt":false},"de":{"title":true,"content":true,"excerpt":false}}},"_links":{"self":[{"href":"https:\/\/www.barbie-secondlife.com\/es\/wp-json\/wp\/v2\/pages\/23544","targetHints":{"allow":["GET"]}}],"collection":[{"href":"https:\/\/www.barbie-secondlife.com\/es\/wp-json\/wp\/v2\/pages"}],"about":[{"href":"https:\/\/www.barbie-secondlife.com\/es\/wp-json\/wp\/v2\/types\/page"}],"author":[{"embeddable":true,"href":"https:\/\/www.barbie-secondlife.com\/es\/wp-json\/wp\/v2\/users\/1"}],"replies":[{"embeddable":true,"href":"https:\/\/www.barbie-secondlife.com\/es\/wp-json\/wp\/v2\/comments?post=23544"}],"version-history":[{"count":3,"href":"https:\/\/www.barbie-secondlife.com\/es\/wp-json\/wp\/v2\/pages\/23544\/revisions"}],"predecessor-version":[{"id":600622,"href":"https:\/\/www.barbie-secondlife.com\/es\/wp-json\/wp\/v2\/pages\/23544\/revisions\/600622"}],"up":[{"embeddable":true,"href":"https:\/\/www.barbie-secondlife.com\/es\/wp-json\/wp\/v2\/pages\/4910"}],"wp:featuredmedia":[{"embeddable":true,"href":"https:\/\/www.barbie-secondlife.com\/es\/wp-json\/wp\/v2\/media\/469623"}],"wp:attachment":[{"href":"https:\/\/www.barbie-secondlife.com\/es\/wp-json\/wp\/v2\/media?parent=23544"}],"curies":[{"name":"wp","href":"https:\/\/api.w.org\/{rel}","templated":true}]}}