{"id":23557,"date":"2020-04-21T16:42:09","date_gmt":"2020-04-21T14:42:09","guid":{"rendered":"http:\/\/www.barbie-secondlife.com\/?page_id=23557"},"modified":"2022-08-06T14:46:18","modified_gmt":"2022-08-06T12:46:18","slug":"look","status":"publish","type":"page","link":"https:\/\/www.barbie-secondlife.com\/es\/collection\/look\/","title":{"rendered":"Look"},"content":{"rendered":"\n<h2 class=\"wp-block-heading\"><strong><em>Barbie Colecci\u00f3n Look<\/em><\/strong><\/h2>\n\n\n\n<hr class=\"wp-block-separator\"\/>\n\n\n\n<figure class=\"wp-block-table\"><table class=\"has-fixed-layout\"><tbody><tr><td class=\"has-text-align-center\" data-align=\"center\"><a href=\"https:\/\/www.barbie-secondlife.com\/es\/tag\/looks\/\"><img decoding=\"async\" width=\"100\" height=\"253\" class=\"wp-image-468405 lazyload\" style=\"--smush-placeholder-width: 100px; --smush-placeholder-aspect-ratio: 100\/253;width: 100px;\" data-src=\"https:\/\/www.barbie-secondlife.com\/wp-content\/uploads\/2021\/07\/Barbie_Jill_Original.jpg\" alt=\"Barbie Jill\" data-srcset=\"https:\/\/www.barbie-secondlife.com\/wp-content\/uploads\/2021\/07\/Barbie_Jill_Original.jpg 168w, https:\/\/www.barbie-secondlife.com\/wp-content\/uploads\/2021\/07\/Barbie_Jill_Original-119x300.jpg 119w\" data-sizes=\"(max-width: 100px) 100vw, 100px\" src=\"data:image\/svg+xml;base64,PHN2ZyB3aWR0aD0iMSIgaGVpZ2h0PSIxIiB4bWxucz0iaHR0cDovL3d3dy53My5vcmcvMjAwMC9zdmciPjwvc3ZnPg==\" \/><\/a><\/td><td><a href=\"https:\/\/www.barbie-secondlife.com\/es\/tag\/looks\/\">Barbie Looks<\/a><br>Con ropa de moda con detalles dignos de una foto, las mu\u00f1ecas Barbie Looks inspiran al estilista que est\u00e1 adentro. Con todas las esculturas faciales nuevas. Con una apariencia fresca y una personalidad elegante, las mu\u00f1ecas Barbie Looks son el regalo perfecto para estilistas, entusiastas de la moda y coleccionistas de Barbie.<\/td><\/tr><\/tbody><\/table><\/figure>\n\n\n\n<hr class=\"wp-block-separator\"\/>\n\n\n\n<figure class=\"wp-block-table\"><table class=\"has-fixed-layout\"><tbody><tr><td class=\"has-text-align-left\" data-align=\"left\"><a href=\"https:\/\/www.barbie-secondlife.com\/es\/tag\/city-shopper\/\">Barbie Look &#8211; City Shopper<\/a><br>Definitivamente tienen \u201cThe Look! Bien vestida es imprescindible en el mundo de las mu\u00f1ecas Barbie. Siempre elegantes y siempre deslumbrantes, las mu\u00f1ecas Barbie de la colecci\u00f3n &#8216;City Shopper&#8217; est\u00e1n listas para salir de compras con un elegante vestido, joyas, gafas de sol y, por supuesto, una bolsa para la compra. \u00a1Encarnan la colecci\u00f3n &#8216;Barbie Look &#8211; City Shopper&#8217;!<\/td><td class=\"has-text-align-center\" data-align=\"center\"><a href=\"https:\/\/www.barbie-secondlife.com\/es\/tag\/city-shopper\/\"><img decoding=\"async\" data-src=\"https:\/\/www.barbie-secondlife.com\/wp-content\/uploads\/2016\/09\/Original-Silje.png\" alt=\"Barbie - Collection City Shopper\" style=\"--smush-placeholder-width: 164px; --smush-placeholder-aspect-ratio: 164\/425;width: 100px;\" src=\"data:image\/svg+xml;base64,PHN2ZyB3aWR0aD0iMSIgaGVpZ2h0PSIxIiB4bWxucz0iaHR0cDovL3d3dy53My5vcmcvMjAwMC9zdmciPjwvc3ZnPg==\" class=\"lazyload\"><\/a><\/td><\/tr><\/tbody><\/table><\/figure>\n\n\n\n<hr class=\"wp-block-separator\"\/>\n\n\n\n<figure class=\"wp-block-table\"><table class=\"has-fixed-layout\"><tbody><tr><td class=\"has-text-align-center\" data-align=\"center\"><a href=\"https:\/\/www.barbie-secondlife.com\/es\/tag\/look-city-shine\/\"><img decoding=\"async\" width=\"80\" height=\"266\" class=\"wp-image-4381 lazyload\" style=\"--smush-placeholder-width: 80px; --smush-placeholder-aspect-ratio: 80\/266;width: 80px;\" data-src=\"https:\/\/www.barbie-secondlife.com\/wp-content\/uploads\/2016\/09\/Original-June.png\" alt=\"Barbie Collection Look - City Shine - Red Dress\" data-srcset=\"https:\/\/www.barbie-secondlife.com\/wp-content\/uploads\/2016\/09\/Original-June.png 128w, https:\/\/www.barbie-secondlife.com\/wp-content\/uploads\/2016\/09\/Original-June-90x300.png 90w\" data-sizes=\"(max-width: 80px) 100vw, 80px\" src=\"data:image\/svg+xml;base64,PHN2ZyB3aWR0aD0iMSIgaGVpZ2h0PSIxIiB4bWxucz0iaHR0cDovL3d3dy53My5vcmcvMjAwMC9zdmciPjwvc3ZnPg==\" \/><\/a><\/td><td><a href=\"https:\/\/www.barbie-secondlife.com\/es\/tag\/look-city-shine\/\">Barbie Look &#8211; City Shine<\/a><br>Cuando eres un \u00edcono de la moda global como Barbie, siempre tienes el atuendo perfecto para la ocasi\u00f3n perfecta. Esta colecci\u00f3n excepcional de mu\u00f1ecas &#8216;Look &#8211; City Shine&#8217; de colores brillantes revela dondequiera que vayan, hagan lo que hagan, que la mu\u00f1eca Barbie siempre tiene \u00abel look\u00bb.<\/td><\/tr><\/tbody><\/table><\/figure>\n\n\n\n<hr class=\"wp-block-separator\"\/>\n\n\n\n<figure class=\"wp-block-table\"><table class=\"has-fixed-layout\"><tbody><tr><td class=\"has-text-align-left\" data-align=\"left\"><a href=\"https:\/\/www.barbie-secondlife.com\/es\/tag\/the-look-red-carpet\/\">Barbie The Look Red Carpet<\/a><br>El guardarropa de la mu\u00f1eca Barbie contiene ropa glamorosa para todos los eventos imaginables, desde los estrenos de la alfombra roja hasta las galas y las fiestas m\u00e1s incre\u00edbles del planeta. Cada mu\u00f1eca de la colecci\u00f3n \u00abThe Look Red Carpet\u00bb presenta moda elegante, pesta\u00f1as arraigadas, aretes dram\u00e1ticos, brazalete, bolso y zapatos.<\/td><td class=\"has-text-align-center\" data-align=\"center\"><a href=\"https:\/\/www.barbie-secondlife.com\/es\/tag\/the-look-red-carpet\/\"><img decoding=\"async\" width=\"80\" height=\"250\" class=\"wp-image-4392 lazyload\" style=\"--smush-placeholder-width: 80px; --smush-placeholder-aspect-ratio: 80\/250;width: 80px;\" data-src=\"https:\/\/www.barbie-secondlife.com\/wp-content\/uploads\/2016\/12\/Original-Mandy.png\" alt=\"Barbie Collection Look - Red Carpet - Black Gown\" data-srcset=\"https:\/\/www.barbie-secondlife.com\/wp-content\/uploads\/2016\/12\/Original-Mandy.png 136w, https:\/\/www.barbie-secondlife.com\/wp-content\/uploads\/2016\/12\/Original-Mandy-96x300.png 96w\" data-sizes=\"(max-width: 80px) 100vw, 80px\" src=\"data:image\/svg+xml;base64,PHN2ZyB3aWR0aD0iMSIgaGVpZ2h0PSIxIiB4bWxucz0iaHR0cDovL3d3dy53My5vcmcvMjAwMC9zdmciPjwvc3ZnPg==\" \/><\/a><\/td><\/tr><\/tbody><\/table><\/figure>\n\n\n\n<hr class=\"wp-block-separator\"\/>\n\n\n\n<figure class=\"wp-block-table\"><table class=\"has-fixed-layout\"><tbody><tr><td class=\"has-text-align-center\" data-align=\"center\"><a href=\"https:\/\/www.barbie-secondlife.com\/es\/tag\/the-barbie-look\/\"><img decoding=\"async\" width=\"100\" height=\"276\" class=\"wp-image-4312 lazyload\" style=\"--smush-placeholder-width: 100px; --smush-placeholder-aspect-ratio: 100\/276;width: 100px;\" data-src=\"https:\/\/www.barbie-secondlife.com\/wp-content\/uploads\/2016\/12\/Original-Rocio.png\" alt=\"The Barbie Look - Festival\" data-srcset=\"https:\/\/www.barbie-secondlife.com\/wp-content\/uploads\/2016\/12\/Original-Rocio.png 154w, https:\/\/www.barbie-secondlife.com\/wp-content\/uploads\/2016\/12\/Original-Rocio-109x300.png 109w, https:\/\/www.barbie-secondlife.com\/wp-content\/uploads\/2016\/12\/Original-Rocio-151x417.png 151w\" data-sizes=\"(max-width: 100px) 100vw, 100px\" src=\"data:image\/svg+xml;base64,PHN2ZyB3aWR0aD0iMSIgaGVpZ2h0PSIxIiB4bWxucz0iaHR0cDovL3d3dy53My5vcmcvMjAwMC9zdmciPjwvc3ZnPg==\" \/><\/a><\/td><td><a href=\"https:\/\/www.barbie-secondlife.com\/es\/tag\/the-barbie-look\/\">The Barbie Look<\/a><br>Ella es tu amiga m\u00e1s a la moda, siempre actualizada, inspirada e infinitamente inspiradora. El surtido de mu\u00f1ecas Barbie #TheBarbieLook hace que la moda sea divertida, inspir\u00e1ndose en las pasarelas internacionales y los looks urbanos. La mu\u00f1eca Barbie combina su envidiable guardarropa con una imaginaci\u00f3n activa para crear un estilo personal que pide ser fotografiado. El surtido de mu\u00f1ecas Barbie #TheBarbieLook es el ep\u00edtome del glamour con accesorios destacados que complementan cada atuendo.<\/td><\/tr><\/tbody><\/table><\/figure>\n\n\n\n<hr class=\"wp-block-separator\"\/>\n\n\n\n<p><span style=\"font-family: lobster; color: #e67fb9;\"><b>Looks<\/b><\/span> : mu\u00f1ecas lanzadas en 2021, son 4 Barbies y 2 Ken con atuendos dignos de los desfiles de moda.<\/p>\n\n\n\n<p><span style=\"font-family: lobster; color: #e67fb9;\"><b>City Shopper<\/b><\/span> : mu\u00f1ecas lanzadas en 2012\/2013, visten un atuendo muy elegante para llevar a cabo sus compras con su bolso \u00abBarbie\u00bb.<\/p>\n\n\n\n<p><b><span style=\"font-family: lobster; color: #e67fb9;\">Look City Shine<\/span><\/b> : mu\u00f1ecas lanzadas en 2014\/2015, visten vestido de noche, listas para salir.<\/p>\n\n\n\n<p><b><span style=\"font-family: lobster; color: #e67fb9;\">Look Red Carpet<\/span><\/b> : mu\u00f1ecas lanzadas en 2013\/2014, invitadas a la \u00abAlfombra Roja\u00bb, se vistieron en consecuencia.<\/p>\n\n\n\n<p><strong><span style=\"font-family: lobster; color: #e67fb9;\">The Barbie Look<\/span><\/strong> : mu\u00f1ecas lanzadas en 2015\/2016, usan un atuendo seg\u00fan su ocasi\u00f3n de lanzamiento y su estilo. Cada uno es \u00fanico.<\/p>\n","protected":false},"excerpt":{"rendered":"<p>Barbie Colecci\u00f3n Look Barbie LooksCon ropa de moda con detalles dignos de una foto, las mu\u00f1ecas Barbie Looks inspiran al estilista que est\u00e1 adentro. Con todas las esculturas faciales nuevas. Con una apariencia fresca y una personalidad elegante, las mu\u00f1ecas Barbie Looks son el regalo perfecto para estilistas, entusiastas de la moda y coleccionistas de [&hellip;]<\/p>\n","protected":false},"author":1,"featured_media":469625,"parent":4910,"menu_order":0,"comment_status":"closed","ping_status":"closed","template":"","meta":{"footnotes":""},"class_list":["post-23557","page","type-page","status-publish","has-post-thumbnail","hentry"],"translation":{"provider":"WPGlobus","version":"3.0.2","language":"es","enabled_languages":["fr","en","es","br","de"],"languages":{"fr":{"title":true,"content":true,"excerpt":false},"en":{"title":true,"content":true,"excerpt":false},"es":{"title":true,"content":true,"excerpt":false},"br":{"title":true,"content":true,"excerpt":false},"de":{"title":true,"content":true,"excerpt":false}}},"_links":{"self":[{"href":"https:\/\/www.barbie-secondlife.com\/es\/wp-json\/wp\/v2\/pages\/23557","targetHints":{"allow":["GET"]}}],"collection":[{"href":"https:\/\/www.barbie-secondlife.com\/es\/wp-json\/wp\/v2\/pages"}],"about":[{"href":"https:\/\/www.barbie-secondlife.com\/es\/wp-json\/wp\/v2\/types\/page"}],"author":[{"embeddable":true,"href":"https:\/\/www.barbie-secondlife.com\/es\/wp-json\/wp\/v2\/users\/1"}],"replies":[{"embeddable":true,"href":"https:\/\/www.barbie-secondlife.com\/es\/wp-json\/wp\/v2\/comments?post=23557"}],"version-history":[{"count":0,"href":"https:\/\/www.barbie-secondlife.com\/es\/wp-json\/wp\/v2\/pages\/23557\/revisions"}],"up":[{"embeddable":true,"href":"https:\/\/www.barbie-secondlife.com\/es\/wp-json\/wp\/v2\/pages\/4910"}],"wp:featuredmedia":[{"embeddable":true,"href":"https:\/\/www.barbie-secondlife.com\/es\/wp-json\/wp\/v2\/media\/469625"}],"wp:attachment":[{"href":"https:\/\/www.barbie-secondlife.com\/es\/wp-json\/wp\/v2\/media?parent=23557"}],"curies":[{"name":"wp","href":"https:\/\/api.w.org\/{rel}","templated":true}]}}