{"id":23822,"date":"2020-04-22T15:23:31","date_gmt":"2020-04-22T13:23:31","guid":{"rendered":"http:\/\/www.barbie-secondlife.com\/?page_id=23822"},"modified":"2026-01-11T14:59:04","modified_gmt":"2026-01-11T13:59:04","slug":"designer","status":"publish","type":"page","link":"https:\/\/www.barbie-secondlife.com\/es\/collection\/designer\/","title":{"rendered":"Designer"},"content":{"rendered":"\n<h2 class=\"wp-block-heading\"><em><strong>Barbie Designer<\/strong><\/em><\/h2>\n\n\n\n<p>\u00bfQu\u00e9 ser\u00eda de una colecci\u00f3n sin un Dise\u00f1ador? nada creo. Dise\u00f1adores de moda (<b><a href=\"https:\/\/www.barbie-secondlife.com\/es\/tag\/bob-mackie\/\">Bob Mackie<\/a><\/b> &#8211; <a href=\"https:\/\/www.barbie-secondlife.com\/es\/tag\/badgley-mischka\/\">Badgley Mischka<\/a> &#8211; <a href=\"https:\/\/www.barbie-secondlife.com\/es\/tag\/christian-louboutin\/\">Christian Louboutin<\/a> &#8211; <a href=\"https:\/\/www.barbie-secondlife.com\/es\/tag\/yves-saint-laurent\/\">Yves St Laurent<\/a> etc\u2026) para vestir y realzar las Barbies pero tambi\u00e9n Dise\u00f1adores (en Mattel) de la mu\u00f1eca con el m\u00e1s conocido de ellos (<b><a href=\"https:\/\/www.barbie-secondlife.com\/es\/tag\/bill-greening\/\">Bill Greening<\/a><\/b>). He enumerado aqu\u00ed los principales dise\u00f1adores de Barbie que est\u00e1n en mi colecci\u00f3n, han creado hermosas Barbie o atuendos para Barbie. Hay otras dise\u00f1adoras disponibles, as\u00ed que no dudes en utilizar el m\u00f3dulo de b\u00fasqueda en la parte superior derecha de la pantalla para encontrar mu\u00f1ecas dise\u00f1adas por <b><a href=\"https:\/\/www.barbie-secondlife.com\/es\/tag\/versace\/\">Versace<\/a><\/b>, <b><a href=\"https:\/\/www.barbie-secondlife.com\/es\/tag\/anna-sui\/\">Anna Sui<\/a><\/b> o incluso <b><a href=\"https:\/\/www.barbie-secondlife.com\/es\/tag\/dooney-bourke\/\">Dooney&amp;Bourke<\/a><\/b> o haz clic en su nombre para ver las Barbies dise\u00f1adoras<\/p>\n\n\n\n<hr class=\"wp-block-separator has-css-opacity\"\/>\n\n\n\n<h2 class=\"wp-block-heading\"><strong><em>Dise\u00f1adores de trajes de Barbie<\/em><\/strong><\/h2>\n\n\n\n<figure class=\"wp-block-table\"><table class=\"has-fixed-layout\"><tbody><tr><td class=\"has-text-align-center\" data-align=\"center\"><a href=\"https:\/\/www.barbie-secondlife.com\/es\/tag\/anna-sui\/\"><img decoding=\"async\" width=\"150\" height=\"132\" class=\"wp-image-600720 lazyload\" style=\"--smush-placeholder-width: 150px; --smush-placeholder-aspect-ratio: 150\/132;width: 150px;\" data-src=\"https:\/\/www.barbie-secondlife.com\/wp-content\/uploads\/2024\/01\/Barbie_Designer_AnnaSui.png\" alt=\"Barbie Designer Anna Sui\" data-srcset=\"https:\/\/www.barbie-secondlife.com\/wp-content\/uploads\/2024\/01\/Barbie_Designer_AnnaSui.png 300w, https:\/\/www.barbie-secondlife.com\/wp-content\/uploads\/2024\/01\/Barbie_Designer_AnnaSui-200x175.png 200w\" data-sizes=\"(max-width: 150px) 100vw, 150px\" src=\"data:image\/svg+xml;base64,PHN2ZyB3aWR0aD0iMSIgaGVpZ2h0PSIxIiB4bWxucz0iaHR0cDovL3d3dy53My5vcmcvMjAwMC9zdmciPjwvc3ZnPg==\" \/><\/a><\/td><td class=\"has-text-align-center\" data-align=\"center\"><a href=\"https:\/\/www.barbie-secondlife.com\/es\/tag\/badgley-mischka\/\"><img decoding=\"async\" width=\"150\" height=\"115\" class=\"wp-image-600721 lazyload\" style=\"--smush-placeholder-width: 150px; --smush-placeholder-aspect-ratio: 150\/115;width: 150px;\" data-src=\"https:\/\/www.barbie-secondlife.com\/wp-content\/uploads\/2024\/01\/Barbie_Designer_BadgleyMischka.png\" alt=\"Barbie Designer Badgley Mischka\" data-srcset=\"https:\/\/www.barbie-secondlife.com\/wp-content\/uploads\/2024\/01\/Barbie_Designer_BadgleyMischka.png 300w, https:\/\/www.barbie-secondlife.com\/wp-content\/uploads\/2024\/01\/Barbie_Designer_BadgleyMischka-200x153.png 200w\" data-sizes=\"(max-width: 150px) 100vw, 150px\" src=\"data:image\/svg+xml;base64,PHN2ZyB3aWR0aD0iMSIgaGVpZ2h0PSIxIiB4bWxucz0iaHR0cDovL3d3dy53My5vcmcvMjAwMC9zdmciPjwvc3ZnPg==\" \/><\/a><\/td><td class=\"has-text-align-center\" data-align=\"center\"><a href=\"https:\/\/www.barbie-secondlife.com\/es\/tag\/bob-mackie\/\"><img decoding=\"async\" width=\"150\" height=\"75\" class=\"wp-image-600722 lazyload\" style=\"--smush-placeholder-width: 150px; --smush-placeholder-aspect-ratio: 150\/75;width: 150px;\" data-src=\"https:\/\/www.barbie-secondlife.com\/wp-content\/uploads\/2024\/01\/Barbie_Designer_BobMackie.png\" alt=\"Barbie Designer Bob Mackie\" data-srcset=\"https:\/\/www.barbie-secondlife.com\/wp-content\/uploads\/2024\/01\/Barbie_Designer_BobMackie.png 300w, https:\/\/www.barbie-secondlife.com\/wp-content\/uploads\/2024\/01\/Barbie_Designer_BobMackie-200x99.png 200w\" data-sizes=\"(max-width: 150px) 100vw, 150px\" src=\"data:image\/svg+xml;base64,PHN2ZyB3aWR0aD0iMSIgaGVpZ2h0PSIxIiB4bWxucz0iaHR0cDovL3d3dy53My5vcmcvMjAwMC9zdmciPjwvc3ZnPg==\" \/><\/a><\/td><\/tr><tr><td class=\"has-text-align-center\" data-align=\"center\"><a href=\"https:\/\/www.barbie-secondlife.com\/es\/tag\/byron-lars\/\"><img decoding=\"async\" width=\"150\" height=\"67\" class=\"wp-image-600723 lazyload\" style=\"--smush-placeholder-width: 150px; --smush-placeholder-aspect-ratio: 150\/67;width: 150px;\" data-src=\"https:\/\/www.barbie-secondlife.com\/wp-content\/uploads\/2024\/01\/Barbie_Designer_ByronLars.png\" alt=\"Barbie Designer Byron Lars\" data-srcset=\"https:\/\/www.barbie-secondlife.com\/wp-content\/uploads\/2024\/01\/Barbie_Designer_ByronLars.png 300w, https:\/\/www.barbie-secondlife.com\/wp-content\/uploads\/2024\/01\/Barbie_Designer_ByronLars-200x89.png 200w\" data-sizes=\"(max-width: 150px) 100vw, 150px\" src=\"data:image\/svg+xml;base64,PHN2ZyB3aWR0aD0iMSIgaGVpZ2h0PSIxIiB4bWxucz0iaHR0cDovL3d3dy53My5vcmcvMjAwMC9zdmciPjwvc3ZnPg==\" \/><\/a><\/td><td class=\"has-text-align-center\" data-align=\"center\"><a href=\"https:\/\/www.barbie-secondlife.com\/es\/tag\/carolina-herrera\/\"><img decoding=\"async\" width=\"150\" height=\"85\" class=\"wp-image-600724 lazyload\" style=\"--smush-placeholder-width: 150px; --smush-placeholder-aspect-ratio: 150\/85;width: 150px;\" data-src=\"https:\/\/www.barbie-secondlife.com\/wp-content\/uploads\/2024\/01\/Barbie_Designer_CarolinaHerrera.png\" alt=\"Barbie Designer Carolina Herrera\" data-srcset=\"https:\/\/www.barbie-secondlife.com\/wp-content\/uploads\/2024\/01\/Barbie_Designer_CarolinaHerrera.png 300w, https:\/\/www.barbie-secondlife.com\/wp-content\/uploads\/2024\/01\/Barbie_Designer_CarolinaHerrera-200x113.png 200w\" data-sizes=\"(max-width: 150px) 100vw, 150px\" src=\"data:image\/svg+xml;base64,PHN2ZyB3aWR0aD0iMSIgaGVpZ2h0PSIxIiB4bWxucz0iaHR0cDovL3d3dy53My5vcmcvMjAwMC9zdmciPjwvc3ZnPg==\" \/><\/a><\/td><td class=\"has-text-align-center\" data-align=\"center\"><a href=\"https:\/\/www.barbie-secondlife.com\/es\/tag\/christian-louboutin\/\"><img decoding=\"async\" width=\"150\" height=\"117\" class=\"wp-image-600725 lazyload\" style=\"--smush-placeholder-width: 150px; --smush-placeholder-aspect-ratio: 150\/117;width: 150px;\" data-src=\"https:\/\/www.barbie-secondlife.com\/wp-content\/uploads\/2024\/01\/Barbie_Designer_ChristianLouboutin.png\" alt=\"Barbie Designer Christian Louboutin\" data-srcset=\"https:\/\/www.barbie-secondlife.com\/wp-content\/uploads\/2024\/01\/Barbie_Designer_ChristianLouboutin.png 300w, https:\/\/www.barbie-secondlife.com\/wp-content\/uploads\/2024\/01\/Barbie_Designer_ChristianLouboutin-200x156.png 200w\" data-sizes=\"(max-width: 150px) 100vw, 150px\" src=\"data:image\/svg+xml;base64,PHN2ZyB3aWR0aD0iMSIgaGVpZ2h0PSIxIiB4bWxucz0iaHR0cDovL3d3dy53My5vcmcvMjAwMC9zdmciPjwvc3ZnPg==\" \/><\/a><\/td><\/tr><tr><td class=\"has-text-align-center\" data-align=\"center\"><a href=\"https:\/\/www.barbie-secondlife.com\/es\/tag\/versace\/\"><img decoding=\"async\" width=\"150\" height=\"93\" class=\"wp-image-600726 lazyload\" style=\"--smush-placeholder-width: 150px; --smush-placeholder-aspect-ratio: 150\/93;width: 150px;\" data-src=\"https:\/\/www.barbie-secondlife.com\/wp-content\/uploads\/2024\/01\/Barbie_Designer_Versace.png\" alt=\"Barbie Designer Versace\" data-srcset=\"https:\/\/www.barbie-secondlife.com\/wp-content\/uploads\/2024\/01\/Barbie_Designer_Versace.png 300w, https:\/\/www.barbie-secondlife.com\/wp-content\/uploads\/2024\/01\/Barbie_Designer_Versace-200x123.png 200w\" data-sizes=\"(max-width: 150px) 100vw, 150px\" src=\"data:image\/svg+xml;base64,PHN2ZyB3aWR0aD0iMSIgaGVpZ2h0PSIxIiB4bWxucz0iaHR0cDovL3d3dy53My5vcmcvMjAwMC9zdmciPjwvc3ZnPg==\" \/><\/a><\/td><td class=\"has-text-align-center\" data-align=\"center\"><a href=\"https:\/\/www.barbie-secondlife.com\/es\/tag\/yves-saint-laurent\/\"><img decoding=\"async\" width=\"150\" height=\"101\" class=\"wp-image-600727 lazyload\" style=\"--smush-placeholder-width: 150px; --smush-placeholder-aspect-ratio: 150\/101;width: 150px;\" data-src=\"https:\/\/www.barbie-secondlife.com\/wp-content\/uploads\/2024\/01\/Barbie_Designer_YSL.png\" alt=\"Barbie Designer Yves Saint Laurent\" data-srcset=\"https:\/\/www.barbie-secondlife.com\/wp-content\/uploads\/2024\/01\/Barbie_Designer_YSL.png 300w, https:\/\/www.barbie-secondlife.com\/wp-content\/uploads\/2024\/01\/Barbie_Designer_YSL-200x134.png 200w\" data-sizes=\"(max-width: 150px) 100vw, 150px\" src=\"data:image\/svg+xml;base64,PHN2ZyB3aWR0aD0iMSIgaGVpZ2h0PSIxIiB4bWxucz0iaHR0cDovL3d3dy53My5vcmcvMjAwMC9zdmciPjwvc3ZnPg==\" \/><\/a><\/td><td class=\"has-text-align-center\" data-align=\"center\"><a href=\"https:\/\/www.barbie-secondlife.com\/es\/tag\/diane-von-furstenberg\/\"><img decoding=\"async\" width=\"150\" height=\"150\" class=\"wp-image-600728 lazyload\" style=\"--smush-placeholder-width: 150px; --smush-placeholder-aspect-ratio: 150\/150;width: 150px;\" data-src=\"https:\/\/www.barbie-secondlife.com\/wp-content\/uploads\/2024\/01\/Barbie_Designer_DianeVonFurstenberg.png\" alt=\"Barbie Designer Diane Von Furstenberg\" data-srcset=\"https:\/\/www.barbie-secondlife.com\/wp-content\/uploads\/2024\/01\/Barbie_Designer_DianeVonFurstenberg.png 300w, https:\/\/www.barbie-secondlife.com\/wp-content\/uploads\/2024\/01\/Barbie_Designer_DianeVonFurstenberg-200x200.png 200w\" data-sizes=\"(max-width: 150px) 100vw, 150px\" src=\"data:image\/svg+xml;base64,PHN2ZyB3aWR0aD0iMSIgaGVpZ2h0PSIxIiB4bWxucz0iaHR0cDovL3d3dy53My5vcmcvMjAwMC9zdmciPjwvc3ZnPg==\" \/><\/a><\/td><\/tr><tr><td class=\"has-text-align-center\" data-align=\"center\"><\/td><td class=\"has-text-align-center\" data-align=\"center\"><\/td><td class=\"has-text-align-center\" data-align=\"center\"><\/td><\/tr><\/tbody><\/table><\/figure>\n\n\n\n<hr class=\"wp-block-separator has-css-opacity\"\/>\n\n\n\n<figure class=\"wp-block-table\"><table class=\"has-fixed-layout\"><tbody><tr><td class=\"has-text-align-center\" data-align=\"center\"><a href=\"https:\/\/www.barbie-secondlife.com\/es\/tag\/cynthia-rowley\/\">Cynthia Rowley<\/a><\/td><td class=\"has-text-align-center\" data-align=\"center\"><a href=\"https:\/\/www.barbie-secondlife.com\/es\/tag\/dooney-bourke\/\">Dooney &amp; Bourke<\/a><\/td><\/tr><tr><td class=\"has-text-align-center\" data-align=\"center\"><a href=\"https:\/\/www.barbie-secondlife.com\/es\/tag\/heather-fonseca\/\">Heather Fonseca<\/a><\/td><td class=\"has-text-align-center\" data-align=\"center\"> <a href=\"https:\/\/www.barbie-secondlife.com\/es\/tag\/herve-leger\/\">Herv\u00e9 L\u00e9ger<\/a><\/td><\/tr><tr><td class=\"has-text-align-center\" data-align=\"center\"><a href=\"https:\/\/www.barbie-secondlife.com\/es\/tag\/iris-apfel\/\">Iris Apfel<\/a><\/td><td class=\"has-text-align-center\" data-align=\"center\"><a href=\"https:\/\/www.barbie-secondlife.com\/es\/tag\/katiana-jimenez\/\">Katiana Jimenez<\/a><\/td><\/tr><tr><td class=\"has-text-align-center\" data-align=\"center\"> <a href=\"https:\/\/www.barbie-secondlife.com\/es\/tag\/kimora-lee-simmons\/\">Kimora Lee Simmons<\/a><\/td><td class=\"has-text-align-center\" data-align=\"center\"><a href=\"https:\/\/www.barbie-secondlife.com\/es\/tag\/marni-senofonte\/\">Marni Senofonte<\/a><\/td><\/tr><tr><td class=\"has-text-align-center\" data-align=\"center\"><a href=\"https:\/\/www.barbie-secondlife.com\/es\/tag\/moschino\/\">Moschino<\/a><\/td><td class=\"has-text-align-center\" data-align=\"center\"><a href=\"https:\/\/www.barbie-secondlife.com\/es\/tag\/nolan-miller\/\">Nolan Miller<\/a><\/td><\/tr><tr><td class=\"has-text-align-center\" data-align=\"center\"><a href=\"https:\/\/www.barbie-secondlife.com\/es\/tag\/stephen-burrows\/\">Stephen Burrows<\/a><\/td><td class=\"has-text-align-center\" data-align=\"center\"><a href=\"https:\/\/www.barbie-secondlife.com\/es\/tag\/tim-gunn\/\">Tim Gunn<\/a><\/td><\/tr><tr><td class=\"has-text-align-center\" data-align=\"center\"><a href=\"https:\/\/www.barbie-secondlife.com\/es\/tag\/trina-turk\/\">Trina Turk<\/a><\/td><td class=\"has-text-align-center\" data-align=\"center\"><\/td><\/tr><\/tbody><\/table><\/figure>\n\n\n\n<hr class=\"wp-block-separator has-css-opacity\"\/>\n\n\n\n<h2 class=\"wp-block-heading\"><strong><em>Dise\u00f1adores de mu\u00f1ecas Barbie (Mattel)<\/em><\/strong><\/h2>\n\n\n\n<figure class=\"wp-block-table\"><table class=\"has-fixed-layout\"><tbody><tr><td class=\"has-text-align-center\" data-align=\"center\"><a href=\"https:\/\/www.barbie-secondlife.com\/es\/tag\/bill-greening\/\"><img decoding=\"async\" width=\"267\" height=\"227\" class=\"wp-image-469756 lazyload\" style=\"--smush-placeholder-width: 267px; --smush-placeholder-aspect-ratio: 267\/227;width: px;\" data-src=\"https:\/\/www.barbie-secondlife.com\/wp-content\/uploads\/2021\/08\/BillGreening.jpg\" alt=\"Barbie Bill Greening\" data-srcset=\"https:\/\/www.barbie-secondlife.com\/wp-content\/uploads\/2021\/08\/BillGreening.jpg 267w, https:\/\/www.barbie-secondlife.com\/wp-content\/uploads\/2021\/08\/BillGreening-200x170.jpg 200w\" data-sizes=\"(max-width: 267px) 100vw, 267px\" src=\"data:image\/svg+xml;base64,PHN2ZyB3aWR0aD0iMSIgaGVpZ2h0PSIxIiB4bWxucz0iaHR0cDovL3d3dy53My5vcmcvMjAwMC9zdmciPjwvc3ZnPg==\" \/><\/a><\/td><td><strong><span style=\"text-decoration: underline;\"><a href=\"https:\/\/www.barbie-secondlife.com\/es\/tag\/bill-greening\/\">Bill Greening<\/a><\/span><\/strong> Ha sido el \u201cdise\u00f1ador principal\u201d de Barbie en Mattel durante varios a\u00f1os. Sus colecciones m\u00e1s famosas son Barbie Basics, Barbie Look Red Carpet, The Barbie Look, Barbie Star Trek, Barbie Holiday Dolls, Barbie Hello Kitty, Barbie Tim Gunn, Barbie Cher 80&#8217;s Bob Mackie, Barbie Birthstone, Barbie City Shine, Barbie City Shopper, Barbie Pop Life, Barbie &#8211; Ken Faraway Forest &#8211; Boda en el Reino de las Hadas, Barbie Malibu de Trina Turk, Barbie Hippolyta &#8211; Wonder Woman\u2026<\/td><\/tr><\/tbody><\/table><\/figure>\n\n\n\n<figure class=\"wp-block-table\"><table class=\"has-fixed-layout\"><tbody><tr><td><span style=\"text-decoration: underline;\"><strong><a href=\"https:\/\/www.barbie-secondlife.com\/es\/tag\/carlyle-nuera\/\">Carlyle Nuera<\/a><\/strong><\/span> Ha sido el \u00abdise\u00f1ador principal\u00bb de Barbie para Mattel durante varios a\u00f1os. Sus colecciones m\u00e1s famosas son Barbie Styled by Iris Apfel, Barbie Quincea\u00f1era, Barbie Styled by Marni Senofonte \u2013 Crystal, Ken BMR1959, Barbie BMR1959, Barbie Collection Mutya, Barbie \u2013 The Global Glamour Sorcha, Barbie Gabby Douglas, Barbie Collection Birthday Wishes, Barbie Selma DuPar James, Barbie Una arruga en el tiempo &#8211; Oprah Winfrey.<\/td><td class=\"has-text-align-center\" data-align=\"center\"><a href=\"https:\/\/www.barbie-secondlife.com\/es\/tag\/carlyle-nuera\/\"><img decoding=\"async\" width=\"267\" height=\"227\" class=\"wp-image-469758 lazyload\" style=\"--smush-placeholder-width: 267px; --smush-placeholder-aspect-ratio: 267\/227;width: px;\" data-src=\"https:\/\/www.barbie-secondlife.com\/wp-content\/uploads\/2021\/08\/CarlyleNuera.jpg\" alt=\"Barbie Carlyle Nuera\" data-srcset=\"https:\/\/www.barbie-secondlife.com\/wp-content\/uploads\/2021\/08\/CarlyleNuera.jpg 267w, https:\/\/www.barbie-secondlife.com\/wp-content\/uploads\/2021\/08\/CarlyleNuera-200x170.jpg 200w\" data-sizes=\"(max-width: 267px) 100vw, 267px\" src=\"data:image\/svg+xml;base64,PHN2ZyB3aWR0aD0iMSIgaGVpZ2h0PSIxIiB4bWxucz0iaHR0cDovL3d3dy53My5vcmcvMjAwMC9zdmciPjwvc3ZnPg==\" \/><\/a><\/td><\/tr><\/tbody><\/table><\/figure>\n\n\n\n<figure class=\"wp-block-table\"><table class=\"has-fixed-layout\"><tbody><tr><td class=\"has-text-align-center\" data-align=\"center\"><a href=\"https:\/\/www.barbie-secondlife.com\/es\/tag\/linda-kyaw\/\"><img decoding=\"async\" width=\"267\" height=\"227\" class=\"wp-image-469757 lazyload\" style=\"--smush-placeholder-width: 267px; --smush-placeholder-aspect-ratio: 267\/227;width: px;\" data-src=\"https:\/\/www.barbie-secondlife.com\/wp-content\/uploads\/2021\/08\/LindaKyaw.jpg\" alt=\"Barbie Linda Kyaw\" data-srcset=\"https:\/\/www.barbie-secondlife.com\/wp-content\/uploads\/2021\/08\/LindaKyaw.jpg 267w, https:\/\/www.barbie-secondlife.com\/wp-content\/uploads\/2021\/08\/LindaKyaw-200x170.jpg 200w\" data-sizes=\"(max-width: 267px) 100vw, 267px\" src=\"data:image\/svg+xml;base64,PHN2ZyB3aWR0aD0iMSIgaGVpZ2h0PSIxIiB4bWxucz0iaHR0cDovL3d3dy53My5vcmcvMjAwMC9zdmciPjwvc3ZnPg==\" \/><\/a><\/td><td><span style=\"text-decoration: underline;\"><strong><a href=\"https:\/\/www.barbie-secondlife.com\/es\/tag\/linda-kyaw\/\">Linda Kyaw<\/a><\/strong><\/span> Es \u00ab Manager Product Design \u00bb en Mattel desde hace varios a\u00f1os. Sus creaciones m\u00e1s famosas son Barbie Hershey&#8217;s, Barbie Collection Dolls of the World, Barbie Collection Pop Culture &#8211; Dancing with the Stars Samba, Barbie &#8211; Collection Holiday Dolls, Barbie Collection Pop Culture &#8211; Shoe Obsession, Ken The Twilight Saga, Barbie Collection Birthday Wishes, Colecci\u00f3n Barbie Universidad, Colecci\u00f3n Barbie Cultura Pop &#8211; Elvis.<\/td><\/tr><\/tbody><\/table><\/figure>\n\n\n\n<hr class=\"wp-block-separator has-css-opacity\"\/>\n\n\n\n<figure class=\"wp-block-table\"><table class=\"has-fixed-layout\"><tbody><tr><td class=\"has-text-align-center\" data-align=\"center\"><a href=\"https:\/\/www.barbie-secondlife.com\/es\/tag\/sharon-zuckerman\/\">Sharon Zuckerman<\/a><\/td><td class=\"has-text-align-center\" data-align=\"center\"><a href=\"https:\/\/www.barbie-secondlife.com\/es\/tag\/robert-best\/\">Robert Best<\/a><\/td><\/tr><tr><td class=\"has-text-align-center\" data-align=\"center\"><a href=\"https:\/\/www.barbie-secondlife.com\/es\/tag\/kelley-lindberg\/\">Kelley Lindberg<\/a><\/td><td class=\"has-text-align-center\" data-align=\"center\"><a href=\"https:\/\/www.barbie-secondlife.com\/es\/tag\/caroline-demersseman\/\">Caroline DeMersseman<\/a><\/td><\/tr><tr><td class=\"has-text-align-center\" data-align=\"center\"><a href=\"https:\/\/www.barbie-secondlife.com\/es\/tag\/carter-bryant\/\">Carter Bryant<\/a><\/td><td class=\"has-text-align-center\" data-align=\"center\"><a href=\"https:\/\/www.barbie-secondlife.com\/es\/tag\/suim-noh\/\">Suim Noh<\/a><\/td><\/tr><tr><td class=\"has-text-align-center\" data-align=\"center\"><a href=\"https:\/\/www.barbie-secondlife.com\/es\/tag\/javier-meabe\/\">Javier Meabe<\/a><\/td><td class=\"has-text-align-center\" data-align=\"center\"><a href=\"https:\/\/www.barbie-secondlife.com\/es\/tag\/judy-choi\/\">Judy Choi<\/a><\/td><\/tr><tr><td class=\"has-text-align-center\" data-align=\"center\"><a href=\"https:\/\/www.barbie-secondlife.com\/es\/tag\/lauri-sipos\/\">Lauri Sipos<\/a><\/td><td class=\"has-text-align-center\" data-align=\"center\"><a href=\"https:\/\/www.barbie-secondlife.com\/es\/tag\/joyce-chen\/\">Joyce Chen<\/a><\/td><\/tr><tr><td class=\"has-text-align-center\" data-align=\"center\"><a href=\"https:\/\/www.barbie-secondlife.com\/es\/tag\/amy-lee\/\">Amy Lee<\/a><\/td><td class=\"has-text-align-center\" data-align=\"center\"><a href=\"https:\/\/www.barbie-secondlife.com\/es\/tag\/angel-kent\/\">Angel Kent<\/a><\/td><\/tr><tr><td class=\"has-text-align-center\" data-align=\"center\"><a href=\"https:\/\/www.barbie-secondlife.com\/es\/tag\/ann-driskill\/\">Ann Driskill<\/a><\/td><td class=\"has-text-align-center\" data-align=\"center\"><a href=\"https:\/\/www.barbie-secondlife.com\/es\/tag\/anna-choi\/\">Anna Choi<\/a><\/td><\/tr><tr><td class=\"has-text-align-center\" data-align=\"center\"><a href=\"https:\/\/www.barbie-secondlife.com\/es\/tag\/connie-tsai\/\">Connie Tsai<\/a><\/td><td class=\"has-text-align-center\" data-align=\"center\"><a href=\"https:\/\/www.barbie-secondlife.com\/es\/tag\/tayler-pierce\/\">Tayler Pi<\/a><a href=\"https:\/\/www.barbie-secondlife.com\/tag\/tayler-pierce\/\">erce<\/a><\/td><\/tr><\/tbody><\/table><\/figure>\n","protected":false},"excerpt":{"rendered":"<p>Barbie Designer \u00bfQu\u00e9 ser\u00eda de una colecci\u00f3n sin un Dise\u00f1ador? nada creo. Dise\u00f1adores de moda (Bob Mackie &#8211; Badgley Mischka &#8211; Christian Louboutin &#8211; Yves St Laurent etc\u2026) para vestir y realzar las Barbies pero tambi\u00e9n Dise\u00f1adores (en Mattel) de la mu\u00f1eca con el m\u00e1s conocido de ellos (Bill Greening). He enumerado aqu\u00ed los principales [&hellip;]<\/p>\n","protected":false},"author":1,"featured_media":469619,"parent":4910,"menu_order":0,"comment_status":"closed","ping_status":"closed","template":"","meta":{"footnotes":""},"class_list":["post-23822","page","type-page","status-publish","has-post-thumbnail","hentry"],"translation":{"provider":"WPGlobus","version":"3.0.2","language":"es","enabled_languages":["fr","en","es","br","de"],"languages":{"fr":{"title":true,"content":true,"excerpt":false},"en":{"title":true,"content":true,"excerpt":false},"es":{"title":true,"content":true,"excerpt":false},"br":{"title":true,"content":true,"excerpt":false},"de":{"title":true,"content":true,"excerpt":false}}},"_links":{"self":[{"href":"https:\/\/www.barbie-secondlife.com\/es\/wp-json\/wp\/v2\/pages\/23822","targetHints":{"allow":["GET"]}}],"collection":[{"href":"https:\/\/www.barbie-secondlife.com\/es\/wp-json\/wp\/v2\/pages"}],"about":[{"href":"https:\/\/www.barbie-secondlife.com\/es\/wp-json\/wp\/v2\/types\/page"}],"author":[{"embeddable":true,"href":"https:\/\/www.barbie-secondlife.com\/es\/wp-json\/wp\/v2\/users\/1"}],"replies":[{"embeddable":true,"href":"https:\/\/www.barbie-secondlife.com\/es\/wp-json\/wp\/v2\/comments?post=23822"}],"version-history":[{"count":10,"href":"https:\/\/www.barbie-secondlife.com\/es\/wp-json\/wp\/v2\/pages\/23822\/revisions"}],"predecessor-version":[{"id":607999,"href":"https:\/\/www.barbie-secondlife.com\/es\/wp-json\/wp\/v2\/pages\/23822\/revisions\/607999"}],"up":[{"embeddable":true,"href":"https:\/\/www.barbie-secondlife.com\/es\/wp-json\/wp\/v2\/pages\/4910"}],"wp:featuredmedia":[{"embeddable":true,"href":"https:\/\/www.barbie-secondlife.com\/es\/wp-json\/wp\/v2\/media\/469619"}],"wp:attachment":[{"href":"https:\/\/www.barbie-secondlife.com\/es\/wp-json\/wp\/v2\/media?parent=23822"}],"curies":[{"name":"wp","href":"https:\/\/api.w.org\/{rel}","templated":true}]}}