{"id":23825,"date":"2020-04-22T14:31:25","date_gmt":"2020-04-22T12:31:25","guid":{"rendered":"http:\/\/www.barbie-secondlife.com\/?page_id=23825"},"modified":"2026-01-01T19:23:39","modified_gmt":"2026-01-01T18:23:39","slug":"xautres","status":"publish","type":"page","link":"https:\/\/www.barbie-secondlife.com\/es\/collection\/xautres\/","title":{"rendered":"Otras Colecciones"},"content":{"rendered":"\n<h2 class=\"wp-block-heading\"><strong><em>Barbie Colecci\u00f3n<\/em><\/strong><\/h2>\n\n\n\n<p>Algunas otras colecciones,<strong> <a href=\"https:\/\/www.barbie-secondlife.com\/es\/tag\/avon\/\">Avon<\/a>, Barbie <a href=\"https:\/\/www.barbie-secondlife.com\/es\/tag\/university\/\">University<\/a>, Barbie <a href=\"https:\/\/www.barbie-secondlife.com\/es\/tag\/pop-culture\/\">Pop Culture<\/a>, Barbie <a href=\"https:\/\/www.barbie-secondlife.com\/es\/tag\/so-in-style\/\">So In Style<\/a>, Barbie <a href=\"https:\/\/www.barbie-secondlife.com\/es\/tag\/on-location\/\">On Location<\/a> (South Beach, Monte Carlo, Barcelona, Mil\u00e1n), Barbie <a href=\"https:\/\/www.barbie-secondlife.com\/es\/tag\/top-model\/\">Top Model<\/a> &#8230; <\/strong> Si\u00e9ntase libre de usar el m\u00f3dulo de b\u00fasqueda en la parte superior derecha de la pantalla para encontrar otras colecciones<strong> <a href=\"https:\/\/www.barbie-secondlife.com\/es\/tag\/hello-kitty\/\">Hello Kitty <\/a><\/strong>,<strong> <a href=\"https:\/\/www.barbie-secondlife.com\/es\/tag\/hard-rock-cafe\/\">Hard Rock Caf\u00e9<\/a> <\/strong>o incluso <span style=\"text-decoration: underline;\"><strong><a href=\"https:\/\/www.barbie-secondlife.com\/es\/tag\/birthstone\/\">Birthstone<\/a><\/strong><\/span>&#8230;<\/p>\n\n\n\n<hr class=\"wp-block-separator has-css-opacity\"\/>\n\n\n\n<figure class=\"wp-block-table\"><table class=\"has-fixed-layout\"><tbody><tr><td class=\"has-text-align-center\" data-align=\"center\"><a href=\"https:\/\/www.barbie-secondlife.com\/es\/tag\/birthstone\/\"><img decoding=\"async\" width=\"120\" height=\"364\" class=\"wp-image-4668 lazyload\" style=\"--smush-placeholder-width: 120px; --smush-placeholder-aspect-ratio: 120\/364;width: 120px;\" data-src=\"https:\/\/www.barbie-secondlife.com\/wp-content\/uploads\/2016\/09\/Original-MariaLuisa.png\" alt=\"Barbie - Collection - Birthstone - Miss Peridot\" data-srcset=\"https:\/\/www.barbie-secondlife.com\/wp-content\/uploads\/2016\/09\/Original-MariaLuisa.png 140w, https:\/\/www.barbie-secondlife.com\/wp-content\/uploads\/2016\/09\/Original-MariaLuisa-99x300.png 99w\" data-sizes=\"(max-width: 120px) 100vw, 120px\" src=\"data:image\/svg+xml;base64,PHN2ZyB3aWR0aD0iMSIgaGVpZ2h0PSIxIiB4bWxucz0iaHR0cDovL3d3dy53My5vcmcvMjAwMC9zdmciPjwvc3ZnPg==\" \/><\/a><\/td><td><span style=\"text-decoration: underline;\"><strong><a href=\"https:\/\/www.barbie-secondlife.com\/es\/tag\/birthstone\/\">Barbie Birthstone<\/a><\/strong><\/span><br>La colecci\u00f3n Birthstone es una colecci\u00f3n que se divide en 2 subcategor\u00edas, la colecci\u00f3n \u00abThe Birthstone Collection\u00bb y la colecci\u00f3n \u00abBirthstone Beauties\u00bb. \u00abThe Birthstone Collection\u00bb es una serie de 36 mu\u00f1ecos lanzados en 2003, representa una piedra preciosa y un mes del a\u00f1o. \u00abBirthstone Beauties\u00bb es una serie de 24 mu\u00f1ecas lanzadas en 2007, tambi\u00e9n representa una piedra preciosa, tienen cuerpo de musa y cabeza de \u00abSteffie\u00bb, son rubias, marrones, marrones y rojas. Cada uno va acompa\u00f1ado de un perro peque\u00f1o.<\/td><\/tr><\/tbody><\/table><\/figure>\n\n\n\n<figure class=\"wp-block-table\"><table class=\"has-fixed-layout\"><tbody><tr><td><span style=\"text-decoration: underline;\"><a href=\"https:\/\/www.barbie-secondlife.com\/es\/tag\/extra\/\"><strong>Barbie Extra<\/strong><\/a><\/span><br>\u00a1Las mu\u00f1ecas Barbie &#8216;Extra&#8217; presentan modas atrevidas y colores vibrantes! Cada mu\u00f1eca Barbie tiene su propio estilo \u00fanico, divertido y exagerado. \u00a1Y sus mascotas, todas diferentes y adorables, tambi\u00e9n tienen mucha personalidad! Barbie &#8216;Extra&#8217; permite a los ni\u00f1os explorar la autoexpresi\u00f3n a trav\u00e9s del estilo y proporciona una emocionante experiencia de juego de moda y estilo. <a href=\"https:\/\/www.barbie-secondlife.com\/es\/tag\/extra\/\">Barbie Extra<\/a>, <a href=\"https:\/\/www.barbie-secondlife.com\/es\/tag\/extra-fly\/\">Barbie Extra Fly<\/a>, <a href=\"https:\/\/www.barbie-secondlife.com\/es\/tag\/extra-fancy\/\">Barbie Extra Fancy<\/a> <\/td><td class=\"has-text-align-center\" data-align=\"center\"><a href=\"https:\/\/www.barbie-secondlife.com\/es\/tag\/extra\/\"><img decoding=\"async\" width=\"200\" height=\"313\" class=\"wp-image-595174 lazyload\" style=\"--smush-placeholder-width: 200px; --smush-placeholder-aspect-ratio: 200\/313;width: 200px;\" data-src=\"https:\/\/www.barbie-secondlife.com\/wp-content\/uploads\/2022\/09\/Barbie_Carla_Original.jpg\" alt=\"Barbie Extra Fancy\" data-srcset=\"https:\/\/www.barbie-secondlife.com\/wp-content\/uploads\/2022\/09\/Barbie_Carla_Original.jpg 272w, https:\/\/www.barbie-secondlife.com\/wp-content\/uploads\/2022\/09\/Barbie_Carla_Original-200x313.jpg 200w, https:\/\/www.barbie-secondlife.com\/wp-content\/uploads\/2022\/09\/Barbie_Carla_Original-192x300.jpg 192w\" data-sizes=\"(max-width: 200px) 100vw, 200px\" src=\"data:image\/svg+xml;base64,PHN2ZyB3aWR0aD0iMSIgaGVpZ2h0PSIxIiB4bWxucz0iaHR0cDovL3d3dy53My5vcmcvMjAwMC9zdmciPjwvc3ZnPg==\" \/><\/a><\/td><\/tr><\/tbody><\/table><\/figure>\n\n\n\n<figure class=\"wp-block-table\"><table class=\"has-fixed-layout\"><tbody><tr><td class=\"has-text-align-center\" data-align=\"center\"><a href=\"https:\/\/www.barbie-secondlife.com\/es\/tag\/so-in-style\/\"><img decoding=\"async\" width=\"120\" height=\"359\" class=\"wp-image-598477 lazyload\" style=\"--smush-placeholder-width: 120px; --smush-placeholder-aspect-ratio: 120\/359;width: 120px;\" data-src=\"https:\/\/www.barbie-secondlife.com\/wp-content\/uploads\/2023\/05\/Barbie_Hamelle_Original.png\" alt=\"Barbie So In Style\" data-srcset=\"https:\/\/www.barbie-secondlife.com\/wp-content\/uploads\/2023\/05\/Barbie_Hamelle_Original.png 142w, https:\/\/www.barbie-secondlife.com\/wp-content\/uploads\/2023\/05\/Barbie_Hamelle_Original-100x300.png 100w\" data-sizes=\"(max-width: 120px) 100vw, 120px\" src=\"data:image\/svg+xml;base64,PHN2ZyB3aWR0aD0iMSIgaGVpZ2h0PSIxIiB4bWxucz0iaHR0cDovL3d3dy53My5vcmcvMjAwMC9zdmciPjwvc3ZnPg==\" \/><\/a><\/td><td><span style=\"text-decoration: underline;\"><strong><a href=\"https:\/\/www.barbie-secondlife.com\/es\/tag\/so-in-style\/\">Barbie So in Style<\/a><\/strong><\/span><br>Barbie \u00abSo In Style\u00bb es una colecci\u00f3n compuesta por la mu\u00f1eca Barbie afroamericana. Esta colecci\u00f3n fue lanzada entre 2009 y 2014 con diferentes variantes con la hermana peque\u00f1a de Barbie. 6 Barbies est\u00e1n en mi colecci\u00f3n, incluida una Barbie cuyo cabello replant\u00e9 (rerooting), Olympe Barbie So In Style Trichelle, Trish, Barbie so in style baby phat Kara, Naomi, Barbie So In Style \u2013 Kara, Cherifa, Barbie So In Style \u2013 Grace, Amina, Barbie So In Style baby phat Marisa.<\/td><\/tr><\/tbody><\/table><\/figure>\n\n\n\n<hr class=\"wp-block-separator has-css-opacity\"\/>\n\n\n\n<h2 class=\"wp-block-heading\"><strong><em>Otras Colecciones<\/em><\/strong><\/h2>\n\n\n\n<figure class=\"wp-block-table is-style-stripes\" style=\"font-size:15px\"><table class=\"has-fixed-layout\"><tbody><tr><td class=\"has-text-align-center\" data-align=\"center\"><a href=\"https:\/\/www.barbie-secondlife.com\/es\/tag\/amazing-nails\/\">Amazing Nails<\/a><\/td><td class=\"has-text-align-center\" data-align=\"center\"><a href=\"https:\/\/www.barbie-secondlife.com\/es\/tag\/avon\/\">Avon<\/a><\/td><td class=\"has-text-align-center\" data-align=\"center\"><a href=\"https:\/\/www.barbie-secondlife.com\/es\/tag\/ballet-wishes\/\">Ballet Wishes<\/a><\/td><\/tr><tr><td class=\"has-text-align-center\" data-align=\"center\"><a href=\"https:\/\/www.barbie-secondlife.com\/es\/tag\/cali-girl\/\">Cali Girl<\/a><\/td><td class=\"has-text-align-center\" data-align=\"center\"><a href=\"https:\/\/www.barbie-secondlife.com\/es\/tag\/california-girl\/\">California Girl<\/a><\/td><td class=\"has-text-align-center\" data-align=\"center\"><a href=\"https:\/\/www.barbie-secondlife.com\/es\/tag\/careers\/\">Careers<\/a><\/td><\/tr><tr><td class=\"has-text-align-center\" data-align=\"center\"><a href=\"https:\/\/www.barbie-secondlife.com\/es\/tag\/chromatic-couture\/\">Chromatic Couture<\/a><\/td><td class=\"has-text-align-center\" data-align=\"center\"><a href=\"https:\/\/www.barbie-secondlife.com\/es\/tag\/convention\/\">Convention<\/a><\/td><td class=\"has-text-align-center\" data-align=\"center\"><a href=\"https:\/\/www.barbie-secondlife.com\/es\/tag\/dallas-cowboy\/\">Dallas Cowboy Cheerleaders<\/a><\/td><\/tr><tr><td class=\"has-text-align-center\" data-align=\"center\"><a href=\"https:\/\/www.barbie-secondlife.com\/es\/tag\/deluxe\/\">Deluxe<\/a><\/td><td class=\"has-text-align-center\" data-align=\"center\"><a href=\"https:\/\/www.barbie-secondlife.com\/es\/tag\/dreamtopia\/\">Dreamtopia<\/a><\/td><td class=\"has-text-align-center\" data-align=\"center\"><a href=\"https:\/\/www.barbie-secondlife.com\/es\/tag\/dream-seasons\/\">Dream Seasons<\/a><\/td><\/tr><tr><td class=\"has-text-align-center\" data-align=\"center\"><a href=\"https:\/\/www.barbie-secondlife.com\/es\/tag\/fairytopia\/\">Fairytopia<\/a><\/td><td class=\"has-text-align-center\" data-align=\"center\"><a href=\"https:\/\/www.barbie-secondlife.com\/es\/tag\/fantasy\/\">Fantasy<\/a><\/td><td class=\"has-text-align-center\" data-align=\"center\"><a href=\"https:\/\/www.barbie-secondlife.com\/es\/tag\/fao-schwarz\/\">FAO Schwarz<\/a><\/td><\/tr><tr><td class=\"has-text-align-center\" data-align=\"center\"><a href=\"https:\/\/www.barbie-secondlife.com\/es\/tag\/fashion-fever\/\">Fashion Fever<\/a><\/td><td class=\"has-text-align-center\" data-align=\"center\"><a href=\"https:\/\/www.barbie-secondlife.com\/es\/tag\/fashionistas\/\">Fashionistas<\/a><\/td><td class=\"has-text-align-center\" data-align=\"center\"><a href=\"https:\/\/www.barbie-secondlife.com\/es\/tag\/flavor-obsession\/\">Flavor Obsession<\/a><\/td><\/tr><tr><td class=\"has-text-align-center\" data-align=\"center\"><a href=\"https:\/\/www.barbie-secondlife.com\/es\/tag\/generation-girl\/\">Generation Girl<\/a><\/td><td class=\"has-text-align-center\" data-align=\"center\"><a href=\"https:\/\/www.barbie-secondlife.com\/es\/tag\/graduation-day\/\">Graduation Day<\/a><\/td><td class=\"has-text-align-center\" data-align=\"center\"><a href=\"https:\/\/www.barbie-secondlife.com\/es\/tag\/hairtastic\/\">HairTastic<\/a><\/td><\/tr><tr><td class=\"has-text-align-center\" data-align=\"center\"><a href=\"https:\/\/www.barbie-secondlife.com\/es\/tag\/hard-rock-cafe\/\">Hard Rock Caf\u00e9<\/a><\/td><td class=\"has-text-align-center\" data-align=\"center\"><a href=\"https:\/\/www.barbie-secondlife.com\/es\/tag\/harley-davidson\/\">Harley Davidson<\/a><\/td><td class=\"has-text-align-center\" data-align=\"center\"><a href=\"https:\/\/www.barbie-secondlife.com\/es\/tag\/hello-kitty\/\">Hello Kitty<\/a><\/td><\/tr><tr><td class=\"has-text-align-center\" data-align=\"center\"><a href=\"https:\/\/www.barbie-secondlife.com\/es\/tag\/juicy-couture\/\">Juicy Couture<\/a><\/td><td class=\"has-text-align-center\" data-align=\"center\"><a href=\"https:\/\/www.barbie-secondlife.com\/es\/tag\/loves-the-ocean\/\">Loves the Ocean<\/a><\/td><td class=\"has-text-align-center\" data-align=\"center\"><a href=\"https:\/\/www.barbie-secondlife.com\/es\/tag\/lunar-new-year\/\">Lunar New Year<\/a><\/td><\/tr><tr><td class=\"has-text-align-center\" data-align=\"center\"><a href=\"https:\/\/www.barbie-secondlife.com\/es\/tag\/made-to-move\/\">Made to Move<\/a><\/td><td class=\"has-text-align-center\" data-align=\"center\"><a href=\"https:\/\/www.barbie-secondlife.com\/es\/tag\/model-of-the-moment\/\">Model of the Moment<\/a><\/td><td class=\"has-text-align-center\" data-align=\"center\"><a href=\"https:\/\/www.barbie-secondlife.com\/es\/tag\/on-location\/\">On Location<\/a><\/td><\/tr><tr><td class=\"has-text-align-center\" data-align=\"center\"><a href=\"https:\/\/www.barbie-secondlife.com\/es\/tag\/pop-culture\/\">Pop Culture<\/a><\/td><td class=\"has-text-align-center\" data-align=\"center\"><a href=\"https:\/\/www.barbie-secondlife.com\/es\/tag\/puma\/\">Puma<\/a><\/td><td class=\"has-text-align-center\" data-align=\"center\"><a href=\"https:\/\/www.barbie-secondlife.com\/es\/tag\/really-rose\/\">Really Rosy<\/a><\/td><\/tr><tr><td class=\"has-text-align-center\" data-align=\"center\"><a href=\"https:\/\/www.barbie-secondlife.com\/es\/tag\/rio-de-janeiro\/\">Rio de Janeiro<\/a><\/td><td class=\"has-text-align-center\" data-align=\"center\"><a href=\"https:\/\/www.barbie-secondlife.com\/es\/tag\/rose-splendor\/\">Rose Splendor<\/a><\/td><td class=\"has-text-align-center\" data-align=\"center\"><a href=\"https:\/\/www.barbie-secondlife.com\/es\/tag\/star-doll\/\">Star Doll<\/a><\/td><\/tr><tr><td class=\"has-text-align-center\" data-align=\"center\"><a href=\"https:\/\/www.barbie-secondlife.com\/es\/tag\/ted-lasso\/\">Ted Lasso<\/a><\/td><td class=\"has-text-align-center\" data-align=\"center\"><a href=\"https:\/\/www.barbie-secondlife.com\/es\/tag\/top-model\/\">Top Model<\/a><\/td><td class=\"has-text-align-center\" data-align=\"center\"><a href=\"https:\/\/www.barbie-secondlife.com\/es\/tag\/tribute\/\">Tribute<\/a><\/td><\/tr><tr><td class=\"has-text-align-center\" data-align=\"center\"><a href=\"https:\/\/www.barbie-secondlife.com\/es\/tag\/university\/\">University<\/a><\/td><td class=\"has-text-align-center\" data-align=\"center\"><a href=\"https:\/\/www.barbie-secondlife.com\/es\/tag\/wwe\/\">WWE Catch<\/a><\/td><td class=\"has-text-align-center\" data-align=\"center\"><a href=\"https:\/\/www.barbie-secondlife.com\/es\/tag\/you-can-be-anything\/\">You Can be Anything<\/a><\/td><\/tr><tr><td class=\"has-text-align-center\" data-align=\"center\"><a href=\"https:\/\/www.barbie-secondlife.com\/es\/tag\/zodiac\/\">Zodiac<\/a><\/td><td class=\"has-text-align-center\" data-align=\"center\"><\/td><td class=\"has-text-align-center\" data-align=\"center\"><\/td><\/tr><\/tbody><\/table><\/figure>\n","protected":false},"excerpt":{"rendered":"<p>Barbie Colecci\u00f3n Algunas otras colecciones, Avon, Barbie University, Barbie Pop Culture, Barbie So In Style, Barbie On Location (South Beach, Monte Carlo, Barcelona, Mil\u00e1n), Barbie Top Model &#8230; Si\u00e9ntase libre de usar el m\u00f3dulo de b\u00fasqueda en la parte superior derecha de la pantalla para encontrar otras colecciones Hello Kitty , Hard Rock Caf\u00e9 o [&hellip;]<\/p>\n","protected":false},"author":1,"featured_media":469792,"parent":4910,"menu_order":0,"comment_status":"closed","ping_status":"closed","template":"","meta":{"footnotes":""},"class_list":["post-23825","page","type-page","status-publish","has-post-thumbnail","hentry"],"translation":{"provider":"WPGlobus","version":"3.0.2","language":"es","enabled_languages":["fr","en","es","br","de"],"languages":{"fr":{"title":true,"content":true,"excerpt":false},"en":{"title":true,"content":true,"excerpt":false},"es":{"title":true,"content":true,"excerpt":false},"br":{"title":true,"content":true,"excerpt":false},"de":{"title":true,"content":true,"excerpt":false}}},"_links":{"self":[{"href":"https:\/\/www.barbie-secondlife.com\/es\/wp-json\/wp\/v2\/pages\/23825","targetHints":{"allow":["GET"]}}],"collection":[{"href":"https:\/\/www.barbie-secondlife.com\/es\/wp-json\/wp\/v2\/pages"}],"about":[{"href":"https:\/\/www.barbie-secondlife.com\/es\/wp-json\/wp\/v2\/types\/page"}],"author":[{"embeddable":true,"href":"https:\/\/www.barbie-secondlife.com\/es\/wp-json\/wp\/v2\/users\/1"}],"replies":[{"embeddable":true,"href":"https:\/\/www.barbie-secondlife.com\/es\/wp-json\/wp\/v2\/comments?post=23825"}],"version-history":[{"count":12,"href":"https:\/\/www.barbie-secondlife.com\/es\/wp-json\/wp\/v2\/pages\/23825\/revisions"}],"predecessor-version":[{"id":607825,"href":"https:\/\/www.barbie-secondlife.com\/es\/wp-json\/wp\/v2\/pages\/23825\/revisions\/607825"}],"up":[{"embeddable":true,"href":"https:\/\/www.barbie-secondlife.com\/es\/wp-json\/wp\/v2\/pages\/4910"}],"wp:featuredmedia":[{"embeddable":true,"href":"https:\/\/www.barbie-secondlife.com\/es\/wp-json\/wp\/v2\/media\/469792"}],"wp:attachment":[{"href":"https:\/\/www.barbie-secondlife.com\/es\/wp-json\/wp\/v2\/media?parent=23825"}],"curies":[{"name":"wp","href":"https:\/\/api.w.org\/{rel}","templated":true}]}}