{"id":28285,"date":"2020-05-06T00:33:16","date_gmt":"2020-05-05T22:33:16","guid":{"rendered":"https:\/\/www.barbie-secondlife.com\/?page_id=28285"},"modified":"2022-08-06T15:08:11","modified_gmt":"2022-08-06T13:08:11","slug":"barbie-basics","status":"publish","type":"page","link":"https:\/\/www.barbie-secondlife.com\/es\/evenements\/barbie-basics\/","title":{"rendered":"Concurso Barbie Basics"},"content":{"rendered":"\n<h2 class=\"has-text-color wp-block-heading\" style=\"color:#e67fb9\"><strong><em>Concurso Barbie Basics <\/em><\/strong><\/h2>\n\n\n\n<p><br>Participa en la primera etapa de la competencia Barbie Basics. Todas las <a href=\"https:\/\/www.barbie-secondlife.com\/es\/collection\/barbie-basics\/\">Barbie Basics<\/a> de mi colecci\u00f3n se unen para competir por m\u00e1s belleza  Barbie. Habr\u00e1 6 etapas correspondientes a los 6 conjuntos de las diferentes colecciones de <a href=\"https:\/\/www.barbie-secondlife.com\/es\/tag\/collection-001\/\">Collection 001<\/a>, <a href=\"https:\/\/www.barbie-secondlife.com\/es\/tag\/collection-001-5\/\">Collection 001.5<\/a>, <a href=\"https:\/\/www.barbie-secondlife.com\/es\/tag\/collection-002\/\">Collection 002<\/a>, <a href=\"https:\/\/www.barbie-secondlife.com\/es\/tag\/collection-002-5\/\">Collection 002.5<\/a>, <a href=\"https:\/\/www.barbie-secondlife.com\/es\/tag\/collection-003\/\">Collection 003<\/a>, <a href=\"https:\/\/www.barbie-secondlife.com\/es\/tag\/collection-red\/\">Collection Red<\/a>.<br><br>Cada etapa tendr\u00e1 su ganador, una etapa final determinar\u00e1 qu\u00e9 Barbie ser\u00e1 la gran ganadora de esta competencia.<\/p>\n\n\n\n<hr class=\"wp-block-separator\"\/>\n\n\n\n<div class=\"wp-block-columns is-layout-flex wp-container-core-columns-is-layout-9d6595d7 wp-block-columns-is-layout-flex\">\n<div class=\"wp-block-column is-layout-flow wp-block-column-is-layout-flow\">\n<figure class=\"wp-block-image size-large\"><a href=\"https:\/\/www.barbie-secondlife.com\/es\/evenements\/barbie-basics\/finalstep\/\"><img decoding=\"async\" width=\"500\" height=\"250\" data-src=\"https:\/\/www.barbie-secondlife.com\/wp-content\/uploads\/2020\/05\/EtapeFinale.jpg\" alt=\"Barbie Basics Concours\" class=\"wp-image-29690 lazyload\" data-srcset=\"https:\/\/www.barbie-secondlife.com\/wp-content\/uploads\/2020\/05\/EtapeFinale.jpg 500w, https:\/\/www.barbie-secondlife.com\/wp-content\/uploads\/2020\/05\/EtapeFinale-302x151.jpg 302w, https:\/\/www.barbie-secondlife.com\/wp-content\/uploads\/2020\/05\/EtapeFinale-200x100.jpg 200w\" data-sizes=\"(max-width: 500px) 100vw, 500px\" src=\"data:image\/svg+xml;base64,PHN2ZyB3aWR0aD0iMSIgaGVpZ2h0PSIxIiB4bWxucz0iaHR0cDovL3d3dy53My5vcmcvMjAwMC9zdmciPjwvc3ZnPg==\" style=\"--smush-placeholder-width: 500px; --smush-placeholder-aspect-ratio: 500\/250;\" \/><\/a><\/figure>\n\n\n\n<p><\/p>\n<\/div>\n\n\n\n<div class=\"wp-block-column is-layout-flow wp-block-column-is-layout-flow\">\n<h2 class=\"has-text-align-left has-text-color wp-block-heading\" style=\"color:#e67fb9\"><strong><a href=\"https:\/\/www.barbie-secondlife.com\/es\/evenements\/barbie-basics\/finalstep\/\">ETAPA FINAL (resultados)<\/a><\/strong><\/h2>\n\n\n\n<p><\/p>\n<\/div>\n<\/div>\n\n\n\n<hr class=\"wp-block-separator\"\/>\n\n\n\n<div class=\"wp-block-columns is-layout-flex wp-container-core-columns-is-layout-9d6595d7 wp-block-columns-is-layout-flex\">\n<div class=\"wp-block-column is-layout-flow wp-block-column-is-layout-flow\">\n<figure class=\"wp-block-image size-large\"><a href=\"https:\/\/www.barbie-secondlife.com\/es\/evenements\/barbie-basics\/step6\/\"><img decoding=\"async\" width=\"500\" height=\"250\" data-src=\"https:\/\/www.barbie-secondlife.com\/wp-content\/uploads\/2020\/05\/Photo_Accueil_Jeu-etape6.jpg\" alt=\"Concours Barbie Basics\" class=\"wp-image-29394 lazyload\" data-srcset=\"https:\/\/www.barbie-secondlife.com\/wp-content\/uploads\/2020\/05\/Photo_Accueil_Jeu-etape6.jpg 500w, https:\/\/www.barbie-secondlife.com\/wp-content\/uploads\/2020\/05\/Photo_Accueil_Jeu-etape6-302x151.jpg 302w, https:\/\/www.barbie-secondlife.com\/wp-content\/uploads\/2020\/05\/Photo_Accueil_Jeu-etape6-200x100.jpg 200w, https:\/\/www.barbie-secondlife.com\/wp-content\/uploads\/2020\/05\/Photo_Accueil_Jeu-etape6-350x175.jpg 350w\" data-sizes=\"(max-width: 500px) 100vw, 500px\" src=\"data:image\/svg+xml;base64,PHN2ZyB3aWR0aD0iMSIgaGVpZ2h0PSIxIiB4bWxucz0iaHR0cDovL3d3dy53My5vcmcvMjAwMC9zdmciPjwvc3ZnPg==\" style=\"--smush-placeholder-width: 500px; --smush-placeholder-aspect-ratio: 500\/250;\" \/><\/a><\/figure>\n\n\n\n<p><\/p>\n<\/div>\n\n\n\n<div class=\"wp-block-column is-layout-flow wp-block-column-is-layout-flow\">\n<h2 class=\"has-text-align-left has-text-color wp-block-heading\" style=\"color:#e67fb9\"><strong><a href=\"https:\/\/www.barbie-secondlife.com\/es\/evenements\/barbie-basics\/step6\/\">ETAPA 6 (resultados)<\/a><\/strong><\/h2>\n\n\n\n<p><\/p>\n<\/div>\n<\/div>\n\n\n\n<hr class=\"wp-block-separator\"\/>\n\n\n\n<div class=\"wp-block-columns is-layout-flex wp-container-core-columns-is-layout-9d6595d7 wp-block-columns-is-layout-flex\">\n<div class=\"wp-block-column is-layout-flow wp-block-column-is-layout-flow\">\n<figure class=\"wp-block-image size-large\"><a href=\"https:\/\/www.barbie-secondlife.com\/es\/evenements\/barbie-basics\/step5\/\"><img decoding=\"async\" width=\"500\" height=\"250\" data-src=\"https:\/\/www.barbie-secondlife.com\/wp-content\/uploads\/2020\/05\/Photo_Accueil_Jeu-Etape5.jpg\" alt=\"Concours Barbie Basics\" class=\"wp-image-29303 lazyload\" data-srcset=\"https:\/\/www.barbie-secondlife.com\/wp-content\/uploads\/2020\/05\/Photo_Accueil_Jeu-Etape5.jpg 500w, https:\/\/www.barbie-secondlife.com\/wp-content\/uploads\/2020\/05\/Photo_Accueil_Jeu-Etape5-302x151.jpg 302w, https:\/\/www.barbie-secondlife.com\/wp-content\/uploads\/2020\/05\/Photo_Accueil_Jeu-Etape5-200x100.jpg 200w, https:\/\/www.barbie-secondlife.com\/wp-content\/uploads\/2020\/05\/Photo_Accueil_Jeu-Etape5-350x175.jpg 350w\" data-sizes=\"(max-width: 500px) 100vw, 500px\" src=\"data:image\/svg+xml;base64,PHN2ZyB3aWR0aD0iMSIgaGVpZ2h0PSIxIiB4bWxucz0iaHR0cDovL3d3dy53My5vcmcvMjAwMC9zdmciPjwvc3ZnPg==\" style=\"--smush-placeholder-width: 500px; --smush-placeholder-aspect-ratio: 500\/250;\" \/><\/a><\/figure>\n\n\n\n<p><\/p>\n<\/div>\n\n\n\n<div class=\"wp-block-column is-layout-flow wp-block-column-is-layout-flow\">\n<h2 class=\"has-text-align-left has-text-color wp-block-heading\" style=\"color:#e67fb9\"><strong><a href=\"https:\/\/www.barbie-secondlife.com\/es\/evenements\/barbie-basics\/step5\/\">ETAPA 5 (resultados)<\/a><\/strong><\/h2>\n\n\n\n<p><\/p>\n<\/div>\n<\/div>\n\n\n\n<hr class=\"wp-block-separator\"\/>\n\n\n\n<div class=\"wp-block-columns is-layout-flex wp-container-core-columns-is-layout-9d6595d7 wp-block-columns-is-layout-flex\">\n<div class=\"wp-block-column is-layout-flow wp-block-column-is-layout-flow\">\n<figure class=\"wp-block-image size-large\"><a href=\"https:\/\/www.barbie-secondlife.com\/es\/evenements\/barbie-basics\/step4\/\"><img decoding=\"async\" width=\"500\" height=\"250\" data-src=\"https:\/\/www.barbie-secondlife.com\/wp-content\/uploads\/2020\/05\/Photo_Accueil_Jeu_Etape4.jpg\" alt=\"Concours Barbie Basics\" class=\"wp-image-29179 lazyload\" data-srcset=\"https:\/\/www.barbie-secondlife.com\/wp-content\/uploads\/2020\/05\/Photo_Accueil_Jeu_Etape4.jpg 500w, https:\/\/www.barbie-secondlife.com\/wp-content\/uploads\/2020\/05\/Photo_Accueil_Jeu_Etape4-302x151.jpg 302w, https:\/\/www.barbie-secondlife.com\/wp-content\/uploads\/2020\/05\/Photo_Accueil_Jeu_Etape4-200x100.jpg 200w, https:\/\/www.barbie-secondlife.com\/wp-content\/uploads\/2020\/05\/Photo_Accueil_Jeu_Etape4-350x175.jpg 350w\" data-sizes=\"(max-width: 500px) 100vw, 500px\" src=\"data:image\/svg+xml;base64,PHN2ZyB3aWR0aD0iMSIgaGVpZ2h0PSIxIiB4bWxucz0iaHR0cDovL3d3dy53My5vcmcvMjAwMC9zdmciPjwvc3ZnPg==\" style=\"--smush-placeholder-width: 500px; --smush-placeholder-aspect-ratio: 500\/250;\" \/><\/a><\/figure>\n\n\n\n<p><\/p>\n<\/div>\n\n\n\n<div class=\"wp-block-column is-layout-flow wp-block-column-is-layout-flow\">\n<h2 class=\"has-text-align-left has-text-color wp-block-heading\" style=\"color:#e67fb9\"><strong><a href=\"https:\/\/www.barbie-secondlife.com\/es\/evenements\/barbie-basics\/step4\/\">ETAPA 4 (resultados)<\/a><\/strong><\/h2>\n\n\n\n<p><\/p>\n<\/div>\n<\/div>\n\n\n\n<hr class=\"wp-block-separator\"\/>\n\n\n\n<div class=\"wp-block-columns is-layout-flex wp-container-core-columns-is-layout-9d6595d7 wp-block-columns-is-layout-flex\">\n<div class=\"wp-block-column is-layout-flow wp-block-column-is-layout-flow\">\n<figure class=\"wp-block-image size-large\"><a href=\"https:\/\/www.barbie-secondlife.com\/es\/evenements\/barbie-basics\/step3\/\"><img decoding=\"async\" width=\"500\" height=\"250\" data-src=\"https:\/\/www.barbie-secondlife.com\/wp-content\/uploads\/2020\/05\/Etape3_accueil.jpg\" alt=\"Concours Barbie Basics\" class=\"wp-image-29062 lazyload\" data-srcset=\"https:\/\/www.barbie-secondlife.com\/wp-content\/uploads\/2020\/05\/Etape3_accueil.jpg 500w, https:\/\/www.barbie-secondlife.com\/wp-content\/uploads\/2020\/05\/Etape3_accueil-302x151.jpg 302w, https:\/\/www.barbie-secondlife.com\/wp-content\/uploads\/2020\/05\/Etape3_accueil-200x100.jpg 200w, https:\/\/www.barbie-secondlife.com\/wp-content\/uploads\/2020\/05\/Etape3_accueil-350x175.jpg 350w\" data-sizes=\"(max-width: 500px) 100vw, 500px\" src=\"data:image\/svg+xml;base64,PHN2ZyB3aWR0aD0iMSIgaGVpZ2h0PSIxIiB4bWxucz0iaHR0cDovL3d3dy53My5vcmcvMjAwMC9zdmciPjwvc3ZnPg==\" style=\"--smush-placeholder-width: 500px; --smush-placeholder-aspect-ratio: 500\/250;\" \/><\/a><\/figure>\n\n\n\n<p><\/p>\n<\/div>\n\n\n\n<div class=\"wp-block-column is-layout-flow wp-block-column-is-layout-flow\">\n<h2 class=\"has-text-align-left has-text-color wp-block-heading\" style=\"color:#e67fb9\"><strong><a href=\"https:\/\/www.barbie-secondlife.com\/es\/evenements\/barbie-basics\/step3\/\">ETAPA 3 (resultados)<\/a><\/strong><\/h2>\n\n\n\n<p><\/p>\n<\/div>\n<\/div>\n\n\n\n<hr class=\"wp-block-separator\"\/>\n\n\n\n<div class=\"wp-block-columns is-layout-flex wp-container-core-columns-is-layout-9d6595d7 wp-block-columns-is-layout-flex\">\n<div class=\"wp-block-column is-layout-flow wp-block-column-is-layout-flow\">\n<figure class=\"wp-block-image size-large\"><a href=\"https:\/\/www.barbie-secondlife.com\/es\/evenements\/barbie-basics\/step2\/\"><img decoding=\"async\" width=\"500\" height=\"250\" data-src=\"https:\/\/www.barbie-secondlife.com\/wp-content\/uploads\/2020\/05\/Etape2_Jeu.jpg\" alt=\"Concours Barbie Basics Step 2\" class=\"wp-image-28830 lazyload\" data-srcset=\"https:\/\/www.barbie-secondlife.com\/wp-content\/uploads\/2020\/05\/Etape2_Jeu.jpg 500w, https:\/\/www.barbie-secondlife.com\/wp-content\/uploads\/2020\/05\/Etape2_Jeu-302x151.jpg 302w, https:\/\/www.barbie-secondlife.com\/wp-content\/uploads\/2020\/05\/Etape2_Jeu-200x100.jpg 200w, https:\/\/www.barbie-secondlife.com\/wp-content\/uploads\/2020\/05\/Etape2_Jeu-350x175.jpg 350w\" data-sizes=\"(max-width: 500px) 100vw, 500px\" src=\"data:image\/svg+xml;base64,PHN2ZyB3aWR0aD0iMSIgaGVpZ2h0PSIxIiB4bWxucz0iaHR0cDovL3d3dy53My5vcmcvMjAwMC9zdmciPjwvc3ZnPg==\" style=\"--smush-placeholder-width: 500px; --smush-placeholder-aspect-ratio: 500\/250;\" \/><\/a><\/figure>\n\n\n\n<p><\/p>\n<\/div>\n\n\n\n<div class=\"wp-block-column is-layout-flow wp-block-column-is-layout-flow\">\n<h2 class=\"has-text-align-left has-text-color wp-block-heading\" style=\"color:#e67fb9\"><strong><a href=\"https:\/\/www.barbie-secondlife.com\/es\/evenements\/barbie-basics\/step2\/\">ETAPA 2 (resultados)<\/a><\/strong><\/h2>\n\n\n\n<p><\/p>\n<\/div>\n<\/div>\n\n\n\n<hr class=\"wp-block-separator\"\/>\n\n\n\n<div class=\"wp-block-columns is-layout-flex wp-container-core-columns-is-layout-9d6595d7 wp-block-columns-is-layout-flex\">\n<div class=\"wp-block-column is-layout-flow wp-block-column-is-layout-flow\">\n<figure class=\"wp-block-image size-large\"><a href=\"https:\/\/www.barbie-secondlife.com\/es\/evenements\/barbie-basics\/step1\/\"><img decoding=\"async\" width=\"500\" height=\"303\" data-src=\"https:\/\/www.barbie-secondlife.com\/wp-content\/uploads\/2020\/05\/Barbie_Basics_Etape1.jpg\" alt=\"Concours Barbie Basics - Etape 1\" class=\"wp-image-28298 lazyload\" data-srcset=\"https:\/\/www.barbie-secondlife.com\/wp-content\/uploads\/2020\/05\/Barbie_Basics_Etape1.jpg 500w, https:\/\/www.barbie-secondlife.com\/wp-content\/uploads\/2020\/05\/Barbie_Basics_Etape1-302x183.jpg 302w, https:\/\/www.barbie-secondlife.com\/wp-content\/uploads\/2020\/05\/Barbie_Basics_Etape1-200x121.jpg 200w, https:\/\/www.barbie-secondlife.com\/wp-content\/uploads\/2020\/05\/Barbie_Basics_Etape1-350x212.jpg 350w\" data-sizes=\"(max-width: 500px) 100vw, 500px\" src=\"data:image\/svg+xml;base64,PHN2ZyB3aWR0aD0iMSIgaGVpZ2h0PSIxIiB4bWxucz0iaHR0cDovL3d3dy53My5vcmcvMjAwMC9zdmciPjwvc3ZnPg==\" style=\"--smush-placeholder-width: 500px; --smush-placeholder-aspect-ratio: 500\/303;\" \/><\/a><\/figure>\n\n\n\n<p><\/p>\n<\/div>\n\n\n\n<div class=\"wp-block-column is-layout-flow wp-block-column-is-layout-flow\">\n<h2 class=\"has-text-align-left has-text-color wp-block-heading\" style=\"color:#e67fb9\"><strong><a href=\"https:\/\/www.barbie-secondlife.com\/es\/evenements\/barbie-basics\/step1\/\">ETAPA 1 (resultados)<\/a><\/strong><\/h2>\n\n\n\n<p><\/p>\n<\/div>\n<\/div>\n\n\n\n<hr class=\"wp-block-separator\"\/>\n","protected":false},"excerpt":{"rendered":"<p>Concurso Barbie Basics Participa en la primera etapa de la competencia Barbie Basics. Todas las Barbie Basics de mi colecci\u00f3n se unen para competir por m\u00e1s belleza Barbie. Habr\u00e1 6 etapas correspondientes a los 6 conjuntos de las diferentes colecciones de Collection 001, Collection 001.5, Collection 002, Collection 002.5, Collection 003, Collection Red. Cada etapa [&hellip;]<\/p>\n","protected":false},"author":1,"featured_media":12253,"parent":10511,"menu_order":0,"comment_status":"closed","ping_status":"closed","template":"","meta":{"footnotes":""},"class_list":["post-28285","page","type-page","status-publish","has-post-thumbnail","hentry"],"translation":{"provider":"WPGlobus","version":"3.0.2","language":"es","enabled_languages":["fr","en","es","br","de"],"languages":{"fr":{"title":true,"content":true,"excerpt":false},"en":{"title":true,"content":true,"excerpt":false},"es":{"title":true,"content":true,"excerpt":false},"br":{"title":true,"content":true,"excerpt":false},"de":{"title":true,"content":true,"excerpt":false}}},"_links":{"self":[{"href":"https:\/\/www.barbie-secondlife.com\/es\/wp-json\/wp\/v2\/pages\/28285","targetHints":{"allow":["GET"]}}],"collection":[{"href":"https:\/\/www.barbie-secondlife.com\/es\/wp-json\/wp\/v2\/pages"}],"about":[{"href":"https:\/\/www.barbie-secondlife.com\/es\/wp-json\/wp\/v2\/types\/page"}],"author":[{"embeddable":true,"href":"https:\/\/www.barbie-secondlife.com\/es\/wp-json\/wp\/v2\/users\/1"}],"replies":[{"embeddable":true,"href":"https:\/\/www.barbie-secondlife.com\/es\/wp-json\/wp\/v2\/comments?post=28285"}],"version-history":[{"count":0,"href":"https:\/\/www.barbie-secondlife.com\/es\/wp-json\/wp\/v2\/pages\/28285\/revisions"}],"up":[{"embeddable":true,"href":"https:\/\/www.barbie-secondlife.com\/es\/wp-json\/wp\/v2\/pages\/10511"}],"wp:featuredmedia":[{"embeddable":true,"href":"https:\/\/www.barbie-secondlife.com\/es\/wp-json\/wp\/v2\/media\/12253"}],"wp:attachment":[{"href":"https:\/\/www.barbie-secondlife.com\/es\/wp-json\/wp\/v2\/media?parent=28285"}],"curies":[{"name":"wp","href":"https:\/\/api.w.org\/{rel}","templated":true}]}}