{"id":28464,"date":"2020-05-06T03:19:07","date_gmt":"2020-05-06T01:19:07","guid":{"rendered":"https:\/\/www.barbie-secondlife.com\/?page_id=28464"},"modified":"2022-08-06T15:52:21","modified_gmt":"2022-08-06T13:52:21","slug":"finalstep","status":"publish","type":"page","link":"https:\/\/www.barbie-secondlife.com\/es\/evenements\/barbie-basics\/finalstep\/","title":{"rendered":"Etapa Final"},"content":{"rendered":"\n<h2 class=\"has-text-color wp-block-heading\" style=\"color:#e67fb9\"><strong><em>Concurso Barbie Basics &#8211; Etapa Final<\/em><\/strong><\/h2>\n\n\n\n<p><br>Participa en la primera etapa de la competencia Barbie Basics. Todas las <a href=\"https:\/\/www.barbie-secondlife.com\/es\/collection\/barbie-basics\/\">Barbie Basics<\/a> de mi colecci\u00f3n se unen para competir por la m\u00e1s belleza Barbie. Habr\u00e1 6 etapas correspondientes a los 6 conjuntos de las diferentes colecciones de <a href=\"https:\/\/www.barbie-secondlife.com\/es\/tag\/collection-001\/\">Collection 001<\/a>, <a href=\"https:\/\/www.barbie-secondlife.com\/es\/tag\/collection-001-5\/\">Collection 001.5<\/a>, <a href=\"https:\/\/www.barbie-secondlife.com\/es\/tag\/collection-002\/\">Collection 002<\/a>, <a href=\"https:\/\/www.barbie-secondlife.com\/es\/tag\/collection-002-5\/\">Collection 002.5<\/a>, <a href=\"https:\/\/www.barbie-secondlife.com\/es\/tag\/collection-003\/\">Collection 003<\/a>, <a href=\"https:\/\/www.barbie-secondlife.com\/es\/tag\/collection-red\/\">Collection Red<\/a>.<\/p>\n\n\n\n<hr class=\"wp-block-separator\"\/>\n\n\n\n<p>La <strong>Etapa Final<\/strong> consiste en elegir a la Barbie m\u00e1s bella entre las 6 Barbie que elegir\u00e1s en las diferentes etapas. Tu ganador del <strong>Concurso Barbie Basics<\/strong> es&#8230;<\/p>\n\n\n\n<hr class=\"wp-block-separator\"\/>\n\n\n\n<div class=\"wp-block-image\"><figure class=\"aligncenter size-large\"><img decoding=\"async\" width=\"135\" height=\"425\" data-src=\"https:\/\/www.barbie-secondlife.com\/wp-content\/uploads\/2020\/05\/Gagnante.gif\" alt=\"Concours Barbie Basics\" class=\"wp-image-29967 lazyload\" src=\"data:image\/svg+xml;base64,PHN2ZyB3aWR0aD0iMSIgaGVpZ2h0PSIxIiB4bWxucz0iaHR0cDovL3d3dy53My5vcmcvMjAwMC9zdmciPjwvc3ZnPg==\" style=\"--smush-placeholder-width: 135px; --smush-placeholder-aspect-ratio: 135\/425;\" \/><\/figure><\/div>\n\n\n\n<div class=\"wp-block-image\"><figure class=\"aligncenter size-large\"><img decoding=\"async\" width=\"1024\" height=\"853\" data-src=\"https:\/\/www.barbie-secondlife.com\/wp-content\/uploads\/2020\/05\/Souraya_Gagnante-1-1024x853.jpg\" alt=\"Gagnante Souraya Barbie Basics\" class=\"wp-image-30030 lazyload\" data-srcset=\"https:\/\/www.barbie-secondlife.com\/wp-content\/uploads\/2020\/05\/Souraya_Gagnante-1-1024x853.jpg 1024w, https:\/\/www.barbie-secondlife.com\/wp-content\/uploads\/2020\/05\/Souraya_Gagnante-1-302x252.jpg 302w, https:\/\/www.barbie-secondlife.com\/wp-content\/uploads\/2020\/05\/Souraya_Gagnante-1-200x167.jpg 200w, https:\/\/www.barbie-secondlife.com\/wp-content\/uploads\/2020\/05\/Souraya_Gagnante-1-500x417.jpg 500w, https:\/\/www.barbie-secondlife.com\/wp-content\/uploads\/2020\/05\/Souraya_Gagnante-1-350x292.jpg 350w, https:\/\/www.barbie-secondlife.com\/wp-content\/uploads\/2020\/05\/Souraya_Gagnante-1-768x640.jpg 768w, https:\/\/www.barbie-secondlife.com\/wp-content\/uploads\/2020\/05\/Souraya_Gagnante-1.jpg 1200w\" data-sizes=\"(max-width: 1024px) 100vw, 1024px\" src=\"data:image\/svg+xml;base64,PHN2ZyB3aWR0aD0iMSIgaGVpZ2h0PSIxIiB4bWxucz0iaHR0cDovL3d3dy53My5vcmcvMjAwMC9zdmciPjwvc3ZnPg==\" style=\"--smush-placeholder-width: 1024px; --smush-placeholder-aspect-ratio: 1024\/853;\" \/><\/figure><\/div>\n","protected":false},"excerpt":{"rendered":"<p>Concurso Barbie Basics &#8211; Etapa Final Participa en la primera etapa de la competencia Barbie Basics. Todas las Barbie Basics de mi colecci\u00f3n se unen para competir por la m\u00e1s belleza Barbie. Habr\u00e1 6 etapas correspondientes a los 6 conjuntos de las diferentes colecciones de Collection 001, Collection 001.5, Collection 002, Collection 002.5, Collection 003, [&hellip;]<\/p>\n","protected":false},"author":1,"featured_media":0,"parent":28285,"menu_order":0,"comment_status":"closed","ping_status":"closed","template":"","meta":{"footnotes":""},"class_list":["post-28464","page","type-page","status-publish","hentry"],"translation":{"provider":"WPGlobus","version":"3.0.2","language":"es","enabled_languages":["fr","en","es","br","de"],"languages":{"fr":{"title":true,"content":true,"excerpt":false},"en":{"title":true,"content":true,"excerpt":false},"es":{"title":true,"content":true,"excerpt":false},"br":{"title":true,"content":true,"excerpt":false},"de":{"title":true,"content":true,"excerpt":false}}},"_links":{"self":[{"href":"https:\/\/www.barbie-secondlife.com\/es\/wp-json\/wp\/v2\/pages\/28464","targetHints":{"allow":["GET"]}}],"collection":[{"href":"https:\/\/www.barbie-secondlife.com\/es\/wp-json\/wp\/v2\/pages"}],"about":[{"href":"https:\/\/www.barbie-secondlife.com\/es\/wp-json\/wp\/v2\/types\/page"}],"author":[{"embeddable":true,"href":"https:\/\/www.barbie-secondlife.com\/es\/wp-json\/wp\/v2\/users\/1"}],"replies":[{"embeddable":true,"href":"https:\/\/www.barbie-secondlife.com\/es\/wp-json\/wp\/v2\/comments?post=28464"}],"version-history":[{"count":0,"href":"https:\/\/www.barbie-secondlife.com\/es\/wp-json\/wp\/v2\/pages\/28464\/revisions"}],"up":[{"embeddable":true,"href":"https:\/\/www.barbie-secondlife.com\/es\/wp-json\/wp\/v2\/pages\/28285"}],"wp:attachment":[{"href":"https:\/\/www.barbie-secondlife.com\/es\/wp-json\/wp\/v2\/media?parent=28464"}],"curies":[{"name":"wp","href":"https:\/\/api.w.org\/{rel}","templated":true}]}}