{"id":34202,"date":"2020-11-09T22:19:34","date_gmt":"2020-11-09T21:19:34","guid":{"rendered":"https:\/\/www.barbie-secondlife.com\/?page_id=34202"},"modified":"2022-08-06T16:22:27","modified_gmt":"2022-08-06T14:22:27","slug":"crepus","status":"publish","type":"page","link":"https:\/\/www.barbie-secondlife.com\/es\/evenements\/hairxperience\/crepus\/","title":{"rendered":"Encrespados"},"content":{"rendered":"\n<h2 class=\"wp-block-heading\"><strong><em>Concurso HairXperience Paris<\/em><\/strong><\/h2>\n\n\n\n<div class=\"wp-block-image\"><figure class=\"aligncenter size-large\"><img decoding=\"async\" width=\"1024\" height=\"48\" data-src=\"https:\/\/www.barbie-secondlife.com\/wp-content\/uploads\/2020\/11\/HairXperience_Crepus_ES2-1024x48.png\" alt=\"Encrespados\" class=\"wp-image-34396 lazyload\" data-srcset=\"https:\/\/www.barbie-secondlife.com\/wp-content\/uploads\/2020\/11\/HairXperience_Crepus_ES2-1024x48.png 1024w, https:\/\/www.barbie-secondlife.com\/wp-content\/uploads\/2020\/11\/HairXperience_Crepus_ES2-302x14.png 302w, https:\/\/www.barbie-secondlife.com\/wp-content\/uploads\/2020\/11\/HairXperience_Crepus_ES2-200x9.png 200w, https:\/\/www.barbie-secondlife.com\/wp-content\/uploads\/2020\/11\/HairXperience_Crepus_ES2-500x24.png 500w, https:\/\/www.barbie-secondlife.com\/wp-content\/uploads\/2020\/11\/HairXperience_Crepus_ES2-350x17.png 350w, https:\/\/www.barbie-secondlife.com\/wp-content\/uploads\/2020\/11\/HairXperience_Crepus_ES2-768x36.png 768w, https:\/\/www.barbie-secondlife.com\/wp-content\/uploads\/2020\/11\/HairXperience_Crepus_ES2.png 1079w\" data-sizes=\"(max-width: 1024px) 100vw, 1024px\" src=\"data:image\/svg+xml;base64,PHN2ZyB3aWR0aD0iMSIgaGVpZ2h0PSIxIiB4bWxucz0iaHR0cDovL3d3dy53My5vcmcvMjAwMC9zdmciPjwvc3ZnPg==\" style=\"--smush-placeholder-width: 1024px; --smush-placeholder-aspect-ratio: 1024\/48;\" \/><\/figure><\/div>\n\n\n\n<p>Aqu\u00ed est\u00e1n los 4 candidatas en la categor\u00eda \u00abEncrespados\u00bb. <a href=\"https:\/\/www.barbie-secondlife.com\/es\/barbie\/world\/europe-est\/barbie-filippa\/\">Filippa <\/a>(Barbie <a href=\"https:\/\/www.barbie-secondlife.com\/es\/tag\/star-wars\/\">Star Wars<\/a> \u2013 C-3PO), <a href=\"https:\/\/www.barbie-secondlife.com\/es\/barbie\/world\/afrique\/barbie-kuki\/\">Kuki <\/a>(Barbie <a href=\"https:\/\/www.barbie-secondlife.com\/es\/tag\/fashionistas\/\">Fashionistas <\/a>N\u00b0100), <a href=\"https:\/\/www.barbie-secondlife.com\/es\/barbie\/world\/afrique\/barbie-fatou\/\">Fatou <\/a>(Barbie Styled by <a href=\"https:\/\/www.barbie-secondlife.com\/es\/tag\/marni-senofonte\/\">Marni Senofonte<\/a> \u2013 Crystal) ou <a href=\"https:\/\/www.barbie-secondlife.com\/es\/barbie\/world\/amerique-nord-centrale\/barbie-camille\/\">Camille <\/a>(Barbie <a href=\"https:\/\/www.barbie-secondlife.com\/es\/tag\/fashionistas\/\">Fashionistas <\/a>N\u00b0100)<\/p>\n\n\n\n<div class=\"wp-block-columns is-layout-flex wp-container-core-columns-is-layout-9d6595d7 wp-block-columns-is-layout-flex\">\n<div class=\"wp-block-column is-layout-flow wp-block-column-is-layout-flow\">\n<figure class=\"wp-block-table\"><table><tbody><tr><td class=\"has-text-align-center\" data-align=\"center\"><a href=\"https:\/\/www.barbie-secondlife.com\/wp-content\/uploads\/2020\/11\/Crepus_Filippa.jpg\" target=\"_blank\" rel=\"noreferrer noopener\"><img decoding=\"async\" width=\"150\" height=\"300\" class=\"wp-image-34228 lazyload\" style=\"--smush-placeholder-width: 150px; --smush-placeholder-aspect-ratio: 150\/300;width: 150px;\" data-src=\"https:\/\/www.barbie-secondlife.com\/wp-content\/uploads\/2020\/11\/Crepus_Filippa.jpg\" alt=\"Barbie Filippa\" data-srcset=\"https:\/\/www.barbie-secondlife.com\/wp-content\/uploads\/2020\/11\/Crepus_Filippa.jpg 400w, https:\/\/www.barbie-secondlife.com\/wp-content\/uploads\/2020\/11\/Crepus_Filippa-302x604.jpg 302w, https:\/\/www.barbie-secondlife.com\/wp-content\/uploads\/2020\/11\/Crepus_Filippa-200x400.jpg 200w, https:\/\/www.barbie-secondlife.com\/wp-content\/uploads\/2020\/11\/Crepus_Filippa-350x700.jpg 350w, https:\/\/www.barbie-secondlife.com\/wp-content\/uploads\/2020\/11\/Crepus_Filippa-150x300.jpg 150w\" data-sizes=\"(max-width: 150px) 100vw, 150px\" src=\"data:image\/svg+xml;base64,PHN2ZyB3aWR0aD0iMSIgaGVpZ2h0PSIxIiB4bWxucz0iaHR0cDovL3d3dy53My5vcmcvMjAwMC9zdmciPjwvc3ZnPg==\" \/><\/a><\/td><td class=\"has-text-align-center\" data-align=\"center\"><a href=\"https:\/\/www.barbie-secondlife.com\/wp-content\/uploads\/2020\/11\/Crepus_Kuki.jpg\" target=\"_blank\" rel=\"noreferrer noopener\"><img decoding=\"async\" width=\"150\" height=\"300\" class=\"wp-image-34229 lazyload\" style=\"--smush-placeholder-width: 150px; --smush-placeholder-aspect-ratio: 150\/300;width: 150px;\" data-src=\"https:\/\/www.barbie-secondlife.com\/wp-content\/uploads\/2020\/11\/Crepus_Kuki.jpg\" alt=\"Barbie Kuki\" data-srcset=\"https:\/\/www.barbie-secondlife.com\/wp-content\/uploads\/2020\/11\/Crepus_Kuki.jpg 400w, https:\/\/www.barbie-secondlife.com\/wp-content\/uploads\/2020\/11\/Crepus_Kuki-302x604.jpg 302w, https:\/\/www.barbie-secondlife.com\/wp-content\/uploads\/2020\/11\/Crepus_Kuki-200x400.jpg 200w, https:\/\/www.barbie-secondlife.com\/wp-content\/uploads\/2020\/11\/Crepus_Kuki-350x700.jpg 350w, https:\/\/www.barbie-secondlife.com\/wp-content\/uploads\/2020\/11\/Crepus_Kuki-150x300.jpg 150w\" data-sizes=\"(max-width: 150px) 100vw, 150px\" src=\"data:image\/svg+xml;base64,PHN2ZyB3aWR0aD0iMSIgaGVpZ2h0PSIxIiB4bWxucz0iaHR0cDovL3d3dy53My5vcmcvMjAwMC9zdmciPjwvc3ZnPg==\" \/><\/a><\/td><td class=\"has-text-align-center\" data-align=\"center\"><a href=\"https:\/\/www.barbie-secondlife.com\/wp-content\/uploads\/2020\/11\/Crepus_Fatou.jpg\" target=\"_blank\" rel=\"noreferrer noopener\"><img decoding=\"async\" width=\"150\" height=\"300\" class=\"wp-image-34227 lazyload\" style=\"--smush-placeholder-width: 150px; --smush-placeholder-aspect-ratio: 150\/300;width: 150px;\" data-src=\"https:\/\/www.barbie-secondlife.com\/wp-content\/uploads\/2020\/11\/Crepus_Fatou.jpg\" alt=\"Barbie Fatou\" data-srcset=\"https:\/\/www.barbie-secondlife.com\/wp-content\/uploads\/2020\/11\/Crepus_Fatou.jpg 400w, https:\/\/www.barbie-secondlife.com\/wp-content\/uploads\/2020\/11\/Crepus_Fatou-302x604.jpg 302w, https:\/\/www.barbie-secondlife.com\/wp-content\/uploads\/2020\/11\/Crepus_Fatou-200x400.jpg 200w, https:\/\/www.barbie-secondlife.com\/wp-content\/uploads\/2020\/11\/Crepus_Fatou-350x700.jpg 350w, https:\/\/www.barbie-secondlife.com\/wp-content\/uploads\/2020\/11\/Crepus_Fatou-150x300.jpg 150w\" data-sizes=\"(max-width: 150px) 100vw, 150px\" src=\"data:image\/svg+xml;base64,PHN2ZyB3aWR0aD0iMSIgaGVpZ2h0PSIxIiB4bWxucz0iaHR0cDovL3d3dy53My5vcmcvMjAwMC9zdmciPjwvc3ZnPg==\" \/><\/a><\/td><td class=\"has-text-align-center\" data-align=\"center\"><a href=\"https:\/\/www.barbie-secondlife.com\/wp-content\/uploads\/2020\/11\/Crepus_Camille.jpg\" target=\"_blank\" rel=\"noreferrer noopener\"><img decoding=\"async\" width=\"150\" height=\"300\" class=\"wp-image-34226 lazyload\" style=\"--smush-placeholder-width: 150px; --smush-placeholder-aspect-ratio: 150\/300;width: 150px;\" data-src=\"https:\/\/www.barbie-secondlife.com\/wp-content\/uploads\/2020\/11\/Crepus_Camille.jpg\" alt=\"Barbie Camille\" data-srcset=\"https:\/\/www.barbie-secondlife.com\/wp-content\/uploads\/2020\/11\/Crepus_Camille.jpg 400w, https:\/\/www.barbie-secondlife.com\/wp-content\/uploads\/2020\/11\/Crepus_Camille-302x604.jpg 302w, https:\/\/www.barbie-secondlife.com\/wp-content\/uploads\/2020\/11\/Crepus_Camille-200x400.jpg 200w, https:\/\/www.barbie-secondlife.com\/wp-content\/uploads\/2020\/11\/Crepus_Camille-350x700.jpg 350w, https:\/\/www.barbie-secondlife.com\/wp-content\/uploads\/2020\/11\/Crepus_Camille-150x300.jpg 150w\" data-sizes=\"(max-width: 150px) 100vw, 150px\" src=\"data:image\/svg+xml;base64,PHN2ZyB3aWR0aD0iMSIgaGVpZ2h0PSIxIiB4bWxucz0iaHR0cDovL3d3dy53My5vcmcvMjAwMC9zdmciPjwvc3ZnPg==\" \/><\/a><\/td><\/tr><tr><td class=\"has-text-align-center\" data-align=\"center\"><sub><strong>11 Votes<\/strong><\/sub><\/td><td class=\"has-text-align-center\" data-align=\"center\"><sub><strong>8 Votes<\/strong><\/sub><\/td><td class=\"has-text-align-center\" data-align=\"center\"><sub><strong>8 Votes<\/strong><\/sub><\/td><td class=\"has-text-align-center\" data-align=\"center\"><sub><strong>18 Votes<\/strong><\/sub><\/td><\/tr><\/tbody><\/table><\/figure>\n<\/div>\n<\/div>\n\n\n\n<hr class=\"wp-block-separator\"\/>\n\n\n\n<p class=\"has-text-align-right has-text-color\" style=\"color:#e67fb9\"><strong>Accede a los otros concursos a continuaci\u00f3n<\/strong><\/p>\n\n\n\n<div class=\"wp-block-image\"><figure class=\"alignright size-large is-resized\"><a href=\"https:\/\/www.barbie-secondlife.com\/es\/evenements\/hairxperience\/tresses\/\"><img decoding=\"async\" data-src=\"https:\/\/www.barbie-secondlife.com\/wp-content\/uploads\/2020\/11\/HairXperience_Tresses_ES-1024x48.png\" alt=\"Trenzas\" class=\"wp-image-34385 lazyload\" width=\"512\" height=\"24\" data-srcset=\"https:\/\/www.barbie-secondlife.com\/wp-content\/uploads\/2020\/11\/HairXperience_Tresses_ES-1024x48.png 1024w, https:\/\/www.barbie-secondlife.com\/wp-content\/uploads\/2020\/11\/HairXperience_Tresses_ES-302x14.png 302w, https:\/\/www.barbie-secondlife.com\/wp-content\/uploads\/2020\/11\/HairXperience_Tresses_ES-200x9.png 200w, https:\/\/www.barbie-secondlife.com\/wp-content\/uploads\/2020\/11\/HairXperience_Tresses_ES-500x24.png 500w, https:\/\/www.barbie-secondlife.com\/wp-content\/uploads\/2020\/11\/HairXperience_Tresses_ES-350x17.png 350w, https:\/\/www.barbie-secondlife.com\/wp-content\/uploads\/2020\/11\/HairXperience_Tresses_ES-768x36.png 768w, https:\/\/www.barbie-secondlife.com\/wp-content\/uploads\/2020\/11\/HairXperience_Tresses_ES.png 1079w\" data-sizes=\"(max-width: 512px) 100vw, 512px\" src=\"data:image\/svg+xml;base64,PHN2ZyB3aWR0aD0iMSIgaGVpZ2h0PSIxIiB4bWxucz0iaHR0cDovL3d3dy53My5vcmcvMjAwMC9zdmciPjwvc3ZnPg==\" style=\"--smush-placeholder-width: 512px; --smush-placeholder-aspect-ratio: 512\/24;\" \/><\/a><\/figure><\/div>\n\n\n\n<div class=\"wp-block-image\"><figure class=\"alignright size-large is-resized\"><a href=\"https:\/\/www.barbie-secondlife.com\/es\/evenements\/hairxperience\/carre\/\"><img decoding=\"async\" data-src=\"https:\/\/www.barbie-secondlife.com\/wp-content\/uploads\/2020\/11\/HairXperience_Carre_ES-1024x48.png\" alt=\"Bob\" class=\"wp-image-34358 lazyload\" width=\"512\" height=\"24\" data-srcset=\"https:\/\/www.barbie-secondlife.com\/wp-content\/uploads\/2020\/11\/HairXperience_Carre_ES-1024x48.png 1024w, https:\/\/www.barbie-secondlife.com\/wp-content\/uploads\/2020\/11\/HairXperience_Carre_ES-302x14.png 302w, https:\/\/www.barbie-secondlife.com\/wp-content\/uploads\/2020\/11\/HairXperience_Carre_ES-200x9.png 200w, https:\/\/www.barbie-secondlife.com\/wp-content\/uploads\/2020\/11\/HairXperience_Carre_ES-500x24.png 500w, https:\/\/www.barbie-secondlife.com\/wp-content\/uploads\/2020\/11\/HairXperience_Carre_ES-350x17.png 350w, https:\/\/www.barbie-secondlife.com\/wp-content\/uploads\/2020\/11\/HairXperience_Carre_ES-768x36.png 768w, https:\/\/www.barbie-secondlife.com\/wp-content\/uploads\/2020\/11\/HairXperience_Carre_ES.png 1079w\" data-sizes=\"(max-width: 512px) 100vw, 512px\" src=\"data:image\/svg+xml;base64,PHN2ZyB3aWR0aD0iMSIgaGVpZ2h0PSIxIiB4bWxucz0iaHR0cDovL3d3dy53My5vcmcvMjAwMC9zdmciPjwvc3ZnPg==\" style=\"--smush-placeholder-width: 512px; --smush-placeholder-aspect-ratio: 512\/24;\" \/><\/a><\/figure><\/div>\n\n\n\n<div class=\"wp-block-image\"><figure class=\"alignright size-large is-resized\"><a href=\"https:\/\/www.barbie-secondlife.com\/es\/evenements\/hairxperience\/frange\/\"><img decoding=\"async\" data-src=\"https:\/\/www.barbie-secondlife.com\/wp-content\/uploads\/2020\/11\/HairXperience_Frange_ES_BR-1024x48.png\" alt=\"Franja\" class=\"wp-image-34369 lazyload\" width=\"512\" height=\"24\" data-srcset=\"https:\/\/www.barbie-secondlife.com\/wp-content\/uploads\/2020\/11\/HairXperience_Frange_ES_BR-1024x48.png 1024w, https:\/\/www.barbie-secondlife.com\/wp-content\/uploads\/2020\/11\/HairXperience_Frange_ES_BR-302x14.png 302w, https:\/\/www.barbie-secondlife.com\/wp-content\/uploads\/2020\/11\/HairXperience_Frange_ES_BR-200x9.png 200w, https:\/\/www.barbie-secondlife.com\/wp-content\/uploads\/2020\/11\/HairXperience_Frange_ES_BR-500x24.png 500w, https:\/\/www.barbie-secondlife.com\/wp-content\/uploads\/2020\/11\/HairXperience_Frange_ES_BR-350x17.png 350w, https:\/\/www.barbie-secondlife.com\/wp-content\/uploads\/2020\/11\/HairXperience_Frange_ES_BR-768x36.png 768w, https:\/\/www.barbie-secondlife.com\/wp-content\/uploads\/2020\/11\/HairXperience_Frange_ES_BR.png 1079w\" data-sizes=\"(max-width: 512px) 100vw, 512px\" src=\"data:image\/svg+xml;base64,PHN2ZyB3aWR0aD0iMSIgaGVpZ2h0PSIxIiB4bWxucz0iaHR0cDovL3d3dy53My5vcmcvMjAwMC9zdmciPjwvc3ZnPg==\" style=\"--smush-placeholder-width: 512px; --smush-placeholder-aspect-ratio: 512\/24;\" \/><\/a><\/figure><\/div>\n\n\n\n<div class=\"wp-block-image\"><figure class=\"alignright size-large is-resized\"><a href=\"https:\/\/www.barbie-secondlife.com\/es\/evenements\/hairxperience\/frises\/\"><img decoding=\"async\" data-src=\"https:\/\/www.barbie-secondlife.com\/wp-content\/uploads\/2020\/11\/HairXperience_Frises_ES-1024x48.png\" alt=\"Rizados\" class=\"wp-image-34373 lazyload\" width=\"512\" height=\"24\" data-srcset=\"https:\/\/www.barbie-secondlife.com\/wp-content\/uploads\/2020\/11\/HairXperience_Frises_ES-1024x48.png 1024w, https:\/\/www.barbie-secondlife.com\/wp-content\/uploads\/2020\/11\/HairXperience_Frises_ES-302x14.png 302w, https:\/\/www.barbie-secondlife.com\/wp-content\/uploads\/2020\/11\/HairXperience_Frises_ES-200x9.png 200w, https:\/\/www.barbie-secondlife.com\/wp-content\/uploads\/2020\/11\/HairXperience_Frises_ES-500x24.png 500w, https:\/\/www.barbie-secondlife.com\/wp-content\/uploads\/2020\/11\/HairXperience_Frises_ES-350x17.png 350w, https:\/\/www.barbie-secondlife.com\/wp-content\/uploads\/2020\/11\/HairXperience_Frises_ES-768x36.png 768w, https:\/\/www.barbie-secondlife.com\/wp-content\/uploads\/2020\/11\/HairXperience_Frises_ES.png 1079w\" data-sizes=\"(max-width: 512px) 100vw, 512px\" src=\"data:image\/svg+xml;base64,PHN2ZyB3aWR0aD0iMSIgaGVpZ2h0PSIxIiB4bWxucz0iaHR0cDovL3d3dy53My5vcmcvMjAwMC9zdmciPjwvc3ZnPg==\" style=\"--smush-placeholder-width: 512px; --smush-placeholder-aspect-ratio: 512\/24;\" \/><\/a><\/figure><\/div>\n\n\n\n<div class=\"wp-block-image\"><figure class=\"alignright size-large is-resized\"><a href=\"https:\/\/www.barbie-secondlife.com\/es\/evenements\/hairxperience\/courts-2\/\"><img decoding=\"async\" data-src=\"https:\/\/www.barbie-secondlife.com\/wp-content\/uploads\/2020\/11\/HairXperience_Courts_ES-1024x48.png\" alt=\"Cortos\" class=\"wp-image-34362 lazyload\" width=\"512\" height=\"24\" data-srcset=\"https:\/\/www.barbie-secondlife.com\/wp-content\/uploads\/2020\/11\/HairXperience_Courts_ES-1024x48.png 1024w, https:\/\/www.barbie-secondlife.com\/wp-content\/uploads\/2020\/11\/HairXperience_Courts_ES-302x14.png 302w, https:\/\/www.barbie-secondlife.com\/wp-content\/uploads\/2020\/11\/HairXperience_Courts_ES-200x9.png 200w, https:\/\/www.barbie-secondlife.com\/wp-content\/uploads\/2020\/11\/HairXperience_Courts_ES-500x24.png 500w, https:\/\/www.barbie-secondlife.com\/wp-content\/uploads\/2020\/11\/HairXperience_Courts_ES-350x17.png 350w, https:\/\/www.barbie-secondlife.com\/wp-content\/uploads\/2020\/11\/HairXperience_Courts_ES-768x36.png 768w, https:\/\/www.barbie-secondlife.com\/wp-content\/uploads\/2020\/11\/HairXperience_Courts_ES.png 1079w\" data-sizes=\"(max-width: 512px) 100vw, 512px\" src=\"data:image\/svg+xml;base64,PHN2ZyB3aWR0aD0iMSIgaGVpZ2h0PSIxIiB4bWxucz0iaHR0cDovL3d3dy53My5vcmcvMjAwMC9zdmciPjwvc3ZnPg==\" style=\"--smush-placeholder-width: 512px; --smush-placeholder-aspect-ratio: 512\/24;\" \/><\/a><\/figure><\/div>\n\n\n\n<div class=\"wp-block-image\"><figure class=\"alignright size-large is-resized\"><a href=\"https:\/\/www.barbie-secondlife.com\/es\/evenements\/hairxperience\/longs-2\/\"><img decoding=\"async\" data-src=\"https:\/\/www.barbie-secondlife.com\/wp-content\/uploads\/2020\/11\/HairXperience_Longs_ES-1024x48.png\" alt=\"Largos\" class=\"wp-image-34377 lazyload\" width=\"512\" height=\"24\" data-srcset=\"https:\/\/www.barbie-secondlife.com\/wp-content\/uploads\/2020\/11\/HairXperience_Longs_ES-1024x48.png 1024w, https:\/\/www.barbie-secondlife.com\/wp-content\/uploads\/2020\/11\/HairXperience_Longs_ES-302x14.png 302w, https:\/\/www.barbie-secondlife.com\/wp-content\/uploads\/2020\/11\/HairXperience_Longs_ES-200x9.png 200w, https:\/\/www.barbie-secondlife.com\/wp-content\/uploads\/2020\/11\/HairXperience_Longs_ES-500x24.png 500w, https:\/\/www.barbie-secondlife.com\/wp-content\/uploads\/2020\/11\/HairXperience_Longs_ES-350x17.png 350w, https:\/\/www.barbie-secondlife.com\/wp-content\/uploads\/2020\/11\/HairXperience_Longs_ES-768x36.png 768w, https:\/\/www.barbie-secondlife.com\/wp-content\/uploads\/2020\/11\/HairXperience_Longs_ES.png 1079w\" data-sizes=\"(max-width: 512px) 100vw, 512px\" src=\"data:image\/svg+xml;base64,PHN2ZyB3aWR0aD0iMSIgaGVpZ2h0PSIxIiB4bWxucz0iaHR0cDovL3d3dy53My5vcmcvMjAwMC9zdmciPjwvc3ZnPg==\" style=\"--smush-placeholder-width: 512px; --smush-placeholder-aspect-ratio: 512\/24;\" \/><\/a><\/figure><\/div>\n","protected":false},"excerpt":{"rendered":"<p>Concurso HairXperience Paris Aqu\u00ed est\u00e1n los 4 candidatas en la categor\u00eda \u00abEncrespados\u00bb. Filippa (Barbie Star Wars \u2013 C-3PO), Kuki (Barbie Fashionistas N\u00b0100), Fatou (Barbie Styled by Marni Senofonte \u2013 Crystal) ou Camille (Barbie Fashionistas N\u00b0100) 11 Votes 8 Votes 8 Votes 18 Votes Accede a los otros concursos a continuaci\u00f3n<\/p>\n","protected":false},"author":1,"featured_media":34167,"parent":34094,"menu_order":0,"comment_status":"closed","ping_status":"closed","template":"","meta":{"footnotes":""},"class_list":["post-34202","page","type-page","status-publish","has-post-thumbnail","hentry"],"translation":{"provider":"WPGlobus","version":"3.0.2","language":"es","enabled_languages":["fr","en","es","br","de"],"languages":{"fr":{"title":true,"content":true,"excerpt":false},"en":{"title":true,"content":true,"excerpt":false},"es":{"title":true,"content":true,"excerpt":false},"br":{"title":true,"content":true,"excerpt":false},"de":{"title":true,"content":true,"excerpt":false}}},"_links":{"self":[{"href":"https:\/\/www.barbie-secondlife.com\/es\/wp-json\/wp\/v2\/pages\/34202","targetHints":{"allow":["GET"]}}],"collection":[{"href":"https:\/\/www.barbie-secondlife.com\/es\/wp-json\/wp\/v2\/pages"}],"about":[{"href":"https:\/\/www.barbie-secondlife.com\/es\/wp-json\/wp\/v2\/types\/page"}],"author":[{"embeddable":true,"href":"https:\/\/www.barbie-secondlife.com\/es\/wp-json\/wp\/v2\/users\/1"}],"replies":[{"embeddable":true,"href":"https:\/\/www.barbie-secondlife.com\/es\/wp-json\/wp\/v2\/comments?post=34202"}],"version-history":[{"count":0,"href":"https:\/\/www.barbie-secondlife.com\/es\/wp-json\/wp\/v2\/pages\/34202\/revisions"}],"up":[{"embeddable":true,"href":"https:\/\/www.barbie-secondlife.com\/es\/wp-json\/wp\/v2\/pages\/34094"}],"wp:featuredmedia":[{"embeddable":true,"href":"https:\/\/www.barbie-secondlife.com\/es\/wp-json\/wp\/v2\/media\/34167"}],"wp:attachment":[{"href":"https:\/\/www.barbie-secondlife.com\/es\/wp-json\/wp\/v2\/media?parent=34202"}],"curies":[{"name":"wp","href":"https:\/\/api.w.org\/{rel}","templated":true}]}}