{"id":35,"date":"2020-05-01T21:00:00","date_gmt":"2020-05-01T19:00:00","guid":{"rendered":"http:\/\/barbiesenm.cluster017.ovh.net\/?page_id=35"},"modified":"2026-05-14T21:45:12","modified_gmt":"2026-05-14T19:45:12","slug":"homepage","status":"publish","type":"page","link":"https:\/\/www.barbie-secondlife.com\/es\/","title":{"rendered":"Barbie Second Life"},"content":{"rendered":"\n<h2 class=\"wp-block-heading has-text-align-center\"><sup>&#x2728;<\/sup><span style=\"font-size: 200%;\"><span style=\"font-family: lobster; color: #e67fb9;\">Bienvenido<\/span><\/span><sup>&#x2728;<\/sup><\/h2>\n\n\n\n<hr class=\"wp-block-separator has-css-opacity is-style-default\"\/>\n\n\n\n<h3 class=\"wp-block-heading has-text-align-center\">al mundo exclusivo de Barbie Second Life.<\/h3>\n\n\n\n<p class=\"has-text-align-center\">Sum\u00e9rgete en un mundo donde cada mu\u00f1eca cuenta una historia, donde cada colecci\u00f3n es una obra de arte. Descubre <strong>1 107<\/strong> <a href=\"https:\/\/www.barbie-secondlife.com\/es\/barbies\/world\/\">Barbie<\/a> y <strong>79<\/strong> <a href=\"https:\/\/www.barbie-secondlife.com\/es\/barbies\/kens-dans-le-monde\/\">Ken<\/a>, que te har\u00e1n conocer todas las regiones y pa\u00edses de los 5 continentes.<\/p>\n\n\n\n<hr class=\"wp-block-separator has-css-opacity\"\/>\n\n\n\n<figure class=\"wp-block-gallery has-nested-images columns-default is-cropped wp-block-gallery-1 is-layout-flex wp-block-gallery-is-layout-flex\">\n<figure class=\"wp-block-image size-full\"><a href=\"https:\/\/www.barbie-secondlife.com\/es\/barbies\/world\/\"><img decoding=\"async\" width=\"302\" height=\"850\" data-id=\"597492\" data-src=\"https:\/\/www.barbie-secondlife.com\/wp-content\/uploads\/2023\/02\/BarbieMonde_HomeSection_Full.jpg\" alt=\"Barbie dans le Monde\" class=\"wp-image-597492 lazyload\" data-srcset=\"https:\/\/www.barbie-secondlife.com\/wp-content\/uploads\/2023\/02\/BarbieMonde_HomeSection_Full.jpg 302w, https:\/\/www.barbie-secondlife.com\/wp-content\/uploads\/2023\/02\/BarbieMonde_HomeSection_Full-200x563.jpg 200w, https:\/\/www.barbie-secondlife.com\/wp-content\/uploads\/2023\/02\/BarbieMonde_HomeSection_Full-107x300.jpg 107w\" data-sizes=\"(max-width: 302px) 100vw, 302px\" src=\"data:image\/svg+xml;base64,PHN2ZyB3aWR0aD0iMSIgaGVpZ2h0PSIxIiB4bWxucz0iaHR0cDovL3d3dy53My5vcmcvMjAwMC9zdmciPjwvc3ZnPg==\" style=\"--smush-placeholder-width: 302px; --smush-placeholder-aspect-ratio: 302\/850;\" \/><\/a><\/figure>\n\n\n\n<figure class=\"wp-block-image size-full\"><a href=\"https:\/\/www.barbie-secondlife.com\/es\/attributs\/moule-de-visage-de-barbie\/\"><img decoding=\"async\" width=\"302\" height=\"850\" data-id=\"606804\" data-src=\"https:\/\/www.barbie-secondlife.com\/wp-content\/uploads\/2025\/09\/MoulesVisages_ES.jpg\" alt=\"\" class=\"wp-image-606804 lazyload\" data-srcset=\"https:\/\/www.barbie-secondlife.com\/wp-content\/uploads\/2025\/09\/MoulesVisages_ES.jpg 302w, https:\/\/www.barbie-secondlife.com\/wp-content\/uploads\/2025\/09\/MoulesVisages_ES-107x300.jpg 107w, https:\/\/www.barbie-secondlife.com\/wp-content\/uploads\/2025\/09\/MoulesVisages_ES-200x563.jpg 200w\" data-sizes=\"(max-width: 302px) 100vw, 302px\" src=\"data:image\/svg+xml;base64,PHN2ZyB3aWR0aD0iMSIgaGVpZ2h0PSIxIiB4bWxucz0iaHR0cDovL3d3dy53My5vcmcvMjAwMC9zdmciPjwvc3ZnPg==\" style=\"--smush-placeholder-width: 302px; --smush-placeholder-aspect-ratio: 302\/850;\" \/><\/a><\/figure>\n<\/figure>\n\n\n\n<hr class=\"wp-block-separator has-alpha-channel-opacity is-style-default\"\/>\n\n\n\n<p class=\"has-text-align-center\">Accede a series limitadas y ediciones raras como <a href=\"https:\/\/www.barbie-secondlife.com\/es\/collection\/barbie-basics\/\">Barbie Basics<\/a>, <a href=\"https:\/\/www.barbie-secondlife.com\/es\/tag\/bmr1959\/\">Barbie BMR1959<\/a>, <a href=\"https:\/\/www.barbie-secondlife.com\/es\/collection\/holiday\/\">Barbie Holiday<\/a>, <a href=\"https:\/\/www.barbie-secondlife.com\/es\/tag\/fashionistas\/\">Barbie Fashionistas<\/a>, <a href=\"https:\/\/www.barbie-secondlife.com\/es\/tag\/signature\/\">Barbie Signature<\/a>, <a href=\"https:\/\/www.barbie-secondlife.com\/es\/tag\/platinum-label\/\">Barbie Platinum Label<\/a>, <a href=\"https:\/\/www.barbie-secondlife.com\/es\/tag\/gold-label\/\">Barbie Gold Label<\/a>, <a href=\"https:\/\/www.barbie-secondlife.com\/es\/tag\/black-label\/\">Barbie Black Label<\/a>, y muchas otras <a href=\"https:\/\/www.barbie-secondlife.com\/es\/collection\/\">colecciones<\/a>.<\/p>\n\n\n<div class=\"wp-block-image\">\n<figure class=\"aligncenter size-full\"><a href=\"https:\/\/www.barbie-secondlife.com\/es\/collection\/\"><img decoding=\"async\" width=\"1200\" height=\"200\" data-src=\"https:\/\/www.barbie-secondlife.com\/wp-content\/uploads\/2025\/09\/BanniereWeb_collection.jpg\" alt=\"\" class=\"wp-image-606809 lazyload\" data-srcset=\"https:\/\/www.barbie-secondlife.com\/wp-content\/uploads\/2025\/09\/BanniereWeb_collection.jpg 1200w, https:\/\/www.barbie-secondlife.com\/wp-content\/uploads\/2025\/09\/BanniereWeb_collection-350x58.jpg 350w, https:\/\/www.barbie-secondlife.com\/wp-content\/uploads\/2025\/09\/BanniereWeb_collection-1024x171.jpg 1024w, https:\/\/www.barbie-secondlife.com\/wp-content\/uploads\/2025\/09\/BanniereWeb_collection-768x128.jpg 768w, https:\/\/www.barbie-secondlife.com\/wp-content\/uploads\/2025\/09\/BanniereWeb_collection-302x50.jpg 302w, https:\/\/www.barbie-secondlife.com\/wp-content\/uploads\/2025\/09\/BanniereWeb_collection-500x83.jpg 500w, https:\/\/www.barbie-secondlife.com\/wp-content\/uploads\/2025\/09\/BanniereWeb_collection-200x33.jpg 200w\" data-sizes=\"(max-width: 1200px) 100vw, 1200px\" src=\"data:image\/svg+xml;base64,PHN2ZyB3aWR0aD0iMSIgaGVpZ2h0PSIxIiB4bWxucz0iaHR0cDovL3d3dy53My5vcmcvMjAwMC9zdmciPjwvc3ZnPg==\" style=\"--smush-placeholder-width: 1200px; --smush-placeholder-aspect-ratio: 1200\/200;\" \/><\/a><\/figure>\n<\/div>\n\n\n<hr class=\"wp-block-separator has-alpha-channel-opacity is-style-default\"\/>\n\n\n\n<p class=\"has-text-align-center\">La <a href=\"https:\/\/www.barbie-secondlife.com\/es\/bsl-magazine\/\">BSL Magazine<\/a> sali\u00f3, hay 14 n\u00fameros disponibles, Ken tambi\u00e9n tiene su secci\u00f3n en <a href=\"https:\/\/www.barbie-secondlife.com\/es\/barbies\/kens-dans-le-monde\/\">Ken en el mundo<\/a>, desc\u00fabrela.<\/p>\n\n\n\n<figure class=\"wp-block-gallery has-nested-images columns-default is-cropped wp-block-gallery-2 is-layout-flex wp-block-gallery-is-layout-flex\">\n<figure class=\"wp-block-image size-full\"><a href=\"https:\/\/www.barbie-secondlife.com\/es\/bsl-magazine\/\"><img decoding=\"async\" width=\"450\" height=\"450\" data-id=\"602329\" data-src=\"https:\/\/www.barbie-secondlife.com\/wp-content\/uploads\/2024\/07\/BSLMagazine_Homepage_Sarah2.jpg\" alt=\"\" class=\"wp-image-602329 lazyload\" data-srcset=\"https:\/\/www.barbie-secondlife.com\/wp-content\/uploads\/2024\/07\/BSLMagazine_Homepage_Sarah2.jpg 450w, https:\/\/www.barbie-secondlife.com\/wp-content\/uploads\/2024\/07\/BSLMagazine_Homepage_Sarah2-302x302.jpg 302w, https:\/\/www.barbie-secondlife.com\/wp-content\/uploads\/2024\/07\/BSLMagazine_Homepage_Sarah2-200x200.jpg 200w, https:\/\/www.barbie-secondlife.com\/wp-content\/uploads\/2024\/07\/BSLMagazine_Homepage_Sarah2-350x350.jpg 350w, https:\/\/www.barbie-secondlife.com\/wp-content\/uploads\/2024\/07\/BSLMagazine_Homepage_Sarah2-300x300.jpg 300w\" data-sizes=\"(max-width: 450px) 100vw, 450px\" src=\"data:image\/svg+xml;base64,PHN2ZyB3aWR0aD0iMSIgaGVpZ2h0PSIxIiB4bWxucz0iaHR0cDovL3d3dy53My5vcmcvMjAwMC9zdmciPjwvc3ZnPg==\" style=\"--smush-placeholder-width: 450px; --smush-placeholder-aspect-ratio: 450\/450;\" \/><\/a><\/figure>\n\n\n\n<figure class=\"wp-block-image size-full\"><a href=\"https:\/\/www.barbie-secondlife.com\/es\/barbies\/kens-dans-le-monde\/\"><img decoding=\"async\" width=\"450\" height=\"450\" data-id=\"525147\" data-src=\"https:\/\/www.barbie-secondlife.com\/wp-content\/uploads\/2021\/11\/Homepage-BSL-KEN2.jpg\" alt=\"Poup\u00e9e Ken\" class=\"wp-image-525147 lazyload\" data-srcset=\"https:\/\/www.barbie-secondlife.com\/wp-content\/uploads\/2021\/11\/Homepage-BSL-KEN2.jpg 450w, https:\/\/www.barbie-secondlife.com\/wp-content\/uploads\/2021\/11\/Homepage-BSL-KEN2-302x302.jpg 302w, https:\/\/www.barbie-secondlife.com\/wp-content\/uploads\/2021\/11\/Homepage-BSL-KEN2-200x200.jpg 200w, https:\/\/www.barbie-secondlife.com\/wp-content\/uploads\/2021\/11\/Homepage-BSL-KEN2-350x350.jpg 350w, https:\/\/www.barbie-secondlife.com\/wp-content\/uploads\/2021\/11\/Homepage-BSL-KEN2-300x300.jpg 300w\" data-sizes=\"(max-width: 450px) 100vw, 450px\" src=\"data:image\/svg+xml;base64,PHN2ZyB3aWR0aD0iMSIgaGVpZ2h0PSIxIiB4bWxucz0iaHR0cDovL3d3dy53My5vcmcvMjAwMC9zdmciPjwvc3ZnPg==\" style=\"--smush-placeholder-width: 450px; --smush-placeholder-aspect-ratio: 450\/450;\" \/><\/a><\/figure>\n<\/figure>\n\n\n\n<hr class=\"wp-block-separator has-css-opacity\"\/>\n\n\n\n<p class=\"has-text-align-center has-medium-font-size\"><span style=\"font-family: lobster; color: #e67fb9;\"><strong>Los tesoros m\u00e1s recientes de mi colecci\u00f3n de Barbie<\/strong><\/span><\/p>\n\n\n\n<div class=\"alignnormal\"><div id=\"metaslider-id-606770\" style=\"width: 100%;\" class=\"ml-slider-3-109-0 metaslider metaslider-flex metaslider-606770 ml-slider hide-arrows-smartphone hide-arrows-tablet hide-arrows-laptop hide-navigation-smartphone hide-navigation-tablet hide-navigation-laptop has-dots-nav ms-theme-cubic\" role=\"region\" aria-label=\"Diaporama ES\" data-height=\"467\" data-width=\"700\">\n    <div id=\"metaslider_container_606770\">\n        <div id=\"metaslider_606770\">\n            <ul aria-live='off' class='slides'>\n                <li style=\"display: block; width: 100%;\" class=\"slide-606771 ms-image \" aria-roledescription=\"slide\" data-date=\"2025-09-06 16:26:52\" data-filename=\"Barbie_Mirjana_Article_Profil-700x467.jpg\" data-slide-type=\"image\"><a href=\"https:\/\/www.barbie-secondlife.com\/es\/barbie\/world\/europe-est\/barbie-mirjana\/\" target=\"_self\" aria-label=\"Ver detalles de la diapositiva\" class=\"metaslider_image_link\"><img decoding=\"async\" data-src=\"https:\/\/www.barbie-secondlife.com\/wp-content\/uploads\/2026\/05\/Barbie_Mirjana_Article_Profil-700x467.jpg\" height=\"467\" width=\"700\" alt=\"Barbie Masters of the Universe Teela\" class=\"slider-606770 slide-606771 msDefaultImage lazyload\" title=\"Barbie Masters of the Universe Teela\" src=\"data:image\/svg+xml;base64,PHN2ZyB3aWR0aD0iMSIgaGVpZ2h0PSIxIiB4bWxucz0iaHR0cDovL3d3dy53My5vcmcvMjAwMC9zdmciPjwvc3ZnPg==\" style=\"--smush-placeholder-width: 700px; --smush-placeholder-aspect-ratio: 700\/467;\" \/><\/a><\/li>\n                <li style=\"display: none; width: 100%;\" class=\"slide-606772 ms-image \" aria-roledescription=\"slide\" data-date=\"2025-09-06 16:26:52\" data-filename=\"Barbie_Aneta_Article_Profil-700x467.jpg\" data-slide-type=\"image\"><a href=\"https:\/\/www.barbie-secondlife.com\/es\/barbie\/world\/europe-est\/barbie-aneta\/\" target=\"_self\" aria-label=\"Ver detalles de la diapositiva\" class=\"metaslider_image_link\"><img decoding=\"async\" data-src=\"https:\/\/www.barbie-secondlife.com\/wp-content\/uploads\/2026\/05\/Barbie_Aneta_Article_Profil-700x467.jpg\" height=\"467\" width=\"700\" alt=\"Barbie Stevie Nicks Bella Donna\" class=\"slider-606770 slide-606772 msDefaultImage lazyload\" title=\"Barbie Stevie Nicks Bella Donna\" src=\"data:image\/svg+xml;base64,PHN2ZyB3aWR0aD0iMSIgaGVpZ2h0PSIxIiB4bWxucz0iaHR0cDovL3d3dy53My5vcmcvMjAwMC9zdmciPjwvc3ZnPg==\" style=\"--smush-placeholder-width: 700px; --smush-placeholder-aspect-ratio: 700\/467;\" \/><\/a><\/li>\n                <li style=\"display: none; width: 100%;\" class=\"slide-606773 ms-image \" aria-roledescription=\"slide\" data-date=\"2025-09-06 16:26:52\" data-filename=\"Barbie_Marzena_Article_Profil-700x467.jpg\" data-slide-type=\"image\"><a href=\"https:\/\/www.barbie-secondlife.com\/es\/barbie\/world\/europe-est\/barbie-marzena\/\" target=\"_self\" aria-label=\"Ver detalles de la diapositiva\" class=\"metaslider_image_link\"><img decoding=\"async\" data-src=\"https:\/\/www.barbie-secondlife.com\/wp-content\/uploads\/2026\/04\/Barbie_Marzena_Article_Profil-700x467.jpg\" height=\"467\" width=\"700\" alt=\"Barbie Kylie Minogue\" class=\"slider-606770 slide-606773 msDefaultImage lazyload\" title=\"Barbie Kylie Minogue\" src=\"data:image\/svg+xml;base64,PHN2ZyB3aWR0aD0iMSIgaGVpZ2h0PSIxIiB4bWxucz0iaHR0cDovL3d3dy53My5vcmcvMjAwMC9zdmciPjwvc3ZnPg==\" style=\"--smush-placeholder-width: 700px; --smush-placeholder-aspect-ratio: 700\/467;\" \/><\/a><\/li>\n                <li style=\"display: none; width: 100%;\" class=\"slide-606774 ms-image \" aria-roledescription=\"slide\" data-date=\"2025-09-06 16:26:52\" data-filename=\"Barbie_Sanja_Article_Profil-700x467.jpg\" data-slide-type=\"image\"><a href=\"https:\/\/www.barbie-secondlife.com\/es\/barbie\/world\/europe-est\/barbie-sanja\/\" target=\"_self\" aria-label=\"Ver detalles de la diapositiva\" class=\"metaslider_image_link\"><img decoding=\"async\" data-src=\"https:\/\/www.barbie-secondlife.com\/wp-content\/uploads\/2026\/04\/Barbie_Sanja_Article_Profil-700x467.jpg\" height=\"467\" width=\"700\" alt=\"Barbie DC Comics Wonder Woman\" class=\"slider-606770 slide-606774 msDefaultImage lazyload\" title=\"Barbie DC Comics Wonder Woman\" src=\"data:image\/svg+xml;base64,PHN2ZyB3aWR0aD0iMSIgaGVpZ2h0PSIxIiB4bWxucz0iaHR0cDovL3d3dy53My5vcmcvMjAwMC9zdmciPjwvc3ZnPg==\" style=\"--smush-placeholder-width: 700px; --smush-placeholder-aspect-ratio: 700\/467;\" \/><\/a><\/li>\n                <li style=\"display: none; width: 100%;\" class=\"slide-606775 ms-image \" aria-roledescription=\"slide\" data-date=\"2025-09-06 16:26:52\" data-filename=\"Ken_Benjamin_Article_Profil-700x467.jpg\" data-slide-type=\"image\"><a href=\"https:\/\/www.barbie-secondlife.com\/es\/barbie\/kens-dans-le-monde\/ken-france\/ken-benjamin\/\" target=\"_self\" aria-label=\"Ver detalles de la diapositiva\" class=\"metaslider_image_link\"><img decoding=\"async\" data-src=\"https:\/\/www.barbie-secondlife.com\/wp-content\/uploads\/2026\/05\/Ken_Benjamin_Article_Profil-700x467.jpg\" height=\"467\" width=\"700\" alt=\"Ken Masters of the Universe He-man\" class=\"slider-606770 slide-606775 msDefaultImage lazyload\" title=\"Ken Masters of the Universe He-man\" src=\"data:image\/svg+xml;base64,PHN2ZyB3aWR0aD0iMSIgaGVpZ2h0PSIxIiB4bWxucz0iaHR0cDovL3d3dy53My5vcmcvMjAwMC9zdmciPjwvc3ZnPg==\" style=\"--smush-placeholder-width: 700px; --smush-placeholder-aspect-ratio: 700\/467;\" \/><\/a><\/li>\n            <\/ul>\n        <\/div>\n        \n    <\/div>\n<\/div><\/div>\n\n\n\n<p class=\"has-text-align-center\">Mu\u00f1ecas&nbsp;<a href=\"https:\/\/www.barbie-secondlife.com\/es\/barbies\/kens-dans-le-monde\/\">Ken<\/a> y <a href=\"https:\/\/www.barbie-secondlife.com\/es\/barbies\/world\/\">Barbie<\/a> con pelo <a href=\"https:\/\/www.barbie-secondlife.com\/es\/10couleur\/blond\/\">rubio<\/a>, <a href=\"https:\/\/www.barbie-secondlife.com\/es\/10couleur\/chatain\/\">casta\u00f1o<\/a>, <a href=\"https:\/\/www.barbie-secondlife.com\/es\/10couleur\/roux\/\">rojo<\/a> e incluso de <a href=\"https:\/\/www.barbie-secondlife.com\/es\/10couleur\/autre\/\">otros colores<\/a>.<\/p>\n\n\n\n<p class=\"has-text-align-center\">Tienen el pelo <a href=\"https:\/\/www.barbie-secondlife.com\/es\/45forme_cheveux\/crepus\/\">encrespado<\/a>, <a href=\"https:\/\/www.barbie-secondlife.com\/es\/45forme_cheveux\/frises\/\">rizado<\/a>, <a href=\"https:\/\/www.barbie-secondlife.com\/es\/45forme_cheveux\/raides\/\">liso<\/a>, <a href=\"https:\/\/www.barbie-secondlife.com\/es\/50longueur-cheveux\/courts\/\">corto<\/a> o <a href=\"https:\/\/www.barbie-secondlife.com\/es\/50longueur-cheveux\/longs\/\">largo<\/a> con diferentes <a href=\"https:\/\/www.barbie-secondlife.com\/es\/attributs\/teinte-de-peau-de-barbie\/\">tonos de piel<\/a>, <a href=\"https:\/\/www.barbie-secondlife.com\/es\/attributs\/couleur-des-yeux-de-barbie\/\">colores de ojos<\/a> o <a href=\"https:\/\/www.barbie-secondlife.com\/es\/attributs\/moule-de-visage-de-barbie\/\">moldes de cara<\/a>.<\/p>\n\n\n\n<p class=\"has-text-align-center\">Asign\u00e9 a cada mu\u00f1eca Barbie ya cada mu\u00f1eco Ken un pa\u00eds o una regi\u00f3n del mundo. Podr\u00e1s filtrar por tipo de cabello, tono de piel, etc\u2026 en el men\u00fa <a href=\"https:\/\/www.barbie-secondlife.com\/es\/barbies\/world\/\">Barbie en el Mondo<\/a>.<br>&#8211;<br>Visita toda mi colecci\u00f3n, cada mu\u00f1eca tiene su referencia de producto Mattel, sus caracter\u00edsticas, el molde de su carita. Algunas mu\u00f1ecas Barbie se han transformado (<a href=\"https:\/\/www.barbie-secondlife.com\/es\/tag\/ooak\/\">ooak<\/a>) o se les ha reimplantado el cabello (<a href=\"https:\/\/www.barbie-secondlife.com\/es\/tag\/rerooted\/\">rerooted<\/a>), todas tienen un cuerpo de \u00ab<a href=\"https:\/\/www.barbie-secondlife.com\/es\/tag\/muse\/\">Musa<\/a>\u00ab.<br>&#8211;<br>Ven a jugar votando por tus Barbies favoritas en el men\u00fa <a href=\"https:\/\/www.barbie-secondlife.com\/es\/evenements\/\">Eventos<\/a>.<\/p>\n\n\n\n<hr class=\"wp-block-separator has-css-opacity\"\/>\n","protected":false},"excerpt":{"rendered":"<p>&#x2728;Bienvenido&#x2728; al mundo exclusivo de Barbie Second Life. Sum\u00e9rgete en un mundo donde cada mu\u00f1eca cuenta una historia, donde cada colecci\u00f3n es una obra de arte. Descubre 1 107 Barbie y 79 Ken, que te har\u00e1n conocer todas las regiones y pa\u00edses de los 5 continentes. Accede a series limitadas y ediciones raras como Barbie [&hellip;]<\/p>\n","protected":false},"author":1,"featured_media":24952,"parent":0,"menu_order":0,"comment_status":"closed","ping_status":"closed","template":"","meta":{"footnotes":""},"class_list":["post-35","page","type-page","status-publish","has-post-thumbnail","hentry"],"translation":{"provider":"WPGlobus","version":"3.0.2","language":"es","enabled_languages":["fr","en","es","br","de"],"languages":{"fr":{"title":true,"content":true,"excerpt":false},"en":{"title":true,"content":true,"excerpt":false},"es":{"title":true,"content":true,"excerpt":false},"br":{"title":true,"content":true,"excerpt":false},"de":{"title":true,"content":true,"excerpt":false}}},"_links":{"self":[{"href":"https:\/\/www.barbie-secondlife.com\/es\/wp-json\/wp\/v2\/pages\/35","targetHints":{"allow":["GET"]}}],"collection":[{"href":"https:\/\/www.barbie-secondlife.com\/es\/wp-json\/wp\/v2\/pages"}],"about":[{"href":"https:\/\/www.barbie-secondlife.com\/es\/wp-json\/wp\/v2\/types\/page"}],"author":[{"embeddable":true,"href":"https:\/\/www.barbie-secondlife.com\/es\/wp-json\/wp\/v2\/users\/1"}],"replies":[{"embeddable":true,"href":"https:\/\/www.barbie-secondlife.com\/es\/wp-json\/wp\/v2\/comments?post=35"}],"version-history":[{"count":20,"href":"https:\/\/www.barbie-secondlife.com\/es\/wp-json\/wp\/v2\/pages\/35\/revisions"}],"predecessor-version":[{"id":609059,"href":"https:\/\/www.barbie-secondlife.com\/es\/wp-json\/wp\/v2\/pages\/35\/revisions\/609059"}],"wp:featuredmedia":[{"embeddable":true,"href":"https:\/\/www.barbie-secondlife.com\/es\/wp-json\/wp\/v2\/media\/24952"}],"wp:attachment":[{"href":"https:\/\/www.barbie-secondlife.com\/es\/wp-json\/wp\/v2\/media?parent=35"}],"curies":[{"name":"wp","href":"https:\/\/api.w.org\/{rel}","templated":true}]}}