{"id":468676,"date":"2021-08-01T16:20:19","date_gmt":"2021-08-01T14:20:19","guid":{"rendered":"https:\/\/www.barbie-secondlife.com\/?page_id=468676"},"modified":"2022-08-06T15:07:55","modified_gmt":"2022-08-06T13:07:55","slug":"barbie-photo-shooting-2021","status":"publish","type":"page","link":"https:\/\/www.barbie-secondlife.com\/es\/evenements\/barbie-photo-shooting-2021\/","title":{"rendered":"Barbie &#8211; Photo Shooting 2021"},"content":{"rendered":"\n<h2 class=\"wp-block-heading\"><strong><em>Barbie &#8211; Photo Shooting 2021<\/em><\/strong><\/h2>\n\n\n\n<div class=\"wp-block-group\"><div class=\"wp-block-group__inner-container is-layout-flow wp-block-group-is-layout-flow\">\n<div class=\"wp-block-image is-style-default\"><figure class=\"aligncenter size-medium is-resized\"><img decoding=\"async\" data-src=\"https:\/\/www.barbie-secondlife.com\/wp-content\/uploads\/2021\/07\/PhotoShooting2021_sanstexte-350x306.png\" alt=\"Barbie Photo Shooting 2021\" class=\"wp-image-468679 lazyload\" width=\"175\" height=\"153\" data-srcset=\"https:\/\/www.barbie-secondlife.com\/wp-content\/uploads\/2021\/07\/PhotoShooting2021_sanstexte-350x306.png 350w, https:\/\/www.barbie-secondlife.com\/wp-content\/uploads\/2021\/07\/PhotoShooting2021_sanstexte-302x264.png 302w, https:\/\/www.barbie-secondlife.com\/wp-content\/uploads\/2021\/07\/PhotoShooting2021_sanstexte-200x175.png 200w, https:\/\/www.barbie-secondlife.com\/wp-content\/uploads\/2021\/07\/PhotoShooting2021_sanstexte-500x438.png 500w, https:\/\/www.barbie-secondlife.com\/wp-content\/uploads\/2021\/07\/PhotoShooting2021_sanstexte-1024x896.png 1024w, https:\/\/www.barbie-secondlife.com\/wp-content\/uploads\/2021\/07\/PhotoShooting2021_sanstexte-343x300.png 343w, https:\/\/www.barbie-secondlife.com\/wp-content\/uploads\/2021\/07\/PhotoShooting2021_sanstexte-768x672.png 768w, https:\/\/www.barbie-secondlife.com\/wp-content\/uploads\/2021\/07\/PhotoShooting2021_sanstexte.png 1377w\" data-sizes=\"(max-width: 175px) 100vw, 175px\" src=\"data:image\/svg+xml;base64,PHN2ZyB3aWR0aD0iMSIgaGVpZ2h0PSIxIiB4bWxucz0iaHR0cDovL3d3dy53My5vcmcvMjAwMC9zdmciPjwvc3ZnPg==\" style=\"--smush-placeholder-width: 175px; --smush-placeholder-aspect-ratio: 175\/153;\" \/><\/figure><\/div>\n\n\n\n<blockquote class=\"wp-block-quote has-text-align-center is-style-large is-layout-flow wp-block-quote-is-layout-flow\"><p><strong>Participa en el primer concurso de fotograf\u00eda de Barbie<\/strong><\/p><\/blockquote>\n<\/div><\/div>\n\n\n\n<p>Durante este concurso, que se desarrollar\u00e1 en 5 fases, podr\u00e1s valorar la fotogenia de la Barbie, su poder de seducci\u00f3n y la forma en que resalta su atuendo. Aqu\u00ed est\u00e1 la lista de candidatas.<\/p>\n\n\n\n<hr class=\"wp-block-separator\"\/>\n\n\n\n<figure class=\"wp-block-table is-style-stripes\"><table class=\"has-fixed-layout\"><tbody><tr><td class=\"has-text-align-center\" data-align=\"center\"><a href=\"https:\/\/www.barbie-secondlife.com\/es\/barbie\/world\/europe-est\/barbie-angelika\/\">Angelika<\/a><\/td><td class=\"has-text-align-center\" data-align=\"center\"><a href=\"https:\/\/www.barbie-secondlife.com\/es\/barbie\/world\/europe-est\/barbie-anya\/\">Anya<\/a><\/td><td class=\"has-text-align-center\" data-align=\"center\"><a href=\"https:\/\/www.barbie-secondlife.com\/es\/barbie\/world\/moyenorient\/barbie-astrid\/\">Astrid<\/a><\/td><td class=\"has-text-align-center\" data-align=\"center\"><a href=\"https:\/\/www.barbie-secondlife.com\/es\/barbie\/world\/europe-ouest\/barbie-cynthia\/\">Cynthia<\/a><\/td><\/tr><tr><td class=\"has-text-align-center\" data-align=\"center\"><a href=\"https:\/\/www.barbie-secondlife.com\/es\/barbie\/world\/amerique-nord-centrale\/barbie-daisy\/\">Daisy<\/a><\/td><td class=\"has-text-align-center\" data-align=\"center\"><a href=\"https:\/\/www.barbie-secondlife.com\/es\/barbie\/world\/europe-est\/barbie-dunya\/\">Dunya<\/a><\/td><td class=\"has-text-align-center\" data-align=\"center\"><a href=\"https:\/\/www.barbie-secondlife.com\/es\/barbie\/world\/europe-est\/barbie-francesca\/\">Francesca<\/a><\/td><td class=\"has-text-align-center\" data-align=\"center\"><a href=\"https:\/\/www.barbie-secondlife.com\/es\/barbie\/world\/europe-est\/barbie-ivana\/\">Ivana<\/a><\/td><\/tr><tr><td class=\"has-text-align-center\" data-align=\"center\"><a href=\"https:\/\/www.barbie-secondlife.com\/es\/barbie\/world\/amerique-nord-centrale\/barbie-jill\/\">Jill<\/a><\/td><td class=\"has-text-align-center\" data-align=\"center\"><a href=\"https:\/\/www.barbie-secondlife.com\/es\/barbie\/world\/amerique-du-sud\/barbie-juliana\/\">Juliana<\/a><\/td><td class=\"has-text-align-center\" data-align=\"center\"><a href=\"https:\/\/www.barbie-secondlife.com\/es\/barbie\/world\/europe-est\/barbie-katherine\/\">Katherine<\/a><\/td><td class=\"has-text-align-center\" data-align=\"center\"><a href=\"https:\/\/www.barbie-secondlife.com\/es\/barbie\/world\/europe-est\/barbie-katinka\/\">Katinka<\/a><\/td><\/tr><tr><td class=\"has-text-align-center\" data-align=\"center\"><a href=\"https:\/\/www.barbie-secondlife.com\/es\/barbie\/world\/oceanie\/barbie-kiki\/\">Kiki<\/a><\/td><td class=\"has-text-align-center\" data-align=\"center\"><a href=\"https:\/\/www.barbie-secondlife.com\/es\/barbie\/world\/oceanie\/barbie-moana\/\">Moana<\/a><\/td><td class=\"has-text-align-center\" data-align=\"center\"><a href=\"https:\/\/www.barbie-secondlife.com\/es\/barbie\/world\/amerique-du-sud\/barbie-mylene\/\">Myl\u00e8ne<\/a><\/td><td class=\"has-text-align-center\" data-align=\"center\"><a href=\"https:\/\/www.barbie-secondlife.com\/es\/barbie\/world\/europe-est\/barbie-nadejda\/\">Nadejda<\/a><\/td><\/tr><tr><td class=\"has-text-align-center\" data-align=\"center\"><a href=\"https:\/\/www.barbie-secondlife.com\/es\/barbie\/world\/europe-est\/barbie-oxana\/\">Oxana<\/a><\/td><td class=\"has-text-align-center\" data-align=\"center\"><a href=\"https:\/\/www.barbie-secondlife.com\/es\/barbie\/world\/europe-ouest\/barbie-orianna\/\">Orianna<\/a><\/td><td class=\"has-text-align-center\" data-align=\"center\"><a href=\"https:\/\/www.barbie-secondlife.com\/es\/barbie\/world\/amerique-du-sud\/barbie-queenie\/\">Queenie<\/a><\/td><td class=\"has-text-align-center\" data-align=\"center\"><a href=\"https:\/\/www.barbie-secondlife.com\/es\/barbie\/world\/europe-ouest\/barbie-raquelle\/\">Raquelle<\/a><\/td><\/tr><tr><td class=\"has-text-align-center\" data-align=\"center\"><a href=\"https:\/\/www.barbie-secondlife.com\/es\/barbie\/world\/europe-est\/barbie-sasha\/\">Sasha<\/a><\/td><td class=\"has-text-align-center\" data-align=\"center\"><a href=\"https:\/\/www.barbie-secondlife.com\/es\/barbie\/world\/asie\/barbie-shirisha\/\">Shirisha<\/a><\/td><td class=\"has-text-align-center\" data-align=\"center\"><a href=\"https:\/\/www.barbie-secondlife.com\/es\/barbie\/world\/oceanie\/barbie-vaimalama\/\">Vaimalama<\/a><\/td><td class=\"has-text-align-center\" data-align=\"center\"><a href=\"https:\/\/www.barbie-secondlife.com\/es\/barbie\/world\/europe-est\/barbie-vasilisa\/\">Vasilisa<\/a><\/td><\/tr><tr><td class=\"has-text-align-center\" data-align=\"center\"><a href=\"https:\/\/www.barbie-secondlife.com\/es\/barbie\/world\/afrique\/barbie-victoire\/\">Victoire<\/a><\/td><td class=\"has-text-align-center\" data-align=\"center\"><a href=\"https:\/\/www.barbie-secondlife.com\/es\/barbie\/world\/moyenorient\/barbie-vika\/\">Vika<\/a><\/td><td class=\"has-text-align-center\" data-align=\"center\"><a href=\"https:\/\/www.barbie-secondlife.com\/es\/barbie\/world\/europe-est\/barbie-yana\/\">Yana<\/a><\/td><td class=\"has-text-align-center\" data-align=\"center\"><a href=\"https:\/\/www.barbie-secondlife.com\/es\/barbie\/world\/amerique-nord-centrale\/barbie-yvonne\/\">Yvonne<\/a><\/td><\/tr><\/tbody><\/table><\/figure>\n\n\n\n<hr class=\"wp-block-separator\"\/>\n\n\n\n<p>Haga clic en el enlace junto a la c\u00e1mara para participar en el concurso.<\/p>\n\n\n\n<figure class=\"wp-block-table is-style-stripes\"><table><tbody><tr><td class=\"has-text-align-right\" data-align=\"right\"> <img decoding=\"async\" data-src=\"https:\/\/www.barbie-secondlife.com\/wp-content\/uploads\/2021\/08\/AppareilPhoto_Barbie.png\" alt=\"\" style=\"--smush-placeholder-width: 100px; --smush-placeholder-aspect-ratio: 100\/100;width: 50px;\" src=\"data:image\/svg+xml;base64,PHN2ZyB3aWR0aD0iMSIgaGVpZ2h0PSIxIiB4bWxucz0iaHR0cDovL3d3dy53My5vcmcvMjAwMC9zdmciPjwvc3ZnPg==\" class=\"lazyload\"> <\/td><td> <a href=\"https:\/\/www.barbie-secondlife.com\/es\/evenements\/barbie-photo-shooting-2021\/barbie-photo-shooting-2021-finale\/\"><strong>Sesi\u00f3n de fotos<\/strong> : <strong>Barbie Fotog\u00e9nica &#8211; Finale<\/strong><\/a> <\/td><\/tr><tr><td class=\"has-text-align-right\" data-align=\"right\"><img decoding=\"async\" data-src=\"https:\/\/www.barbie-secondlife.com\/wp-content\/uploads\/2021\/08\/AppareilPhoto_Barbie.png\" alt=\"\" style=\"--smush-placeholder-width: 100px; --smush-placeholder-aspect-ratio: 100\/100;width: 50px;\" src=\"data:image\/svg+xml;base64,PHN2ZyB3aWR0aD0iMSIgaGVpZ2h0PSIxIiB4bWxucz0iaHR0cDovL3d3dy53My5vcmcvMjAwMC9zdmciPjwvc3ZnPg==\" class=\"lazyload\"><\/td><td><a href=\"https:\/\/www.barbie-secondlife.com\/es\/evenements\/barbie-photo-shooting-2021\/barbie-photo-shooting-2021-1-2-f\/\"><strong>4ra<\/strong> <strong>sesi\u00f3n de fotos<\/strong> : <strong>Barbie Fotog\u00e9nica 1\/2 Finale<\/strong><\/a><\/td><\/tr><tr><td class=\"has-text-align-right\" data-align=\"right\"><img decoding=\"async\" data-src=\"https:\/\/www.barbie-secondlife.com\/wp-content\/uploads\/2021\/08\/AppareilPhoto_Barbie.png\" alt=\"\" style=\"--smush-placeholder-width: 100px; --smush-placeholder-aspect-ratio: 100\/100;width: 50px;\" src=\"data:image\/svg+xml;base64,PHN2ZyB3aWR0aD0iMSIgaGVpZ2h0PSIxIiB4bWxucz0iaHR0cDovL3d3dy53My5vcmcvMjAwMC9zdmciPjwvc3ZnPg==\" class=\"lazyload\"><\/td><td><a href=\"https:\/\/www.barbie-secondlife.com\/es\/evenements\/barbie-photo-shooting-2021\/barbie-photo-shooting-2021-1-4-f\/\"><strong>3ra<\/strong> <strong>sesi\u00f3n de fotos<\/strong> : <strong>Barbie Fotog\u00e9nica 1\/4 Finale<\/strong><\/a><\/td><\/tr><tr><td class=\"has-text-align-right\" data-align=\"right\"><img decoding=\"async\" data-src=\"https:\/\/www.barbie-secondlife.com\/wp-content\/uploads\/2021\/08\/AppareilPhoto_Barbie.png\" alt=\"\" style=\"--smush-placeholder-width: 100px; --smush-placeholder-aspect-ratio: 100\/100;width: 50px;\" src=\"data:image\/svg+xml;base64,PHN2ZyB3aWR0aD0iMSIgaGVpZ2h0PSIxIiB4bWxucz0iaHR0cDovL3d3dy53My5vcmcvMjAwMC9zdmciPjwvc3ZnPg==\" class=\"lazyload\"><\/td><td><a href=\"https:\/\/www.barbie-secondlife.com\/es\/evenements\/barbie-photo-shooting-2021\/barbie-photo-shooting-2021-1-8-f\/\"><strong>Segunda<\/strong> <strong>sesi\u00f3n de fotos<\/strong> : <strong>Barbie Fotog\u00e9nica 1\/8 Finale<\/strong><\/a><\/td><\/tr><tr><td class=\"has-text-align-right\" data-align=\"right\"><img decoding=\"async\" width=\"50\" height=\"50\" class=\"wp-image-469246 lazyload\" style=\"--smush-placeholder-width: 50px; --smush-placeholder-aspect-ratio: 50\/50;width: 50px;\" data-src=\"https:\/\/www.barbie-secondlife.com\/wp-content\/uploads\/2021\/08\/AppareilPhoto_Barbie.png\" alt=\"\" src=\"data:image\/svg+xml;base64,PHN2ZyB3aWR0aD0iMSIgaGVpZ2h0PSIxIiB4bWxucz0iaHR0cDovL3d3dy53My5vcmcvMjAwMC9zdmciPjwvc3ZnPg==\"><\/td><td><a href=\"https:\/\/www.barbie-secondlife.com\/es\/evenements\/barbie-photo-shooting-2021\/barbie-photo-shooting-2021-qualifications\/\"><strong>Primera sesi\u00f3n de fotos<\/strong> : <strong>Barbie Fotog\u00e9nica Calificaciones<\/strong><\/a><\/td><\/tr><\/tbody><\/table><\/figure>\n\n\n\n<hr class=\"wp-block-separator\"\/>\n","protected":false},"excerpt":{"rendered":"<p>Barbie &#8211; Photo Shooting 2021 Participa en el primer concurso de fotograf\u00eda de Barbie Durante este concurso, que se desarrollar\u00e1 en 5 fases, podr\u00e1s valorar la fotogenia de la Barbie, su poder de seducci\u00f3n y la forma en que resalta su atuendo. Aqu\u00ed est\u00e1 la lista de candidatas. Angelika Anya Astrid Cynthia Daisy Dunya Francesca [&hellip;]<\/p>\n","protected":false},"author":1,"featured_media":469373,"parent":10511,"menu_order":0,"comment_status":"closed","ping_status":"closed","template":"","meta":{"footnotes":""},"class_list":["post-468676","page","type-page","status-publish","has-post-thumbnail","hentry"],"translation":{"provider":"WPGlobus","version":"3.0.2","language":"es","enabled_languages":["fr","en","es","br","de"],"languages":{"fr":{"title":true,"content":true,"excerpt":false},"en":{"title":true,"content":true,"excerpt":false},"es":{"title":true,"content":true,"excerpt":false},"br":{"title":true,"content":true,"excerpt":false},"de":{"title":true,"content":true,"excerpt":false}}},"_links":{"self":[{"href":"https:\/\/www.barbie-secondlife.com\/es\/wp-json\/wp\/v2\/pages\/468676","targetHints":{"allow":["GET"]}}],"collection":[{"href":"https:\/\/www.barbie-secondlife.com\/es\/wp-json\/wp\/v2\/pages"}],"about":[{"href":"https:\/\/www.barbie-secondlife.com\/es\/wp-json\/wp\/v2\/types\/page"}],"author":[{"embeddable":true,"href":"https:\/\/www.barbie-secondlife.com\/es\/wp-json\/wp\/v2\/users\/1"}],"replies":[{"embeddable":true,"href":"https:\/\/www.barbie-secondlife.com\/es\/wp-json\/wp\/v2\/comments?post=468676"}],"version-history":[{"count":0,"href":"https:\/\/www.barbie-secondlife.com\/es\/wp-json\/wp\/v2\/pages\/468676\/revisions"}],"up":[{"embeddable":true,"href":"https:\/\/www.barbie-secondlife.com\/es\/wp-json\/wp\/v2\/pages\/10511"}],"wp:featuredmedia":[{"embeddable":true,"href":"https:\/\/www.barbie-secondlife.com\/es\/wp-json\/wp\/v2\/media\/469373"}],"wp:attachment":[{"href":"https:\/\/www.barbie-secondlife.com\/es\/wp-json\/wp\/v2\/media?parent=468676"}],"curies":[{"name":"wp","href":"https:\/\/api.w.org\/{rel}","templated":true}]}}