{"id":469477,"date":"2021-08-11T22:15:39","date_gmt":"2021-08-11T20:15:39","guid":{"rendered":"https:\/\/www.barbie-secondlife.com\/?page_id=469477"},"modified":"2022-08-06T14:36:40","modified_gmt":"2022-08-06T12:36:40","slug":"holiday","status":"publish","type":"page","link":"https:\/\/www.barbie-secondlife.com\/es\/collection\/holiday\/","title":{"rendered":"Holiday"},"content":{"rendered":"\n<h2 class=\"wp-block-heading\"><strong><em>Barbie Holiday<\/em><\/strong><\/h2>\n\n\n\n<p>Barbie &#8216;<strong>Holiday<\/strong>&#8216; es una colecci\u00f3n dise\u00f1ada para ser un bonito regalo para la temporada navide\u00f1a. Ella siempre usa un hermoso vestido a menudo rojo en los \u00faltimos a\u00f1os (2022-2020-2019-2018-2017). Esta colecci\u00f3n comienza en 1988 y desde 2007, el cuerpo de esta barbie cambia, se convierte en un cuerpo de &#8216;Muse&#8217;. <a href=\"https:\/\/www.barbie-secondlife.com\/es\/tag\/bob-mackie\/\">Bob Mackie<\/a>, famoso dise\u00f1ador, viste a Barbie Holiday en 2005 y 2006 en la colecci\u00f3n &#8216;<a href=\"https:\/\/www.barbie-secondlife.com\/es\/tag\/special-occasion\/\">Special Occasion<\/a>&#8216;. Cada a\u00f1o, la colecci\u00f3n \u00abBarbie <strong>Holiday<\/strong>\u00bb consta de 3 mu\u00f1ecas diferentes. Tengo 3 tipos de Barbie &#8216;Holiday&#8217; en mi colecci\u00f3n, &#8216;Barbie Holiday Anniversary&#8217;, &#8216;Barbie Holiday Special Occasion&#8217; y &#8216;Barbie Holiday (Navidad). <\/p>\n\n\n\n<hr class=\"wp-block-separator\"\/>\n\n\n\n<figure class=\"wp-block-table\"><table class=\"has-fixed-layout\"><tbody><tr><td class=\"has-text-align-center\" data-align=\"center\"><a href=\"https:\/\/www.barbie-secondlife.com\/es\/collection\/holiday\/holiday-noel\/\"><\/a><a href=\"https:\/\/www.barbie-secondlife.com\/collection\/holiday\/holiday-noel\/\"><img decoding=\"async\" data-src=\"https:\/\/www.barbie-secondlife.com\/wp-content\/uploads\/2021\/08\/Barbie_AnaKarina_Original.jpg\" alt=\"Barbie Ana Karina\" style=\"--smush-placeholder-width: 349px; --smush-placeholder-aspect-ratio: 349\/425;width: 200px;\" src=\"data:image\/svg+xml;base64,PHN2ZyB3aWR0aD0iMSIgaGVpZ2h0PSIxIiB4bWxucz0iaHR0cDovL3d3dy53My5vcmcvMjAwMC9zdmciPjwvc3ZnPg==\" class=\"lazyload\"><\/a><\/td><td><strong><a href=\"https:\/\/www.barbie-secondlife.com\/es\/collection\/holiday\/holiday-noel\/\">Barbie Holiday (Navidad)<\/a><\/strong><br>Es la m\u00e1s famosa de las colecciones \u00abHoliday\u00bb. Cada a\u00f1o, 3 Barbies componen la serie con una Barbie rubia, una Barbie marr\u00f3n y una de cabello casta\u00f1o (Excepto 2022, 4 Barbies). Varios <a href=\"https:\/\/www.barbie-secondlife.com\/es\/collection\/designer\/\">dise\u00f1adores <\/a>han colaborado en estas colecciones, incluidos <a href=\"https:\/\/www.barbie-secondlife.com\/es\/tag\/bill-greening\/\">Bill Greening<\/a>, <a href=\"https:\/\/www.barbie-secondlife.com\/es\/tag\/linda-kyaw\/\">Linda Kyaw<\/a>, <a href=\"https:\/\/www.barbie-secondlife.com\/es\/tag\/carlyle-nuera\/\">Carlyle Nuera<\/a> y <a href=\"https:\/\/www.barbie-secondlife.com\/es\/tag\/caroline-demersseman\/\">Caroline DeMersseman<\/a>. Todas mis Barbies en esta colecci\u00f3n tienen un cuerpo &#8216;<a href=\"https:\/\/www.barbie-secondlife.com\/es\/tag\/muse\/\">Muse<\/a>&#8216;<\/td><\/tr><\/tbody><\/table><\/figure>\n\n\n\n<hr class=\"wp-block-separator\"\/>\n\n\n\n<figure class=\"wp-block-table\"><table class=\"has-fixed-layout\"><tbody><tr><td><strong><a href=\"https:\/\/www.barbie-secondlife.com\/es\/collection\/holiday\/holiday-anniversary\/\">Barbie Holiday Anniversary<\/a><\/strong><br>Esta colecci\u00f3n sale en el momento de las celebraciones de fin de a\u00f1o pero propone celebrar un evento especial para la mu\u00f1eca Barbie como el <a href=\"https:\/\/www.barbie-secondlife.com\/es\/tag\/50th-anniversary\/\">50 aniversario<\/a> de su nacimiento o el <a href=\"https:\/\/www.barbie-secondlife.com\/es\/tag\/20th-anniversary\/\">20 <\/a>y <a href=\"https:\/\/www.barbie-secondlife.com\/es\/tag\/25th-anniversary\/\">25 <\/a>aniversario de la creaci\u00f3n de la colecci\u00f3n &#8216;Holiday&#8217;. En estas Barbies han participado diferentes <a href=\"https:\/\/www.barbie-secondlife.com\/es\/collection\/designer\/\">dise\u00f1adores <\/a>como <a href=\"https:\/\/www.barbie-secondlife.com\/es\/tag\/judy-choi\/\">Judy Choi<\/a> o <a href=\"https:\/\/www.barbie-secondlife.com\/es\/tag\/sharon-zuckerman\/\">Sharon Zuckerman<\/a>. Todas mis Barbies en esta colecci\u00f3n tienen un cuerpo &#8216;<a href=\"https:\/\/www.barbie-secondlife.com\/es\/tag\/muse\/\">Muse<\/a>&#8216;<\/td><td class=\"has-text-align-center\" data-align=\"center\"><a href=\"https:\/\/www.barbie-secondlife.com\/es\/collection\/holiday\/holiday-anniversary\/\"><img decoding=\"async\" width=\"250\" height=\"230\" class=\"wp-image-33888 lazyload\" style=\"--smush-placeholder-width: 250px; --smush-placeholder-aspect-ratio: 250\/230;width: 250px;\" data-src=\"https:\/\/www.barbie-secondlife.com\/wp-content\/uploads\/2016\/09\/Barbie_Agnese_Original.jpg\" alt=\"Barbie Agnese\" data-srcset=\"https:\/\/www.barbie-secondlife.com\/wp-content\/uploads\/2016\/09\/Barbie_Agnese_Original.jpg 461w, https:\/\/www.barbie-secondlife.com\/wp-content\/uploads\/2016\/09\/Barbie_Agnese_Original-302x278.jpg 302w, https:\/\/www.barbie-secondlife.com\/wp-content\/uploads\/2016\/09\/Barbie_Agnese_Original-200x184.jpg 200w, https:\/\/www.barbie-secondlife.com\/wp-content\/uploads\/2016\/09\/Barbie_Agnese_Original-350x323.jpg 350w, https:\/\/www.barbie-secondlife.com\/wp-content\/uploads\/2016\/09\/Barbie_Agnese_Original-325x300.jpg 325w\" data-sizes=\"(max-width: 250px) 100vw, 250px\" src=\"data:image\/svg+xml;base64,PHN2ZyB3aWR0aD0iMSIgaGVpZ2h0PSIxIiB4bWxucz0iaHR0cDovL3d3dy53My5vcmcvMjAwMC9zdmciPjwvc3ZnPg==\" \/><\/a><\/td><\/tr><\/tbody><\/table><\/figure>\n\n\n\n<hr class=\"wp-block-separator\"\/>\n\n\n\n<figure class=\"wp-block-table\"><table class=\"has-fixed-layout\"><tbody><tr><td class=\"has-text-align-center\" data-align=\"center\"><a href=\"https:\/\/www.barbie-secondlife.com\/es\/collection\/holiday\/holiday-special-occasion\/\"><img decoding=\"async\" width=\"220\" height=\"282\" class=\"wp-image-469479 lazyload\" style=\"--smush-placeholder-width: 220px; --smush-placeholder-aspect-ratio: 220\/282;width: 220px;\" data-src=\"https:\/\/www.barbie-secondlife.com\/wp-content\/uploads\/2021\/08\/Yvelise_2000HolidayCelebration.jpg\" alt=\"Barbie Holiday Celebration 2000\" data-srcset=\"https:\/\/www.barbie-secondlife.com\/wp-content\/uploads\/2021\/08\/Yvelise_2000HolidayCelebration.jpg 390w, https:\/\/www.barbie-secondlife.com\/wp-content\/uploads\/2021\/08\/Yvelise_2000HolidayCelebration-302x387.jpg 302w, https:\/\/www.barbie-secondlife.com\/wp-content\/uploads\/2021\/08\/Yvelise_2000HolidayCelebration-200x256.jpg 200w, https:\/\/www.barbie-secondlife.com\/wp-content\/uploads\/2021\/08\/Yvelise_2000HolidayCelebration-350x449.jpg 350w, https:\/\/www.barbie-secondlife.com\/wp-content\/uploads\/2021\/08\/Yvelise_2000HolidayCelebration-234x300.jpg 234w\" data-sizes=\"(max-width: 220px) 100vw, 220px\" src=\"data:image\/svg+xml;base64,PHN2ZyB3aWR0aD0iMSIgaGVpZ2h0PSIxIiB4bWxucz0iaHR0cDovL3d3dy53My5vcmcvMjAwMC9zdmciPjwvc3ZnPg==\" \/><\/a><\/td><td><strong><a href=\"https:\/\/www.barbie-secondlife.com\/es\/collection\/holiday\/holiday-special-occasion\/\">Barbie Holiday Special Occasion<\/a><\/strong><br>Estas mu\u00f1ecas creadas especialmente para celebrar la transici\u00f3n a un nuevo a\u00f1o, en particular para celebrar el a\u00f1o 2000 o para inaugurar la entrada a un nuevo siglo (2001). <a href=\"https:\/\/www.barbie-secondlife.com\/es\/tag\/bob-mackie\/\">Bob Mackie<\/a>, famoso dise\u00f1ador de Barbie colabor\u00f3 \u200b\u200bcon Mattel en 2005 y 2006. Modifiqu\u00e9 el cuerpo de estas Barbies con un cuerpo de &#8216;<a href=\"https:\/\/www.barbie-secondlife.com\/es\/tag\/muse\/\">Muse<\/a>&#8216;<\/td><\/tr><\/tbody><\/table><\/figure>\n","protected":false},"excerpt":{"rendered":"<p>Barbie Holiday Barbie &#8216;Holiday&#8216; es una colecci\u00f3n dise\u00f1ada para ser un bonito regalo para la temporada navide\u00f1a. Ella siempre usa un hermoso vestido a menudo rojo en los \u00faltimos a\u00f1os (2022-2020-2019-2018-2017). Esta colecci\u00f3n comienza en 1988 y desde 2007, el cuerpo de esta barbie cambia, se convierte en un cuerpo de &#8216;Muse&#8217;. Bob Mackie, famoso [&hellip;]<\/p>\n","protected":false},"author":1,"featured_media":469498,"parent":4910,"menu_order":0,"comment_status":"closed","ping_status":"closed","template":"","meta":{"footnotes":""},"class_list":["post-469477","page","type-page","status-publish","has-post-thumbnail","hentry"],"translation":{"provider":"WPGlobus","version":"3.0.2","language":"es","enabled_languages":["fr","en","es","br","de"],"languages":{"fr":{"title":true,"content":true,"excerpt":false},"en":{"title":true,"content":true,"excerpt":false},"es":{"title":true,"content":true,"excerpt":false},"br":{"title":true,"content":true,"excerpt":false},"de":{"title":true,"content":true,"excerpt":false}}},"_links":{"self":[{"href":"https:\/\/www.barbie-secondlife.com\/es\/wp-json\/wp\/v2\/pages\/469477","targetHints":{"allow":["GET"]}}],"collection":[{"href":"https:\/\/www.barbie-secondlife.com\/es\/wp-json\/wp\/v2\/pages"}],"about":[{"href":"https:\/\/www.barbie-secondlife.com\/es\/wp-json\/wp\/v2\/types\/page"}],"author":[{"embeddable":true,"href":"https:\/\/www.barbie-secondlife.com\/es\/wp-json\/wp\/v2\/users\/1"}],"replies":[{"embeddable":true,"href":"https:\/\/www.barbie-secondlife.com\/es\/wp-json\/wp\/v2\/comments?post=469477"}],"version-history":[{"count":0,"href":"https:\/\/www.barbie-secondlife.com\/es\/wp-json\/wp\/v2\/pages\/469477\/revisions"}],"up":[{"embeddable":true,"href":"https:\/\/www.barbie-secondlife.com\/es\/wp-json\/wp\/v2\/pages\/4910"}],"wp:featuredmedia":[{"embeddable":true,"href":"https:\/\/www.barbie-secondlife.com\/es\/wp-json\/wp\/v2\/media\/469498"}],"wp:attachment":[{"href":"https:\/\/www.barbie-secondlife.com\/es\/wp-json\/wp\/v2\/media?parent=469477"}],"curies":[{"name":"wp","href":"https:\/\/api.w.org\/{rel}","templated":true}]}}