{"id":469495,"date":"2021-08-11T22:18:27","date_gmt":"2021-08-11T20:18:27","guid":{"rendered":"https:\/\/www.barbie-secondlife.com\/?page_id=469495"},"modified":"2025-08-14T22:35:38","modified_gmt":"2025-08-14T20:35:38","slug":"holiday-noel","status":"publish","type":"page","link":"https:\/\/www.barbie-secondlife.com\/es\/collection\/holiday\/holiday-noel\/","title":{"rendered":"Holiday (Navidad)"},"content":{"rendered":"\n<h2 class=\"wp-block-heading\"><strong><em>Barbie Holiday (Navidad)<\/em><\/strong><\/h2>\n\n\n\n<p>Cada a\u00f1o normalmente hay 3 Barbies diferentes para la colecci\u00f3n &#8216;Holiday&#8217;, 4 en 2023, 5 en 2022 y 2024. El n\u00famero entre par\u00e9ntesis es el n\u00famero de Barbies en mi colecci\u00f3n. En 2023, <a href=\"https:\/\/www.barbie-secondlife.com\/es\/tag\/kelley-lindberg\/\">Kelley Lindberg<\/a> crea la Barbie navide\u00f1a con un vestido dorado con capa transparente, En 2022, las Barbies Holiday &#8216;<a href=\"https:\/\/www.barbie-secondlife.com\/es\/tag\/signature\/\">Signature<\/a>&#8216; est\u00e1n dise\u00f1adas por <a href=\"https:\/\/www.barbie-secondlife.com\/es\/tag\/angel-kent\/\">Angel Kent<\/a>, en 2021, 2018 y 2017, las Barbies Holiday &#8216;<a href=\"https:\/\/www.barbie-secondlife.com\/es\/tag\/signature\/\">Signature<\/a>&#8216; son designadas por <a href=\"https:\/\/www.barbie-secondlife.com\/es\/tag\/carlyle-nuera\/\">Carlyle Nuera<\/a>,, en 2020, las Barbies Holiday &#8216;<a href=\"https:\/\/www.barbie-secondlife.com\/es\/tag\/signature\/\">Signature<\/a>&#8216; son designadas por <a href=\"https:\/\/www.barbie-secondlife.com\/es\/tag\/caroline-demersseman\/\">Caroline DeMersseman<\/a>, en 2019, las Barbies Holiday &#8216;<a href=\"https:\/\/www.barbie-secondlife.com\/es\/tag\/signature\/\">Signature<\/a>&#8216; son designadas por <a href=\"https:\/\/www.barbie-secondlife.com\/es\/tag\/bill-greening\/\">Bill Greening<\/a>, en 2016-2015 y 2014, las Barbies Holiday &#8216;<a href=\"https:\/\/www.barbie-secondlife.com\/es\/tag\/pink-label\/\">Pink Label<\/a>&#8216; son designadas por <a href=\"https:\/\/www.barbie-secondlife.com\/es\/tag\/linda-kyaw\/\">Linda Kyaw<\/a>, en 2012, las Barbies Holiday &#8216;<a href=\"https:\/\/www.barbie-secondlife.com\/es\/tag\/pink-label\/\">Pink Label<\/a>&#8216; son designadas por <a href=\"https:\/\/www.barbie-secondlife.com\/es\/tag\/bill-greening\/\">Bill Greening<\/a> y en 2011, son designadas por <a href=\"https:\/\/www.barbie-secondlife.com\/es\/tag\/robert-best\/\">Robert Best<\/a>.<\/p>\n\n\n\n<hr class=\"wp-block-separator has-css-opacity\"\/>\n\n\n\n<div class=\"wp-block-columns is-layout-flex wp-container-core-columns-is-layout-9d6595d7 wp-block-columns-is-layout-flex\">\n<div class=\"wp-block-column is-layout-flow wp-block-column-is-layout-flow\" style=\"flex-basis:100%\">\n<figure class=\"wp-block-table\"><table class=\"has-fixed-layout\"><tbody><tr><td class=\"has-text-align-center\" data-align=\"center\"><a href=\"https:\/\/www.barbie-secondlife.com\/es\/tag\/holiday-2025\/\">Holiday 2025<\/a><sup> (4)<\/sup><\/td><\/tr><tr><td class=\"has-text-align-center\" data-align=\"center\"><a href=\"https:\/\/www.barbie-secondlife.com\/es\/tag\/holiday-2025\/\"><img decoding=\"async\" width=\"150\" height=\"257\" class=\"wp-image-605771 lazyload\" style=\"--smush-placeholder-width: 150px; --smush-placeholder-aspect-ratio: 150\/257;width: 150px;\" data-src=\"https:\/\/www.barbie-secondlife.com\/wp-content\/uploads\/2025\/08\/Barbie_SunHi_Original.png\" alt=\"Barbie Holiday 2025\" data-srcset=\"https:\/\/www.barbie-secondlife.com\/wp-content\/uploads\/2025\/08\/Barbie_SunHi_Original.png 248w, https:\/\/www.barbie-secondlife.com\/wp-content\/uploads\/2025\/08\/Barbie_SunHi_Original-200x343.png 200w, https:\/\/www.barbie-secondlife.com\/wp-content\/uploads\/2025\/08\/Barbie_SunHi_Original-175x300.png 175w\" data-sizes=\"(max-width: 150px) 100vw, 150px\" src=\"data:image\/svg+xml;base64,PHN2ZyB3aWR0aD0iMSIgaGVpZ2h0PSIxIiB4bWxucz0iaHR0cDovL3d3dy53My5vcmcvMjAwMC9zdmciPjwvc3ZnPg==\" \/><\/a><\/td><\/tr><\/tbody><\/table><\/figure>\n<\/div>\n<\/div>\n\n\n\n<hr class=\"wp-block-separator has-css-opacity\"\/>\n\n\n\n<div class=\"wp-block-columns is-layout-flex wp-container-core-columns-is-layout-9d6595d7 wp-block-columns-is-layout-flex\">\n<div class=\"wp-block-column is-layout-flow wp-block-column-is-layout-flow\" style=\"flex-basis:100%\">\n<figure class=\"wp-block-table\"><table class=\"has-fixed-layout\"><tbody><tr><td class=\"has-text-align-center\" data-align=\"center\"><a href=\"https:\/\/www.barbie-secondlife.com\/es\/tag\/holiday-2024\/\">Holiday 2024<\/a><sup> (5)<\/sup><\/td><td class=\"has-text-align-center\" data-align=\"center\"><a href=\"https:\/\/www.barbie-secondlife.com\/es\/tag\/holiday-2023\/\">Holiday 2023<\/a><sup> (4)<\/sup><\/td><td class=\"has-text-align-center\" data-align=\"center\"><a href=\"https:\/\/www.barbie-secondlife.com\/es\/tag\/holiday-2022\/\">Holiday 2022<\/a><sup> (5)<\/sup><\/td><\/tr><tr><td class=\"has-text-align-center\" data-align=\"center\"><a href=\"https:\/\/www.barbie-secondlife.com\/es\/tag\/holiday-2024\/\"><img decoding=\"async\" width=\"150\" height=\"150\" class=\"wp-image-603053 lazyload\" style=\"--smush-placeholder-width: 150px; --smush-placeholder-aspect-ratio: 150\/150;width: 150px;\" data-src=\"https:\/\/www.barbie-secondlife.com\/wp-content\/uploads\/2024\/11\/Barbie_Holiday_2024.png\" alt=\"Barbie Holiday 2024\" src=\"data:image\/svg+xml;base64,PHN2ZyB3aWR0aD0iMSIgaGVpZ2h0PSIxIiB4bWxucz0iaHR0cDovL3d3dy53My5vcmcvMjAwMC9zdmciPjwvc3ZnPg==\"><\/a><\/td><td class=\"has-text-align-center\" data-align=\"center\"><a href=\"https:\/\/www.barbie-secondlife.com\/es\/tag\/holiday-2023\/\"><img decoding=\"async\" width=\"150\" height=\"150\" class=\"wp-image-603052 lazyload\" style=\"--smush-placeholder-width: 150px; --smush-placeholder-aspect-ratio: 150\/150;width: 150px;\" data-src=\"https:\/\/www.barbie-secondlife.com\/wp-content\/uploads\/2024\/11\/Barbie_Holiday_2023.png\" alt=\"Barbie Holiday 2023\" src=\"data:image\/svg+xml;base64,PHN2ZyB3aWR0aD0iMSIgaGVpZ2h0PSIxIiB4bWxucz0iaHR0cDovL3d3dy53My5vcmcvMjAwMC9zdmciPjwvc3ZnPg==\"><\/a><\/td><td class=\"has-text-align-center\" data-align=\"center\"><a href=\"https:\/\/www.barbie-secondlife.com\/es\/tag\/holiday-2022\/\"><img decoding=\"async\" width=\"150\" height=\"150\" class=\"wp-image-603051 lazyload\" style=\"--smush-placeholder-width: 150px; --smush-placeholder-aspect-ratio: 150\/150;width: 150px;\" data-src=\"https:\/\/www.barbie-secondlife.com\/wp-content\/uploads\/2024\/11\/Barbie_Holiday_2022.png\" alt=\"Barbie Holiday 2022\" src=\"data:image\/svg+xml;base64,PHN2ZyB3aWR0aD0iMSIgaGVpZ2h0PSIxIiB4bWxucz0iaHR0cDovL3d3dy53My5vcmcvMjAwMC9zdmciPjwvc3ZnPg==\"><\/a><\/td><\/tr><\/tbody><\/table><\/figure>\n<\/div>\n<\/div>\n\n\n\n<hr class=\"wp-block-separator has-css-opacity\"\/>\n\n\n\n<figure class=\"wp-block-table\"><table class=\"has-fixed-layout\"><tbody><tr><td class=\"has-text-align-center\" data-align=\"center\"><a href=\"https:\/\/www.barbie-secondlife.com\/es\/tag\/holiday-2021\/\">Holiday 2021<\/a><sup> (3)<\/sup><\/td><td class=\"has-text-align-center\" data-align=\"center\"><a href=\"https:\/\/www.barbie-secondlife.com\/es\/tag\/holiday-2020\/\">Holiday 2020<\/a><sup> (3)<\/sup><\/td><td class=\"has-text-align-center\" data-align=\"center\"><a href=\"https:\/\/www.barbie-secondlife.com\/es\/tag\/holiday-2019\/\">Holiday 2019<\/a> <sup>(3)<\/sup><\/td><\/tr><tr><td class=\"has-text-align-center\" data-align=\"center\"><a href=\"https:\/\/www.barbie-secondlife.com\/es\/tag\/holiday-2021\/\"><img decoding=\"async\" width=\"150\" height=\"150\" class=\"wp-image-603050 lazyload\" style=\"--smush-placeholder-width: 150px; --smush-placeholder-aspect-ratio: 150\/150;width: 150px;\" data-src=\"https:\/\/www.barbie-secondlife.com\/wp-content\/uploads\/2024\/11\/Barbie_Holiday_2021.png\" alt=\"Barbie Holiday 2021\" src=\"data:image\/svg+xml;base64,PHN2ZyB3aWR0aD0iMSIgaGVpZ2h0PSIxIiB4bWxucz0iaHR0cDovL3d3dy53My5vcmcvMjAwMC9zdmciPjwvc3ZnPg==\"><\/a><\/td><td class=\"has-text-align-center\" data-align=\"center\"><a href=\"https:\/\/www.barbie-secondlife.com\/es\/tag\/holiday-2020\/\"><img decoding=\"async\" width=\"150\" height=\"150\" class=\"wp-image-603049 lazyload\" style=\"--smush-placeholder-width: 150px; --smush-placeholder-aspect-ratio: 150\/150;width: 150px;\" data-src=\"https:\/\/www.barbie-secondlife.com\/wp-content\/uploads\/2024\/11\/Barbie_Holiday_2020.png\" alt=\"Barbie Holiday 2020\" src=\"data:image\/svg+xml;base64,PHN2ZyB3aWR0aD0iMSIgaGVpZ2h0PSIxIiB4bWxucz0iaHR0cDovL3d3dy53My5vcmcvMjAwMC9zdmciPjwvc3ZnPg==\"><\/a><\/td><td class=\"has-text-align-center\" data-align=\"center\"><a href=\"https:\/\/www.barbie-secondlife.com\/es\/tag\/holiday-2019\/\"><img decoding=\"async\" width=\"150\" height=\"150\" class=\"wp-image-603048 lazyload\" style=\"--smush-placeholder-width: 150px; --smush-placeholder-aspect-ratio: 150\/150;width: 150px;\" data-src=\"https:\/\/www.barbie-secondlife.com\/wp-content\/uploads\/2024\/11\/Barbie_Holiday_2019.png\" alt=\"Barbie Holiday 2019\" src=\"data:image\/svg+xml;base64,PHN2ZyB3aWR0aD0iMSIgaGVpZ2h0PSIxIiB4bWxucz0iaHR0cDovL3d3dy53My5vcmcvMjAwMC9zdmciPjwvc3ZnPg==\"><\/a><\/td><\/tr><\/tbody><\/table><\/figure>\n\n\n\n<hr class=\"wp-block-separator has-css-opacity\"\/>\n\n\n\n<figure class=\"wp-block-table\"><table class=\"has-fixed-layout\"><tbody><tr><td class=\"has-text-align-center\" data-align=\"center\"><a href=\"https:\/\/www.barbie-secondlife.com\/es\/tag\/holiday-2018\/\">Holiday 2018<\/a><sup> (3)<\/sup><\/td><td class=\"has-text-align-center\" data-align=\"center\"><a href=\"https:\/\/www.barbie-secondlife.com\/es\/tag\/holiday-2017\/\">Holiday 2017<\/a><sup> (3)<\/sup><\/td><td class=\"has-text-align-center\" data-align=\"center\"><a href=\"https:\/\/www.barbie-secondlife.com\/es\/tag\/holiday-2016\/\">Holiday 2016<\/a><sup> (3)<\/sup><\/td><\/tr><tr><td class=\"has-text-align-center\" data-align=\"center\"><a href=\"https:\/\/www.barbie-secondlife.com\/es\/tag\/holiday-2018\/\"><img decoding=\"async\" width=\"150\" height=\"150\" class=\"wp-image-603047 lazyload\" style=\"--smush-placeholder-width: 150px; --smush-placeholder-aspect-ratio: 150\/150;width: 150px;\" data-src=\"https:\/\/www.barbie-secondlife.com\/wp-content\/uploads\/2024\/11\/Barbie_Holiday_2018.png\" alt=\"Barbie Holiday 2018\" src=\"data:image\/svg+xml;base64,PHN2ZyB3aWR0aD0iMSIgaGVpZ2h0PSIxIiB4bWxucz0iaHR0cDovL3d3dy53My5vcmcvMjAwMC9zdmciPjwvc3ZnPg==\"><\/a><\/td><td class=\"has-text-align-center\" data-align=\"center\"><a href=\"https:\/\/www.barbie-secondlife.com\/es\/tag\/holiday-2017\/\"><img decoding=\"async\" width=\"150\" height=\"150\" class=\"wp-image-603046 lazyload\" style=\"--smush-placeholder-width: 150px; --smush-placeholder-aspect-ratio: 150\/150;width: 150px;\" data-src=\"https:\/\/www.barbie-secondlife.com\/wp-content\/uploads\/2024\/11\/Barbie_Holiday_2017.png\" alt=\"Barbie Holiday 2017\" src=\"data:image\/svg+xml;base64,PHN2ZyB3aWR0aD0iMSIgaGVpZ2h0PSIxIiB4bWxucz0iaHR0cDovL3d3dy53My5vcmcvMjAwMC9zdmciPjwvc3ZnPg==\"><\/a><\/td><td class=\"has-text-align-center\" data-align=\"center\"><a href=\"https:\/\/www.barbie-secondlife.com\/es\/tag\/holiday-2016\/\"><img decoding=\"async\" width=\"150\" height=\"150\" class=\"wp-image-603045 lazyload\" style=\"--smush-placeholder-width: 150px; --smush-placeholder-aspect-ratio: 150\/150;width: 150px;\" data-src=\"https:\/\/www.barbie-secondlife.com\/wp-content\/uploads\/2024\/11\/Barbie_Holiday_2016.png\" alt=\"Barbie Holiday 2016\" src=\"data:image\/svg+xml;base64,PHN2ZyB3aWR0aD0iMSIgaGVpZ2h0PSIxIiB4bWxucz0iaHR0cDovL3d3dy53My5vcmcvMjAwMC9zdmciPjwvc3ZnPg==\"><\/a><\/td><\/tr><\/tbody><\/table><\/figure>\n\n\n\n<hr class=\"wp-block-separator has-css-opacity\"\/>\n\n\n\n<figure class=\"wp-block-table\"><table class=\"has-fixed-layout\"><tbody><tr><td class=\"has-text-align-center\" data-align=\"center\"><a href=\"https:\/\/www.barbie-secondlife.com\/es\/tag\/holiday-2015\/\">Holiday 2015<\/a><sup> (2)<\/sup><\/td><td class=\"has-text-align-center\" data-align=\"center\"><a href=\"https:\/\/www.barbie-secondlife.com\/es\/tag\/holiday-2014\/\">Holiday 2014<\/a><sup> (2)<\/sup><\/td><td class=\"has-text-align-center\" data-align=\"center\"><a href=\"https:\/\/www.barbie-secondlife.com\/es\/tag\/holiday-2013\/\">Holiday 2013<\/a><sup> (2)<\/sup><\/td><\/tr><tr><td class=\"has-text-align-center\" data-align=\"center\"><a href=\"https:\/\/www.barbie-secondlife.com\/es\/tag\/holiday-2015\/\"><img decoding=\"async\" width=\"150\" height=\"150\" class=\"wp-image-603044 lazyload\" style=\"--smush-placeholder-width: 150px; --smush-placeholder-aspect-ratio: 150\/150;width: 150px;\" data-src=\"https:\/\/www.barbie-secondlife.com\/wp-content\/uploads\/2024\/11\/Barbie_Holiday_2015.png\" alt=\"Barbie Holiday 2015\" src=\"data:image\/svg+xml;base64,PHN2ZyB3aWR0aD0iMSIgaGVpZ2h0PSIxIiB4bWxucz0iaHR0cDovL3d3dy53My5vcmcvMjAwMC9zdmciPjwvc3ZnPg==\"><\/a><\/td><td class=\"has-text-align-center\" data-align=\"center\"><a href=\"https:\/\/www.barbie-secondlife.com\/es\/tag\/holiday-2014\/\"><img decoding=\"async\" width=\"150\" height=\"150\" class=\"wp-image-603043 lazyload\" style=\"--smush-placeholder-width: 150px; --smush-placeholder-aspect-ratio: 150\/150;width: 150px;\" data-src=\"https:\/\/www.barbie-secondlife.com\/wp-content\/uploads\/2024\/11\/Barbie_Holiday_2014.png\" alt=\"Barbie Holiday 2014\" src=\"data:image\/svg+xml;base64,PHN2ZyB3aWR0aD0iMSIgaGVpZ2h0PSIxIiB4bWxucz0iaHR0cDovL3d3dy53My5vcmcvMjAwMC9zdmciPjwvc3ZnPg==\"><\/a><\/td><td class=\"has-text-align-center\" data-align=\"center\"><a href=\"https:\/\/www.barbie-secondlife.com\/es\/tag\/holiday-2013\/\"><img decoding=\"async\" width=\"150\" height=\"150\" class=\"wp-image-603042 lazyload\" style=\"--smush-placeholder-width: 150px; --smush-placeholder-aspect-ratio: 150\/150;width: 150px;\" data-src=\"https:\/\/www.barbie-secondlife.com\/wp-content\/uploads\/2024\/11\/Barbie_Holiday_2013.png\" alt=\"Barbie Holiday 2013\" src=\"data:image\/svg+xml;base64,PHN2ZyB3aWR0aD0iMSIgaGVpZ2h0PSIxIiB4bWxucz0iaHR0cDovL3d3dy53My5vcmcvMjAwMC9zdmciPjwvc3ZnPg==\"><\/a><\/td><\/tr><\/tbody><\/table><\/figure>\n\n\n\n<hr class=\"wp-block-separator has-css-opacity\"\/>\n\n\n\n<figure class=\"wp-block-table\"><table class=\"has-fixed-layout\"><tbody><tr><td class=\"has-text-align-center\" data-align=\"center\"><a href=\"https:\/\/www.barbie-secondlife.com\/es\/tag\/holiday-2012\/\">Holiday 2012<\/a><sup> (2)<\/sup><\/td><td class=\"has-text-align-center\" data-align=\"center\"><a href=\"https:\/\/www.barbie-secondlife.com\/es\/tag\/holiday-2011\/\">Holiday 2011<\/a><sup> (2)<\/sup><\/td><td class=\"has-text-align-center\" data-align=\"center\"><a href=\"https:\/\/www.barbie-secondlife.com\/es\/tag\/holiday-2010\/\">Holiday 2010<\/a><sup> (1)<\/sup><\/td><\/tr><tr><td class=\"has-text-align-center\" data-align=\"center\"><a href=\"https:\/\/www.barbie-secondlife.com\/es\/tag\/holiday-2012\/\"><img decoding=\"async\" width=\"150\" height=\"150\" class=\"wp-image-603041 lazyload\" style=\"--smush-placeholder-width: 150px; --smush-placeholder-aspect-ratio: 150\/150;width: 150px;\" data-src=\"https:\/\/www.barbie-secondlife.com\/wp-content\/uploads\/2024\/11\/Barbie_Holiday_2012.png\" alt=\"Barbie Holiday 2012\" src=\"data:image\/svg+xml;base64,PHN2ZyB3aWR0aD0iMSIgaGVpZ2h0PSIxIiB4bWxucz0iaHR0cDovL3d3dy53My5vcmcvMjAwMC9zdmciPjwvc3ZnPg==\"><\/a><\/td><td class=\"has-text-align-center\" data-align=\"center\"><a href=\"https:\/\/www.barbie-secondlife.com\/es\/tag\/holiday-2011\/\"><img decoding=\"async\" width=\"150\" height=\"150\" class=\"wp-image-603040 lazyload\" style=\"--smush-placeholder-width: 150px; --smush-placeholder-aspect-ratio: 150\/150;width: 150px;\" data-src=\"https:\/\/www.barbie-secondlife.com\/wp-content\/uploads\/2024\/11\/Barbie_Holiday_2011.png\" alt=\"Barbie Holiday 2011\" src=\"data:image\/svg+xml;base64,PHN2ZyB3aWR0aD0iMSIgaGVpZ2h0PSIxIiB4bWxucz0iaHR0cDovL3d3dy53My5vcmcvMjAwMC9zdmciPjwvc3ZnPg==\"><\/a><\/td><td class=\"has-text-align-center\" data-align=\"center\"><a href=\"https:\/\/www.barbie-secondlife.com\/es\/tag\/holiday-2010\/\"><img decoding=\"async\" width=\"150\" height=\"150\" class=\"wp-image-603079 lazyload\" style=\"--smush-placeholder-width: 150px; --smush-placeholder-aspect-ratio: 150\/150;width: 150px;\" data-src=\"https:\/\/www.barbie-secondlife.com\/wp-content\/uploads\/2024\/11\/Barbie_Holiday_2010.png\" alt=\"Barbie Holiday 2010\" src=\"data:image\/svg+xml;base64,PHN2ZyB3aWR0aD0iMSIgaGVpZ2h0PSIxIiB4bWxucz0iaHR0cDovL3d3dy53My5vcmcvMjAwMC9zdmciPjwvc3ZnPg==\"><\/a><\/td><\/tr><\/tbody><\/table><\/figure>\n\n\n\n<hr class=\"wp-block-separator has-css-opacity\"\/>\n\n\n\n<figure class=\"wp-block-table\"><table class=\"has-fixed-layout\"><tbody><tr><td class=\"has-text-align-center\" data-align=\"center\"><a href=\"https:\/\/www.barbie-secondlife.com\/es\/tag\/holiday-2009\/\">Holiday 2009<\/a><sup> (2)<\/sup><\/td><td class=\"has-text-align-center\" data-align=\"center\"><a href=\"https:\/\/www.barbie-secondlife.com\/es\/tag\/holiday-2008\/\">Holiday 2008<\/a><sup> (2)<\/sup><\/td><td class=\"has-text-align-center\" data-align=\"center\"><a href=\"https:\/\/www.barbie-secondlife.com\/es\/tag\/holiday-2007\/\">Holiday 2007<\/a><sup> (1)<\/sup><\/td><\/tr><tr><td class=\"has-text-align-center\" data-align=\"center\"><a href=\"https:\/\/www.barbie-secondlife.com\/es\/tag\/holiday-2009\/\"><img decoding=\"async\" width=\"150\" height=\"150\" class=\"wp-image-603039 lazyload\" style=\"--smush-placeholder-width: 150px; --smush-placeholder-aspect-ratio: 150\/150;width: 150px;\" data-src=\"https:\/\/www.barbie-secondlife.com\/wp-content\/uploads\/2024\/11\/Barbie_Holiday_2009.png\" alt=\"Barbie Holiday 2009\" src=\"data:image\/svg+xml;base64,PHN2ZyB3aWR0aD0iMSIgaGVpZ2h0PSIxIiB4bWxucz0iaHR0cDovL3d3dy53My5vcmcvMjAwMC9zdmciPjwvc3ZnPg==\"><\/a><\/td><td class=\"has-text-align-center\" data-align=\"center\"><a href=\"https:\/\/www.barbie-secondlife.com\/es\/tag\/holiday-2008\/\"><img decoding=\"async\" width=\"150\" height=\"150\" class=\"wp-image-603038 lazyload\" style=\"--smush-placeholder-width: 150px; --smush-placeholder-aspect-ratio: 150\/150;width: 150px;\" data-src=\"https:\/\/www.barbie-secondlife.com\/wp-content\/uploads\/2024\/11\/Barbie_Holiday_2008.png\" alt=\"Barbie Holiday 2008\" src=\"data:image\/svg+xml;base64,PHN2ZyB3aWR0aD0iMSIgaGVpZ2h0PSIxIiB4bWxucz0iaHR0cDovL3d3dy53My5vcmcvMjAwMC9zdmciPjwvc3ZnPg==\"><\/a><\/td><td class=\"has-text-align-center\" data-align=\"center\"><a href=\"https:\/\/www.barbie-secondlife.com\/es\/tag\/holiday-2007\/\"><img decoding=\"async\" width=\"150\" height=\"150\" class=\"wp-image-603037 lazyload\" style=\"--smush-placeholder-width: 150px; --smush-placeholder-aspect-ratio: 150\/150;width: 150px;\" data-src=\"https:\/\/www.barbie-secondlife.com\/wp-content\/uploads\/2024\/11\/Barbie_Holiday_2007.png\" alt=\"Barbie Holiday 2007\" src=\"data:image\/svg+xml;base64,PHN2ZyB3aWR0aD0iMSIgaGVpZ2h0PSIxIiB4bWxucz0iaHR0cDovL3d3dy53My5vcmcvMjAwMC9zdmciPjwvc3ZnPg==\"><\/a><\/td><\/tr><\/tbody><\/table><\/figure>\n\n\n\n<hr class=\"wp-block-separator has-css-opacity\"\/>\n\n\n\n<figure class=\"wp-block-table\"><table class=\"has-fixed-layout\"><tbody><tr><td class=\"has-text-align-center\" data-align=\"center\"><a href=\"https:\/\/www.barbie-secondlife.com\/es\/tag\/holiday-2006\/\">Holiday 2006<\/a> <sup>(1)<\/sup><\/td><td class=\"has-text-align-center\" data-align=\"center\"><a href=\"https:\/\/www.barbie-secondlife.com\/es\/tag\/holiday-2005\/\">Holiday 2005<\/a><sup> (3)<\/sup><\/td><td class=\"has-text-align-center\" data-align=\"center\"><a href=\"https:\/\/www.barbie-secondlife.com\/es\/tag\/holiday-2004\/\">Holiday 2004<\/a> <sup>(1)<\/sup><\/td><\/tr><tr><td class=\"has-text-align-center\" data-align=\"center\"><a href=\"https:\/\/www.barbie-secondlife.com\/es\/tag\/holiday-2006\/\"><img decoding=\"async\" width=\"150\" height=\"150\" class=\"wp-image-603059 lazyload\" style=\"--smush-placeholder-width: 150px; --smush-placeholder-aspect-ratio: 150\/150;width: 150px;\" data-src=\"https:\/\/www.barbie-secondlife.com\/wp-content\/uploads\/2024\/11\/Barbie_Holiday_2006.png\" alt=\"Barbie Holiday 2006\" src=\"data:image\/svg+xml;base64,PHN2ZyB3aWR0aD0iMSIgaGVpZ2h0PSIxIiB4bWxucz0iaHR0cDovL3d3dy53My5vcmcvMjAwMC9zdmciPjwvc3ZnPg==\"><\/a><\/td><td class=\"has-text-align-center\" data-align=\"center\"><a href=\"https:\/\/www.barbie-secondlife.com\/es\/tag\/holiday-2005\/\"><img decoding=\"async\" width=\"150\" height=\"150\" class=\"wp-image-603081 lazyload\" style=\"--smush-placeholder-width: 150px; --smush-placeholder-aspect-ratio: 150\/150;width: 150px;\" data-src=\"https:\/\/www.barbie-secondlife.com\/wp-content\/uploads\/2024\/11\/Barbie_Holiday_2005.png\" alt=\"Barbie Holiday 2005\" src=\"data:image\/svg+xml;base64,PHN2ZyB3aWR0aD0iMSIgaGVpZ2h0PSIxIiB4bWxucz0iaHR0cDovL3d3dy53My5vcmcvMjAwMC9zdmciPjwvc3ZnPg==\"><\/a><\/td><td class=\"has-text-align-center\" data-align=\"center\"><a href=\"https:\/\/www.barbie-secondlife.com\/es\/tag\/holiday-2004\/\"><img decoding=\"async\" width=\"150\" height=\"150\" class=\"wp-image-603080 lazyload\" style=\"--smush-placeholder-width: 150px; --smush-placeholder-aspect-ratio: 150\/150;width: 150px;\" data-src=\"https:\/\/www.barbie-secondlife.com\/wp-content\/uploads\/2024\/11\/Barbie_Holiday_2004.png\" alt=\"Barbie Holiday 2004\" src=\"data:image\/svg+xml;base64,PHN2ZyB3aWR0aD0iMSIgaGVpZ2h0PSIxIiB4bWxucz0iaHR0cDovL3d3dy53My5vcmcvMjAwMC9zdmciPjwvc3ZnPg==\"><\/a><\/td><\/tr><\/tbody><\/table><\/figure>\n\n\n\n<p><\/p>\n","protected":false},"excerpt":{"rendered":"<p>Barbie Holiday (Navidad) Cada a\u00f1o normalmente hay 3 Barbies diferentes para la colecci\u00f3n &#8216;Holiday&#8217;, 4 en 2023, 5 en 2022 y 2024. El n\u00famero entre par\u00e9ntesis es el n\u00famero de Barbies en mi colecci\u00f3n. En 2023, Kelley Lindberg crea la Barbie navide\u00f1a con un vestido dorado con capa transparente, En 2022, las Barbies Holiday &#8216;Signature&#8216; [&hellip;]<\/p>\n","protected":false},"author":1,"featured_media":469498,"parent":469477,"menu_order":0,"comment_status":"closed","ping_status":"closed","template":"","meta":{"footnotes":""},"class_list":["post-469495","page","type-page","status-publish","has-post-thumbnail","hentry"],"translation":{"provider":"WPGlobus","version":"3.0.2","language":"es","enabled_languages":["fr","en","es","br","de"],"languages":{"fr":{"title":true,"content":true,"excerpt":false},"en":{"title":true,"content":true,"excerpt":false},"es":{"title":true,"content":true,"excerpt":false},"br":{"title":true,"content":true,"excerpt":false},"de":{"title":true,"content":true,"excerpt":false}}},"_links":{"self":[{"href":"https:\/\/www.barbie-secondlife.com\/es\/wp-json\/wp\/v2\/pages\/469495","targetHints":{"allow":["GET"]}}],"collection":[{"href":"https:\/\/www.barbie-secondlife.com\/es\/wp-json\/wp\/v2\/pages"}],"about":[{"href":"https:\/\/www.barbie-secondlife.com\/es\/wp-json\/wp\/v2\/types\/page"}],"author":[{"embeddable":true,"href":"https:\/\/www.barbie-secondlife.com\/es\/wp-json\/wp\/v2\/users\/1"}],"replies":[{"embeddable":true,"href":"https:\/\/www.barbie-secondlife.com\/es\/wp-json\/wp\/v2\/comments?post=469495"}],"version-history":[{"count":13,"href":"https:\/\/www.barbie-secondlife.com\/es\/wp-json\/wp\/v2\/pages\/469495\/revisions"}],"predecessor-version":[{"id":605801,"href":"https:\/\/www.barbie-secondlife.com\/es\/wp-json\/wp\/v2\/pages\/469495\/revisions\/605801"}],"up":[{"embeddable":true,"href":"https:\/\/www.barbie-secondlife.com\/es\/wp-json\/wp\/v2\/pages\/469477"}],"wp:featuredmedia":[{"embeddable":true,"href":"https:\/\/www.barbie-secondlife.com\/es\/wp-json\/wp\/v2\/media\/469498"}],"wp:attachment":[{"href":"https:\/\/www.barbie-secondlife.com\/es\/wp-json\/wp\/v2\/media?parent=469495"}],"curies":[{"name":"wp","href":"https:\/\/api.w.org\/{rel}","templated":true}]}}