{"id":469554,"date":"2021-08-12T13:17:45","date_gmt":"2021-08-12T11:17:45","guid":{"rendered":"https:\/\/www.barbie-secondlife.com\/?page_id=469554"},"modified":"2022-08-06T14:46:22","modified_gmt":"2022-08-06T12:46:22","slug":"holiday-anniversary","status":"publish","type":"page","link":"https:\/\/www.barbie-secondlife.com\/es\/collection\/holiday\/holiday-anniversary\/","title":{"rendered":"Holiday Anniversary"},"content":{"rendered":"\n<h2 class=\"wp-block-heading\"><strong><em>Barbie Holiday Anniversary<\/em><\/strong><\/h2>\n\n\n\n<p>Las mu\u00f1ecas Barbie Holiday Anniversary celebran un per\u00edodo festivo del a\u00f1o y un evento especial en relaci\u00f3n con la historia de Barbie, el aniversario de su creaci\u00f3n o el aniversario de una colecci\u00f3n especial. Aqu\u00ed est\u00e1n las mu\u00f1ecas de mi colecci\u00f3n a continuaci\u00f3n.<\/p>\n\n\n\n<hr class=\"wp-block-separator\"\/>\n\n\n\n<figure class=\"wp-block-table\"><table class=\"has-fixed-layout\"><tbody><tr><td class=\"has-text-align-center\" data-align=\"center\"><a href=\"https:\/\/www.barbie-secondlife.com\/es\/tag\/50th-anniversary\/\"><img decoding=\"async\" width=\"200\" height=\"188\" class=\"wp-image-469555 lazyload\" style=\"--smush-placeholder-width: 200px; --smush-placeholder-aspect-ratio: 200\/188;width: 200px;\" data-src=\"https:\/\/www.barbie-secondlife.com\/wp-content\/uploads\/2021\/08\/Priscilla.jpg\" alt=\"Barbie Holiday 50th Anniversary\" data-srcset=\"https:\/\/www.barbie-secondlife.com\/wp-content\/uploads\/2021\/08\/Priscilla.jpg 451w, https:\/\/www.barbie-secondlife.com\/wp-content\/uploads\/2021\/08\/Priscilla-302x285.jpg 302w, https:\/\/www.barbie-secondlife.com\/wp-content\/uploads\/2021\/08\/Priscilla-200x188.jpg 200w, https:\/\/www.barbie-secondlife.com\/wp-content\/uploads\/2021\/08\/Priscilla-350x330.jpg 350w, https:\/\/www.barbie-secondlife.com\/wp-content\/uploads\/2021\/08\/Priscilla-318x300.jpg 318w\" data-sizes=\"(max-width: 200px) 100vw, 200px\" src=\"data:image\/svg+xml;base64,PHN2ZyB3aWR0aD0iMSIgaGVpZ2h0PSIxIiB4bWxucz0iaHR0cDovL3d3dy53My5vcmcvMjAwMC9zdmciPjwvc3ZnPg==\" \/><\/a><\/td><td><a href=\"https:\/\/www.barbie-secondlife.com\/es\/tag\/50th-anniversary\/\">Barbie 50th Anniversary<\/a><br>\u00a1Una visi\u00f3n de la perfecci\u00f3n de las vacaciones de fin de a\u00f1o! La mu\u00f1eca Holiday Barbie 2009 brilla como un reflejo de un emocionante a\u00f1o de celebraci\u00f3n del 50 aniversario de la mu\u00f1eca Barbie.<\/td><\/tr><\/tbody><\/table><\/figure>\n\n\n\n<hr class=\"wp-block-separator\"\/>\n\n\n\n<figure class=\"wp-block-table\"><table class=\"has-fixed-layout\"><tbody><tr><td><a href=\"https:\/\/www.barbie-secondlife.com\/es\/tag\/25th-anniversary\/\">Barbie 25th Anniversary<\/a><br>Un mundo invernal de copos de nieve plateados, familia, amigos y mucho amor: \u00a1esta maravillosa \u00e9poca del a\u00f1o ha inspirado a Barbie durante 25 a\u00f1os! Ahora ella est\u00e1 celebrando esta deslumbrante temporada. La mu\u00f1eca Barbie Holiday 2013 conmemora este aniversario de plata con un vestido brillante y festivo. 3 Barbie componen esta colecci\u00f3n (2 en mi colecci\u00f3n)<\/td><td class=\"has-text-align-center\" data-align=\"center\"><a href=\"https:\/\/www.barbie-secondlife.com\/es\/tag\/25th-anniversary\/\"><img decoding=\"async\" width=\"170\" height=\"225\" class=\"wp-image-19071 lazyload\" style=\"--smush-placeholder-width: 170px; --smush-placeholder-aspect-ratio: 170\/225;width: 170px;\" data-src=\"https:\/\/www.barbie-secondlife.com\/wp-content\/uploads\/2019\/07\/Barbie_Celeste_Original.png\" alt=\"Barbie Holiday 25th Anniversary\" data-srcset=\"https:\/\/www.barbie-secondlife.com\/wp-content\/uploads\/2019\/07\/Barbie_Celeste_Original.png 321w, https:\/\/www.barbie-secondlife.com\/wp-content\/uploads\/2019\/07\/Barbie_Celeste_Original-302x400.png 302w, https:\/\/www.barbie-secondlife.com\/wp-content\/uploads\/2019\/07\/Barbie_Celeste_Original-200x265.png 200w, https:\/\/www.barbie-secondlife.com\/wp-content\/uploads\/2019\/07\/Barbie_Celeste_Original-227x300.png 227w\" data-sizes=\"(max-width: 170px) 100vw, 170px\" src=\"data:image\/svg+xml;base64,PHN2ZyB3aWR0aD0iMSIgaGVpZ2h0PSIxIiB4bWxucz0iaHR0cDovL3d3dy53My5vcmcvMjAwMC9zdmciPjwvc3ZnPg==\" \/><\/a><\/td><\/tr><\/tbody><\/table><\/figure>\n\n\n\n<hr class=\"wp-block-separator\"\/>\n\n\n\n<figure class=\"wp-block-table\"><table class=\"has-fixed-layout\"><tbody><tr><td class=\"has-text-align-center\" data-align=\"center\"><a href=\"https:\/\/www.barbie-secondlife.com\/es\/tag\/20th-anniversary\/\"><img decoding=\"async\" width=\"200\" height=\"219\" class=\"wp-image-469558 lazyload\" style=\"--smush-placeholder-width: 200px; --smush-placeholder-aspect-ratio: 200\/219;width: 200px;\" data-src=\"https:\/\/www.barbie-secondlife.com\/wp-content\/uploads\/2021\/08\/Barbie20thanniversary.jpg\" alt=\"Barbie Holiday 20th Anniversary\" data-srcset=\"https:\/\/www.barbie-secondlife.com\/wp-content\/uploads\/2021\/08\/Barbie20thanniversary.jpg 1015w, https:\/\/www.barbie-secondlife.com\/wp-content\/uploads\/2021\/08\/Barbie20thanniversary-302x331.jpg 302w, https:\/\/www.barbie-secondlife.com\/wp-content\/uploads\/2021\/08\/Barbie20thanniversary-200x219.jpg 200w, https:\/\/www.barbie-secondlife.com\/wp-content\/uploads\/2021\/08\/Barbie20thanniversary-500x547.jpg 500w, https:\/\/www.barbie-secondlife.com\/wp-content\/uploads\/2021\/08\/Barbie20thanniversary-350x383.jpg 350w, https:\/\/www.barbie-secondlife.com\/wp-content\/uploads\/2021\/08\/Barbie20thanniversary-936x1024.jpg 936w, https:\/\/www.barbie-secondlife.com\/wp-content\/uploads\/2021\/08\/Barbie20thanniversary-274x300.jpg 274w, https:\/\/www.barbie-secondlife.com\/wp-content\/uploads\/2021\/08\/Barbie20thanniversary-768x841.jpg 768w\" data-sizes=\"(max-width: 200px) 100vw, 200px\" src=\"data:image\/svg+xml;base64,PHN2ZyB3aWR0aD0iMSIgaGVpZ2h0PSIxIiB4bWxucz0iaHR0cDovL3d3dy53My5vcmcvMjAwMC9zdmciPjwvc3ZnPg==\" \/><\/a><\/td><td><a href=\"https:\/\/www.barbie-secondlife.com\/es\/tag\/20th-anniversary\/\">Barbie 20th Anniversary<\/a><br>\u00a1La mu\u00f1eca Barbie Holiday 2008 rinde homenaje a los 20 a\u00f1os de mu\u00f1ecas Barbie con tem\u00e1tica navide\u00f1a! Con un hermoso vestido plateado brillante con aretes plateados, cabello largo y delicioso recogido y alejado de una cara bellamente pintada. Hay 2 variaciones de esta Barbie, una Barbie rubia y una morena (afroamericana).<\/td><\/tr><\/tbody><\/table><\/figure>\n","protected":false},"excerpt":{"rendered":"<p>Barbie Holiday Anniversary Las mu\u00f1ecas Barbie Holiday Anniversary celebran un per\u00edodo festivo del a\u00f1o y un evento especial en relaci\u00f3n con la historia de Barbie, el aniversario de su creaci\u00f3n o el aniversario de una colecci\u00f3n especial. Aqu\u00ed est\u00e1n las mu\u00f1ecas de mi colecci\u00f3n a continuaci\u00f3n. Barbie 50th Anniversary\u00a1Una visi\u00f3n de la perfecci\u00f3n de las [&hellip;]<\/p>\n","protected":false},"author":1,"featured_media":469587,"parent":469477,"menu_order":0,"comment_status":"closed","ping_status":"closed","template":"","meta":{"footnotes":""},"class_list":["post-469554","page","type-page","status-publish","has-post-thumbnail","hentry"],"translation":{"provider":"WPGlobus","version":"3.0.2","language":"es","enabled_languages":["fr","en","es","br","de"],"languages":{"fr":{"title":true,"content":true,"excerpt":false},"en":{"title":true,"content":true,"excerpt":false},"es":{"title":true,"content":true,"excerpt":false},"br":{"title":true,"content":true,"excerpt":false},"de":{"title":true,"content":true,"excerpt":false}}},"_links":{"self":[{"href":"https:\/\/www.barbie-secondlife.com\/es\/wp-json\/wp\/v2\/pages\/469554","targetHints":{"allow":["GET"]}}],"collection":[{"href":"https:\/\/www.barbie-secondlife.com\/es\/wp-json\/wp\/v2\/pages"}],"about":[{"href":"https:\/\/www.barbie-secondlife.com\/es\/wp-json\/wp\/v2\/types\/page"}],"author":[{"embeddable":true,"href":"https:\/\/www.barbie-secondlife.com\/es\/wp-json\/wp\/v2\/users\/1"}],"replies":[{"embeddable":true,"href":"https:\/\/www.barbie-secondlife.com\/es\/wp-json\/wp\/v2\/comments?post=469554"}],"version-history":[{"count":0,"href":"https:\/\/www.barbie-secondlife.com\/es\/wp-json\/wp\/v2\/pages\/469554\/revisions"}],"up":[{"embeddable":true,"href":"https:\/\/www.barbie-secondlife.com\/es\/wp-json\/wp\/v2\/pages\/469477"}],"wp:featuredmedia":[{"embeddable":true,"href":"https:\/\/www.barbie-secondlife.com\/es\/wp-json\/wp\/v2\/media\/469587"}],"wp:attachment":[{"href":"https:\/\/www.barbie-secondlife.com\/es\/wp-json\/wp\/v2\/media?parent=469554"}],"curies":[{"name":"wp","href":"https:\/\/api.w.org\/{rel}","templated":true}]}}