{"id":469594,"date":"2021-08-12T13:33:03","date_gmt":"2021-08-12T11:33:03","guid":{"rendered":"https:\/\/www.barbie-secondlife.com\/?page_id=469594"},"modified":"2024-01-15T16:36:26","modified_gmt":"2024-01-15T15:36:26","slug":"holiday-special-occasion","status":"publish","type":"page","link":"https:\/\/www.barbie-secondlife.com\/es\/collection\/holiday\/holiday-special-occasion\/","title":{"rendered":"Holiday Special Occasion"},"content":{"rendered":"\n<h2 class=\"wp-block-heading\"><strong><em>Barbie Holiday Special Occasion<\/em><\/strong><\/h2>\n\n\n\n<hr class=\"wp-block-separator has-css-opacity\"\/>\n\n\n\n<figure class=\"wp-block-table\"><table class=\"has-fixed-layout\"><tbody><tr><td class=\"has-text-align-center\" data-align=\"center\"><a href=\"https:\/\/www.barbie-secondlife.com\/es\/tag\/holiday-bob-mackie\/\"><img decoding=\"async\" width=\"241\" height=\"425\" class=\"wp-image-19548 lazyload\" style=\"--smush-placeholder-width: 241px; --smush-placeholder-aspect-ratio: 241\/425;width: px;\" data-src=\"https:\/\/www.barbie-secondlife.com\/wp-content\/uploads\/2019\/08\/Barbie_Raven_Original.jpg\" alt=\"Barbie Raven\" data-srcset=\"https:\/\/www.barbie-secondlife.com\/wp-content\/uploads\/2019\/08\/Barbie_Raven_Original.jpg 241w, https:\/\/www.barbie-secondlife.com\/wp-content\/uploads\/2019\/08\/Barbie_Raven_Original-200x353.jpg 200w, https:\/\/www.barbie-secondlife.com\/wp-content\/uploads\/2019\/08\/Barbie_Raven_Original-170x300.jpg 170w\" data-sizes=\"(max-width: 241px) 100vw, 241px\" src=\"data:image\/svg+xml;base64,PHN2ZyB3aWR0aD0iMSIgaGVpZ2h0PSIxIiB4bWxucz0iaHR0cDovL3d3dy53My5vcmcvMjAwMC9zdmciPjwvc3ZnPg==\" \/><\/a><\/td><td><a href=\"https:\/\/www.barbie-secondlife.com\/es\/tag\/holiday-bob-mackie\/\">Barbie Holiday Bob Mackie<\/a><br>\u00a1La temporada navide\u00f1a <strong>2005 <\/strong>trae una adici\u00f3n impresionante a la tradici\u00f3n de las mu\u00f1ecas barbie navide\u00f1as! Creado por el aclamado dise\u00f1ador Bob Mackie, el vestido est\u00e1 bellamente elaborado en un jacquard con estampado de lentejuelas, tul plisado en forma de hongo, organza fucsia brillante y sat\u00e9n rosa. El cintur\u00f3n borgo\u00f1a flocado tiene un borde plateado. Un patr\u00f3n de brillo estrellado adorna el hombro. El broche, el collar, los pendientes y la corona son los hermosos accesorios.<br>En <strong>2006<\/strong>, Bob Mackie vuelve a presentar un bonito regalo para esta temporada tan especial. Barbie Holiday 2006 de Bob Mackie (foto opuesta) luce maravillosamente sofisticada con un vestido negro y piel sint\u00e9tica blanca, adornado con estrellas multicolores festivas. 2006 Holiday Barbie marca la segunda creaci\u00f3n de la mu\u00f1eca Holiday Barbie del Sr. Mackie.<\/td><\/tr><\/tbody><\/table><\/figure>\n\n\n\n<hr class=\"wp-block-separator has-css-opacity\"\/>\n\n\n\n<figure class=\"wp-block-table\"><table class=\"has-fixed-layout\"><tbody><tr><td><a href=\"https:\/\/www.barbie-secondlife.com\/es\/tag\/holiday-celebration\/\">Barbie Holiday Celebration<\/a><br>en <strong>2000<\/strong>, la absolutamente hermosa mu\u00f1eca Barbie Celebration. Segura de hacer de las primeras vacaciones del nuevo milenio algo especial para recordar, lleva un lujoso vestido dorado brillante con una enagua de tafet\u00e1n. Su corpi\u00f1o dorado brillante y su cuello de piel sint\u00e9tica lujosamente suave a\u00f1aden un aura de princesa extraordinaria a su belleza. Sosteniendo un adorno deslumbrante, que rinde homenaje al a\u00f1o 2000, es una manera maravillosa de conmemorar este a\u00f1o trascendental.<br>Celebrando las fiestas Barbie <strong>2001 <\/strong>es la segunda de una nueva serie de mu\u00f1ecas que simboliza el esp\u00edritu navide\u00f1o del nuevo milenio. Se ve absolutamente deslumbrante con un vestido blanco brillante con incrustaciones de estrellas plateadas y un abrigo rojo adornado con un collar de joyas de piel sint\u00e9tica blanca y su largo cabello rubio rizado muy por debajo de su cintura.<\/td><td class=\"has-text-align-center\" data-align=\"center\"><a href=\"https:\/\/www.barbie-secondlife.com\/es\/tag\/celebration-holiday\/\"><img decoding=\"async\" width=\"357\" height=\"425\" class=\"wp-image-288789 lazyload\" style=\"--smush-placeholder-width: 357px; --smush-placeholder-aspect-ratio: 357\/425;width: px;\" data-src=\"https:\/\/www.barbie-secondlife.com\/wp-content\/uploads\/2021\/02\/Barbie_Yvelise_Original.jpg\" alt=\"Barbie Yvelise\" data-srcset=\"https:\/\/www.barbie-secondlife.com\/wp-content\/uploads\/2021\/02\/Barbie_Yvelise_Original.jpg 357w, https:\/\/www.barbie-secondlife.com\/wp-content\/uploads\/2021\/02\/Barbie_Yvelise_Original-302x360.jpg 302w, https:\/\/www.barbie-secondlife.com\/wp-content\/uploads\/2021\/02\/Barbie_Yvelise_Original-200x238.jpg 200w, https:\/\/www.barbie-secondlife.com\/wp-content\/uploads\/2021\/02\/Barbie_Yvelise_Original-350x417.jpg 350w, https:\/\/www.barbie-secondlife.com\/wp-content\/uploads\/2021\/02\/Barbie_Yvelise_Original-252x300.jpg 252w\" data-sizes=\"(max-width: 357px) 100vw, 357px\" src=\"data:image\/svg+xml;base64,PHN2ZyB3aWR0aD0iMSIgaGVpZ2h0PSIxIiB4bWxucz0iaHR0cDovL3d3dy53My5vcmcvMjAwMC9zdmciPjwvc3ZnPg==\" \/><\/a><\/td><\/tr><\/tbody><\/table><\/figure>\n\n\n\n<p><\/p>\n","protected":false},"excerpt":{"rendered":"<p>Barbie Holiday Special Occasion Barbie Holiday Bob Mackie\u00a1La temporada navide\u00f1a 2005 trae una adici\u00f3n impresionante a la tradici\u00f3n de las mu\u00f1ecas barbie navide\u00f1as! Creado por el aclamado dise\u00f1ador Bob Mackie, el vestido est\u00e1 bellamente elaborado en un jacquard con estampado de lentejuelas, tul plisado en forma de hongo, organza fucsia brillante y sat\u00e9n rosa. El [&hellip;]<\/p>\n","protected":false},"author":1,"featured_media":469616,"parent":469477,"menu_order":0,"comment_status":"closed","ping_status":"closed","template":"","meta":{"footnotes":""},"class_list":["post-469594","page","type-page","status-publish","has-post-thumbnail","hentry"],"translation":{"provider":"WPGlobus","version":"3.0.2","language":"es","enabled_languages":["fr","en","es","br","de"],"languages":{"fr":{"title":true,"content":true,"excerpt":false},"en":{"title":true,"content":true,"excerpt":false},"es":{"title":true,"content":true,"excerpt":false},"br":{"title":true,"content":true,"excerpt":false},"de":{"title":true,"content":true,"excerpt":false}}},"_links":{"self":[{"href":"https:\/\/www.barbie-secondlife.com\/es\/wp-json\/wp\/v2\/pages\/469594","targetHints":{"allow":["GET"]}}],"collection":[{"href":"https:\/\/www.barbie-secondlife.com\/es\/wp-json\/wp\/v2\/pages"}],"about":[{"href":"https:\/\/www.barbie-secondlife.com\/es\/wp-json\/wp\/v2\/types\/page"}],"author":[{"embeddable":true,"href":"https:\/\/www.barbie-secondlife.com\/es\/wp-json\/wp\/v2\/users\/1"}],"replies":[{"embeddable":true,"href":"https:\/\/www.barbie-secondlife.com\/es\/wp-json\/wp\/v2\/comments?post=469594"}],"version-history":[{"count":5,"href":"https:\/\/www.barbie-secondlife.com\/es\/wp-json\/wp\/v2\/pages\/469594\/revisions"}],"predecessor-version":[{"id":600748,"href":"https:\/\/www.barbie-secondlife.com\/es\/wp-json\/wp\/v2\/pages\/469594\/revisions\/600748"}],"up":[{"embeddable":true,"href":"https:\/\/www.barbie-secondlife.com\/es\/wp-json\/wp\/v2\/pages\/469477"}],"wp:featuredmedia":[{"embeddable":true,"href":"https:\/\/www.barbie-secondlife.com\/es\/wp-json\/wp\/v2\/media\/469616"}],"wp:attachment":[{"href":"https:\/\/www.barbie-secondlife.com\/es\/wp-json\/wp\/v2\/media?parent=469594"}],"curies":[{"name":"wp","href":"https:\/\/api.w.org\/{rel}","templated":true}]}}