{"id":469669,"date":"2021-08-13T15:15:59","date_gmt":"2021-08-13T13:15:59","guid":{"rendered":"https:\/\/www.barbie-secondlife.com\/?page_id=469669"},"modified":"2022-10-05T21:38:44","modified_gmt":"2022-10-05T19:38:44","slug":"dolls-of-the-world","status":"publish","type":"page","link":"https:\/\/www.barbie-secondlife.com\/es\/collection\/dolls-of-the-world\/","title":{"rendered":"Dolls of the World"},"content":{"rendered":"\n<h2 class=\"wp-block-heading\"><strong><em>Barbie Dolls of the World<\/em><\/strong><\/h2>\n\n\n\n<p>La colecci\u00f3n completa de \u00abBarbie &#8211; Dolls of the World\u00bb incluye 91 mu\u00f1ecas en todos los continentes. Las ediciones especiales \u00abFestivals of the World\u00bb (7 mu\u00f1ecas en 2005 y 2006), \u00abLandmark Collection\u00bb (4 mu\u00f1ecas con cuerpo de \u00abMuse\u00bb en 2010 y 2011) \u00abThe Princess Collection\u00bb (21 mu\u00f1ecas lanzadas entre 2001 y 2005) son parte de esta colecci\u00f3n. Comenz\u00f3 en 1980 y termin\u00f3 en 2014.<\/p>\n\n\n\n<hr class=\"wp-block-separator has-css-opacity\"\/>\n\n\n\n<figure class=\"wp-block-table\"><table class=\"has-fixed-layout\"><tbody><tr><td class=\"has-text-align-center\" data-align=\"center\"><a href=\"https:\/\/www.barbie-secondlife.com\/es\/tag\/dolls-of-the-world\/\"><img decoding=\"async\" width=\"150\" height=\"298\" class=\"wp-image-467994 lazyload\" style=\"--smush-placeholder-width: 150px; --smush-placeholder-aspect-ratio: 150\/298;width: 150px;\" data-src=\"https:\/\/www.barbie-secondlife.com\/wp-content\/uploads\/2021\/06\/Barbie_Josefina_Original.jpg\" alt=\"Barbie Josefina\" data-srcset=\"https:\/\/www.barbie-secondlife.com\/wp-content\/uploads\/2021\/06\/Barbie_Josefina_Original.jpg 214w, https:\/\/www.barbie-secondlife.com\/wp-content\/uploads\/2021\/06\/Barbie_Josefina_Original-200x397.jpg 200w, https:\/\/www.barbie-secondlife.com\/wp-content\/uploads\/2021\/06\/Barbie_Josefina_Original-151x300.jpg 151w\" data-sizes=\"(max-width: 150px) 100vw, 150px\" src=\"data:image\/svg+xml;base64,PHN2ZyB3aWR0aD0iMSIgaGVpZ2h0PSIxIiB4bWxucz0iaHR0cDovL3d3dy53My5vcmcvMjAwMC9zdmciPjwvc3ZnPg==\" \/><\/a><\/td><td><a href=\"https:\/\/www.barbie-secondlife.com\/es\/tag\/dolls-of-the-world\/\">Barbie Dolls of the World<\/a><br>De las 91 mu\u00f1ecas Barbie de la colecci\u00f3n, 36 est\u00e1n en mi colecci\u00f3n. Todas mis Barbies tienen el cuerpo de &#8216;Muse&#8217; que no es su cuerpo original. Todas tienen un atuendo que representa a su pa\u00eds. Esta colecci\u00f3n conmemora la universalidad de la mu\u00f1eca Barbie y destaca diferentes culturas y promueve la diversidad. Desde Rusia hasta las islas del Pac\u00edfico pasando por \u00c1frica, todas las regiones del mundo est\u00e1n representadas en esta magn\u00edfica colecci\u00f3n que me inspir\u00f3 para mi sitio. <\/td><\/tr><\/tbody><\/table><\/figure>\n\n\n\n<hr class=\"wp-block-separator has-css-opacity\"\/>\n\n\n\n<figure class=\"wp-block-table\"><table class=\"has-fixed-layout\"><tbody><tr><td><a href=\"https:\/\/www.barbie-secondlife.com\/es\/tag\/festivals-of-the-world\/\">Barbie Dolls of the World &#8211; Festivals of the World<\/a><br>Compuesto por 7 Barbies, esta colecci\u00f3n de mu\u00f1ecas nos invita a participar en festivales alrededor del mundo. 6 mu\u00f1ecas Barbie est\u00e1n en mi colecci\u00f3n, tienen outfits con detalles muy bien pensados \u200b\u200bpara una representaci\u00f3n a\u00fan m\u00e1s realista <\/td><td class=\"has-text-align-center\" data-align=\"center\"><a href=\"https:\/\/www.barbie-secondlife.com\/es\/tag\/festival-of-the-world\/\"><img decoding=\"async\" width=\"150\" height=\"319\" class=\"wp-image-10364 lazyload\" style=\"--smush-placeholder-width: 150px; --smush-placeholder-aspect-ratio: 150\/319;width: 150px;\" data-src=\"https:\/\/www.barbie-secondlife.com\/wp-content\/uploads\/2017\/11\/Queenie_Original.jpeg\" alt=\"Barbie Queenie\" src=\"data:image\/svg+xml;base64,PHN2ZyB3aWR0aD0iMSIgaGVpZ2h0PSIxIiB4bWxucz0iaHR0cDovL3d3dy53My5vcmcvMjAwMC9zdmciPjwvc3ZnPg==\"><\/a><\/td><\/tr><\/tbody><\/table><\/figure>\n\n\n\n<hr class=\"wp-block-separator has-css-opacity\"\/>\n\n\n\n<figure class=\"wp-block-table\"><table class=\"has-fixed-layout\"><tbody><tr><td class=\"has-text-align-center\" data-align=\"center\"><a href=\"https:\/\/www.barbie-secondlife.com\/es\/tag\/landmark\/\"><img decoding=\"async\" width=\"200\" height=\"281\" class=\"wp-image-16309 lazyload\" style=\"--smush-placeholder-width: 200px; --smush-placeholder-aspect-ratio: 200\/281;width: 200px;\" data-src=\"https:\/\/www.barbie-secondlife.com\/wp-content\/uploads\/2019\/02\/Barbie_Julia_Original.png\" alt=\"Barbie Julia\" data-srcset=\"https:\/\/www.barbie-secondlife.com\/wp-content\/uploads\/2019\/02\/Barbie_Julia_Original.png 302w, https:\/\/www.barbie-secondlife.com\/wp-content\/uploads\/2019\/02\/Barbie_Julia_Original-200x281.png 200w, https:\/\/www.barbie-secondlife.com\/wp-content\/uploads\/2019\/02\/Barbie_Julia_Original-213x300.png 213w\" data-sizes=\"(max-width: 200px) 100vw, 200px\" src=\"data:image\/svg+xml;base64,PHN2ZyB3aWR0aD0iMSIgaGVpZ2h0PSIxIiB4bWxucz0iaHR0cDovL3d3dy53My5vcmcvMjAwMC9zdmciPjwvc3ZnPg==\" \/><\/a><\/td><td><a href=\"https:\/\/www.barbie-secondlife.com\/es\/tag\/landmark\/\">Barbie Dolls of the World &#8211; Landmark Collection<\/a><br>Esta colecci\u00f3n de 4 Barbies retoma monumentos ic\u00f3nicos del mundo con el atuendo de Barbie, como la Torre Eiffel, el Big Ben, la \u00d3pera de Sydney o la Estatua de la Libertad. Esta es la \u00fanica colecci\u00f3n de &#8216;Barbie &#8211; Dolls of the World&#8217; donde Mattel us\u00f3 un cuerpo de musa. <\/td><\/tr><\/tbody><\/table><\/figure>\n\n\n\n<hr class=\"wp-block-separator has-css-opacity\"\/>\n\n\n\n<figure class=\"wp-block-table\"><table class=\"has-fixed-layout\"><tbody><tr><td><a href=\"https:\/\/www.barbie-secondlife.com\/es\/tag\/princess-collection\/\">Barbie Dolls of the World &#8211; The Princess Collection<\/a><br>Esta es la tercera categor\u00eda de la colecci\u00f3n &#8216;Barbie &#8211; Dolls of the World&#8217;. Son 21 en total y representan a una princesa de una civilizaci\u00f3n, ya sea de la antigua Grecia, el pueblo Inca o, m\u00e1s recientemente, los indios Navajo. 8 mu\u00f1ecas est\u00e1n en mi colecci\u00f3n, todas tienen un outfit de su \u00e9poca y nos hacen viajar en la historia.<\/td><td class=\"has-text-align-center\" data-align=\"center\"><a href=\"https:\/\/www.barbie-secondlife.com\/es\/tag\/princess-collection\/\"><img decoding=\"async\" width=\"130\" height=\"288\" class=\"wp-image-13111 lazyload\" style=\"--smush-placeholder-width: 130px; --smush-placeholder-aspect-ratio: 130\/288;width: 130px;\" data-src=\"https:\/\/www.barbie-secondlife.com\/wp-content\/uploads\/2018\/08\/Barbie_Eleanor_Original.jpg\" alt=\"\" data-srcset=\"https:\/\/www.barbie-secondlife.com\/wp-content\/uploads\/2018\/08\/Barbie_Eleanor_Original.jpg 192w, https:\/\/www.barbie-secondlife.com\/wp-content\/uploads\/2018\/08\/Barbie_Eleanor_Original-136x300.jpg 136w\" data-sizes=\"(max-width: 130px) 100vw, 130px\" src=\"data:image\/svg+xml;base64,PHN2ZyB3aWR0aD0iMSIgaGVpZ2h0PSIxIiB4bWxucz0iaHR0cDovL3d3dy53My5vcmcvMjAwMC9zdmciPjwvc3ZnPg==\" \/><\/a><\/td><\/tr><\/tbody><\/table><\/figure>\n","protected":false},"excerpt":{"rendered":"<p>Barbie Dolls of the World La colecci\u00f3n completa de \u00abBarbie &#8211; Dolls of the World\u00bb incluye 91 mu\u00f1ecas en todos los continentes. Las ediciones especiales \u00abFestivals of the World\u00bb (7 mu\u00f1ecas en 2005 y 2006), \u00abLandmark Collection\u00bb (4 mu\u00f1ecas con cuerpo de \u00abMuse\u00bb en 2010 y 2011) \u00abThe Princess Collection\u00bb (21 mu\u00f1ecas lanzadas entre 2001 [&hellip;]<\/p>\n","protected":false},"author":1,"featured_media":469705,"parent":4910,"menu_order":0,"comment_status":"closed","ping_status":"closed","template":"","meta":{"footnotes":""},"class_list":["post-469669","page","type-page","status-publish","has-post-thumbnail","hentry"],"translation":{"provider":"WPGlobus","version":"3.0.2","language":"es","enabled_languages":["fr","en","es","br","de"],"languages":{"fr":{"title":true,"content":true,"excerpt":false},"en":{"title":true,"content":true,"excerpt":false},"es":{"title":true,"content":true,"excerpt":false},"br":{"title":true,"content":true,"excerpt":false},"de":{"title":true,"content":true,"excerpt":false}}},"_links":{"self":[{"href":"https:\/\/www.barbie-secondlife.com\/es\/wp-json\/wp\/v2\/pages\/469669","targetHints":{"allow":["GET"]}}],"collection":[{"href":"https:\/\/www.barbie-secondlife.com\/es\/wp-json\/wp\/v2\/pages"}],"about":[{"href":"https:\/\/www.barbie-secondlife.com\/es\/wp-json\/wp\/v2\/types\/page"}],"author":[{"embeddable":true,"href":"https:\/\/www.barbie-secondlife.com\/es\/wp-json\/wp\/v2\/users\/1"}],"replies":[{"embeddable":true,"href":"https:\/\/www.barbie-secondlife.com\/es\/wp-json\/wp\/v2\/comments?post=469669"}],"version-history":[{"count":5,"href":"https:\/\/www.barbie-secondlife.com\/es\/wp-json\/wp\/v2\/pages\/469669\/revisions"}],"predecessor-version":[{"id":595849,"href":"https:\/\/www.barbie-secondlife.com\/es\/wp-json\/wp\/v2\/pages\/469669\/revisions\/595849"}],"up":[{"embeddable":true,"href":"https:\/\/www.barbie-secondlife.com\/es\/wp-json\/wp\/v2\/pages\/4910"}],"wp:featuredmedia":[{"embeddable":true,"href":"https:\/\/www.barbie-secondlife.com\/es\/wp-json\/wp\/v2\/media\/469705"}],"wp:attachment":[{"href":"https:\/\/www.barbie-secondlife.com\/es\/wp-json\/wp\/v2\/media?parent=469669"}],"curies":[{"name":"wp","href":"https:\/\/api.w.org\/{rel}","templated":true}]}}