{"id":471020,"date":"2021-09-26T17:37:40","date_gmt":"2021-09-26T15:37:40","guid":{"rendered":"https:\/\/www.barbie-secondlife.com\/?page_id=471020"},"modified":"2022-08-06T16:09:44","modified_gmt":"2022-08-06T14:09:44","slug":"barbie-photo-shooting-2021-finale","status":"publish","type":"page","link":"https:\/\/www.barbie-secondlife.com\/es\/evenements\/barbie-photo-shooting-2021\/barbie-photo-shooting-2021-finale\/","title":{"rendered":"Barbie &#8211; Photo Shooting 2021 &#8211; Final"},"content":{"rendered":"\n<h2 class=\"wp-block-heading\"><strong><em>Barbie &#8211; Photo Shooting 2021 &#8211; Final<\/em><\/strong><\/h2>\n\n\n\n<p class=\"has-text-align-center\">\u00a1Tu Barbie ganadora es <a href=\"https:\/\/www.barbie-secondlife.com\/es\/barbie\/world\/amerique-nord-centrale\/barbie-yvonne\/\">YVONNE<\/a>! ganadora del concurso \u00abBarbie &#8211; Photo Shooting 2021\u00bb<br><a href=\"https:\/\/www.barbie-secondlife.com\/wp-content\/uploads\/2021\/10\/BarbiePhotoShoot2021.mp4\" target=\"_blank\" rel=\"noreferrer noopener\">Mira el video dela ganadora<\/a><\/p>\n\n\n\n<div class=\"wp-block-image\"><figure class=\"aligncenter size-full is-resized\"><a href=\"https:\/\/www.barbie-secondlife.com\/wp-content\/uploads\/2021\/10\/BarbiePhotoShoot2021.mp4\" target=\"_blank\" rel=\"noopener\"><img decoding=\"async\" data-src=\"https:\/\/www.barbie-secondlife.com\/wp-content\/uploads\/2021\/10\/Capture.jpg\" alt=\"\" class=\"wp-image-473352 lazyload\" width=\"501\" height=\"499\" data-srcset=\"https:\/\/www.barbie-secondlife.com\/wp-content\/uploads\/2021\/10\/Capture.jpg 1002w, https:\/\/www.barbie-secondlife.com\/wp-content\/uploads\/2021\/10\/Capture-302x301.jpg 302w, https:\/\/www.barbie-secondlife.com\/wp-content\/uploads\/2021\/10\/Capture-200x199.jpg 200w, https:\/\/www.barbie-secondlife.com\/wp-content\/uploads\/2021\/10\/Capture-500x498.jpg 500w, https:\/\/www.barbie-secondlife.com\/wp-content\/uploads\/2021\/10\/Capture-350x349.jpg 350w, https:\/\/www.barbie-secondlife.com\/wp-content\/uploads\/2021\/10\/Capture-301x300.jpg 301w, https:\/\/www.barbie-secondlife.com\/wp-content\/uploads\/2021\/10\/Capture-768x765.jpg 768w, https:\/\/www.barbie-secondlife.com\/wp-content\/uploads\/2021\/10\/Capture-300x300.jpg 300w\" data-sizes=\"(max-width: 501px) 100vw, 501px\" src=\"data:image\/svg+xml;base64,PHN2ZyB3aWR0aD0iMSIgaGVpZ2h0PSIxIiB4bWxucz0iaHR0cDovL3d3dy53My5vcmcvMjAwMC9zdmciPjwvc3ZnPg==\" style=\"--smush-placeholder-width: 501px; --smush-placeholder-aspect-ratio: 501\/499;\" \/><\/a><\/figure><\/div>\n\n\n\n<hr class=\"wp-block-separator\"\/>\n\n\n\n<p class=\"has-text-align-center is-style-large has-medium-font-size\"><strong><span style=\"text-decoration: underline;\">5ra<\/span><\/strong> <strong><span style=\"text-decoration: underline;\">sesi\u00f3n de fotos <\/span>: Barbie fotog\u00e9nica<\/strong><\/p>\n\n\n\n<hr class=\"wp-block-separator\"\/>\n\n\n\n<p class=\"has-text-align-center has-text-color has-background\" style=\"background-color:#191515;color:#e67fb9;font-size:22px\"><strong>FINAL<\/strong><br><strong>Shirisha <\/strong>vs <strong>Yvonne<\/strong><\/p>\n\n\n\n<figure class=\"wp-block-table\"><table class=\"has-background has-fixed-layout\" style=\"background-color:#f3f4f5\"><tbody><tr><td class=\"has-text-align-center\" data-align=\"center\"><a href=\"https:\/\/www.barbie-secondlife.com\/wp-content\/uploads\/2021\/09\/PhotoShootFinale_Shirisha.jpg\"><img decoding=\"async\" width=\"800\" height=\"600\" class=\"wp-image-471041 lazyload\" style=\"--smush-placeholder-width: 800px; --smush-placeholder-aspect-ratio: 800\/600;width: px;\" data-src=\"https:\/\/www.barbie-secondlife.com\/wp-content\/uploads\/2021\/09\/PhotoShootFinale_Shirisha.jpg\" alt=\"Barbie Shirisha\" data-srcset=\"https:\/\/www.barbie-secondlife.com\/wp-content\/uploads\/2021\/09\/PhotoShootFinale_Shirisha.jpg 800w, https:\/\/www.barbie-secondlife.com\/wp-content\/uploads\/2021\/09\/PhotoShootFinale_Shirisha-302x227.jpg 302w, https:\/\/www.barbie-secondlife.com\/wp-content\/uploads\/2021\/09\/PhotoShootFinale_Shirisha-200x150.jpg 200w, https:\/\/www.barbie-secondlife.com\/wp-content\/uploads\/2021\/09\/PhotoShootFinale_Shirisha-500x375.jpg 500w, https:\/\/www.barbie-secondlife.com\/wp-content\/uploads\/2021\/09\/PhotoShootFinale_Shirisha-350x263.jpg 350w, https:\/\/www.barbie-secondlife.com\/wp-content\/uploads\/2021\/09\/PhotoShootFinale_Shirisha-768x576.jpg 768w\" data-sizes=\"(max-width: 800px) 100vw, 800px\" src=\"data:image\/svg+xml;base64,PHN2ZyB3aWR0aD0iMSIgaGVpZ2h0PSIxIiB4bWxucz0iaHR0cDovL3d3dy53My5vcmcvMjAwMC9zdmciPjwvc3ZnPg==\" \/><\/a><\/td><td class=\"has-text-align-center\" data-align=\"center\"><a href=\"https:\/\/www.barbie-secondlife.com\/wp-content\/uploads\/2021\/09\/PhotoShootFinale_Yvonne.jpg\"><img decoding=\"async\" width=\"800\" height=\"600\" class=\"wp-image-471042 lazyload\" style=\"--smush-placeholder-width: 800px; --smush-placeholder-aspect-ratio: 800\/600;width: px;\" data-src=\"https:\/\/www.barbie-secondlife.com\/wp-content\/uploads\/2021\/09\/PhotoShootFinale_Yvonne.jpg\" alt=\"Barbie Yvonne\" data-srcset=\"https:\/\/www.barbie-secondlife.com\/wp-content\/uploads\/2021\/09\/PhotoShootFinale_Yvonne.jpg 800w, https:\/\/www.barbie-secondlife.com\/wp-content\/uploads\/2021\/09\/PhotoShootFinale_Yvonne-302x227.jpg 302w, https:\/\/www.barbie-secondlife.com\/wp-content\/uploads\/2021\/09\/PhotoShootFinale_Yvonne-200x150.jpg 200w, https:\/\/www.barbie-secondlife.com\/wp-content\/uploads\/2021\/09\/PhotoShootFinale_Yvonne-500x375.jpg 500w, https:\/\/www.barbie-secondlife.com\/wp-content\/uploads\/2021\/09\/PhotoShootFinale_Yvonne-350x263.jpg 350w, https:\/\/www.barbie-secondlife.com\/wp-content\/uploads\/2021\/09\/PhotoShootFinale_Yvonne-768x576.jpg 768w\" data-sizes=\"(max-width: 800px) 100vw, 800px\" src=\"data:image\/svg+xml;base64,PHN2ZyB3aWR0aD0iMSIgaGVpZ2h0PSIxIiB4bWxucz0iaHR0cDovL3d3dy53My5vcmcvMjAwMC9zdmciPjwvc3ZnPg==\" \/><\/a><\/td><\/tr><tr><td class=\"has-text-align-center\" data-align=\"center\"><a href=\"https:\/\/www.barbie-secondlife.com\/wp-content\/uploads\/2021\/09\/PhotoShootFinale_Shirisha2.jpg\"><img decoding=\"async\" width=\"800\" height=\"600\" class=\"wp-image-471043 lazyload\" style=\"--smush-placeholder-width: 800px; --smush-placeholder-aspect-ratio: 800\/600;width: px;\" data-src=\"https:\/\/www.barbie-secondlife.com\/wp-content\/uploads\/2021\/09\/PhotoShootFinale_Shirisha2.jpg\" alt=\"Barbie Shirisha\" data-srcset=\"https:\/\/www.barbie-secondlife.com\/wp-content\/uploads\/2021\/09\/PhotoShootFinale_Shirisha2.jpg 800w, https:\/\/www.barbie-secondlife.com\/wp-content\/uploads\/2021\/09\/PhotoShootFinale_Shirisha2-302x227.jpg 302w, https:\/\/www.barbie-secondlife.com\/wp-content\/uploads\/2021\/09\/PhotoShootFinale_Shirisha2-200x150.jpg 200w, https:\/\/www.barbie-secondlife.com\/wp-content\/uploads\/2021\/09\/PhotoShootFinale_Shirisha2-500x375.jpg 500w, https:\/\/www.barbie-secondlife.com\/wp-content\/uploads\/2021\/09\/PhotoShootFinale_Shirisha2-350x263.jpg 350w, https:\/\/www.barbie-secondlife.com\/wp-content\/uploads\/2021\/09\/PhotoShootFinale_Shirisha2-768x576.jpg 768w\" data-sizes=\"(max-width: 800px) 100vw, 800px\" src=\"data:image\/svg+xml;base64,PHN2ZyB3aWR0aD0iMSIgaGVpZ2h0PSIxIiB4bWxucz0iaHR0cDovL3d3dy53My5vcmcvMjAwMC9zdmciPjwvc3ZnPg==\" \/><\/a><\/td><td class=\"has-text-align-center\" data-align=\"center\"><a href=\"https:\/\/www.barbie-secondlife.com\/wp-content\/uploads\/2021\/09\/PhotoShootFinale_Yvonne2.jpg\"><img decoding=\"async\" width=\"800\" height=\"600\" class=\"wp-image-471044 lazyload\" style=\"--smush-placeholder-width: 800px; --smush-placeholder-aspect-ratio: 800\/600;width: px;\" data-src=\"https:\/\/www.barbie-secondlife.com\/wp-content\/uploads\/2021\/09\/PhotoShootFinale_Yvonne2.jpg\" alt=\"Barbie Yvonne\" data-srcset=\"https:\/\/www.barbie-secondlife.com\/wp-content\/uploads\/2021\/09\/PhotoShootFinale_Yvonne2.jpg 800w, https:\/\/www.barbie-secondlife.com\/wp-content\/uploads\/2021\/09\/PhotoShootFinale_Yvonne2-302x227.jpg 302w, https:\/\/www.barbie-secondlife.com\/wp-content\/uploads\/2021\/09\/PhotoShootFinale_Yvonne2-200x150.jpg 200w, https:\/\/www.barbie-secondlife.com\/wp-content\/uploads\/2021\/09\/PhotoShootFinale_Yvonne2-500x375.jpg 500w, https:\/\/www.barbie-secondlife.com\/wp-content\/uploads\/2021\/09\/PhotoShootFinale_Yvonne2-350x263.jpg 350w, https:\/\/www.barbie-secondlife.com\/wp-content\/uploads\/2021\/09\/PhotoShootFinale_Yvonne2-768x576.jpg 768w\" data-sizes=\"(max-width: 800px) 100vw, 800px\" src=\"data:image\/svg+xml;base64,PHN2ZyB3aWR0aD0iMSIgaGVpZ2h0PSIxIiB4bWxucz0iaHR0cDovL3d3dy53My5vcmcvMjAwMC9zdmciPjwvc3ZnPg==\" \/><\/a><\/td><\/tr><tr><td class=\"has-text-align-center\" data-align=\"center\"> VOTES : 17<\/td><td class=\"has-text-align-center\" data-align=\"center\">VOTES : 18<\/td><\/tr><\/tbody><\/table><\/figure>\n\n\n\n<hr class=\"wp-block-separator\"\/>\n\n\n\n<p><strong><strong>Aqu\u00ed est\u00e1 la lista de candidatos calificados, los eliminados est\u00e1n tachados<\/strong>.<\/strong><\/p>\n\n\n\n<figure class=\"wp-block-table is-style-stripes\"><table class=\"has-fixed-layout\"><tbody><tr><td class=\"has-text-align-center\" data-align=\"center\"><a href=\"https:\/\/www.barbie-secondlife.com\/es\/barbie\/world\/europe-est\/barbie-angelika\/\"><strong><s>Angelika<\/s><\/strong><\/a><\/td><td class=\"has-text-align-center\" data-align=\"center\"><a href=\"https:\/\/www.barbie-secondlife.com\/es\/barbie\/world\/europe-est\/barbie-anya\/\"><strong><s>Anya<\/s><\/strong><\/a><\/td><td class=\"has-text-align-center\" data-align=\"center\"><a href=\"https:\/\/www.barbie-secondlife.com\/es\/barbie\/world\/moyenorient\/barbie-astrid\/\"><strong><s>Astrid<\/s><\/strong><\/a><\/td><td class=\"has-text-align-center\" data-align=\"center\"><s><a href=\"https:\/\/www.barbie-secondlife.com\/es\/barbie\/world\/europe-ouest\/barbie-cynthia\/\">Cynthia<\/a><\/s><\/td><\/tr><tr><td class=\"has-text-align-center\" data-align=\"center\"><s><a href=\"https:\/\/www.barbie-secondlife.com\/es\/barbie\/world\/amerique-nord-centrale\/barbie-daisy\/\">Daisy<\/a><\/s><\/td><td class=\"has-text-align-center\" data-align=\"center\"><a href=\"https:\/\/www.barbie-secondlife.com\/es\/barbie\/world\/europe-est\/barbie-dunya\/\"><strong><s>Dunya<\/s><\/strong><\/a><\/td><td class=\"has-text-align-center\" data-align=\"center\"><s><a href=\"https:\/\/www.barbie-secondlife.com\/es\/barbie\/world\/europe-est\/barbie-francesca\/\">Francesca<\/a><\/s><\/td><td class=\"has-text-align-center\" data-align=\"center\"><s><a href=\"https:\/\/www.barbie-secondlife.com\/es\/barbie\/world\/europe-est\/barbie-ivana\/\">Ivana<\/a><\/s><\/td><\/tr><tr><td class=\"has-text-align-center\" data-align=\"center\"><a href=\"https:\/\/www.barbie-secondlife.com\/es\/barbie\/world\/amerique-nord-centrale\/barbie-jill\/\"><strong><s>Jill<\/s><\/strong><\/a><\/td><td class=\"has-text-align-center\" data-align=\"center\"><a href=\"https:\/\/www.barbie-secondlife.com\/es\/barbie\/world\/amerique-du-sud\/barbie-juliana\/\"><strong><s>Juliana<\/s><\/strong><\/a><\/td><td class=\"has-text-align-center\" data-align=\"center\"><s><a href=\"https:\/\/www.barbie-secondlife.com\/es\/barbie\/world\/europe-est\/barbie-katherine\/\">Katherine<\/a><\/s><\/td><td class=\"has-text-align-center\" data-align=\"center\"><a href=\"https:\/\/www.barbie-secondlife.com\/es\/barbie\/world\/europe-est\/barbie-katinka\/\"><strong><s>Katinka<\/s><\/strong><\/a><\/td><\/tr><tr><td class=\"has-text-align-center\" data-align=\"center\"><a href=\"https:\/\/www.barbie-secondlife.com\/es\/barbie\/world\/oceanie\/barbie-kiki\/\"><strong><s>Kiki<\/s><\/strong><\/a><\/td><td class=\"has-text-align-center\" data-align=\"center\"><a href=\"https:\/\/www.barbie-secondlife.com\/es\/barbie\/world\/oceanie\/barbie-moana\/\"><strong><s>Moana<\/s><\/strong><\/a><\/td><td class=\"has-text-align-center\" data-align=\"center\"><s><a href=\"https:\/\/www.barbie-secondlife.com\/es\/barbie\/world\/amerique-du-sud\/barbie-mylene\/\">Myl\u00e8ne<\/a><\/s><\/td><td class=\"has-text-align-center\" data-align=\"center\"><s><a href=\"https:\/\/www.barbie-secondlife.com\/es\/barbie\/world\/europe-est\/barbie-nadejda\/\">Nadejda<\/a><\/s><\/td><\/tr><tr><td class=\"has-text-align-center\" data-align=\"center\"><s><a href=\"https:\/\/www.barbie-secondlife.com\/es\/barbie\/world\/europe-est\/barbie-oxana\/\">Oxana<\/a><\/s><\/td><td class=\"has-text-align-center\" data-align=\"center\"><s><a href=\"https:\/\/www.barbie-secondlife.com\/es\/barbie\/world\/europe-ouest\/barbie-orianna\/\">Orianna<\/a><\/s><\/td><td class=\"has-text-align-center\" data-align=\"center\"><a href=\"https:\/\/www.barbie-secondlife.com\/es\/barbie\/world\/amerique-du-sud\/barbie-queenie\/\"><strong><s>Queenie<\/s><\/strong><\/a><\/td><td class=\"has-text-align-center\" data-align=\"center\"><s><a href=\"https:\/\/www.barbie-secondlife.com\/es\/barbie\/world\/europe-ouest\/barbie-raquelle\/\">Raquelle<\/a><\/s><\/td><\/tr><tr><td class=\"has-text-align-center\" data-align=\"center\"><a href=\"https:\/\/www.barbie-secondlife.com\/es\/barbie\/world\/europe-est\/barbie-sasha\/\"><strong><s>Sasha<\/s><\/strong><\/a><\/td><td class=\"has-text-align-center\" data-align=\"center\"><a href=\"https:\/\/www.barbie-secondlife.com\/es\/barbie\/world\/asie\/barbie-shirisha\/\"><strong><s>Shirisha<\/s><\/strong><\/a><\/td><td class=\"has-text-align-center\" data-align=\"center\"><s><a href=\"https:\/\/www.barbie-secondlife.com\/es\/barbie\/world\/oceanie\/barbie-vaimalama\/\">Vaimalama<\/a><\/s><\/td><td class=\"has-text-align-center\" data-align=\"center\"><s><a href=\"https:\/\/www.barbie-secondlife.com\/es\/barbie\/world\/europe-est\/barbie-vasilisa\/\">Vasilisa<\/a><\/s><\/td><\/tr><tr><td class=\"has-text-align-center\" data-align=\"center\"><a href=\"https:\/\/www.barbie-secondlife.com\/es\/barbie\/world\/afrique\/barbie-victoire\/\"><strong><s>Victoire<\/s><\/strong><\/a><\/td><td class=\"has-text-align-center\" data-align=\"center\"><a href=\"https:\/\/www.barbie-secondlife.com\/es\/barbie\/world\/moyenorient\/barbie-vika\/\"><strong><s>Vika<\/s><\/strong><\/a><\/td><td class=\"has-text-align-center\" data-align=\"center\"><a href=\"https:\/\/www.barbie-secondlife.com\/es\/barbie\/world\/europe-est\/barbie-yana\/\"><strong><s>Yana<\/s><\/strong><\/a><\/td><td class=\"has-text-align-center\" data-align=\"center\"><a href=\"https:\/\/www.barbie-secondlife.com\/es\/barbie\/world\/amerique-nord-centrale\/barbie-yvonne\/\"><strong>Yvonne<\/strong><\/a><\/td><\/tr><\/tbody><\/table><\/figure>\n\n\n\n<p><strong><strong>Mesa de concurso de Barbie \u2013 Sesi\u00f3n de fotos<\/strong><\/strong><\/p>\n\n\n\n<hr class=\"wp-block-separator\"\/>\n\n\n\n<div class=\"wp-block-image\"><figure class=\"aligncenter size-large is-resized\"><a href=\"https:\/\/www.barbie-secondlife.com\/wp-content\/uploads\/2021\/09\/Tableau_PhotoShootingF.png\"><img decoding=\"async\" data-src=\"https:\/\/www.barbie-secondlife.com\/wp-content\/uploads\/2021\/09\/Tableau_PhotoShootingF-853x1024.png\" alt=\"\" class=\"wp-image-471046 lazyload\" width=\"427\" height=\"512\" data-srcset=\"https:\/\/www.barbie-secondlife.com\/wp-content\/uploads\/2021\/09\/Tableau_PhotoShootingF-853x1024.png 853w, https:\/\/www.barbie-secondlife.com\/wp-content\/uploads\/2021\/09\/Tableau_PhotoShootingF-302x362.png 302w, https:\/\/www.barbie-secondlife.com\/wp-content\/uploads\/2021\/09\/Tableau_PhotoShootingF-200x240.png 200w, https:\/\/www.barbie-secondlife.com\/wp-content\/uploads\/2021\/09\/Tableau_PhotoShootingF-500x600.png 500w, https:\/\/www.barbie-secondlife.com\/wp-content\/uploads\/2021\/09\/Tableau_PhotoShootingF-350x420.png 350w, https:\/\/www.barbie-secondlife.com\/wp-content\/uploads\/2021\/09\/Tableau_PhotoShootingF-250x300.png 250w, https:\/\/www.barbie-secondlife.com\/wp-content\/uploads\/2021\/09\/Tableau_PhotoShootingF-768x922.png 768w, https:\/\/www.barbie-secondlife.com\/wp-content\/uploads\/2021\/09\/Tableau_PhotoShootingF-1280x1536.png 1280w, https:\/\/www.barbie-secondlife.com\/wp-content\/uploads\/2021\/09\/Tableau_PhotoShootingF.png 1500w\" data-sizes=\"(max-width: 427px) 100vw, 427px\" src=\"data:image\/svg+xml;base64,PHN2ZyB3aWR0aD0iMSIgaGVpZ2h0PSIxIiB4bWxucz0iaHR0cDovL3d3dy53My5vcmcvMjAwMC9zdmciPjwvc3ZnPg==\" style=\"--smush-placeholder-width: 427px; --smush-placeholder-aspect-ratio: 427\/512;\" \/><\/a><\/figure><\/div>\n\n\n\n<hr class=\"wp-block-separator\"\/>\n\n\n\n<p class=\"has-text-align-right\"><strong><strong>Vea la fase de clasificaci\u00f3n<\/strong> <a href=\"https:\/\/www.barbie-secondlife.com\/es\/evenements\/barbie-photo-shooting-2021\/barbie-photo-shooting-2021-qualifications\/\"><strong><strong>aqu\u00ed<\/strong><\/strong><\/a>.<\/strong><\/p>\n\n\n\n<p class=\"has-text-align-right\"><strong>Mira <a href=\"https:\/\/www.barbie-secondlife.com\/es\/evenements\/barbie-photo-shooting-2021\/barbie-photo-shooting-2021-1-8-f\/\"><strong><strong>aqu\u00ed<\/strong><\/strong><\/a> el 1\/8 de Final.<\/strong><\/p>\n\n\n\n<p class=\"has-text-align-right\"><strong>Mira <a href=\"https:\/\/www.barbie-secondlife.com\/es\/evenements\/barbie-photo-shooting-2021\/barbie-photo-shooting-2021-1-4-f\/\"><strong><strong>aqu\u00ed<\/strong><\/strong><\/a> el 1\/4 de Final.<\/strong><\/p>\n\n\n\n<p><\/p>\n","protected":false},"excerpt":{"rendered":"<p>Barbie &#8211; Photo Shooting 2021 &#8211; Final \u00a1Tu Barbie ganadora es YVONNE! ganadora del concurso \u00abBarbie &#8211; Photo Shooting 2021\u00bbMira el video dela ganadora 5ra sesi\u00f3n de fotos : Barbie fotog\u00e9nica FINALShirisha vs Yvonne VOTES : 17 VOTES : 18 Aqu\u00ed est\u00e1 la lista de candidatos calificados, los eliminados est\u00e1n tachados. Angelika Anya Astrid Cynthia [&hellip;]<\/p>\n","protected":false},"author":1,"featured_media":469373,"parent":468676,"menu_order":0,"comment_status":"closed","ping_status":"closed","template":"","meta":{"footnotes":""},"class_list":["post-471020","page","type-page","status-publish","has-post-thumbnail","hentry"],"translation":{"provider":"WPGlobus","version":"3.0.2","language":"es","enabled_languages":["fr","en","es","br","de"],"languages":{"fr":{"title":true,"content":true,"excerpt":false},"en":{"title":true,"content":true,"excerpt":false},"es":{"title":true,"content":true,"excerpt":false},"br":{"title":true,"content":true,"excerpt":false},"de":{"title":true,"content":true,"excerpt":false}}},"_links":{"self":[{"href":"https:\/\/www.barbie-secondlife.com\/es\/wp-json\/wp\/v2\/pages\/471020","targetHints":{"allow":["GET"]}}],"collection":[{"href":"https:\/\/www.barbie-secondlife.com\/es\/wp-json\/wp\/v2\/pages"}],"about":[{"href":"https:\/\/www.barbie-secondlife.com\/es\/wp-json\/wp\/v2\/types\/page"}],"author":[{"embeddable":true,"href":"https:\/\/www.barbie-secondlife.com\/es\/wp-json\/wp\/v2\/users\/1"}],"replies":[{"embeddable":true,"href":"https:\/\/www.barbie-secondlife.com\/es\/wp-json\/wp\/v2\/comments?post=471020"}],"version-history":[{"count":0,"href":"https:\/\/www.barbie-secondlife.com\/es\/wp-json\/wp\/v2\/pages\/471020\/revisions"}],"up":[{"embeddable":true,"href":"https:\/\/www.barbie-secondlife.com\/es\/wp-json\/wp\/v2\/pages\/468676"}],"wp:featuredmedia":[{"embeddable":true,"href":"https:\/\/www.barbie-secondlife.com\/es\/wp-json\/wp\/v2\/media\/469373"}],"wp:attachment":[{"href":"https:\/\/www.barbie-secondlife.com\/es\/wp-json\/wp\/v2\/media?parent=471020"}],"curies":[{"name":"wp","href":"https:\/\/api.w.org\/{rel}","templated":true}]}}