{"id":547050,"date":"2021-11-30T21:33:51","date_gmt":"2021-11-30T20:33:51","guid":{"rendered":"https:\/\/www.barbie-secondlife.com\/?page_id=547050"},"modified":"2022-08-06T16:31:05","modified_gmt":"2022-08-06T14:31:05","slug":"barbie-calendrier-de-lavent-2021-4-decembre","status":"publish","type":"page","link":"https:\/\/www.barbie-secondlife.com\/es\/evenements\/barbie-calendrier-de-lavent-2021\/barbie-calendrier-de-lavent-2021-4-decembre\/","title":{"rendered":"Barbie &#8211; Calendario de Adviento 2021 &#8211; 4 de diciembre"},"content":{"rendered":"\n<h2 class=\"wp-block-heading\"><strong><em>Calendario de Adviento Barbie &#8211; 1 d\u00eda, 1 Barbie<\/em><\/strong><\/h2>\n\n\n\n<p>El <strong>calendario de adviento<\/strong> es una tradici\u00f3n de origen germ\u00e1nico destinada a hacer esperar a los ni\u00f1os hasta la Navidad. El 25 de diciembre es, sin duda, uno de los d\u00edas m\u00e1s felices del a\u00f1o. Para ser paciente, descubre una Barbie todos los d\u00edas antes de Navidad. Todas las mu\u00f1ecas llevan un vestido para esta ocasi\u00f3n.<\/p>\n\n\n\n<hr class=\"wp-block-separator\"\/>\n\n\n\n<p class=\"has-text-align-center\"> <a href=\"https:\/\/www.barbie-secondlife.com\/es\/barbie\/world\/europe-ouest\/barbie-leanne\/\">Barbie Leanne<\/a> &#8211; <strong>Barbie Fashion Fever &#8211; Drew<\/strong><\/p>\n\n\n\n<p class=\"has-text-align-center\">4 de diciembre de 2021<\/p>\n\n\n\n<hr class=\"wp-block-separator\"\/>\n\n\n\n<figure class=\"wp-block-table aligncenter\"><table><tbody><tr><td class=\"has-text-align-center\" data-align=\"center\"><br><img decoding=\"async\" width=\"350\" height=\"350\" class=\"wp-image-543835 lazyload\" style=\"--smush-placeholder-width: 350px; --smush-placeholder-aspect-ratio: 350\/350;width: px;\" data-src=\"https:\/\/www.barbie-secondlife.com\/wp-content\/uploads\/2021\/11\/CadreNoel_Leanne_Web.jpg\" alt=\"Barbie Fashion Fever\" data-srcset=\"https:\/\/www.barbie-secondlife.com\/wp-content\/uploads\/2021\/11\/CadreNoel_Leanne_Web.jpg 350w, https:\/\/www.barbie-secondlife.com\/wp-content\/uploads\/2021\/11\/CadreNoel_Leanne_Web-302x302.jpg 302w, https:\/\/www.barbie-secondlife.com\/wp-content\/uploads\/2021\/11\/CadreNoel_Leanne_Web-200x200.jpg 200w, https:\/\/www.barbie-secondlife.com\/wp-content\/uploads\/2021\/11\/CadreNoel_Leanne_Web-300x300.jpg 300w\" data-sizes=\"(max-width: 350px) 100vw, 350px\" src=\"data:image\/svg+xml;base64,PHN2ZyB3aWR0aD0iMSIgaGVpZ2h0PSIxIiB4bWxucz0iaHR0cDovL3d3dy53My5vcmcvMjAwMC9zdmciPjwvc3ZnPg==\" \/><br><\/td><td><img decoding=\"async\" width=\"500\" height=\"500\" class=\"wp-image-543891 lazyload\" style=\"--smush-placeholder-width: 500px; --smush-placeholder-aspect-ratio: 500\/500;width: px;\" data-src=\"https:\/\/www.barbie-secondlife.com\/wp-content\/uploads\/2021\/11\/calendrierAvent_4_Leanne_Web500px.jpg\" alt=\"Barbie Fashion Fever\" data-srcset=\"https:\/\/www.barbie-secondlife.com\/wp-content\/uploads\/2021\/11\/calendrierAvent_4_Leanne_Web500px.jpg 500w, https:\/\/www.barbie-secondlife.com\/wp-content\/uploads\/2021\/11\/calendrierAvent_4_Leanne_Web500px-302x302.jpg 302w, https:\/\/www.barbie-secondlife.com\/wp-content\/uploads\/2021\/11\/calendrierAvent_4_Leanne_Web500px-200x200.jpg 200w, https:\/\/www.barbie-secondlife.com\/wp-content\/uploads\/2021\/11\/calendrierAvent_4_Leanne_Web500px-350x350.jpg 350w, https:\/\/www.barbie-secondlife.com\/wp-content\/uploads\/2021\/11\/calendrierAvent_4_Leanne_Web500px-300x300.jpg 300w\" data-sizes=\"(max-width: 500px) 100vw, 500px\" src=\"data:image\/svg+xml;base64,PHN2ZyB3aWR0aD0iMSIgaGVpZ2h0PSIxIiB4bWxucz0iaHR0cDovL3d3dy53My5vcmcvMjAwMC9zdmciPjwvc3ZnPg==\" \/><\/td><\/tr><\/tbody><\/table><\/figure>\n\n\n\n<hr class=\"wp-block-separator\"\/>\n\n\n\n<div class=\"wp-block-image\"><figure class=\"aligncenter size-full\"><a href=\"https:\/\/www.barbie-secondlife.com\/wp-content\/uploads\/2021\/11\/Calendrier_Barbie_500x500_4Dec.jpg\"><img decoding=\"async\" width=\"500\" height=\"500\" data-src=\"https:\/\/www.barbie-secondlife.com\/wp-content\/uploads\/2021\/11\/Calendrier_Barbie_500x500_4Dec.jpg\" alt=\"Evenement Barbie No\u00ebl\" class=\"wp-image-544105 lazyload\" data-srcset=\"https:\/\/www.barbie-secondlife.com\/wp-content\/uploads\/2021\/11\/Calendrier_Barbie_500x500_4Dec.jpg 500w, https:\/\/www.barbie-secondlife.com\/wp-content\/uploads\/2021\/11\/Calendrier_Barbie_500x500_4Dec-302x302.jpg 302w, https:\/\/www.barbie-secondlife.com\/wp-content\/uploads\/2021\/11\/Calendrier_Barbie_500x500_4Dec-200x200.jpg 200w, https:\/\/www.barbie-secondlife.com\/wp-content\/uploads\/2021\/11\/Calendrier_Barbie_500x500_4Dec-350x350.jpg 350w, https:\/\/www.barbie-secondlife.com\/wp-content\/uploads\/2021\/11\/Calendrier_Barbie_500x500_4Dec-300x300.jpg 300w\" data-sizes=\"(max-width: 500px) 100vw, 500px\" src=\"data:image\/svg+xml;base64,PHN2ZyB3aWR0aD0iMSIgaGVpZ2h0PSIxIiB4bWxucz0iaHR0cDovL3d3dy53My5vcmcvMjAwMC9zdmciPjwvc3ZnPg==\" style=\"--smush-placeholder-width: 500px; --smush-placeholder-aspect-ratio: 500\/500;\" \/><\/a><\/figure><\/div>\n\n\n\n<hr class=\"wp-block-separator\"\/>\n\n\n\n<div class=\"wp-block-image\"><figure class=\"aligncenter size-full\"><a href=\"https:\/\/www.barbie-secondlife.com\/es\/evenements\/barbie---calendrier-de-lavent-2021\/\"><img decoding=\"async\" width=\"400\" height=\"50\" data-src=\"https:\/\/www.barbie-secondlife.com\/wp-content\/uploads\/2021\/11\/PhotoduJour_ES.jpg\" alt=\"\" class=\"wp-image-545422 lazyload\" data-srcset=\"https:\/\/www.barbie-secondlife.com\/wp-content\/uploads\/2021\/11\/PhotoduJour_ES.jpg 400w, https:\/\/www.barbie-secondlife.com\/wp-content\/uploads\/2021\/11\/PhotoduJour_ES-302x38.jpg 302w, https:\/\/www.barbie-secondlife.com\/wp-content\/uploads\/2021\/11\/PhotoduJour_ES-200x25.jpg 200w, https:\/\/www.barbie-secondlife.com\/wp-content\/uploads\/2021\/11\/PhotoduJour_ES-350x44.jpg 350w\" data-sizes=\"(max-width: 400px) 100vw, 400px\" src=\"data:image\/svg+xml;base64,PHN2ZyB3aWR0aD0iMSIgaGVpZ2h0PSIxIiB4bWxucz0iaHR0cDovL3d3dy53My5vcmcvMjAwMC9zdmciPjwvc3ZnPg==\" style=\"--smush-placeholder-width: 400px; --smush-placeholder-aspect-ratio: 400\/50;\" \/><\/a><\/figure><\/div>\n","protected":false},"excerpt":{"rendered":"<p>Calendario de Adviento Barbie &#8211; 1 d\u00eda, 1 Barbie El calendario de adviento es una tradici\u00f3n de origen germ\u00e1nico destinada a hacer esperar a los ni\u00f1os hasta la Navidad. El 25 de diciembre es, sin duda, uno de los d\u00edas m\u00e1s felices del a\u00f1o. Para ser paciente, descubre una Barbie todos los d\u00edas antes de [&hellip;]<\/p>\n","protected":false},"author":1,"featured_media":543723,"parent":543695,"menu_order":0,"comment_status":"closed","ping_status":"closed","template":"","meta":{"footnotes":""},"class_list":["post-547050","page","type-page","status-publish","has-post-thumbnail","hentry"],"translation":{"provider":"WPGlobus","version":"3.0.2","language":"es","enabled_languages":["fr","en","es","br","de"],"languages":{"fr":{"title":true,"content":true,"excerpt":false},"en":{"title":true,"content":true,"excerpt":false},"es":{"title":true,"content":true,"excerpt":false},"br":{"title":true,"content":true,"excerpt":false},"de":{"title":true,"content":true,"excerpt":false}}},"_links":{"self":[{"href":"https:\/\/www.barbie-secondlife.com\/es\/wp-json\/wp\/v2\/pages\/547050","targetHints":{"allow":["GET"]}}],"collection":[{"href":"https:\/\/www.barbie-secondlife.com\/es\/wp-json\/wp\/v2\/pages"}],"about":[{"href":"https:\/\/www.barbie-secondlife.com\/es\/wp-json\/wp\/v2\/types\/page"}],"author":[{"embeddable":true,"href":"https:\/\/www.barbie-secondlife.com\/es\/wp-json\/wp\/v2\/users\/1"}],"replies":[{"embeddable":true,"href":"https:\/\/www.barbie-secondlife.com\/es\/wp-json\/wp\/v2\/comments?post=547050"}],"version-history":[{"count":0,"href":"https:\/\/www.barbie-secondlife.com\/es\/wp-json\/wp\/v2\/pages\/547050\/revisions"}],"up":[{"embeddable":true,"href":"https:\/\/www.barbie-secondlife.com\/es\/wp-json\/wp\/v2\/pages\/543695"}],"wp:featuredmedia":[{"embeddable":true,"href":"https:\/\/www.barbie-secondlife.com\/es\/wp-json\/wp\/v2\/media\/543723"}],"wp:attachment":[{"href":"https:\/\/www.barbie-secondlife.com\/es\/wp-json\/wp\/v2\/media?parent=547050"}],"curies":[{"name":"wp","href":"https:\/\/api.w.org\/{rel}","templated":true}]}}