{"id":588201,"date":"2022-03-06T19:10:01","date_gmt":"2022-03-06T18:10:01","guid":{"rendered":"https:\/\/www.barbie-secondlife.com\/?page_id=588201"},"modified":"2022-03-18T15:07:55","modified_gmt":"2022-03-18T14:07:55","slug":"n13-mars-2022","status":"publish","type":"page","link":"https:\/\/www.barbie-secondlife.com\/es\/bsl-magazine\/bsl-magazine-2022\/n13-mars-2022\/","title":{"rendered":"N\u00b013 Marzo de 2022"},"content":{"rendered":"\n<h1 class=\"wp-block-heading\">Barbie &#8211; BSL Magazine &#8211; Marzo de 2022<\/h1>\n\n\n\n<p>Cada revista ofrece lo m\u00e1s destacado de una Barbie de mi colecci\u00f3n, una secci\u00f3n de Moda\/Belleza donde Barbie presenta sus elecciones de ropa y\/o peinado, una secci\u00f3n de Viajes donde la Barbie del Mes te presenta la regi\u00f3n o el pa\u00eds que representa.<\/p>\n\n\n\n<p>Publicaci\u00f3n de la Revista Mensual &#8211; BSL Magazine<\/p>\n\n\n<a href=\"https:\/\/www.barbie-secondlife.com\/wp-content\/uploads\/2022\/02\/BSLMagazine_Mars2022_ES.pdf\" class=\"pdfemb-viewer\" style=\"width:500px;height:647px;\" data-width=\"500\" data-height=\"647\" data-toolbar=\"both\" data-toolbar-fixed=\"on\">BSLMagazine_Mars2022_ES<\/a>\n<p class=\"wp-block-pdfemb-pdf-embedder-viewer\"><\/p>\n","protected":false},"excerpt":{"rendered":"<p>Barbie &#8211; BSL Magazine &#8211; Marzo de 2022 Cada revista ofrece lo m\u00e1s destacado de una Barbie de mi colecci\u00f3n, una secci\u00f3n de Moda\/Belleza donde Barbie presenta sus elecciones de ropa y\/o peinado, una secci\u00f3n de Viajes donde la Barbie del Mes te presenta la regi\u00f3n o el pa\u00eds que representa. Publicaci\u00f3n de la Revista [&hellip;]<\/p>\n","protected":false},"author":1,"featured_media":12258,"parent":588652,"menu_order":0,"comment_status":"closed","ping_status":"closed","template":"","meta":{"footnotes":""},"class_list":["post-588201","page","type-page","status-publish","has-post-thumbnail","hentry"],"translation":{"provider":"WPGlobus","version":"3.0.2","language":"es","enabled_languages":["fr","en","es","br","de"],"languages":{"fr":{"title":true,"content":true,"excerpt":false},"en":{"title":true,"content":true,"excerpt":false},"es":{"title":true,"content":true,"excerpt":false},"br":{"title":true,"content":true,"excerpt":false},"de":{"title":true,"content":true,"excerpt":false}}},"_links":{"self":[{"href":"https:\/\/www.barbie-secondlife.com\/es\/wp-json\/wp\/v2\/pages\/588201","targetHints":{"allow":["GET"]}}],"collection":[{"href":"https:\/\/www.barbie-secondlife.com\/es\/wp-json\/wp\/v2\/pages"}],"about":[{"href":"https:\/\/www.barbie-secondlife.com\/es\/wp-json\/wp\/v2\/types\/page"}],"author":[{"embeddable":true,"href":"https:\/\/www.barbie-secondlife.com\/es\/wp-json\/wp\/v2\/users\/1"}],"replies":[{"embeddable":true,"href":"https:\/\/www.barbie-secondlife.com\/es\/wp-json\/wp\/v2\/comments?post=588201"}],"version-history":[{"count":0,"href":"https:\/\/www.barbie-secondlife.com\/es\/wp-json\/wp\/v2\/pages\/588201\/revisions"}],"up":[{"embeddable":true,"href":"https:\/\/www.barbie-secondlife.com\/es\/wp-json\/wp\/v2\/pages\/588652"}],"wp:featuredmedia":[{"embeddable":true,"href":"https:\/\/www.barbie-secondlife.com\/es\/wp-json\/wp\/v2\/media\/12258"}],"wp:attachment":[{"href":"https:\/\/www.barbie-secondlife.com\/es\/wp-json\/wp\/v2\/media?parent=588201"}],"curies":[{"name":"wp","href":"https:\/\/api.w.org\/{rel}","templated":true}]}}