{"id":588567,"date":"2022-03-18T14:10:16","date_gmt":"2022-03-18T13:10:16","guid":{"rendered":"https:\/\/www.barbie-secondlife.com\/?page_id=588567"},"modified":"2022-08-06T17:20:12","modified_gmt":"2022-08-06T15:20:12","slug":"bsl-magazine-2018","status":"publish","type":"page","link":"https:\/\/www.barbie-secondlife.com\/es\/bsl-magazine\/bsl-magazine-2018\/","title":{"rendered":"BSL Magazine 2018"},"content":{"rendered":"\n<h2 class=\"wp-block-heading\"><em><strong>Barbie &#8211; BSL Magazine 2018<\/strong><\/em><\/h2>\n\n\n\n<p><br><span style=\"font-family: lobster; color: #e67fb9;\">BSL Magazine<\/span> es una revista (en ingl\u00e9s) que cre\u00e9 en 2017, hubo 6 publicaciones en 2018, la nueva edici\u00f3n se ha publicado en franc\u00e9s, ingl\u00e9s, espa\u00f1ol, portugu\u00e9s y alem\u00e1n.<\/p>\n\n\n\n<p>La nueva versi\u00f3n (2022) destaca la <strong>Barbie del Mes<\/strong>, una secci\u00f3n de <strong>Moda\/Belleza<\/strong>, un enfoque en una <strong>Colecci\u00f3n de Mattel Barbie<\/strong> y a\u00fan la parte de <strong>Viajes<\/strong>.<br><br>La versi\u00f3n antigua (2017-2018) de la revista ofrece lo m\u00e1s destacado de una <strong>Barbie <\/strong>de mi colecci\u00f3n, una secci\u00f3n de <strong>Moda <\/strong>donde Barbie presenta sus opciones de ropa, una secci\u00f3n de <strong>Belleza <\/strong>con los diferentes cortes y \/ o peinados de Barbie, una secci\u00f3n de <strong>Viajes <\/strong>donde 2 Barbies muestran la regi\u00f3n o el pa\u00eds que representa y una secci\u00f3n de <strong>deporte <\/strong>donde se ubican los principales eventos deportivos femeninos del mes.<br><br>Publicaci\u00f3n de la revista mensual &#8211; BSL Magazine<\/p>\n\n\n\n<hr class=\"wp-block-separator\"\/>\n\n\n\n<div class=\"wp-block-columns is-layout-flex wp-container-core-columns-is-layout-9d6595d7 wp-block-columns-is-layout-flex\">\n<div class=\"wp-block-column is-layout-flow wp-block-column-is-layout-flow\">\n<p class=\"has-text-align-center has-text-color has-medium-font-size\" style=\"color:#e67fb9\"><strong>Junio de 2018<\/strong><\/p>\n\n\n\n<div class=\"wp-block-image\"><figure class=\"aligncenter size-full\"><a href=\"https:\/\/www.barbie-secondlife.com\/es\/bsl-magazine\/n12-juin-2018\/\"><img decoding=\"async\" width=\"352\" height=\"455\" data-src=\"https:\/\/www.barbie-secondlife.com\/wp-content\/uploads\/2018\/05\/BSL_Magazine_JUIN2018_EN_petite.jpg\" alt=\"\" class=\"wp-image-12421 lazyload\" data-srcset=\"https:\/\/www.barbie-secondlife.com\/wp-content\/uploads\/2018\/05\/BSL_Magazine_JUIN2018_EN_petite.jpg 352w, https:\/\/www.barbie-secondlife.com\/wp-content\/uploads\/2018\/05\/BSL_Magazine_JUIN2018_EN_petite-302x390.jpg 302w, https:\/\/www.barbie-secondlife.com\/wp-content\/uploads\/2018\/05\/BSL_Magazine_JUIN2018_EN_petite-200x259.jpg 200w, https:\/\/www.barbie-secondlife.com\/wp-content\/uploads\/2018\/05\/BSL_Magazine_JUIN2018_EN_petite-232x300.jpg 232w, https:\/\/www.barbie-secondlife.com\/wp-content\/uploads\/2018\/05\/BSL_Magazine_JUIN2018_EN_petite-350x452.jpg 350w, https:\/\/www.barbie-secondlife.com\/wp-content\/uploads\/2018\/05\/BSL_Magazine_JUIN2018_EN_petite-329x425.jpg 329w\" data-sizes=\"(max-width: 352px) 100vw, 352px\" src=\"data:image\/svg+xml;base64,PHN2ZyB3aWR0aD0iMSIgaGVpZ2h0PSIxIiB4bWxucz0iaHR0cDovL3d3dy53My5vcmcvMjAwMC9zdmciPjwvc3ZnPg==\" style=\"--smush-placeholder-width: 352px; --smush-placeholder-aspect-ratio: 352\/455;\" \/><\/a><\/figure><\/div>\n<\/div>\n\n\n\n<div class=\"wp-block-column is-layout-flow wp-block-column-is-layout-flow\">\n<p class=\"has-text-align-center has-text-color has-medium-font-size\" style=\"color:#e67fb9\"><strong>Mayo de 2018<\/strong><\/p>\n\n\n\n<div class=\"wp-block-image\"><figure class=\"aligncenter size-full\"><a href=\"https:\/\/www.barbie-secondlife.com\/es\/bsl-magazine\/n11-mai-2018\/\"><img decoding=\"async\" width=\"352\" height=\"453\" data-src=\"https:\/\/www.barbie-secondlife.com\/wp-content\/uploads\/2018\/04\/BSL_Magazine_MAI2018_EN_petite.jpg\" alt=\"\" class=\"wp-image-11867 lazyload\" data-srcset=\"https:\/\/www.barbie-secondlife.com\/wp-content\/uploads\/2018\/04\/BSL_Magazine_MAI2018_EN_petite.jpg 352w, https:\/\/www.barbie-secondlife.com\/wp-content\/uploads\/2018\/04\/BSL_Magazine_MAI2018_EN_petite-302x389.jpg 302w, https:\/\/www.barbie-secondlife.com\/wp-content\/uploads\/2018\/04\/BSL_Magazine_MAI2018_EN_petite-200x257.jpg 200w, https:\/\/www.barbie-secondlife.com\/wp-content\/uploads\/2018\/04\/BSL_Magazine_MAI2018_EN_petite-233x300.jpg 233w, https:\/\/www.barbie-secondlife.com\/wp-content\/uploads\/2018\/04\/BSL_Magazine_MAI2018_EN_petite-350x450.jpg 350w, https:\/\/www.barbie-secondlife.com\/wp-content\/uploads\/2018\/04\/BSL_Magazine_MAI2018_EN_petite-330x425.jpg 330w, https:\/\/www.barbie-secondlife.com\/wp-content\/uploads\/2018\/04\/BSL_Magazine_MAI2018_EN_petite-300x386.jpg 300w\" data-sizes=\"(max-width: 352px) 100vw, 352px\" src=\"data:image\/svg+xml;base64,PHN2ZyB3aWR0aD0iMSIgaGVpZ2h0PSIxIiB4bWxucz0iaHR0cDovL3d3dy53My5vcmcvMjAwMC9zdmciPjwvc3ZnPg==\" style=\"--smush-placeholder-width: 352px; --smush-placeholder-aspect-ratio: 352\/453;\" \/><\/a><\/figure><\/div>\n<\/div>\n<\/div>\n\n\n\n<div class=\"wp-block-columns is-layout-flex wp-container-core-columns-is-layout-9d6595d7 wp-block-columns-is-layout-flex\">\n<div class=\"wp-block-column is-layout-flow wp-block-column-is-layout-flow\">\n<p class=\"has-text-align-center has-text-color has-medium-font-size\" style=\"color:#e67fb9\"><strong>Abril de 2018<\/strong><\/p>\n<\/div>\n\n\n\n<div class=\"wp-block-column is-layout-flow wp-block-column-is-layout-flow\">\n<p class=\"has-text-align-center has-text-color has-medium-font-size\" style=\"color:#e67fb9\"><strong>Marzo de 2018<\/strong><\/p>\n<\/div>\n<\/div>\n\n\n\n<div class=\"wp-block-columns is-layout-flex wp-container-core-columns-is-layout-9d6595d7 wp-block-columns-is-layout-flex\">\n<div class=\"wp-block-column is-layout-flow wp-block-column-is-layout-flow\">\n<figure class=\"wp-block-image size-large\"><a href=\"https:\/\/www.barbie-secondlife.com\/es\/bsl-magazine\/n10-avril-2018\/\"><img decoding=\"async\" width=\"352\" height=\"453\" data-src=\"https:\/\/www.barbie-secondlife.com\/wp-content\/uploads\/2018\/03\/BSL_Magazine_AVRIL2018_EN_petite.jpg\" alt=\"BSL Magazine\" class=\"wp-image-11528 lazyload\" data-srcset=\"https:\/\/www.barbie-secondlife.com\/wp-content\/uploads\/2018\/03\/BSL_Magazine_AVRIL2018_EN_petite.jpg 352w, https:\/\/www.barbie-secondlife.com\/wp-content\/uploads\/2018\/03\/BSL_Magazine_AVRIL2018_EN_petite-302x389.jpg 302w, https:\/\/www.barbie-secondlife.com\/wp-content\/uploads\/2018\/03\/BSL_Magazine_AVRIL2018_EN_petite-200x257.jpg 200w, https:\/\/www.barbie-secondlife.com\/wp-content\/uploads\/2018\/03\/BSL_Magazine_AVRIL2018_EN_petite-233x300.jpg 233w, https:\/\/www.barbie-secondlife.com\/wp-content\/uploads\/2018\/03\/BSL_Magazine_AVRIL2018_EN_petite-350x450.jpg 350w, https:\/\/www.barbie-secondlife.com\/wp-content\/uploads\/2018\/03\/BSL_Magazine_AVRIL2018_EN_petite-330x425.jpg 330w, https:\/\/www.barbie-secondlife.com\/wp-content\/uploads\/2018\/03\/BSL_Magazine_AVRIL2018_EN_petite-300x386.jpg 300w\" data-sizes=\"(max-width: 352px) 100vw, 352px\" src=\"data:image\/svg+xml;base64,PHN2ZyB3aWR0aD0iMSIgaGVpZ2h0PSIxIiB4bWxucz0iaHR0cDovL3d3dy53My5vcmcvMjAwMC9zdmciPjwvc3ZnPg==\" style=\"--smush-placeholder-width: 352px; --smush-placeholder-aspect-ratio: 352\/453;\" \/><\/a><\/figure>\n\n\n\n<p><\/p>\n<\/div>\n\n\n\n<div class=\"wp-block-column is-layout-flow wp-block-column-is-layout-flow\">\n<figure class=\"wp-block-image size-large\"><a href=\"https:\/\/www.barbie-secondlife.com\/es\/bsl-magazine\/n9-mars-2018\/\"><img decoding=\"async\" width=\"350\" height=\"453\" data-src=\"https:\/\/www.barbie-secondlife.com\/wp-content\/uploads\/2018\/03\/BSL_Magazine_MARS2018_EN_petite.jpg\" alt=\"BSL Magazine\" class=\"wp-image-11436 lazyload\" data-srcset=\"https:\/\/www.barbie-secondlife.com\/wp-content\/uploads\/2018\/03\/BSL_Magazine_MARS2018_EN_petite.jpg 350w, https:\/\/www.barbie-secondlife.com\/wp-content\/uploads\/2018\/03\/BSL_Magazine_MARS2018_EN_petite-302x391.jpg 302w, https:\/\/www.barbie-secondlife.com\/wp-content\/uploads\/2018\/03\/BSL_Magazine_MARS2018_EN_petite-200x259.jpg 200w, https:\/\/www.barbie-secondlife.com\/wp-content\/uploads\/2018\/03\/BSL_Magazine_MARS2018_EN_petite-232x300.jpg 232w, https:\/\/www.barbie-secondlife.com\/wp-content\/uploads\/2018\/03\/BSL_Magazine_MARS2018_EN_petite-328x425.jpg 328w, https:\/\/www.barbie-secondlife.com\/wp-content\/uploads\/2018\/03\/BSL_Magazine_MARS2018_EN_petite-300x388.jpg 300w\" data-sizes=\"(max-width: 350px) 100vw, 350px\" src=\"data:image\/svg+xml;base64,PHN2ZyB3aWR0aD0iMSIgaGVpZ2h0PSIxIiB4bWxucz0iaHR0cDovL3d3dy53My5vcmcvMjAwMC9zdmciPjwvc3ZnPg==\" style=\"--smush-placeholder-width: 350px; --smush-placeholder-aspect-ratio: 350\/453;\" \/><\/a><\/figure>\n<\/div>\n<\/div>\n\n\n\n<div class=\"wp-block-columns is-layout-flex wp-container-core-columns-is-layout-9d6595d7 wp-block-columns-is-layout-flex\">\n<div class=\"wp-block-column is-layout-flow wp-block-column-is-layout-flow\">\n<p class=\"has-text-align-center has-text-color has-medium-font-size\" style=\"color:#e67fb9\"><strong>Febrero de 2018<\/strong><\/p>\n<\/div>\n\n\n\n<div class=\"wp-block-column is-layout-flow wp-block-column-is-layout-flow\">\n<p class=\"has-text-align-center has-text-color has-medium-font-size\" style=\"color:#e67fb9\"><strong>Enero de 2018<\/strong><\/p>\n<\/div>\n<\/div>\n\n\n\n<div class=\"wp-block-columns is-layout-flex wp-container-core-columns-is-layout-9d6595d7 wp-block-columns-is-layout-flex\">\n<div class=\"wp-block-column is-layout-flow wp-block-column-is-layout-flow\">\n<figure class=\"wp-block-image size-large\"><a href=\"https:\/\/www.barbie-secondlife.com\/es\/bsl-magazine\/n8-fevrier-2018\/\"><img decoding=\"async\" width=\"350\" height=\"453\" data-src=\"https:\/\/www.barbie-secondlife.com\/wp-content\/uploads\/2018\/01\/BSL_Magazine_Fev2018_EN_petite.jpg\" alt=\"BSL Magazine\" class=\"wp-image-10931 lazyload\" data-srcset=\"https:\/\/www.barbie-secondlife.com\/wp-content\/uploads\/2018\/01\/BSL_Magazine_Fev2018_EN_petite.jpg 350w, https:\/\/www.barbie-secondlife.com\/wp-content\/uploads\/2018\/01\/BSL_Magazine_Fev2018_EN_petite-302x391.jpg 302w, https:\/\/www.barbie-secondlife.com\/wp-content\/uploads\/2018\/01\/BSL_Magazine_Fev2018_EN_petite-200x259.jpg 200w, https:\/\/www.barbie-secondlife.com\/wp-content\/uploads\/2018\/01\/BSL_Magazine_Fev2018_EN_petite-232x300.jpg 232w, https:\/\/www.barbie-secondlife.com\/wp-content\/uploads\/2018\/01\/BSL_Magazine_Fev2018_EN_petite-328x425.jpg 328w, https:\/\/www.barbie-secondlife.com\/wp-content\/uploads\/2018\/01\/BSL_Magazine_Fev2018_EN_petite-300x388.jpg 300w\" data-sizes=\"(max-width: 350px) 100vw, 350px\" src=\"data:image\/svg+xml;base64,PHN2ZyB3aWR0aD0iMSIgaGVpZ2h0PSIxIiB4bWxucz0iaHR0cDovL3d3dy53My5vcmcvMjAwMC9zdmciPjwvc3ZnPg==\" style=\"--smush-placeholder-width: 350px; --smush-placeholder-aspect-ratio: 350\/453;\" \/><\/a><\/figure>\n\n\n\n<p><\/p>\n<\/div>\n\n\n\n<div class=\"wp-block-column is-layout-flow wp-block-column-is-layout-flow\">\n<figure class=\"wp-block-image size-large\"><a href=\"https:\/\/www.barbie-secondlife.com\/es\/bsl-magazine\/n7-janvier-2018\/\"><img decoding=\"async\" width=\"350\" height=\"452\" data-src=\"https:\/\/www.barbie-secondlife.com\/wp-content\/uploads\/2017\/12\/BSL_Magazine_JAN2018_EN_petite.jpg\" alt=\"BSL Magazine\" class=\"wp-image-10855 lazyload\" data-srcset=\"https:\/\/www.barbie-secondlife.com\/wp-content\/uploads\/2017\/12\/BSL_Magazine_JAN2018_EN_petite.jpg 350w, https:\/\/www.barbie-secondlife.com\/wp-content\/uploads\/2017\/12\/BSL_Magazine_JAN2018_EN_petite-302x390.jpg 302w, https:\/\/www.barbie-secondlife.com\/wp-content\/uploads\/2017\/12\/BSL_Magazine_JAN2018_EN_petite-200x258.jpg 200w, https:\/\/www.barbie-secondlife.com\/wp-content\/uploads\/2017\/12\/BSL_Magazine_JAN2018_EN_petite-232x300.jpg 232w, https:\/\/www.barbie-secondlife.com\/wp-content\/uploads\/2017\/12\/BSL_Magazine_JAN2018_EN_petite-329x425.jpg 329w, https:\/\/www.barbie-secondlife.com\/wp-content\/uploads\/2017\/12\/BSL_Magazine_JAN2018_EN_petite-300x387.jpg 300w\" data-sizes=\"(max-width: 350px) 100vw, 350px\" src=\"data:image\/svg+xml;base64,PHN2ZyB3aWR0aD0iMSIgaGVpZ2h0PSIxIiB4bWxucz0iaHR0cDovL3d3dy53My5vcmcvMjAwMC9zdmciPjwvc3ZnPg==\" style=\"--smush-placeholder-width: 350px; --smush-placeholder-aspect-ratio: 350\/452;\" \/><\/a><\/figure>\n<\/div>\n<\/div>\n","protected":false},"excerpt":{"rendered":"<p>Barbie &#8211; BSL Magazine 2018 BSL Magazine es una revista (en ingl\u00e9s) que cre\u00e9 en 2017, hubo 6 publicaciones en 2018, la nueva edici\u00f3n se ha publicado en franc\u00e9s, ingl\u00e9s, espa\u00f1ol, portugu\u00e9s y alem\u00e1n. La nueva versi\u00f3n (2022) destaca la Barbie del Mes, una secci\u00f3n de Moda\/Belleza, un enfoque en una Colecci\u00f3n de Mattel Barbie [&hellip;]<\/p>\n","protected":false},"author":1,"featured_media":12258,"parent":8850,"menu_order":0,"comment_status":"closed","ping_status":"closed","template":"","meta":{"footnotes":""},"class_list":["post-588567","page","type-page","status-publish","has-post-thumbnail","hentry"],"translation":{"provider":"WPGlobus","version":"3.0.2","language":"es","enabled_languages":["fr","en","es","br","de"],"languages":{"fr":{"title":true,"content":true,"excerpt":false},"en":{"title":true,"content":true,"excerpt":false},"es":{"title":true,"content":true,"excerpt":false},"br":{"title":true,"content":true,"excerpt":false},"de":{"title":true,"content":true,"excerpt":false}}},"_links":{"self":[{"href":"https:\/\/www.barbie-secondlife.com\/es\/wp-json\/wp\/v2\/pages\/588567","targetHints":{"allow":["GET"]}}],"collection":[{"href":"https:\/\/www.barbie-secondlife.com\/es\/wp-json\/wp\/v2\/pages"}],"about":[{"href":"https:\/\/www.barbie-secondlife.com\/es\/wp-json\/wp\/v2\/types\/page"}],"author":[{"embeddable":true,"href":"https:\/\/www.barbie-secondlife.com\/es\/wp-json\/wp\/v2\/users\/1"}],"replies":[{"embeddable":true,"href":"https:\/\/www.barbie-secondlife.com\/es\/wp-json\/wp\/v2\/comments?post=588567"}],"version-history":[{"count":0,"href":"https:\/\/www.barbie-secondlife.com\/es\/wp-json\/wp\/v2\/pages\/588567\/revisions"}],"up":[{"embeddable":true,"href":"https:\/\/www.barbie-secondlife.com\/es\/wp-json\/wp\/v2\/pages\/8850"}],"wp:featuredmedia":[{"embeddable":true,"href":"https:\/\/www.barbie-secondlife.com\/es\/wp-json\/wp\/v2\/media\/12258"}],"wp:attachment":[{"href":"https:\/\/www.barbie-secondlife.com\/es\/wp-json\/wp\/v2\/media?parent=588567"}],"curies":[{"name":"wp","href":"https:\/\/api.w.org\/{rel}","templated":true}]}}