{"id":588652,"date":"2022-03-18T14:44:53","date_gmt":"2022-03-18T13:44:53","guid":{"rendered":"https:\/\/www.barbie-secondlife.com\/?page_id=588652"},"modified":"2022-08-06T17:20:19","modified_gmt":"2022-08-06T15:20:19","slug":"bsl-magazine-2022","status":"publish","type":"page","link":"https:\/\/www.barbie-secondlife.com\/es\/bsl-magazine\/bsl-magazine-2022\/","title":{"rendered":"BSL Magazine 2022"},"content":{"rendered":"\n<h2 class=\"wp-block-heading\"><em><strong>Barbie &#8211; BSL Magazine 2022<\/strong><\/em><\/h2>\n\n\n\n<p><br><span style=\"font-family: lobster; color: #e67fb9;\">BSL Magazine<\/span> es una revista (en ingl\u00e9s) que cre\u00e9 en 2017, la nueva edici\u00f3n se ha publicado en franc\u00e9s, ingl\u00e9s, espa\u00f1ol, portugu\u00e9s y alem\u00e1n.<\/p>\n\n\n\n<p>La nueva versi\u00f3n (2022) destaca la <strong>Barbie del Mes<\/strong>, una secci\u00f3n de <strong>Moda\/Belleza<\/strong>, un enfoque en una <strong>Colecci\u00f3n de Mattel Barbie<\/strong> y a\u00fan la parte de <strong>Viajes<\/strong>.<br><br>La versi\u00f3n antigua (2017-2018) de la revista ofrece lo m\u00e1s destacado de una <strong>Barbie <\/strong>de mi colecci\u00f3n, una secci\u00f3n de <strong>Moda <\/strong>donde Barbie presenta sus opciones de ropa, una secci\u00f3n de <strong>Belleza <\/strong>con los diferentes cortes y \/ o peinados de Barbie, una secci\u00f3n de <strong>Viajes <\/strong>donde 2 Barbies muestran la regi\u00f3n o el pa\u00eds que representa y una secci\u00f3n de <strong>deporte <\/strong>donde se ubican los principales eventos deportivos femeninos del mes.<br><br>Publicaci\u00f3n de la revista mensual &#8211; BSL Magazine<\/p>\n\n\n\n<hr class=\"wp-block-separator\"\/>\n\n\n\n<div class=\"wp-block-columns is-layout-flex wp-container-core-columns-is-layout-9d6595d7 wp-block-columns-is-layout-flex\">\n<div class=\"wp-block-column is-layout-flow wp-block-column-is-layout-flow\">\n<p class=\"has-text-align-center has-text-color has-medium-font-size\" style=\"color:#e67fb9\"><strong>Abril de 2022<\/strong><\/p>\n\n\n<a href=\"https:\/\/www.barbie-secondlife.com\/wp-content\/uploads\/2022\/03\/BSLMagazine_Avril2022_ES.pdf\" class=\"pdfemb-viewer\" style=\"width:500px;height:647px;\" data-width=\"500\" data-height=\"647\" data-toolbar=\"both\" data-toolbar-fixed=\"on\">BSLMagazine_Avril2022_ES<\/a>\n<p class=\"wp-block-pdfemb-pdf-embedder-viewer\"><\/p>\n<\/div>\n\n\n\n<div class=\"wp-block-column is-layout-flow wp-block-column-is-layout-flow\">\n<p class=\"has-text-align-center has-text-color has-medium-font-size\" style=\"color:#e67fb9\"><strong>Marzo de 2022<\/strong><\/p>\n\n\n<a href=\"https:\/\/www.barbie-secondlife.com\/wp-content\/uploads\/2022\/02\/BSLMagazine_Mars2022_ES.pdf\" class=\"pdfemb-viewer\" style=\"width:500px;height:647px;\" data-width=\"500\" data-height=\"647\" data-toolbar=\"both\" data-toolbar-fixed=\"on\">BSLMagazine_Mars2022_ES<\/a>\n<p class=\"wp-block-pdfemb-pdf-embedder-viewer\"><\/p>\n<\/div>\n<\/div>\n","protected":false},"excerpt":{"rendered":"<p>Barbie &#8211; BSL Magazine 2022 BSL Magazine es una revista (en ingl\u00e9s) que cre\u00e9 en 2017, la nueva edici\u00f3n se ha publicado en franc\u00e9s, ingl\u00e9s, espa\u00f1ol, portugu\u00e9s y alem\u00e1n. La nueva versi\u00f3n (2022) destaca la Barbie del Mes, una secci\u00f3n de Moda\/Belleza, un enfoque en una Colecci\u00f3n de Mattel Barbie y a\u00fan la parte de [&hellip;]<\/p>\n","protected":false},"author":1,"featured_media":12258,"parent":8850,"menu_order":0,"comment_status":"closed","ping_status":"closed","template":"","meta":{"footnotes":""},"class_list":["post-588652","page","type-page","status-publish","has-post-thumbnail","hentry"],"translation":{"provider":"WPGlobus","version":"3.0.2","language":"es","enabled_languages":["fr","en","es","br","de"],"languages":{"fr":{"title":true,"content":true,"excerpt":false},"en":{"title":true,"content":true,"excerpt":false},"es":{"title":true,"content":true,"excerpt":false},"br":{"title":true,"content":true,"excerpt":false},"de":{"title":true,"content":true,"excerpt":false}}},"_links":{"self":[{"href":"https:\/\/www.barbie-secondlife.com\/es\/wp-json\/wp\/v2\/pages\/588652","targetHints":{"allow":["GET"]}}],"collection":[{"href":"https:\/\/www.barbie-secondlife.com\/es\/wp-json\/wp\/v2\/pages"}],"about":[{"href":"https:\/\/www.barbie-secondlife.com\/es\/wp-json\/wp\/v2\/types\/page"}],"author":[{"embeddable":true,"href":"https:\/\/www.barbie-secondlife.com\/es\/wp-json\/wp\/v2\/users\/1"}],"replies":[{"embeddable":true,"href":"https:\/\/www.barbie-secondlife.com\/es\/wp-json\/wp\/v2\/comments?post=588652"}],"version-history":[{"count":0,"href":"https:\/\/www.barbie-secondlife.com\/es\/wp-json\/wp\/v2\/pages\/588652\/revisions"}],"up":[{"embeddable":true,"href":"https:\/\/www.barbie-secondlife.com\/es\/wp-json\/wp\/v2\/pages\/8850"}],"wp:featuredmedia":[{"embeddable":true,"href":"https:\/\/www.barbie-secondlife.com\/es\/wp-json\/wp\/v2\/media\/12258"}],"wp:attachment":[{"href":"https:\/\/www.barbie-secondlife.com\/es\/wp-json\/wp\/v2\/media?parent=588652"}],"curies":[{"name":"wp","href":"https:\/\/api.w.org\/{rel}","templated":true}]}}