{"id":592649,"date":"2022-07-17T19:22:53","date_gmt":"2022-07-17T17:22:53","guid":{"rendered":"https:\/\/www.barbie-secondlife.com\/?page_id=592649"},"modified":"2022-11-27T20:12:43","modified_gmt":"2022-11-27T19:12:43","slug":"attributs","status":"publish","type":"page","link":"https:\/\/www.barbie-secondlife.com\/es\/attributs\/","title":{"rendered":"Atributos"},"content":{"rendered":"\n<h2 class=\"wp-block-heading\"><strong><em>Atributos de barbie<\/em><\/strong><\/h2>\n\n\n\n<p class=\"has-black-color has-text-color\"><strong>Barbie<\/strong> es una mu\u00f1eca de 29 cm comercializada desde 1959 por Mattel, una empresa estadounidense de juguetes y juegos. Tom\u00f3 la forma adulta, cabello rubio y el principio de Bild Lilli, la primera mu\u00f1eca maniqu\u00ed lanzada en Alemania un poco antes.<\/p>\n\n\n\n<p>Si bien la Barbie caracter\u00edstica es rubia con cabello largo y rasgos europeos, el color de su cabello en realidad var\u00eda considerablemente y su tipo \u00e9tnico se diversific\u00f3 desde 1967 y m\u00e1s sistem\u00e1ticamente a partir de 1980, de modo que hasta el d\u00eda de hoy existe una Barbie para cada etnia en el mundo. mundo.<\/p>\n\n\n\n<p>Aqu\u00ed hay diferentes atributos de la mu\u00f1eca Barbie que pueden identificar mejor a una Barbie, color de cabello, color de ojos, color de piel y molde facial. <\/p>\n\n\n\n<hr class=\"wp-block-separator has-css-opacity\"\/>\n\n\n\n<h3 class=\"has-text-align-center has-text-color wp-block-heading\" style=\"color:#e67fb9\"><strong>Color de Pelo de Barbie<\/strong><\/h3>\n\n\n<div class=\"wp-block-image\">\n<figure class=\"aligncenter size-full is-resized\"><a href=\"https:\/\/www.barbie-secondlife.com\/es\/attributs\/couleur-des-cheveux-de-barbie\/\"><img decoding=\"async\" data-src=\"https:\/\/www.barbie-secondlife.com\/wp-content\/uploads\/2022\/11\/Barbie_Attribut_Cheveux_ES.png\" alt=\"\" class=\"wp-image-597194 lazyload\" width=\"525\" height=\"450\" data-srcset=\"https:\/\/www.barbie-secondlife.com\/wp-content\/uploads\/2022\/11\/Barbie_Attribut_Cheveux_ES.png 700w, https:\/\/www.barbie-secondlife.com\/wp-content\/uploads\/2022\/11\/Barbie_Attribut_Cheveux_ES-302x259.png 302w, https:\/\/www.barbie-secondlife.com\/wp-content\/uploads\/2022\/11\/Barbie_Attribut_Cheveux_ES-200x171.png 200w, https:\/\/www.barbie-secondlife.com\/wp-content\/uploads\/2022\/11\/Barbie_Attribut_Cheveux_ES-500x429.png 500w, https:\/\/www.barbie-secondlife.com\/wp-content\/uploads\/2022\/11\/Barbie_Attribut_Cheveux_ES-350x300.png 350w\" data-sizes=\"(max-width: 525px) 100vw, 525px\" src=\"data:image\/svg+xml;base64,PHN2ZyB3aWR0aD0iMSIgaGVpZ2h0PSIxIiB4bWxucz0iaHR0cDovL3d3dy53My5vcmcvMjAwMC9zdmciPjwvc3ZnPg==\" style=\"--smush-placeholder-width: 525px; --smush-placeholder-aspect-ratio: 525\/450;\" \/><\/a><\/figure>\n<\/div>\n\n\n<hr class=\"wp-block-separator has-css-opacity\"\/>\n\n\n\n<h3 class=\"has-text-align-center has-text-color wp-block-heading\" style=\"color:#e67fb9\"><strong><strong>Tono de Piel de Barbie<\/strong><\/strong><\/h3>\n\n\n<div class=\"wp-block-image\">\n<figure class=\"aligncenter size-full\"><a href=\"https:\/\/www.barbie-secondlife.com\/es\/attributs\/teinte-de-peau-de-barbie\/\"><img decoding=\"async\" width=\"700\" height=\"318\" data-src=\"https:\/\/www.barbie-secondlife.com\/wp-content\/uploads\/2022\/07\/Barbie_Attribut_Peau.png\" alt=\"\" class=\"wp-image-592669 lazyload\" data-srcset=\"https:\/\/www.barbie-secondlife.com\/wp-content\/uploads\/2022\/07\/Barbie_Attribut_Peau.png 700w, https:\/\/www.barbie-secondlife.com\/wp-content\/uploads\/2022\/07\/Barbie_Attribut_Peau-302x137.png 302w, https:\/\/www.barbie-secondlife.com\/wp-content\/uploads\/2022\/07\/Barbie_Attribut_Peau-200x91.png 200w, https:\/\/www.barbie-secondlife.com\/wp-content\/uploads\/2022\/07\/Barbie_Attribut_Peau-500x227.png 500w, https:\/\/www.barbie-secondlife.com\/wp-content\/uploads\/2022\/07\/Barbie_Attribut_Peau-350x159.png 350w\" data-sizes=\"(max-width: 700px) 100vw, 700px\" src=\"data:image\/svg+xml;base64,PHN2ZyB3aWR0aD0iMSIgaGVpZ2h0PSIxIiB4bWxucz0iaHR0cDovL3d3dy53My5vcmcvMjAwMC9zdmciPjwvc3ZnPg==\" style=\"--smush-placeholder-width: 700px; --smush-placeholder-aspect-ratio: 700\/318;\" \/><\/a><\/figure>\n<\/div>\n\n\n<hr class=\"wp-block-separator has-css-opacity\"\/>\n\n\n\n<h3 class=\"has-text-align-center has-text-color wp-block-heading\" style=\"color:#e67fb9\"><strong><strong>Color de Ojos de Barbie<\/strong><\/strong><\/h3>\n\n\n<div class=\"wp-block-image\">\n<figure class=\"aligncenter size-full is-resized\"><a href=\"https:\/\/www.barbie-secondlife.com\/es\/attributs\/couleur-des-yeux-de-barbie\/\"><img decoding=\"async\" data-src=\"https:\/\/www.barbie-secondlife.com\/wp-content\/uploads\/2022\/07\/Barbie_Attribut_Yeux.jpg\" alt=\"Barbie Couleur Yeux FR\" class=\"wp-image-592672 lazyload\" width=\"525\" height=\"356\" data-srcset=\"https:\/\/www.barbie-secondlife.com\/wp-content\/uploads\/2022\/07\/Barbie_Attribut_Yeux.jpg 700w, https:\/\/www.barbie-secondlife.com\/wp-content\/uploads\/2022\/07\/Barbie_Attribut_Yeux-302x205.jpg 302w, https:\/\/www.barbie-secondlife.com\/wp-content\/uploads\/2022\/07\/Barbie_Attribut_Yeux-200x136.jpg 200w, https:\/\/www.barbie-secondlife.com\/wp-content\/uploads\/2022\/07\/Barbie_Attribut_Yeux-500x339.jpg 500w, https:\/\/www.barbie-secondlife.com\/wp-content\/uploads\/2022\/07\/Barbie_Attribut_Yeux-350x238.jpg 350w\" data-sizes=\"(max-width: 525px) 100vw, 525px\" src=\"data:image\/svg+xml;base64,PHN2ZyB3aWR0aD0iMSIgaGVpZ2h0PSIxIiB4bWxucz0iaHR0cDovL3d3dy53My5vcmcvMjAwMC9zdmciPjwvc3ZnPg==\" style=\"--smush-placeholder-width: 525px; --smush-placeholder-aspect-ratio: 525\/356;\" \/><\/a><\/figure>\n<\/div>\n\n\n<hr class=\"wp-block-separator has-css-opacity\"\/>\n\n\n\n<h3 class=\"has-text-align-center has-text-color wp-block-heading\" style=\"color:#e67fb9\"><strong>Moldes de Cara de Barbie<\/strong><\/h3>\n\n\n<div class=\"wp-block-image\">\n<figure class=\"aligncenter size-full\"><a href=\"https:\/\/www.barbie-secondlife.com\/es\/attributs\/moule-de-visage-de-barbie\/\"><img decoding=\"async\" width=\"1000\" height=\"450\" data-src=\"https:\/\/www.barbie-secondlife.com\/wp-content\/uploads\/2022\/07\/Moule_Barbie_Visage2.jpg\" alt=\"Moule de Visage Barbie\" class=\"wp-image-593089 lazyload\" data-srcset=\"https:\/\/www.barbie-secondlife.com\/wp-content\/uploads\/2022\/07\/Moule_Barbie_Visage2.jpg 1000w, https:\/\/www.barbie-secondlife.com\/wp-content\/uploads\/2022\/07\/Moule_Barbie_Visage2-302x136.jpg 302w, https:\/\/www.barbie-secondlife.com\/wp-content\/uploads\/2022\/07\/Moule_Barbie_Visage2-200x90.jpg 200w, https:\/\/www.barbie-secondlife.com\/wp-content\/uploads\/2022\/07\/Moule_Barbie_Visage2-500x225.jpg 500w, https:\/\/www.barbie-secondlife.com\/wp-content\/uploads\/2022\/07\/Moule_Barbie_Visage2-350x158.jpg 350w, https:\/\/www.barbie-secondlife.com\/wp-content\/uploads\/2022\/07\/Moule_Barbie_Visage2-768x346.jpg 768w\" data-sizes=\"(max-width: 1000px) 100vw, 1000px\" src=\"data:image\/svg+xml;base64,PHN2ZyB3aWR0aD0iMSIgaGVpZ2h0PSIxIiB4bWxucz0iaHR0cDovL3d3dy53My5vcmcvMjAwMC9zdmciPjwvc3ZnPg==\" style=\"--smush-placeholder-width: 1000px; --smush-placeholder-aspect-ratio: 1000\/450;\" \/><\/a><\/figure>\n<\/div>\n\n\n<hr class=\"wp-block-separator has-css-opacity\"\/>\n","protected":false},"excerpt":{"rendered":"<p>Atributos de barbie Barbie es una mu\u00f1eca de 29 cm comercializada desde 1959 por Mattel, una empresa estadounidense de juguetes y juegos. Tom\u00f3 la forma adulta, cabello rubio y el principio de Bild Lilli, la primera mu\u00f1eca maniqu\u00ed lanzada en Alemania un poco antes. Si bien la Barbie caracter\u00edstica es rubia con cabello largo y [&hellip;]<\/p>\n","protected":false},"author":1,"featured_media":592686,"parent":0,"menu_order":0,"comment_status":"closed","ping_status":"closed","template":"","meta":{"footnotes":""},"class_list":["post-592649","page","type-page","status-publish","has-post-thumbnail","hentry"],"translation":{"provider":"WPGlobus","version":"3.0.2","language":"es","enabled_languages":["fr","en","es","br","de"],"languages":{"fr":{"title":true,"content":true,"excerpt":false},"en":{"title":true,"content":true,"excerpt":false},"es":{"title":true,"content":true,"excerpt":false},"br":{"title":true,"content":true,"excerpt":false},"de":{"title":true,"content":true,"excerpt":false}}},"_links":{"self":[{"href":"https:\/\/www.barbie-secondlife.com\/es\/wp-json\/wp\/v2\/pages\/592649","targetHints":{"allow":["GET"]}}],"collection":[{"href":"https:\/\/www.barbie-secondlife.com\/es\/wp-json\/wp\/v2\/pages"}],"about":[{"href":"https:\/\/www.barbie-secondlife.com\/es\/wp-json\/wp\/v2\/types\/page"}],"author":[{"embeddable":true,"href":"https:\/\/www.barbie-secondlife.com\/es\/wp-json\/wp\/v2\/users\/1"}],"replies":[{"embeddable":true,"href":"https:\/\/www.barbie-secondlife.com\/es\/wp-json\/wp\/v2\/comments?post=592649"}],"version-history":[{"count":5,"href":"https:\/\/www.barbie-secondlife.com\/es\/wp-json\/wp\/v2\/pages\/592649\/revisions"}],"predecessor-version":[{"id":597208,"href":"https:\/\/www.barbie-secondlife.com\/es\/wp-json\/wp\/v2\/pages\/592649\/revisions\/597208"}],"wp:featuredmedia":[{"embeddable":true,"href":"https:\/\/www.barbie-secondlife.com\/es\/wp-json\/wp\/v2\/media\/592686"}],"wp:attachment":[{"href":"https:\/\/www.barbie-secondlife.com\/es\/wp-json\/wp\/v2\/media?parent=592649"}],"curies":[{"name":"wp","href":"https:\/\/api.w.org\/{rel}","templated":true}]}}