{"id":592764,"date":"2022-07-17T19:25:58","date_gmt":"2022-07-17T17:25:58","guid":{"rendered":"https:\/\/www.barbie-secondlife.com\/?page_id=592764"},"modified":"2022-11-27T20:16:49","modified_gmt":"2022-11-27T19:16:49","slug":"couleur-des-cheveux-de-barbie","status":"publish","type":"page","link":"https:\/\/www.barbie-secondlife.com\/es\/attributs\/couleur-des-cheveux-de-barbie\/","title":{"rendered":"Color de pelo barbie"},"content":{"rendered":"\n<h2 class=\"wp-block-heading\"><strong><em>Color de Pelo barbie<\/em><\/strong><\/h2>\n\n\n\n<p>Todos los colores de pelo para mu\u00f1eca Barbie, <a href=\"https:\/\/www.barbie-secondlife.com\/es\/barbies\/world\/?filter_10couleur=blond&amp;query_type_10couleur=or\">Barbie rubia<\/a>, <a href=\"https:\/\/www.barbie-secondlife.com\/es\/barbies\/world\/?filter_10couleur=brun&amp;query_type_10couleur=or\">Barbie negra<\/a>, <a href=\"https:\/\/www.barbie-secondlife.com\/es\/barbies\/world\/?filter_10couleur=chatain&amp;query_type_10couleur=or\">Barbie casta\u00f1o<\/a>, <a href=\"https:\/\/www.barbie-secondlife.com\/es\/barbies\/world\/?filter_10couleur=roux&amp;query_type_10couleur=or\">Barbie roja<\/a> u <a href=\"https:\/\/www.barbie-secondlife.com\/es\/barbies\/world\/?filter_10couleur=autre&amp;query_type_10couleur=or\">otros colores<\/a> muy variados forman parte de mi colecci\u00f3n, todos quedan preciosos con todo tipo de cabello. Al hacer clic en una de las im\u00e1genes a continuaci\u00f3n, descubrir\u00e1 las Barbies de mi colecci\u00f3n correspondientes a los diferentes colores de cabello.<\/p>\n\n\n\n<figure class=\"wp-block-table\"><table><tbody><tr><td><a href=\"https:\/\/www.barbie-secondlife.com\/es\/barbies\/world\/?filter_10couleur=brun&amp;query_type_10couleur=or\"><img decoding=\"async\" width=\"300\" height=\"300\" class=\"wp-image-597176 lazyload\" style=\"--smush-placeholder-width: 300px; --smush-placeholder-aspect-ratio: 300\/300;width: 300px;\" data-src=\"https:\/\/www.barbie-secondlife.com\/wp-content\/uploads\/2022\/11\/Barbie_CheveuxBruns_ES.png\" alt=\"Barbie Negro\" data-srcset=\"https:\/\/www.barbie-secondlife.com\/wp-content\/uploads\/2022\/11\/Barbie_CheveuxBruns_ES.png 800w, https:\/\/www.barbie-secondlife.com\/wp-content\/uploads\/2022\/11\/Barbie_CheveuxBruns_ES-302x302.png 302w, https:\/\/www.barbie-secondlife.com\/wp-content\/uploads\/2022\/11\/Barbie_CheveuxBruns_ES-200x200.png 200w, https:\/\/www.barbie-secondlife.com\/wp-content\/uploads\/2022\/11\/Barbie_CheveuxBruns_ES-500x500.png 500w, https:\/\/www.barbie-secondlife.com\/wp-content\/uploads\/2022\/11\/Barbie_CheveuxBruns_ES-350x350.png 350w, https:\/\/www.barbie-secondlife.com\/wp-content\/uploads\/2022\/11\/Barbie_CheveuxBruns_ES-300x300.png 300w, https:\/\/www.barbie-secondlife.com\/wp-content\/uploads\/2022\/11\/Barbie_CheveuxBruns_ES-768x768.png 768w\" data-sizes=\"(max-width: 300px) 100vw, 300px\" src=\"data:image\/svg+xml;base64,PHN2ZyB3aWR0aD0iMSIgaGVpZ2h0PSIxIiB4bWxucz0iaHR0cDovL3d3dy53My5vcmcvMjAwMC9zdmciPjwvc3ZnPg==\" \/><\/a><\/td><td><\/td><td><a href=\"https:\/\/www.barbie-secondlife.com\/es\/barbies\/world\/?filter_10couleur=chatain&amp;query_type_10couleur=or\"><img decoding=\"async\" width=\"300\" height=\"300\" class=\"wp-image-597173 lazyload\" style=\"--smush-placeholder-width: 300px; --smush-placeholder-aspect-ratio: 300\/300;width: 300px;\" data-src=\"https:\/\/www.barbie-secondlife.com\/wp-content\/uploads\/2022\/11\/Barbie_Cheveux_Chatain_ES.png\" alt=\"Barbie Casta\u00f1o\" data-srcset=\"https:\/\/www.barbie-secondlife.com\/wp-content\/uploads\/2022\/11\/Barbie_Cheveux_Chatain_ES.png 800w, https:\/\/www.barbie-secondlife.com\/wp-content\/uploads\/2022\/11\/Barbie_Cheveux_Chatain_ES-302x302.png 302w, https:\/\/www.barbie-secondlife.com\/wp-content\/uploads\/2022\/11\/Barbie_Cheveux_Chatain_ES-200x200.png 200w, https:\/\/www.barbie-secondlife.com\/wp-content\/uploads\/2022\/11\/Barbie_Cheveux_Chatain_ES-500x500.png 500w, https:\/\/www.barbie-secondlife.com\/wp-content\/uploads\/2022\/11\/Barbie_Cheveux_Chatain_ES-350x350.png 350w, https:\/\/www.barbie-secondlife.com\/wp-content\/uploads\/2022\/11\/Barbie_Cheveux_Chatain_ES-300x300.png 300w, https:\/\/www.barbie-secondlife.com\/wp-content\/uploads\/2022\/11\/Barbie_Cheveux_Chatain_ES-768x768.png 768w\" data-sizes=\"(max-width: 300px) 100vw, 300px\" src=\"data:image\/svg+xml;base64,PHN2ZyB3aWR0aD0iMSIgaGVpZ2h0PSIxIiB4bWxucz0iaHR0cDovL3d3dy53My5vcmcvMjAwMC9zdmciPjwvc3ZnPg==\" \/><\/a><\/td><\/tr><tr><td><\/td><td><a href=\"https:\/\/www.barbie-secondlife.com\/es\/barbies\/world\/?filter_10couleur=autre&amp;query_type_10couleur=or\"><img decoding=\"async\" width=\"300\" height=\"300\" class=\"wp-image-597175 lazyload\" style=\"--smush-placeholder-width: 300px; --smush-placeholder-aspect-ratio: 300\/300;width: 300px;\" data-src=\"https:\/\/www.barbie-secondlife.com\/wp-content\/uploads\/2022\/11\/Barbie_Cheveux_XCouleurs_ES.png\" alt=\"Barbie xColor\" data-srcset=\"https:\/\/www.barbie-secondlife.com\/wp-content\/uploads\/2022\/11\/Barbie_Cheveux_XCouleurs_ES.png 800w, https:\/\/www.barbie-secondlife.com\/wp-content\/uploads\/2022\/11\/Barbie_Cheveux_XCouleurs_ES-302x302.png 302w, https:\/\/www.barbie-secondlife.com\/wp-content\/uploads\/2022\/11\/Barbie_Cheveux_XCouleurs_ES-200x200.png 200w, https:\/\/www.barbie-secondlife.com\/wp-content\/uploads\/2022\/11\/Barbie_Cheveux_XCouleurs_ES-500x500.png 500w, https:\/\/www.barbie-secondlife.com\/wp-content\/uploads\/2022\/11\/Barbie_Cheveux_XCouleurs_ES-350x350.png 350w, https:\/\/www.barbie-secondlife.com\/wp-content\/uploads\/2022\/11\/Barbie_Cheveux_XCouleurs_ES-300x300.png 300w, https:\/\/www.barbie-secondlife.com\/wp-content\/uploads\/2022\/11\/Barbie_Cheveux_XCouleurs_ES-768x768.png 768w\" data-sizes=\"(max-width: 300px) 100vw, 300px\" src=\"data:image\/svg+xml;base64,PHN2ZyB3aWR0aD0iMSIgaGVpZ2h0PSIxIiB4bWxucz0iaHR0cDovL3d3dy53My5vcmcvMjAwMC9zdmciPjwvc3ZnPg==\" \/><\/a><\/td><td><\/td><\/tr><tr><td><img decoding=\"async\" width=\"300\" height=\"300\" class=\"wp-image-597174 lazyload\" style=\"--smush-placeholder-width: 300px; --smush-placeholder-aspect-ratio: 300\/300;width: 300px;\" data-src=\"https:\/\/www.barbie-secondlife.com\/wp-content\/uploads\/2022\/11\/Barbie_Cheveux_Blond_ES.png\" alt=\"Barbie Rubio\" data-srcset=\"https:\/\/www.barbie-secondlife.com\/wp-content\/uploads\/2022\/11\/Barbie_Cheveux_Blond_ES.png 800w, https:\/\/www.barbie-secondlife.com\/wp-content\/uploads\/2022\/11\/Barbie_Cheveux_Blond_ES-302x302.png 302w, https:\/\/www.barbie-secondlife.com\/wp-content\/uploads\/2022\/11\/Barbie_Cheveux_Blond_ES-200x200.png 200w, https:\/\/www.barbie-secondlife.com\/wp-content\/uploads\/2022\/11\/Barbie_Cheveux_Blond_ES-500x500.png 500w, https:\/\/www.barbie-secondlife.com\/wp-content\/uploads\/2022\/11\/Barbie_Cheveux_Blond_ES-350x350.png 350w, https:\/\/www.barbie-secondlife.com\/wp-content\/uploads\/2022\/11\/Barbie_Cheveux_Blond_ES-300x300.png 300w, https:\/\/www.barbie-secondlife.com\/wp-content\/uploads\/2022\/11\/Barbie_Cheveux_Blond_ES-768x768.png 768w\" data-sizes=\"(max-width: 300px) 100vw, 300px\" src=\"data:image\/svg+xml;base64,PHN2ZyB3aWR0aD0iMSIgaGVpZ2h0PSIxIiB4bWxucz0iaHR0cDovL3d3dy53My5vcmcvMjAwMC9zdmciPjwvc3ZnPg==\" \/><\/td><td><\/td><td><a href=\"https:\/\/www.barbie-secondlife.com\/es\/barbies\/world\/?filter_10couleur=roux&amp;query_type_10couleur=or\"><img decoding=\"async\" width=\"300\" height=\"300\" class=\"wp-image-597177 lazyload\" style=\"--smush-placeholder-width: 300px; --smush-placeholder-aspect-ratio: 300\/300;width: 300px;\" data-src=\"https:\/\/www.barbie-secondlife.com\/wp-content\/uploads\/2022\/11\/Barbie_CheveuxRoux_ES.png\" alt=\"Barbie pellirojo\" data-srcset=\"https:\/\/www.barbie-secondlife.com\/wp-content\/uploads\/2022\/11\/Barbie_CheveuxRoux_ES.png 800w, https:\/\/www.barbie-secondlife.com\/wp-content\/uploads\/2022\/11\/Barbie_CheveuxRoux_ES-302x302.png 302w, https:\/\/www.barbie-secondlife.com\/wp-content\/uploads\/2022\/11\/Barbie_CheveuxRoux_ES-200x200.png 200w, https:\/\/www.barbie-secondlife.com\/wp-content\/uploads\/2022\/11\/Barbie_CheveuxRoux_ES-500x500.png 500w, https:\/\/www.barbie-secondlife.com\/wp-content\/uploads\/2022\/11\/Barbie_CheveuxRoux_ES-350x350.png 350w, https:\/\/www.barbie-secondlife.com\/wp-content\/uploads\/2022\/11\/Barbie_CheveuxRoux_ES-300x300.png 300w, https:\/\/www.barbie-secondlife.com\/wp-content\/uploads\/2022\/11\/Barbie_CheveuxRoux_ES-768x768.png 768w\" data-sizes=\"(max-width: 300px) 100vw, 300px\" src=\"data:image\/svg+xml;base64,PHN2ZyB3aWR0aD0iMSIgaGVpZ2h0PSIxIiB4bWxucz0iaHR0cDovL3d3dy53My5vcmcvMjAwMC9zdmciPjwvc3ZnPg==\" \/><\/a><\/td><\/tr><\/tbody><\/table><\/figure>\n","protected":false},"excerpt":{"rendered":"<p>Color de Pelo barbie Todos los colores de pelo para mu\u00f1eca Barbie, Barbie rubia, Barbie negra, Barbie casta\u00f1o, Barbie roja u otros colores muy variados forman parte de mi colecci\u00f3n, todos quedan preciosos con todo tipo de cabello. Al hacer clic en una de las im\u00e1genes a continuaci\u00f3n, descubrir\u00e1 las Barbies de mi colecci\u00f3n correspondientes [&hellip;]<\/p>\n","protected":false},"author":1,"featured_media":592686,"parent":592649,"menu_order":0,"comment_status":"closed","ping_status":"closed","template":"","meta":{"footnotes":""},"class_list":["post-592764","page","type-page","status-publish","has-post-thumbnail","hentry"],"translation":{"provider":"WPGlobus","version":"3.0.2","language":"es","enabled_languages":["fr","en","es","br","de"],"languages":{"fr":{"title":true,"content":true,"excerpt":false},"en":{"title":true,"content":true,"excerpt":false},"es":{"title":true,"content":true,"excerpt":false},"br":{"title":true,"content":true,"excerpt":false},"de":{"title":true,"content":true,"excerpt":false}}},"_links":{"self":[{"href":"https:\/\/www.barbie-secondlife.com\/es\/wp-json\/wp\/v2\/pages\/592764","targetHints":{"allow":["GET"]}}],"collection":[{"href":"https:\/\/www.barbie-secondlife.com\/es\/wp-json\/wp\/v2\/pages"}],"about":[{"href":"https:\/\/www.barbie-secondlife.com\/es\/wp-json\/wp\/v2\/types\/page"}],"author":[{"embeddable":true,"href":"https:\/\/www.barbie-secondlife.com\/es\/wp-json\/wp\/v2\/users\/1"}],"replies":[{"embeddable":true,"href":"https:\/\/www.barbie-secondlife.com\/es\/wp-json\/wp\/v2\/comments?post=592764"}],"version-history":[{"count":5,"href":"https:\/\/www.barbie-secondlife.com\/es\/wp-json\/wp\/v2\/pages\/592764\/revisions"}],"predecessor-version":[{"id":597213,"href":"https:\/\/www.barbie-secondlife.com\/es\/wp-json\/wp\/v2\/pages\/592764\/revisions\/597213"}],"up":[{"embeddable":true,"href":"https:\/\/www.barbie-secondlife.com\/es\/wp-json\/wp\/v2\/pages\/592649"}],"wp:featuredmedia":[{"embeddable":true,"href":"https:\/\/www.barbie-secondlife.com\/es\/wp-json\/wp\/v2\/media\/592686"}],"wp:attachment":[{"href":"https:\/\/www.barbie-secondlife.com\/es\/wp-json\/wp\/v2\/media?parent=592764"}],"curies":[{"name":"wp","href":"https:\/\/api.w.org\/{rel}","templated":true}]}}