{"id":592765,"date":"2022-07-17T19:26:20","date_gmt":"2022-07-17T17:26:20","guid":{"rendered":"https:\/\/www.barbie-secondlife.com\/?page_id=592765"},"modified":"2023-02-05T20:48:46","modified_gmt":"2023-02-05T19:48:46","slug":"couleur-des-yeux-de-barbie","status":"publish","type":"page","link":"https:\/\/www.barbie-secondlife.com\/es\/attributs\/couleur-des-yeux-de-barbie\/","title":{"rendered":"Color de ojos de Barbie"},"content":{"rendered":"\n<h2 class=\"wp-block-heading\"><strong><em>Color de ojos de la mu\u00f1eca barbie<\/em><\/strong><\/h2>\n\n\n\n<p>Todos los colores de ojos de la mu\u00f1eca Barbie. Barbie con ojos azules, marrones, negros, verdes o incluso de otros colores muy variados que forman parte de mi colecci\u00f3n, todas son preciosas con todo tipo de ojos. Al hacer clic en una de las im\u00e1genes a continuaci\u00f3n, descubrir\u00e1 las Barbies de mi colecci\u00f3n correspondientes a los diferentes colores de ojos.<\/p>\n\n\n\n<hr class=\"wp-block-separator has-css-opacity\"\/>\n\n\n\n<figure class=\"wp-block-image size-full\"><a href=\"https:\/\/www.barbie-secondlife.com\/es\/barbies\/world\/?filter_15couleur-yeux=noirs&amp;query_type_15couleur-yeux=or\"><img decoding=\"async\" width=\"1024\" height=\"137\" data-src=\"https:\/\/www.barbie-secondlife.com\/wp-content\/uploads\/2022\/07\/Barbie_YeuxNoirs.jpg\" alt=\"\" class=\"wp-image-592807 lazyload\" data-srcset=\"https:\/\/www.barbie-secondlife.com\/wp-content\/uploads\/2022\/07\/Barbie_YeuxNoirs.jpg 1024w, https:\/\/www.barbie-secondlife.com\/wp-content\/uploads\/2022\/07\/Barbie_YeuxNoirs-302x40.jpg 302w, https:\/\/www.barbie-secondlife.com\/wp-content\/uploads\/2022\/07\/Barbie_YeuxNoirs-200x27.jpg 200w, https:\/\/www.barbie-secondlife.com\/wp-content\/uploads\/2022\/07\/Barbie_YeuxNoirs-500x67.jpg 500w, https:\/\/www.barbie-secondlife.com\/wp-content\/uploads\/2022\/07\/Barbie_YeuxNoirs-350x47.jpg 350w, https:\/\/www.barbie-secondlife.com\/wp-content\/uploads\/2022\/07\/Barbie_YeuxNoirs-768x103.jpg 768w\" data-sizes=\"(max-width: 1024px) 100vw, 1024px\" src=\"data:image\/svg+xml;base64,PHN2ZyB3aWR0aD0iMSIgaGVpZ2h0PSIxIiB4bWxucz0iaHR0cDovL3d3dy53My5vcmcvMjAwMC9zdmciPjwvc3ZnPg==\" style=\"--smush-placeholder-width: 1024px; --smush-placeholder-aspect-ratio: 1024\/137;\" \/><\/a><\/figure>\n\n\n\n<hr class=\"wp-block-separator has-css-opacity\"\/>\n\n\n\n<figure class=\"wp-block-image size-full\"><a href=\"https:\/\/www.barbie-secondlife.com\/es\/barbies\/world\/?filter_15couleur-yeux=bleus&amp;query_type_15couleur-yeux=or\"><img decoding=\"async\" width=\"1024\" height=\"137\" data-src=\"https:\/\/www.barbie-secondlife.com\/wp-content\/uploads\/2022\/07\/Barbie_YeuxBleus.jpg\" alt=\"\" class=\"wp-image-592808 lazyload\" data-srcset=\"https:\/\/www.barbie-secondlife.com\/wp-content\/uploads\/2022\/07\/Barbie_YeuxBleus.jpg 1024w, https:\/\/www.barbie-secondlife.com\/wp-content\/uploads\/2022\/07\/Barbie_YeuxBleus-302x40.jpg 302w, https:\/\/www.barbie-secondlife.com\/wp-content\/uploads\/2022\/07\/Barbie_YeuxBleus-200x27.jpg 200w, https:\/\/www.barbie-secondlife.com\/wp-content\/uploads\/2022\/07\/Barbie_YeuxBleus-500x67.jpg 500w, https:\/\/www.barbie-secondlife.com\/wp-content\/uploads\/2022\/07\/Barbie_YeuxBleus-350x47.jpg 350w, https:\/\/www.barbie-secondlife.com\/wp-content\/uploads\/2022\/07\/Barbie_YeuxBleus-768x103.jpg 768w\" data-sizes=\"(max-width: 1024px) 100vw, 1024px\" src=\"data:image\/svg+xml;base64,PHN2ZyB3aWR0aD0iMSIgaGVpZ2h0PSIxIiB4bWxucz0iaHR0cDovL3d3dy53My5vcmcvMjAwMC9zdmciPjwvc3ZnPg==\" style=\"--smush-placeholder-width: 1024px; --smush-placeholder-aspect-ratio: 1024\/137;\" \/><\/a><\/figure>\n\n\n\n<hr class=\"wp-block-separator has-css-opacity\"\/>\n\n\n\n<figure class=\"wp-block-image size-full\"><a href=\"https:\/\/www.barbie-secondlife.com\/es\/barbies\/world\/?query_type_15couleur-yeux=or&amp;filter_15couleur-yeux=verts\"><img decoding=\"async\" width=\"1024\" height=\"137\" data-src=\"https:\/\/www.barbie-secondlife.com\/wp-content\/uploads\/2022\/07\/Barbie_Yeuxverts.jpg\" alt=\"\" class=\"wp-image-592809 lazyload\" data-srcset=\"https:\/\/www.barbie-secondlife.com\/wp-content\/uploads\/2022\/07\/Barbie_Yeuxverts.jpg 1024w, https:\/\/www.barbie-secondlife.com\/wp-content\/uploads\/2022\/07\/Barbie_Yeuxverts-302x40.jpg 302w, https:\/\/www.barbie-secondlife.com\/wp-content\/uploads\/2022\/07\/Barbie_Yeuxverts-200x27.jpg 200w, https:\/\/www.barbie-secondlife.com\/wp-content\/uploads\/2022\/07\/Barbie_Yeuxverts-500x67.jpg 500w, https:\/\/www.barbie-secondlife.com\/wp-content\/uploads\/2022\/07\/Barbie_Yeuxverts-350x47.jpg 350w, https:\/\/www.barbie-secondlife.com\/wp-content\/uploads\/2022\/07\/Barbie_Yeuxverts-768x103.jpg 768w\" data-sizes=\"(max-width: 1024px) 100vw, 1024px\" src=\"data:image\/svg+xml;base64,PHN2ZyB3aWR0aD0iMSIgaGVpZ2h0PSIxIiB4bWxucz0iaHR0cDovL3d3dy53My5vcmcvMjAwMC9zdmciPjwvc3ZnPg==\" style=\"--smush-placeholder-width: 1024px; --smush-placeholder-aspect-ratio: 1024\/137;\" \/><\/a><\/figure>\n\n\n\n<hr class=\"wp-block-separator has-css-opacity\"\/>\n\n\n\n<figure class=\"wp-block-image size-full\"><a href=\"https:\/\/www.barbie-secondlife.com\/es\/barbies\/world\/?query_type_15couleur-yeux=or&amp;filter_15couleur-yeux=marrons\"><img decoding=\"async\" width=\"1024\" height=\"137\" data-src=\"https:\/\/www.barbie-secondlife.com\/wp-content\/uploads\/2022\/07\/Barbie_YeuxvMarrons.jpg\" alt=\"\" class=\"wp-image-592810 lazyload\" data-srcset=\"https:\/\/www.barbie-secondlife.com\/wp-content\/uploads\/2022\/07\/Barbie_YeuxvMarrons.jpg 1024w, https:\/\/www.barbie-secondlife.com\/wp-content\/uploads\/2022\/07\/Barbie_YeuxvMarrons-302x40.jpg 302w, https:\/\/www.barbie-secondlife.com\/wp-content\/uploads\/2022\/07\/Barbie_YeuxvMarrons-200x27.jpg 200w, https:\/\/www.barbie-secondlife.com\/wp-content\/uploads\/2022\/07\/Barbie_YeuxvMarrons-500x67.jpg 500w, https:\/\/www.barbie-secondlife.com\/wp-content\/uploads\/2022\/07\/Barbie_YeuxvMarrons-350x47.jpg 350w, https:\/\/www.barbie-secondlife.com\/wp-content\/uploads\/2022\/07\/Barbie_YeuxvMarrons-768x103.jpg 768w\" data-sizes=\"(max-width: 1024px) 100vw, 1024px\" src=\"data:image\/svg+xml;base64,PHN2ZyB3aWR0aD0iMSIgaGVpZ2h0PSIxIiB4bWxucz0iaHR0cDovL3d3dy53My5vcmcvMjAwMC9zdmciPjwvc3ZnPg==\" style=\"--smush-placeholder-width: 1024px; --smush-placeholder-aspect-ratio: 1024\/137;\" \/><\/a><\/figure>\n\n\n\n<hr class=\"wp-block-separator has-css-opacity\"\/>\n\n\n\n<figure class=\"wp-block-image size-full\"><a href=\"https:\/\/www.barbie-secondlife.com\/es\/barbies\/world\/?query_type_15couleur-yeux=or&amp;filter_15couleur-yeux=xcouleurs\"><img decoding=\"async\" width=\"1024\" height=\"137\" data-src=\"https:\/\/www.barbie-secondlife.com\/wp-content\/uploads\/2022\/07\/Barbie_YeuxXcouleurs.jpg\" alt=\"\" class=\"wp-image-592811 lazyload\" data-srcset=\"https:\/\/www.barbie-secondlife.com\/wp-content\/uploads\/2022\/07\/Barbie_YeuxXcouleurs.jpg 1024w, https:\/\/www.barbie-secondlife.com\/wp-content\/uploads\/2022\/07\/Barbie_YeuxXcouleurs-302x40.jpg 302w, https:\/\/www.barbie-secondlife.com\/wp-content\/uploads\/2022\/07\/Barbie_YeuxXcouleurs-200x27.jpg 200w, https:\/\/www.barbie-secondlife.com\/wp-content\/uploads\/2022\/07\/Barbie_YeuxXcouleurs-500x67.jpg 500w, https:\/\/www.barbie-secondlife.com\/wp-content\/uploads\/2022\/07\/Barbie_YeuxXcouleurs-350x47.jpg 350w, https:\/\/www.barbie-secondlife.com\/wp-content\/uploads\/2022\/07\/Barbie_YeuxXcouleurs-768x103.jpg 768w\" data-sizes=\"(max-width: 1024px) 100vw, 1024px\" src=\"data:image\/svg+xml;base64,PHN2ZyB3aWR0aD0iMSIgaGVpZ2h0PSIxIiB4bWxucz0iaHR0cDovL3d3dy53My5vcmcvMjAwMC9zdmciPjwvc3ZnPg==\" style=\"--smush-placeholder-width: 1024px; --smush-placeholder-aspect-ratio: 1024\/137;\" \/><\/a><\/figure>\n\n\n\n<hr class=\"wp-block-separator has-css-opacity\"\/>\n","protected":false},"excerpt":{"rendered":"<p>Color de ojos de la mu\u00f1eca barbie Todos los colores de ojos de la mu\u00f1eca Barbie. Barbie con ojos azules, marrones, negros, verdes o incluso de otros colores muy variados que forman parte de mi colecci\u00f3n, todas son preciosas con todo tipo de ojos. Al hacer clic en una de las im\u00e1genes a continuaci\u00f3n, descubrir\u00e1 [&hellip;]<\/p>\n","protected":false},"author":1,"featured_media":592686,"parent":592649,"menu_order":0,"comment_status":"closed","ping_status":"closed","template":"","meta":{"footnotes":""},"class_list":["post-592765","page","type-page","status-publish","has-post-thumbnail","hentry"],"translation":{"provider":"WPGlobus","version":"3.0.2","language":"es","enabled_languages":["fr","en","es","br","de"],"languages":{"fr":{"title":true,"content":true,"excerpt":false},"en":{"title":true,"content":true,"excerpt":false},"es":{"title":true,"content":true,"excerpt":false},"br":{"title":true,"content":true,"excerpt":false},"de":{"title":true,"content":true,"excerpt":false}}},"_links":{"self":[{"href":"https:\/\/www.barbie-secondlife.com\/es\/wp-json\/wp\/v2\/pages\/592765","targetHints":{"allow":["GET"]}}],"collection":[{"href":"https:\/\/www.barbie-secondlife.com\/es\/wp-json\/wp\/v2\/pages"}],"about":[{"href":"https:\/\/www.barbie-secondlife.com\/es\/wp-json\/wp\/v2\/types\/page"}],"author":[{"embeddable":true,"href":"https:\/\/www.barbie-secondlife.com\/es\/wp-json\/wp\/v2\/users\/1"}],"replies":[{"embeddable":true,"href":"https:\/\/www.barbie-secondlife.com\/es\/wp-json\/wp\/v2\/comments?post=592765"}],"version-history":[{"count":5,"href":"https:\/\/www.barbie-secondlife.com\/es\/wp-json\/wp\/v2\/pages\/592765\/revisions"}],"predecessor-version":[{"id":597479,"href":"https:\/\/www.barbie-secondlife.com\/es\/wp-json\/wp\/v2\/pages\/592765\/revisions\/597479"}],"up":[{"embeddable":true,"href":"https:\/\/www.barbie-secondlife.com\/es\/wp-json\/wp\/v2\/pages\/592649"}],"wp:featuredmedia":[{"embeddable":true,"href":"https:\/\/www.barbie-secondlife.com\/es\/wp-json\/wp\/v2\/media\/592686"}],"wp:attachment":[{"href":"https:\/\/www.barbie-secondlife.com\/es\/wp-json\/wp\/v2\/media?parent=592765"}],"curies":[{"name":"wp","href":"https:\/\/api.w.org\/{rel}","templated":true}]}}