{"id":604767,"date":"2025-07-27T20:36:32","date_gmt":"2025-07-27T18:36:32","guid":{"rendered":"https:\/\/www.barbie-secondlife.com\/?page_id=604767"},"modified":"2025-12-13T22:47:46","modified_gmt":"2025-12-13T21:47:46","slug":"barbies-next-top-model-2025","status":"publish","type":"page","link":"https:\/\/www.barbie-secondlife.com\/es\/evenements\/barbies-next-top-model-2025\/","title":{"rendered":"Barbie&#8217;s Next Top Model"},"content":{"rendered":"<div class=\"wp-block-image\">\n<figure class=\"aligncenter size-full\"><img decoding=\"async\" width=\"700\" height=\"184\" data-src=\"https:\/\/www.barbie-secondlife.com\/wp-content\/uploads\/2025\/07\/BNTM-1.gif\" alt=\"Barbie Next's Top Model\" class=\"wp-image-604981 lazyload\" src=\"data:image\/svg+xml;base64,PHN2ZyB3aWR0aD0iMSIgaGVpZ2h0PSIxIiB4bWxucz0iaHR0cDovL3d3dy53My5vcmcvMjAwMC9zdmciPjwvc3ZnPg==\" style=\"--smush-placeholder-width: 700px; --smush-placeholder-aspect-ratio: 700\/184;\" \/><\/figure>\n<\/div>\n\n\n<h2 class=\"wp-block-heading has-text-align-center\">El Concurso Internacional de Barbie<\/h2>\n\n\n\n<p>\u00a1Bienvenido a <strong>Barbie-SecondLife.com<\/strong>, tu destino imprescindible para descubrir y votar en nuestro incre\u00edble <strong>concurso Barbie&#8217;s Next Top Model<\/strong>! Emb\u00e1rcate en un viaje \u00fanico alrededor del mundo con nuestra selecci\u00f3n exclusiva de trajes de Barbie inspirados en las culturas y tradiciones de varios continentes: Am\u00e9rica del Norte, Am\u00e9rica del Sur, \u00c1frica, Asia, Ocean\u00eda, Europa del Este, Europa Occidental y Oriente Medio. Quince Barbies lucen cada traje, pero solo una obtendr\u00e1 el gran premio.<br>&#8211; <strong>Una celebraci\u00f3n de la diversidad cultural<\/strong> a trav\u00e9s de la moda de Barbie.<br>&#8211; <strong>Una oportunidad \u00fanica para hacer o\u00edr tu voz<\/strong> y apoyar la creatividad en todo el mundo votando por tu Barbie favorita.<\/p>\n\n\n\n<p><\/p>\n\n\n\n<hr class=\"wp-block-separator has-alpha-channel-opacity\"\/>\n\n\n\n<figure class=\"wp-block-gallery has-nested-images columns-4 is-cropped wp-block-gallery-1 is-layout-flex wp-block-gallery-is-layout-flex\">\n<figure class=\"wp-block-image size-full\"><a href=\"https:\/\/www.barbie-secondlife.com\/es\/evenements\/barbies-next-top-model-2025\/barbie-nexts-top-model-oceanie\/\"><img decoding=\"async\" width=\"400\" height=\"800\" data-id=\"607647\" data-src=\"https:\/\/www.barbie-secondlife.com\/wp-content\/uploads\/2025\/12\/BNTM_Oceanie_Griselda_ES.jpg\" alt=\"Barbie's Next Top Model 2025\" class=\"wp-image-607647 lazyload\" data-srcset=\"https:\/\/www.barbie-secondlife.com\/wp-content\/uploads\/2025\/12\/BNTM_Oceanie_Griselda_ES.jpg 400w, https:\/\/www.barbie-secondlife.com\/wp-content\/uploads\/2025\/12\/BNTM_Oceanie_Griselda_ES-350x700.jpg 350w, https:\/\/www.barbie-secondlife.com\/wp-content\/uploads\/2025\/12\/BNTM_Oceanie_Griselda_ES-150x300.jpg 150w, https:\/\/www.barbie-secondlife.com\/wp-content\/uploads\/2025\/12\/BNTM_Oceanie_Griselda_ES-302x604.jpg 302w, https:\/\/www.barbie-secondlife.com\/wp-content\/uploads\/2025\/12\/BNTM_Oceanie_Griselda_ES-200x400.jpg 200w\" data-sizes=\"(max-width: 400px) 100vw, 400px\" src=\"data:image\/svg+xml;base64,PHN2ZyB3aWR0aD0iMSIgaGVpZ2h0PSIxIiB4bWxucz0iaHR0cDovL3d3dy53My5vcmcvMjAwMC9zdmciPjwvc3ZnPg==\" style=\"--smush-placeholder-width: 400px; --smush-placeholder-aspect-ratio: 400\/800;\" \/><\/a><\/figure>\n\n\n\n<figure class=\"wp-block-image size-full\"><a href=\"https:\/\/www.barbie-secondlife.com\/es\/evenements\/barbies-next-top-model-2025\/barbie-nexts-top-model-moyen-orient\/\"><img decoding=\"async\" width=\"400\" height=\"800\" data-id=\"607626\" data-src=\"https:\/\/www.barbie-secondlife.com\/wp-content\/uploads\/2025\/12\/BNTM_MoyenOrient_Majka_ES.jpg\" alt=\"Barbie's Next Top Model 2025\" class=\"wp-image-607626 lazyload\" data-srcset=\"https:\/\/www.barbie-secondlife.com\/wp-content\/uploads\/2025\/12\/BNTM_MoyenOrient_Majka_ES.jpg 400w, https:\/\/www.barbie-secondlife.com\/wp-content\/uploads\/2025\/12\/BNTM_MoyenOrient_Majka_ES-350x700.jpg 350w, https:\/\/www.barbie-secondlife.com\/wp-content\/uploads\/2025\/12\/BNTM_MoyenOrient_Majka_ES-150x300.jpg 150w, https:\/\/www.barbie-secondlife.com\/wp-content\/uploads\/2025\/12\/BNTM_MoyenOrient_Majka_ES-302x604.jpg 302w, https:\/\/www.barbie-secondlife.com\/wp-content\/uploads\/2025\/12\/BNTM_MoyenOrient_Majka_ES-200x400.jpg 200w\" data-sizes=\"(max-width: 400px) 100vw, 400px\" src=\"data:image\/svg+xml;base64,PHN2ZyB3aWR0aD0iMSIgaGVpZ2h0PSIxIiB4bWxucz0iaHR0cDovL3d3dy53My5vcmcvMjAwMC9zdmciPjwvc3ZnPg==\" style=\"--smush-placeholder-width: 400px; --smush-placeholder-aspect-ratio: 400\/800;\" \/><\/a><\/figure>\n\n\n\n<figure class=\"wp-block-image size-full\"><a href=\"https:\/\/www.barbie-secondlife.com\/es\/evenements\/barbies-next-top-model-2025\/barbie-nexts-top-model-asie\/\"><img decoding=\"async\" width=\"400\" height=\"800\" data-id=\"607607\" data-src=\"https:\/\/www.barbie-secondlife.com\/wp-content\/uploads\/2025\/12\/BNTM_Asie_Hadeel_ES.jpg\" alt=\"Barbie's Next Top Model 2025\" class=\"wp-image-607607 lazyload\" data-srcset=\"https:\/\/www.barbie-secondlife.com\/wp-content\/uploads\/2025\/12\/BNTM_Asie_Hadeel_ES.jpg 400w, https:\/\/www.barbie-secondlife.com\/wp-content\/uploads\/2025\/12\/BNTM_Asie_Hadeel_ES-350x700.jpg 350w, https:\/\/www.barbie-secondlife.com\/wp-content\/uploads\/2025\/12\/BNTM_Asie_Hadeel_ES-150x300.jpg 150w, https:\/\/www.barbie-secondlife.com\/wp-content\/uploads\/2025\/12\/BNTM_Asie_Hadeel_ES-302x604.jpg 302w, https:\/\/www.barbie-secondlife.com\/wp-content\/uploads\/2025\/12\/BNTM_Asie_Hadeel_ES-200x400.jpg 200w\" data-sizes=\"(max-width: 400px) 100vw, 400px\" src=\"data:image\/svg+xml;base64,PHN2ZyB3aWR0aD0iMSIgaGVpZ2h0PSIxIiB4bWxucz0iaHR0cDovL3d3dy53My5vcmcvMjAwMC9zdmciPjwvc3ZnPg==\" style=\"--smush-placeholder-width: 400px; --smush-placeholder-aspect-ratio: 400\/800;\" \/><\/a><\/figure>\n\n\n\n<figure class=\"wp-block-image size-full\"><a href=\"https:\/\/www.barbie-secondlife.com\/es\/evenements\/barbies-next-top-model-2025\/barbie-nexts-top-model-europe-de-lest\/\"><img decoding=\"async\" width=\"400\" height=\"800\" data-id=\"607458\" data-src=\"https:\/\/www.barbie-secondlife.com\/wp-content\/uploads\/2025\/11\/BNTM_EuropeEst_Rita_ES.jpg\" alt=\"Barbie's Next Top Model 2025\" class=\"wp-image-607458 lazyload\" data-srcset=\"https:\/\/www.barbie-secondlife.com\/wp-content\/uploads\/2025\/11\/BNTM_EuropeEst_Rita_ES.jpg 400w, https:\/\/www.barbie-secondlife.com\/wp-content\/uploads\/2025\/11\/BNTM_EuropeEst_Rita_ES-350x700.jpg 350w, https:\/\/www.barbie-secondlife.com\/wp-content\/uploads\/2025\/11\/BNTM_EuropeEst_Rita_ES-150x300.jpg 150w, https:\/\/www.barbie-secondlife.com\/wp-content\/uploads\/2025\/11\/BNTM_EuropeEst_Rita_ES-302x604.jpg 302w, https:\/\/www.barbie-secondlife.com\/wp-content\/uploads\/2025\/11\/BNTM_EuropeEst_Rita_ES-200x400.jpg 200w\" data-sizes=\"(max-width: 400px) 100vw, 400px\" src=\"data:image\/svg+xml;base64,PHN2ZyB3aWR0aD0iMSIgaGVpZ2h0PSIxIiB4bWxucz0iaHR0cDovL3d3dy53My5vcmcvMjAwMC9zdmciPjwvc3ZnPg==\" style=\"--smush-placeholder-width: 400px; --smush-placeholder-aspect-ratio: 400\/800;\" \/><\/a><\/figure>\n<\/figure>\n\n\n\n<hr class=\"wp-block-separator has-alpha-channel-opacity\"\/>\n\n\n\n<figure class=\"wp-block-gallery has-nested-images columns-4 is-cropped wp-block-gallery-2 is-layout-flex wp-block-gallery-is-layout-flex\">\n<figure class=\"wp-block-image size-full\"><a href=\"https:\/\/www.barbie-secondlife.com\/es\/evenements\/barbies-next-top-model-2025\/barbie-nexts-top-model-afrique\/\"><img decoding=\"async\" width=\"400\" height=\"800\" data-id=\"607179\" data-src=\"https:\/\/www.barbie-secondlife.com\/wp-content\/uploads\/2025\/10\/BNTM_Afrique_Iqra_ES.jpg\" alt=\"Barbie's Next Top Model 2025\" class=\"wp-image-607179 lazyload\" data-srcset=\"https:\/\/www.barbie-secondlife.com\/wp-content\/uploads\/2025\/10\/BNTM_Afrique_Iqra_ES.jpg 400w, https:\/\/www.barbie-secondlife.com\/wp-content\/uploads\/2025\/10\/BNTM_Afrique_Iqra_ES-350x700.jpg 350w, https:\/\/www.barbie-secondlife.com\/wp-content\/uploads\/2025\/10\/BNTM_Afrique_Iqra_ES-150x300.jpg 150w, https:\/\/www.barbie-secondlife.com\/wp-content\/uploads\/2025\/10\/BNTM_Afrique_Iqra_ES-302x604.jpg 302w, https:\/\/www.barbie-secondlife.com\/wp-content\/uploads\/2025\/10\/BNTM_Afrique_Iqra_ES-200x400.jpg 200w\" data-sizes=\"(max-width: 400px) 100vw, 400px\" src=\"data:image\/svg+xml;base64,PHN2ZyB3aWR0aD0iMSIgaGVpZ2h0PSIxIiB4bWxucz0iaHR0cDovL3d3dy53My5vcmcvMjAwMC9zdmciPjwvc3ZnPg==\" style=\"--smush-placeholder-width: 400px; --smush-placeholder-aspect-ratio: 400\/800;\" \/><\/a><\/figure>\n\n\n\n<figure class=\"wp-block-image size-large\"><a href=\"https:\/\/www.barbie-secondlife.com\/es\/evenements\/barbies-next-top-model-2025\/barbie-nexts-top-model-europe-de-louest\/\"><img decoding=\"async\" width=\"400\" height=\"800\" data-id=\"607092\" data-src=\"https:\/\/www.barbie-secondlife.com\/wp-content\/uploads\/2025\/10\/BNTM_EuropeOuest_Deborah_ES.jpg\" alt=\"Barbie's Next Top Model 2025\" class=\"wp-image-607092 lazyload\" data-srcset=\"https:\/\/www.barbie-secondlife.com\/wp-content\/uploads\/2025\/10\/BNTM_EuropeOuest_Deborah_ES.jpg 400w, https:\/\/www.barbie-secondlife.com\/wp-content\/uploads\/2025\/10\/BNTM_EuropeOuest_Deborah_ES-350x700.jpg 350w, https:\/\/www.barbie-secondlife.com\/wp-content\/uploads\/2025\/10\/BNTM_EuropeOuest_Deborah_ES-150x300.jpg 150w, https:\/\/www.barbie-secondlife.com\/wp-content\/uploads\/2025\/10\/BNTM_EuropeOuest_Deborah_ES-302x604.jpg 302w, https:\/\/www.barbie-secondlife.com\/wp-content\/uploads\/2025\/10\/BNTM_EuropeOuest_Deborah_ES-200x400.jpg 200w\" data-sizes=\"(max-width: 400px) 100vw, 400px\" src=\"data:image\/svg+xml;base64,PHN2ZyB3aWR0aD0iMSIgaGVpZ2h0PSIxIiB4bWxucz0iaHR0cDovL3d3dy53My5vcmcvMjAwMC9zdmciPjwvc3ZnPg==\" style=\"--smush-placeholder-width: 400px; --smush-placeholder-aspect-ratio: 400\/800;\" \/><\/a><\/figure>\n\n\n\n<figure class=\"wp-block-image size-full\"><a href=\"https:\/\/www.barbie-secondlife.com\/es\/evenements\/barbies-next-top-model-2025\/barbie-nexts-top-model-amerique-du-sud\/\"><img decoding=\"async\" width=\"400\" height=\"800\" data-id=\"606947\" data-src=\"https:\/\/www.barbie-secondlife.com\/wp-content\/uploads\/2025\/09\/BNTM_AmeriqueSud_Catriona_ES.jpg\" alt=\"Barbie's Next Top Model 2025\" class=\"wp-image-606947 lazyload\" data-srcset=\"https:\/\/www.barbie-secondlife.com\/wp-content\/uploads\/2025\/09\/BNTM_AmeriqueSud_Catriona_ES.jpg 400w, https:\/\/www.barbie-secondlife.com\/wp-content\/uploads\/2025\/09\/BNTM_AmeriqueSud_Catriona_ES-350x700.jpg 350w, https:\/\/www.barbie-secondlife.com\/wp-content\/uploads\/2025\/09\/BNTM_AmeriqueSud_Catriona_ES-150x300.jpg 150w, https:\/\/www.barbie-secondlife.com\/wp-content\/uploads\/2025\/09\/BNTM_AmeriqueSud_Catriona_ES-302x604.jpg 302w, https:\/\/www.barbie-secondlife.com\/wp-content\/uploads\/2025\/09\/BNTM_AmeriqueSud_Catriona_ES-200x400.jpg 200w\" data-sizes=\"(max-width: 400px) 100vw, 400px\" src=\"data:image\/svg+xml;base64,PHN2ZyB3aWR0aD0iMSIgaGVpZ2h0PSIxIiB4bWxucz0iaHR0cDovL3d3dy53My5vcmcvMjAwMC9zdmciPjwvc3ZnPg==\" style=\"--smush-placeholder-width: 400px; --smush-placeholder-aspect-ratio: 400\/800;\" \/><\/a><\/figure>\n\n\n\n<figure class=\"wp-block-image size-full\"><a href=\"https:\/\/www.barbie-secondlife.com\/es\/evenements\/barbies-next-top-model-2025\/barbie-nexts-top-model-amerique-du-nord\/\"><img decoding=\"async\" width=\"400\" height=\"800\" data-id=\"606918\" data-src=\"https:\/\/www.barbie-secondlife.com\/wp-content\/uploads\/2025\/09\/BNTM_AmeriqueNord_Catriona_ES.jpg\" alt=\"Barbie's Next Top Model 2025\" class=\"wp-image-606918 lazyload\" data-srcset=\"https:\/\/www.barbie-secondlife.com\/wp-content\/uploads\/2025\/09\/BNTM_AmeriqueNord_Catriona_ES.jpg 400w, https:\/\/www.barbie-secondlife.com\/wp-content\/uploads\/2025\/09\/BNTM_AmeriqueNord_Catriona_ES-350x700.jpg 350w, https:\/\/www.barbie-secondlife.com\/wp-content\/uploads\/2025\/09\/BNTM_AmeriqueNord_Catriona_ES-150x300.jpg 150w, https:\/\/www.barbie-secondlife.com\/wp-content\/uploads\/2025\/09\/BNTM_AmeriqueNord_Catriona_ES-302x604.jpg 302w, https:\/\/www.barbie-secondlife.com\/wp-content\/uploads\/2025\/09\/BNTM_AmeriqueNord_Catriona_ES-200x400.jpg 200w\" data-sizes=\"(max-width: 400px) 100vw, 400px\" src=\"data:image\/svg+xml;base64,PHN2ZyB3aWR0aD0iMSIgaGVpZ2h0PSIxIiB4bWxucz0iaHR0cDovL3d3dy53My5vcmcvMjAwMC9zdmciPjwvc3ZnPg==\" style=\"--smush-placeholder-width: 400px; --smush-placeholder-aspect-ratio: 400\/800;\" \/><\/a><\/figure>\n<\/figure>\n\n\n\n<hr class=\"wp-block-separator has-alpha-channel-opacity\"\/>\n\n\n<div class=\"wp-block-image\">\n<figure class=\"aligncenter size-full\"><img decoding=\"async\" width=\"1024\" height=\"358\" data-src=\"https:\/\/www.barbie-secondlife.com\/wp-content\/uploads\/2025\/06\/Barbie_Next_Top_Model_2025.jpg\" alt=\"Barbie Next's Top Model 2025\" class=\"wp-image-604768 lazyload\" data-srcset=\"https:\/\/www.barbie-secondlife.com\/wp-content\/uploads\/2025\/06\/Barbie_Next_Top_Model_2025.jpg 1024w, https:\/\/www.barbie-secondlife.com\/wp-content\/uploads\/2025\/06\/Barbie_Next_Top_Model_2025-302x106.jpg 302w, https:\/\/www.barbie-secondlife.com\/wp-content\/uploads\/2025\/06\/Barbie_Next_Top_Model_2025-200x70.jpg 200w, https:\/\/www.barbie-secondlife.com\/wp-content\/uploads\/2025\/06\/Barbie_Next_Top_Model_2025-500x175.jpg 500w, https:\/\/www.barbie-secondlife.com\/wp-content\/uploads\/2025\/06\/Barbie_Next_Top_Model_2025-350x122.jpg 350w, https:\/\/www.barbie-secondlife.com\/wp-content\/uploads\/2025\/06\/Barbie_Next_Top_Model_2025-768x269.jpg 768w\" data-sizes=\"(max-width: 1024px) 100vw, 1024px\" src=\"data:image\/svg+xml;base64,PHN2ZyB3aWR0aD0iMSIgaGVpZ2h0PSIxIiB4bWxucz0iaHR0cDovL3d3dy53My5vcmcvMjAwMC9zdmciPjwvc3ZnPg==\" style=\"--smush-placeholder-width: 1024px; --smush-placeholder-aspect-ratio: 1024\/358;\" \/><\/figure>\n<\/div>\n\n\n<h2 class=\"wp-block-heading\">Descubre los Trajes de Barbie de Todo el Mundo<\/h2>\n\n\n\n<p>Cada participaci\u00f3n en el concurso destaca creaciones originales, aut\u00e9nticas y coloridas que representan la diversidad cultural mediante trajes tradicionales y modernos. Ya sea que te atraiga la sofisticaci\u00f3n europea, la riqueza de los estampados africanos, los colores vibrantes de Sudam\u00e9rica o la elegancia oriental, seguramente encontrar\u00e1s tu favorita entre estos modelos \u00fanicos y <strong>votar\u00e1s por la Barbie que mejor luzca su traje<\/strong>.<\/p>\n\n\n\n<p><\/p>\n","protected":false},"excerpt":{"rendered":"<p>El Concurso Internacional de Barbie \u00a1Bienvenido a Barbie-SecondLife.com, tu destino imprescindible para descubrir y votar en nuestro incre\u00edble concurso Barbie&#8217;s Next Top Model! Emb\u00e1rcate en un viaje \u00fanico alrededor del mundo con nuestra selecci\u00f3n exclusiva de trajes de Barbie inspirados en las culturas y tradiciones de varios continentes: Am\u00e9rica del Norte, Am\u00e9rica del Sur, \u00c1frica, [&hellip;]<\/p>\n","protected":false},"author":1,"featured_media":604768,"parent":10511,"menu_order":0,"comment_status":"closed","ping_status":"closed","template":"","meta":{"footnotes":""},"class_list":["post-604767","page","type-page","status-publish","has-post-thumbnail","hentry"],"translation":{"provider":"WPGlobus","version":"3.0.2","language":"es","enabled_languages":["fr","en","es","br","de"],"languages":{"fr":{"title":true,"content":true,"excerpt":false},"en":{"title":true,"content":true,"excerpt":false},"es":{"title":true,"content":true,"excerpt":false},"br":{"title":true,"content":true,"excerpt":false},"de":{"title":true,"content":true,"excerpt":false}}},"_links":{"self":[{"href":"https:\/\/www.barbie-secondlife.com\/es\/wp-json\/wp\/v2\/pages\/604767","targetHints":{"allow":["GET"]}}],"collection":[{"href":"https:\/\/www.barbie-secondlife.com\/es\/wp-json\/wp\/v2\/pages"}],"about":[{"href":"https:\/\/www.barbie-secondlife.com\/es\/wp-json\/wp\/v2\/types\/page"}],"author":[{"embeddable":true,"href":"https:\/\/www.barbie-secondlife.com\/es\/wp-json\/wp\/v2\/users\/1"}],"replies":[{"embeddable":true,"href":"https:\/\/www.barbie-secondlife.com\/es\/wp-json\/wp\/v2\/comments?post=604767"}],"version-history":[{"count":20,"href":"https:\/\/www.barbie-secondlife.com\/es\/wp-json\/wp\/v2\/pages\/604767\/revisions"}],"predecessor-version":[{"id":607654,"href":"https:\/\/www.barbie-secondlife.com\/es\/wp-json\/wp\/v2\/pages\/604767\/revisions\/607654"}],"up":[{"embeddable":true,"href":"https:\/\/www.barbie-secondlife.com\/es\/wp-json\/wp\/v2\/pages\/10511"}],"wp:featuredmedia":[{"embeddable":true,"href":"https:\/\/www.barbie-secondlife.com\/es\/wp-json\/wp\/v2\/media\/604768"}],"wp:attachment":[{"href":"https:\/\/www.barbie-secondlife.com\/es\/wp-json\/wp\/v2\/media?parent=604767"}],"curies":[{"name":"wp","href":"https:\/\/api.w.org\/{rel}","templated":true}]}}