{"id":605094,"date":"2025-07-27T20:55:30","date_gmt":"2025-07-27T18:55:30","guid":{"rendered":"https:\/\/www.barbie-secondlife.com\/?page_id=605094"},"modified":"2025-11-01T00:01:01","modified_gmt":"2025-10-31T23:01:01","slug":"barbie-nexts-top-model-afrique","status":"publish","type":"page","link":"https:\/\/www.barbie-secondlife.com\/es\/evenements\/barbies-next-top-model-2025\/barbie-nexts-top-model-afrique\/","title":{"rendered":"Barbie&#8217;s Next Top Model &#8211; \u00c1frica"},"content":{"rendered":"<div class=\"wp-block-image\">\n<figure class=\"aligncenter size-full\"><img decoding=\"async\" width=\"700\" height=\"184\" data-src=\"https:\/\/www.barbie-secondlife.com\/wp-content\/uploads\/2025\/07\/BNTM-1.gif\" alt=\"Barbie Next's Top Model\" class=\"wp-image-604981 lazyload\" src=\"data:image\/svg+xml;base64,PHN2ZyB3aWR0aD0iMSIgaGVpZ2h0PSIxIiB4bWxucz0iaHR0cDovL3d3dy53My5vcmcvMjAwMC9zdmciPjwvc3ZnPg==\" style=\"--smush-placeholder-width: 700px; --smush-placeholder-aspect-ratio: 700\/184;\" \/><\/figure>\n<\/div>\n\n\n<div class=\"wp-block-media-text is-stacked-on-mobile is-vertically-aligned-center\"><figure class=\"wp-block-media-text__media\"><img decoding=\"async\" width=\"500\" height=\"500\" data-src=\"https:\/\/www.barbie-secondlife.com\/wp-content\/uploads\/2025\/10\/GAGNANTE_AFRIQUE.png\" alt=\"Barbie's Next Top Model 2025\" class=\"wp-image-607181 size-full lazyload\" data-srcset=\"https:\/\/www.barbie-secondlife.com\/wp-content\/uploads\/2025\/10\/GAGNANTE_AFRIQUE.png 500w, https:\/\/www.barbie-secondlife.com\/wp-content\/uploads\/2025\/10\/GAGNANTE_AFRIQUE-350x350.png 350w, https:\/\/www.barbie-secondlife.com\/wp-content\/uploads\/2025\/10\/GAGNANTE_AFRIQUE-300x300.png 300w, https:\/\/www.barbie-secondlife.com\/wp-content\/uploads\/2025\/10\/GAGNANTE_AFRIQUE-302x302.png 302w, https:\/\/www.barbie-secondlife.com\/wp-content\/uploads\/2025\/10\/GAGNANTE_AFRIQUE-200x200.png 200w\" data-sizes=\"(max-width: 500px) 100vw, 500px\" src=\"data:image\/svg+xml;base64,PHN2ZyB3aWR0aD0iMSIgaGVpZ2h0PSIxIiB4bWxucz0iaHR0cDovL3d3dy53My5vcmcvMjAwMC9zdmciPjwvc3ZnPg==\" style=\"--smush-placeholder-width: 500px; --smush-placeholder-aspect-ratio: 500\/500;\" \/><\/figure><div class=\"wp-block-media-text__content\">\n<p><strong><span style=\"text-decoration: underline;\">\u00c1frica<\/span><\/strong> : Este atuendo encarna la riqueza y diversidad del continente africano a trav\u00e9s de un dise\u00f1o atrevido y colorido. El <strong>vestido<\/strong>, confeccionado con una tela de <strong>patrones geom\u00e9tricos<\/strong>, combina tonos de verde profundo con dorado resplandeciente. El escote en V, audaz y elegante, resalta una silueta gr\u00e1cil, mientras que la falda amplia, fluida y voluminosa se despliega en pliegues delicados, creando un movimiento elegante.<br>El motivo triangular, inspirado en las <strong>artes tradicionales africanas<\/strong>, est\u00e1 enriquecido con l\u00edneas doradas que evocan los paisajes y la energ\u00eda vibrante del continente.<br>Un <strong>collar<\/strong> fino y una <strong>pulsera<\/strong> dorada aportan un toque de lujo y sofisticaci\u00f3n, sin perder la esencia c\u00e1lida y acogedora de \u00c1frica.<\/p>\n<\/div><\/div>\n\n\n\n<hr class=\"wp-block-separator has-alpha-channel-opacity\"\/>\n\n\n\n<p class=\"has-text-align-center\" style=\"font-size:25px\"><strong>\u00bfQu\u00e9 Barbie transformar\u00e1 este atuendo en un momento de moda inolvidable?<\/strong><\/p>\n\n\n\n<p class=\"has-text-align-center has-text-color has-link-color has-medium-font-size wp-elements-418fa13b754d3f4d8bd1eef1786b4aa5\" style=\"color:#b61b66\"><strong>\u00a1VOTA!<\/strong><\/p>\n\n\n\n<hr class=\"wp-block-separator has-alpha-channel-opacity\"\/>\n\n\n\n<div class=\"wp-block-columns is-layout-flex wp-container-core-columns-is-layout-9d6595d7 wp-block-columns-is-layout-flex\">\n<div class=\"wp-block-column is-layout-flow wp-block-column-is-layout-flow\" style=\"flex-basis:100%\">\n<figure class=\"wp-block-table aligncenter\"><table class=\"has-fixed-layout\"><tbody><tr><td class=\"has-text-align-center\" data-align=\"center\"><img decoding=\"async\" width=\"400\" height=\"800\" class=\"wp-image-606029 lazyload\" style=\"--smush-placeholder-width: 400px; --smush-placeholder-aspect-ratio: 400\/800;text-align: start; white-space: normal;\" data-src=\"https:\/\/www.barbie-secondlife.com\/wp-content\/uploads\/2025\/08\/BarbiesNextTopModel_Iqra_Afrique.jpg\" alt=\"Barbie's Next Top Model 2025\" data-srcset=\"https:\/\/www.barbie-secondlife.com\/wp-content\/uploads\/2025\/08\/BarbiesNextTopModel_Iqra_Afrique.jpg 400w, https:\/\/www.barbie-secondlife.com\/wp-content\/uploads\/2025\/08\/BarbiesNextTopModel_Iqra_Afrique-302x604.jpg 302w, https:\/\/www.barbie-secondlife.com\/wp-content\/uploads\/2025\/08\/BarbiesNextTopModel_Iqra_Afrique-200x400.jpg 200w, https:\/\/www.barbie-secondlife.com\/wp-content\/uploads\/2025\/08\/BarbiesNextTopModel_Iqra_Afrique-350x700.jpg 350w, https:\/\/www.barbie-secondlife.com\/wp-content\/uploads\/2025\/08\/BarbiesNextTopModel_Iqra_Afrique-150x300.jpg 150w\" data-sizes=\"(max-width: 400px) 100vw, 400px\" src=\"data:image\/svg+xml;base64,PHN2ZyB3aWR0aD0iMSIgaGVpZ2h0PSIxIiB4bWxucz0iaHR0cDovL3d3dy53My5vcmcvMjAwMC9zdmciPjwvc3ZnPg==\" \/><\/td><td class=\"has-text-align-center\" data-align=\"center\"><img decoding=\"async\" width=\"400\" height=\"800\" class=\"wp-image-606021 lazyload\" style=\"--smush-placeholder-width: 400px; --smush-placeholder-aspect-ratio: 400\/800;width: px;\" data-src=\"https:\/\/www.barbie-secondlife.com\/wp-content\/uploads\/2025\/08\/BarbiesNextTopModel_Beryl_Afrique.jpg\" alt=\"Barbie's Next Top Model 2025\" data-srcset=\"https:\/\/www.barbie-secondlife.com\/wp-content\/uploads\/2025\/08\/BarbiesNextTopModel_Beryl_Afrique.jpg 400w, https:\/\/www.barbie-secondlife.com\/wp-content\/uploads\/2025\/08\/BarbiesNextTopModel_Beryl_Afrique-302x604.jpg 302w, https:\/\/www.barbie-secondlife.com\/wp-content\/uploads\/2025\/08\/BarbiesNextTopModel_Beryl_Afrique-200x400.jpg 200w, https:\/\/www.barbie-secondlife.com\/wp-content\/uploads\/2025\/08\/BarbiesNextTopModel_Beryl_Afrique-350x700.jpg 350w, https:\/\/www.barbie-secondlife.com\/wp-content\/uploads\/2025\/08\/BarbiesNextTopModel_Beryl_Afrique-150x300.jpg 150w\" data-sizes=\"(max-width: 400px) 100vw, 400px\" src=\"data:image\/svg+xml;base64,PHN2ZyB3aWR0aD0iMSIgaGVpZ2h0PSIxIiB4bWxucz0iaHR0cDovL3d3dy53My5vcmcvMjAwMC9zdmciPjwvc3ZnPg==\" \/><\/td><td class=\"has-text-align-center\" data-align=\"center\"><img decoding=\"async\" width=\"400\" height=\"800\" class=\"wp-image-606028 lazyload\" style=\"--smush-placeholder-width: 400px; --smush-placeholder-aspect-ratio: 400\/800;width: px;\" data-src=\"https:\/\/www.barbie-secondlife.com\/wp-content\/uploads\/2025\/08\/BarbiesNextTopModel_Hadeel_Afrique.jpg\" alt=\"Barbie's Next Top Model 2025\" data-srcset=\"https:\/\/www.barbie-secondlife.com\/wp-content\/uploads\/2025\/08\/BarbiesNextTopModel_Hadeel_Afrique.jpg 400w, https:\/\/www.barbie-secondlife.com\/wp-content\/uploads\/2025\/08\/BarbiesNextTopModel_Hadeel_Afrique-302x604.jpg 302w, https:\/\/www.barbie-secondlife.com\/wp-content\/uploads\/2025\/08\/BarbiesNextTopModel_Hadeel_Afrique-200x400.jpg 200w, https:\/\/www.barbie-secondlife.com\/wp-content\/uploads\/2025\/08\/BarbiesNextTopModel_Hadeel_Afrique-350x700.jpg 350w, https:\/\/www.barbie-secondlife.com\/wp-content\/uploads\/2025\/08\/BarbiesNextTopModel_Hadeel_Afrique-150x300.jpg 150w\" data-sizes=\"(max-width: 400px) 100vw, 400px\" src=\"data:image\/svg+xml;base64,PHN2ZyB3aWR0aD0iMSIgaGVpZ2h0PSIxIiB4bWxucz0iaHR0cDovL3d3dy53My5vcmcvMjAwMC9zdmciPjwvc3ZnPg==\" \/><\/td><\/tr><tr><td class=\"has-text-align-center\" data-align=\"center\"><strong><strong>VOTE : 10<\/strong><\/strong><\/td><td class=\"has-text-align-center\" data-align=\"center\"><strong>VOTE : 9<\/strong><\/td><td class=\"has-text-align-center\" data-align=\"center\"><strong>VOTE : 6<\/strong><\/td><\/tr><\/tbody><\/table><\/figure>\n\n\n\n<hr class=\"wp-block-separator has-alpha-channel-opacity\"\/>\n\n\n\n<figure class=\"wp-block-table aligncenter\"><table class=\"has-fixed-layout\"><tbody><tr><td class=\"has-text-align-center\" data-align=\"center\"><img decoding=\"async\" width=\"400\" height=\"800\" class=\"wp-image-606035 lazyload\" style=\"--smush-placeholder-width: 400px; --smush-placeholder-aspect-ratio: 400\/800;text-align: start; white-space: normal;\" data-src=\"https:\/\/www.barbie-secondlife.com\/wp-content\/uploads\/2025\/08\/BarbiesNextTopModel_Vesna_Afrique.jpg\" alt=\"Barbie's Next Top Model 2025\" data-srcset=\"https:\/\/www.barbie-secondlife.com\/wp-content\/uploads\/2025\/08\/BarbiesNextTopModel_Vesna_Afrique.jpg 400w, https:\/\/www.barbie-secondlife.com\/wp-content\/uploads\/2025\/08\/BarbiesNextTopModel_Vesna_Afrique-302x604.jpg 302w, https:\/\/www.barbie-secondlife.com\/wp-content\/uploads\/2025\/08\/BarbiesNextTopModel_Vesna_Afrique-200x400.jpg 200w, https:\/\/www.barbie-secondlife.com\/wp-content\/uploads\/2025\/08\/BarbiesNextTopModel_Vesna_Afrique-350x700.jpg 350w, https:\/\/www.barbie-secondlife.com\/wp-content\/uploads\/2025\/08\/BarbiesNextTopModel_Vesna_Afrique-150x300.jpg 150w\" data-sizes=\"(max-width: 400px) 100vw, 400px\" src=\"data:image\/svg+xml;base64,PHN2ZyB3aWR0aD0iMSIgaGVpZ2h0PSIxIiB4bWxucz0iaHR0cDovL3d3dy53My5vcmcvMjAwMC9zdmciPjwvc3ZnPg==\" \/><\/td><td class=\"has-text-align-center\" data-align=\"center\"><img decoding=\"async\" width=\"400\" height=\"800\" class=\"wp-image-606022 lazyload\" style=\"--smush-placeholder-width: 400px; --smush-placeholder-aspect-ratio: 400\/800;text-align: start; white-space: normal;\" data-src=\"https:\/\/www.barbie-secondlife.com\/wp-content\/uploads\/2025\/08\/BarbiesNextTopModel_Catriona_Afrique.jpg\" alt=\"Barbie's Next Top Model 2025\" data-srcset=\"https:\/\/www.barbie-secondlife.com\/wp-content\/uploads\/2025\/08\/BarbiesNextTopModel_Catriona_Afrique.jpg 400w, https:\/\/www.barbie-secondlife.com\/wp-content\/uploads\/2025\/08\/BarbiesNextTopModel_Catriona_Afrique-302x604.jpg 302w, https:\/\/www.barbie-secondlife.com\/wp-content\/uploads\/2025\/08\/BarbiesNextTopModel_Catriona_Afrique-200x400.jpg 200w, https:\/\/www.barbie-secondlife.com\/wp-content\/uploads\/2025\/08\/BarbiesNextTopModel_Catriona_Afrique-350x700.jpg 350w, https:\/\/www.barbie-secondlife.com\/wp-content\/uploads\/2025\/08\/BarbiesNextTopModel_Catriona_Afrique-150x300.jpg 150w\" data-sizes=\"(max-width: 400px) 100vw, 400px\" src=\"data:image\/svg+xml;base64,PHN2ZyB3aWR0aD0iMSIgaGVpZ2h0PSIxIiB4bWxucz0iaHR0cDovL3d3dy53My5vcmcvMjAwMC9zdmciPjwvc3ZnPg==\" \/><\/td><td class=\"has-text-align-center\" data-align=\"center\"><img decoding=\"async\" width=\"400\" height=\"800\" class=\"wp-image-606034 lazyload\" style=\"--smush-placeholder-width: 400px; --smush-placeholder-aspect-ratio: 400\/800;text-align: start; white-space: normal;\" data-src=\"https:\/\/www.barbie-secondlife.com\/wp-content\/uploads\/2025\/08\/BarbiesNextTopModel_Rita_Afrique.jpg\" alt=\"Barbie's Next Top Model 2025\" data-srcset=\"https:\/\/www.barbie-secondlife.com\/wp-content\/uploads\/2025\/08\/BarbiesNextTopModel_Rita_Afrique.jpg 400w, https:\/\/www.barbie-secondlife.com\/wp-content\/uploads\/2025\/08\/BarbiesNextTopModel_Rita_Afrique-302x604.jpg 302w, https:\/\/www.barbie-secondlife.com\/wp-content\/uploads\/2025\/08\/BarbiesNextTopModel_Rita_Afrique-200x400.jpg 200w, https:\/\/www.barbie-secondlife.com\/wp-content\/uploads\/2025\/08\/BarbiesNextTopModel_Rita_Afrique-350x700.jpg 350w, https:\/\/www.barbie-secondlife.com\/wp-content\/uploads\/2025\/08\/BarbiesNextTopModel_Rita_Afrique-150x300.jpg 150w\" data-sizes=\"(max-width: 400px) 100vw, 400px\" src=\"data:image\/svg+xml;base64,PHN2ZyB3aWR0aD0iMSIgaGVpZ2h0PSIxIiB4bWxucz0iaHR0cDovL3d3dy53My5vcmcvMjAwMC9zdmciPjwvc3ZnPg==\" \/><\/td><\/tr><tr><td class=\"has-text-align-center\" data-align=\"center\"><strong><strong><strong>VOTE : 6<\/strong><\/strong><\/strong><\/td><td class=\"has-text-align-center\" data-align=\"center\"><strong>VOTE : 5<\/strong><\/td><td class=\"has-text-align-center\" data-align=\"center\"><strong>VOTE : 5<\/strong><\/td><\/tr><\/tbody><\/table><\/figure>\n\n\n\n<hr class=\"wp-block-separator has-alpha-channel-opacity\"\/>\n\n\n\n<figure class=\"wp-block-table aligncenter\"><table class=\"has-fixed-layout\"><tbody><tr><td class=\"has-text-align-center\" data-align=\"center\"><img decoding=\"async\" width=\"400\" height=\"800\" class=\"wp-image-606023 lazyload\" style=\"--smush-placeholder-width: 400px; --smush-placeholder-aspect-ratio: 400\/800;text-align: start; white-space: normal;\" data-src=\"https:\/\/www.barbie-secondlife.com\/wp-content\/uploads\/2025\/08\/BarbiesNextTopModel_Chantou_Afrique.jpg\" alt=\"Barbie's Next Top Model 2025\" data-srcset=\"https:\/\/www.barbie-secondlife.com\/wp-content\/uploads\/2025\/08\/BarbiesNextTopModel_Chantou_Afrique.jpg 400w, https:\/\/www.barbie-secondlife.com\/wp-content\/uploads\/2025\/08\/BarbiesNextTopModel_Chantou_Afrique-302x604.jpg 302w, https:\/\/www.barbie-secondlife.com\/wp-content\/uploads\/2025\/08\/BarbiesNextTopModel_Chantou_Afrique-200x400.jpg 200w, https:\/\/www.barbie-secondlife.com\/wp-content\/uploads\/2025\/08\/BarbiesNextTopModel_Chantou_Afrique-350x700.jpg 350w, https:\/\/www.barbie-secondlife.com\/wp-content\/uploads\/2025\/08\/BarbiesNextTopModel_Chantou_Afrique-150x300.jpg 150w\" data-sizes=\"(max-width: 400px) 100vw, 400px\" src=\"data:image\/svg+xml;base64,PHN2ZyB3aWR0aD0iMSIgaGVpZ2h0PSIxIiB4bWxucz0iaHR0cDovL3d3dy53My5vcmcvMjAwMC9zdmciPjwvc3ZnPg==\" \/><\/td><td class=\"has-text-align-center\" data-align=\"center\"><img decoding=\"async\" width=\"400\" height=\"800\" class=\"wp-image-606030 lazyload\" style=\"--smush-placeholder-width: 400px; --smush-placeholder-aspect-ratio: 400\/800;width: px;\" data-src=\"https:\/\/www.barbie-secondlife.com\/wp-content\/uploads\/2025\/08\/BarbiesNextTopModel_Majka_Afrique.jpg\" alt=\"Barbie's Next Top Model 2025\" data-srcset=\"https:\/\/www.barbie-secondlife.com\/wp-content\/uploads\/2025\/08\/BarbiesNextTopModel_Majka_Afrique.jpg 400w, https:\/\/www.barbie-secondlife.com\/wp-content\/uploads\/2025\/08\/BarbiesNextTopModel_Majka_Afrique-302x604.jpg 302w, https:\/\/www.barbie-secondlife.com\/wp-content\/uploads\/2025\/08\/BarbiesNextTopModel_Majka_Afrique-200x400.jpg 200w, https:\/\/www.barbie-secondlife.com\/wp-content\/uploads\/2025\/08\/BarbiesNextTopModel_Majka_Afrique-350x700.jpg 350w, https:\/\/www.barbie-secondlife.com\/wp-content\/uploads\/2025\/08\/BarbiesNextTopModel_Majka_Afrique-150x300.jpg 150w\" data-sizes=\"(max-width: 400px) 100vw, 400px\" src=\"data:image\/svg+xml;base64,PHN2ZyB3aWR0aD0iMSIgaGVpZ2h0PSIxIiB4bWxucz0iaHR0cDovL3d3dy53My5vcmcvMjAwMC9zdmciPjwvc3ZnPg==\" \/><\/td><td class=\"has-text-align-center\" data-align=\"center\"><img decoding=\"async\" width=\"400\" height=\"800\" class=\"wp-image-606024 lazyload\" style=\"--smush-placeholder-width: 400px; --smush-placeholder-aspect-ratio: 400\/800;text-align: start; white-space: normal;\" data-src=\"https:\/\/www.barbie-secondlife.com\/wp-content\/uploads\/2025\/08\/BarbiesNextTopModel_Deborah_Afrique.jpg\" alt=\"Barbie's Next Top Model 2025\" data-srcset=\"https:\/\/www.barbie-secondlife.com\/wp-content\/uploads\/2025\/08\/BarbiesNextTopModel_Deborah_Afrique.jpg 400w, https:\/\/www.barbie-secondlife.com\/wp-content\/uploads\/2025\/08\/BarbiesNextTopModel_Deborah_Afrique-302x604.jpg 302w, https:\/\/www.barbie-secondlife.com\/wp-content\/uploads\/2025\/08\/BarbiesNextTopModel_Deborah_Afrique-200x400.jpg 200w, https:\/\/www.barbie-secondlife.com\/wp-content\/uploads\/2025\/08\/BarbiesNextTopModel_Deborah_Afrique-350x700.jpg 350w, https:\/\/www.barbie-secondlife.com\/wp-content\/uploads\/2025\/08\/BarbiesNextTopModel_Deborah_Afrique-150x300.jpg 150w\" data-sizes=\"(max-width: 400px) 100vw, 400px\" src=\"data:image\/svg+xml;base64,PHN2ZyB3aWR0aD0iMSIgaGVpZ2h0PSIxIiB4bWxucz0iaHR0cDovL3d3dy53My5vcmcvMjAwMC9zdmciPjwvc3ZnPg==\" \/><\/td><\/tr><tr><td class=\"has-text-align-center\" data-align=\"center\"><strong>VOTE : 4<\/strong><\/td><td class=\"has-text-align-center\" data-align=\"center\"><strong>VOTE : 3<\/strong><\/td><td class=\"has-text-align-center\" data-align=\"center\"><strong>VOTE : 2<\/strong><\/td><\/tr><\/tbody><\/table><\/figure>\n\n\n\n<hr class=\"wp-block-separator has-alpha-channel-opacity\"\/>\n\n\n\n<figure class=\"wp-block-table aligncenter\"><table class=\"has-fixed-layout\"><tbody><tr><td class=\"has-text-align-center\" data-align=\"center\"><img decoding=\"async\" width=\"400\" height=\"800\" class=\"wp-image-606031 lazyload\" style=\"--smush-placeholder-width: 400px; --smush-placeholder-aspect-ratio: 400\/800;width: px;\" data-src=\"https:\/\/www.barbie-secondlife.com\/wp-content\/uploads\/2025\/08\/BarbiesNextTopModel_Marysia_Afrique.jpg\" alt=\"Barbie's Next Top Model 2025\" data-srcset=\"https:\/\/www.barbie-secondlife.com\/wp-content\/uploads\/2025\/08\/BarbiesNextTopModel_Marysia_Afrique.jpg 400w, https:\/\/www.barbie-secondlife.com\/wp-content\/uploads\/2025\/08\/BarbiesNextTopModel_Marysia_Afrique-302x604.jpg 302w, https:\/\/www.barbie-secondlife.com\/wp-content\/uploads\/2025\/08\/BarbiesNextTopModel_Marysia_Afrique-200x400.jpg 200w, https:\/\/www.barbie-secondlife.com\/wp-content\/uploads\/2025\/08\/BarbiesNextTopModel_Marysia_Afrique-350x700.jpg 350w, https:\/\/www.barbie-secondlife.com\/wp-content\/uploads\/2025\/08\/BarbiesNextTopModel_Marysia_Afrique-150x300.jpg 150w\" data-sizes=\"(max-width: 400px) 100vw, 400px\" src=\"data:image\/svg+xml;base64,PHN2ZyB3aWR0aD0iMSIgaGVpZ2h0PSIxIiB4bWxucz0iaHR0cDovL3d3dy53My5vcmcvMjAwMC9zdmciPjwvc3ZnPg==\" \/><\/td><td class=\"has-text-align-center\" data-align=\"center\"><img decoding=\"async\" width=\"400\" height=\"800\" class=\"wp-image-606032 lazyload\" style=\"--smush-placeholder-width: 400px; --smush-placeholder-aspect-ratio: 400\/800;width: px;\" data-src=\"https:\/\/www.barbie-secondlife.com\/wp-content\/uploads\/2025\/08\/BarbiesNextTopModel_Maya_Afrique.jpg\" alt=\"Barbie's Next Top Model 2025\" data-srcset=\"https:\/\/www.barbie-secondlife.com\/wp-content\/uploads\/2025\/08\/BarbiesNextTopModel_Maya_Afrique.jpg 400w, https:\/\/www.barbie-secondlife.com\/wp-content\/uploads\/2025\/08\/BarbiesNextTopModel_Maya_Afrique-302x604.jpg 302w, https:\/\/www.barbie-secondlife.com\/wp-content\/uploads\/2025\/08\/BarbiesNextTopModel_Maya_Afrique-200x400.jpg 200w, https:\/\/www.barbie-secondlife.com\/wp-content\/uploads\/2025\/08\/BarbiesNextTopModel_Maya_Afrique-350x700.jpg 350w, https:\/\/www.barbie-secondlife.com\/wp-content\/uploads\/2025\/08\/BarbiesNextTopModel_Maya_Afrique-150x300.jpg 150w\" data-sizes=\"(max-width: 400px) 100vw, 400px\" src=\"data:image\/svg+xml;base64,PHN2ZyB3aWR0aD0iMSIgaGVpZ2h0PSIxIiB4bWxucz0iaHR0cDovL3d3dy53My5vcmcvMjAwMC9zdmciPjwvc3ZnPg==\" \/><\/td><td class=\"has-text-align-center\" data-align=\"center\"><img decoding=\"async\" width=\"400\" height=\"800\" class=\"wp-image-606033 lazyload\" style=\"--smush-placeholder-width: 400px; --smush-placeholder-aspect-ratio: 400\/800;width: px;\" data-src=\"https:\/\/www.barbie-secondlife.com\/wp-content\/uploads\/2025\/08\/BarbiesNextTopModel_Nichelle_Afrique.jpg\" alt=\"Barbie's Next Top Model 2025\" data-srcset=\"https:\/\/www.barbie-secondlife.com\/wp-content\/uploads\/2025\/08\/BarbiesNextTopModel_Nichelle_Afrique.jpg 400w, https:\/\/www.barbie-secondlife.com\/wp-content\/uploads\/2025\/08\/BarbiesNextTopModel_Nichelle_Afrique-302x604.jpg 302w, https:\/\/www.barbie-secondlife.com\/wp-content\/uploads\/2025\/08\/BarbiesNextTopModel_Nichelle_Afrique-200x400.jpg 200w, https:\/\/www.barbie-secondlife.com\/wp-content\/uploads\/2025\/08\/BarbiesNextTopModel_Nichelle_Afrique-350x700.jpg 350w, https:\/\/www.barbie-secondlife.com\/wp-content\/uploads\/2025\/08\/BarbiesNextTopModel_Nichelle_Afrique-150x300.jpg 150w\" data-sizes=\"(max-width: 400px) 100vw, 400px\" src=\"data:image\/svg+xml;base64,PHN2ZyB3aWR0aD0iMSIgaGVpZ2h0PSIxIiB4bWxucz0iaHR0cDovL3d3dy53My5vcmcvMjAwMC9zdmciPjwvc3ZnPg==\" \/><\/td><\/tr><tr><td class=\"has-text-align-center\" data-align=\"center\"><strong>VOTE : 2<\/strong><\/td><td class=\"has-text-align-center\" data-align=\"center\"><strong>VOTE : 2<\/strong><\/td><td class=\"has-text-align-center\" data-align=\"center\"><strong>VOTE : 2<\/strong><\/td><\/tr><\/tbody><\/table><\/figure>\n\n\n\n<hr class=\"wp-block-separator has-alpha-channel-opacity\"\/>\n\n\n\n<figure class=\"wp-block-table aligncenter\"><table class=\"has-fixed-layout\"><tbody><tr><td class=\"has-text-align-center\" data-align=\"center\"><img decoding=\"async\" width=\"400\" height=\"800\" class=\"wp-image-606027 lazyload\" style=\"--smush-placeholder-width: 400px; --smush-placeholder-aspect-ratio: 400\/800;text-align: start; white-space: normal;\" data-src=\"https:\/\/www.barbie-secondlife.com\/wp-content\/uploads\/2025\/08\/BarbiesNextTopModel_Griselda_Afrique.jpg\" alt=\"Barbie's Next Top Model 2025\" data-srcset=\"https:\/\/www.barbie-secondlife.com\/wp-content\/uploads\/2025\/08\/BarbiesNextTopModel_Griselda_Afrique.jpg 400w, https:\/\/www.barbie-secondlife.com\/wp-content\/uploads\/2025\/08\/BarbiesNextTopModel_Griselda_Afrique-302x604.jpg 302w, https:\/\/www.barbie-secondlife.com\/wp-content\/uploads\/2025\/08\/BarbiesNextTopModel_Griselda_Afrique-200x400.jpg 200w, https:\/\/www.barbie-secondlife.com\/wp-content\/uploads\/2025\/08\/BarbiesNextTopModel_Griselda_Afrique-350x700.jpg 350w, https:\/\/www.barbie-secondlife.com\/wp-content\/uploads\/2025\/08\/BarbiesNextTopModel_Griselda_Afrique-150x300.jpg 150w\" data-sizes=\"(max-width: 400px) 100vw, 400px\" src=\"data:image\/svg+xml;base64,PHN2ZyB3aWR0aD0iMSIgaGVpZ2h0PSIxIiB4bWxucz0iaHR0cDovL3d3dy53My5vcmcvMjAwMC9zdmciPjwvc3ZnPg==\" \/><\/td><td class=\"has-text-align-center\" data-align=\"center\"><img decoding=\"async\" width=\"400\" height=\"800\" class=\"wp-image-606026 lazyload\" style=\"--smush-placeholder-width: 400px; --smush-placeholder-aspect-ratio: 400\/800;text-align: start; white-space: normal;\" data-src=\"https:\/\/www.barbie-secondlife.com\/wp-content\/uploads\/2025\/08\/BarbiesNextTopModel_Franka_Afrique.jpg\" alt=\"Barbie's Next Top Model 2025\" data-srcset=\"https:\/\/www.barbie-secondlife.com\/wp-content\/uploads\/2025\/08\/BarbiesNextTopModel_Franka_Afrique.jpg 400w, https:\/\/www.barbie-secondlife.com\/wp-content\/uploads\/2025\/08\/BarbiesNextTopModel_Franka_Afrique-302x604.jpg 302w, https:\/\/www.barbie-secondlife.com\/wp-content\/uploads\/2025\/08\/BarbiesNextTopModel_Franka_Afrique-200x400.jpg 200w, https:\/\/www.barbie-secondlife.com\/wp-content\/uploads\/2025\/08\/BarbiesNextTopModel_Franka_Afrique-350x700.jpg 350w, https:\/\/www.barbie-secondlife.com\/wp-content\/uploads\/2025\/08\/BarbiesNextTopModel_Franka_Afrique-150x300.jpg 150w\" data-sizes=\"(max-width: 400px) 100vw, 400px\" src=\"data:image\/svg+xml;base64,PHN2ZyB3aWR0aD0iMSIgaGVpZ2h0PSIxIiB4bWxucz0iaHR0cDovL3d3dy53My5vcmcvMjAwMC9zdmciPjwvc3ZnPg==\" \/><\/td><td class=\"has-text-align-center\" data-align=\"center\"><img decoding=\"async\" width=\"400\" height=\"800\" class=\"wp-image-606025 lazyload\" style=\"--smush-placeholder-width: 400px; --smush-placeholder-aspect-ratio: 400\/800;text-align: start; white-space: normal;\" data-src=\"https:\/\/www.barbie-secondlife.com\/wp-content\/uploads\/2025\/08\/BarbiesNextTopModel_Eleanor_Afrique.jpg\" alt=\"Barbie's Next Top Model 2025\" data-srcset=\"https:\/\/www.barbie-secondlife.com\/wp-content\/uploads\/2025\/08\/BarbiesNextTopModel_Eleanor_Afrique.jpg 400w, https:\/\/www.barbie-secondlife.com\/wp-content\/uploads\/2025\/08\/BarbiesNextTopModel_Eleanor_Afrique-302x604.jpg 302w, https:\/\/www.barbie-secondlife.com\/wp-content\/uploads\/2025\/08\/BarbiesNextTopModel_Eleanor_Afrique-200x400.jpg 200w, https:\/\/www.barbie-secondlife.com\/wp-content\/uploads\/2025\/08\/BarbiesNextTopModel_Eleanor_Afrique-350x700.jpg 350w, https:\/\/www.barbie-secondlife.com\/wp-content\/uploads\/2025\/08\/BarbiesNextTopModel_Eleanor_Afrique-150x300.jpg 150w\" data-sizes=\"(max-width: 400px) 100vw, 400px\" src=\"data:image\/svg+xml;base64,PHN2ZyB3aWR0aD0iMSIgaGVpZ2h0PSIxIiB4bWxucz0iaHR0cDovL3d3dy53My5vcmcvMjAwMC9zdmciPjwvc3ZnPg==\" \/><\/td><\/tr><tr><td class=\"has-text-align-center\" data-align=\"center\"><strong>VOTE : 1<\/strong><\/td><td class=\"has-text-align-center\" data-align=\"center\"><strong>VOTE : 0<\/strong><\/td><td class=\"has-text-align-center\" data-align=\"center\"><strong>VOTE : 0<\/strong><\/td><\/tr><\/tbody><\/table><\/figure>\n<\/div>\n<\/div>\n\n\n\n<hr class=\"wp-block-separator has-alpha-channel-opacity\"\/>\n\n\n\n<p><\/p>\n","protected":false},"excerpt":{"rendered":"<p>\u00c1frica : Este atuendo encarna la riqueza y diversidad del continente africano a trav\u00e9s de un dise\u00f1o atrevido y colorido. El vestido, confeccionado con una tela de patrones geom\u00e9tricos, combina tonos de verde profundo con dorado resplandeciente. El escote en V, audaz y elegante, resalta una silueta gr\u00e1cil, mientras que la falda amplia, fluida y [&hellip;]<\/p>\n","protected":false},"author":1,"featured_media":604768,"parent":604767,"menu_order":0,"comment_status":"closed","ping_status":"closed","template":"","meta":{"footnotes":""},"class_list":["post-605094","page","type-page","status-publish","has-post-thumbnail","hentry"],"translation":{"provider":"WPGlobus","version":"3.0.2","language":"es","enabled_languages":["fr","en","es","br","de"],"languages":{"fr":{"title":true,"content":true,"excerpt":false},"en":{"title":true,"content":true,"excerpt":false},"es":{"title":true,"content":true,"excerpt":false},"br":{"title":true,"content":true,"excerpt":false},"de":{"title":true,"content":true,"excerpt":false}}},"_links":{"self":[{"href":"https:\/\/www.barbie-secondlife.com\/es\/wp-json\/wp\/v2\/pages\/605094","targetHints":{"allow":["GET"]}}],"collection":[{"href":"https:\/\/www.barbie-secondlife.com\/es\/wp-json\/wp\/v2\/pages"}],"about":[{"href":"https:\/\/www.barbie-secondlife.com\/es\/wp-json\/wp\/v2\/types\/page"}],"author":[{"embeddable":true,"href":"https:\/\/www.barbie-secondlife.com\/es\/wp-json\/wp\/v2\/users\/1"}],"replies":[{"embeddable":true,"href":"https:\/\/www.barbie-secondlife.com\/es\/wp-json\/wp\/v2\/comments?post=605094"}],"version-history":[{"count":20,"href":"https:\/\/www.barbie-secondlife.com\/es\/wp-json\/wp\/v2\/pages\/605094\/revisions"}],"predecessor-version":[{"id":607186,"href":"https:\/\/www.barbie-secondlife.com\/es\/wp-json\/wp\/v2\/pages\/605094\/revisions\/607186"}],"up":[{"embeddable":true,"href":"https:\/\/www.barbie-secondlife.com\/es\/wp-json\/wp\/v2\/pages\/604767"}],"wp:featuredmedia":[{"embeddable":true,"href":"https:\/\/www.barbie-secondlife.com\/es\/wp-json\/wp\/v2\/media\/604768"}],"wp:attachment":[{"href":"https:\/\/www.barbie-secondlife.com\/es\/wp-json\/wp\/v2\/media?parent=605094"}],"curies":[{"name":"wp","href":"https:\/\/api.w.org\/{rel}","templated":true}]}}